{"id":5355,"date":"2025-08-08T18:08:52","date_gmt":"2025-08-08T10:08:52","guid":{"rendered":"https:\/\/theperfumebottles.com\/?post_type=product&#038;p=5355"},"modified":"2026-04-01T15:09:21","modified_gmt":"2026-04-01T07:09:21","slug":"bulk-glass-amber-pump-bottle-for-cosmetic-packaging","status":"publish","type":"product","link":"https:\/\/theperfumebottles.com\/fi\/tuote\/bulk-glass-amber-pump-bottle-for-cosmetic-packaging\/","title":{"rendered":"5 ml - 100 ml lasia keltaista pumppupulloa kosmeettisiin pakkauksiin"},"content":{"rendered":"<p>Lasisessa meripihkanv\u00e4risess\u00e4 pumppupullossa on moderni muotoilu, jonka py\u00f6re\u00e4, lieri\u00f6m\u00e4inen muoto on valmistettu ensiluokkaisesta l\u00e4pikuultavasta meripihkanv\u00e4risest\u00e4 lasista, ja siihen on t\u00e4sm\u00e4lleen yhteensopiva musta pumppup\u00e4\u00e4 ja l\u00e4pin\u00e4kyv\u00e4 lasinen turvakansi.<\/p>\n<h2>T\u00e4rkeimm\u00e4t tekniset tiedot<\/h2>\n<table style=\"border-collapse: collapse; margin-left: auto; margin-right: auto; width: 80%;\" border=\"0\" width=\"486\" cellspacing=\"0\" cellpadding=\"0\">\n<tbody>\n<tr style=\"height: 13.50pt;\">\n<td style=\"height: 13.50pt; width: 117.75pt;\" width=\"157\" height=\"18\">Ominaisuus<\/td>\n<td style=\"width: 246.75pt;\" width=\"329\">Yksityiskohta<\/td>\n<\/tr>\n<tr style=\"height: 13.50pt;\">\n<td style=\"height: 13.50pt;\" height=\"18\">Kapasiteettivaihtoehdot<\/td>\n<td>5 ml, 10 ml, 15 ml, 20 ml, 30 ml, 50 ml, 100 ml<\/td>\n<\/tr>\n<tr style=\"height: 13.50pt;\">\n<td style=\"height: 13.50pt;\" height=\"18\">Pullokokoalue<\/td>\n<td>Halkaisija 22\u201344,5 mm, korkeus 50\u2013112 mm<\/td>\n<\/tr>\n<tr style=\"height: 13.50pt;\">\n<td style=\"height: 13.50pt;\" height=\"18\">Materiaali<\/td>\n<td>Kirkasta ruskeaa lasia<\/td>\n<\/tr>\n<tr style=\"height: 13.50pt;\">\n<td style=\"height: 13.50pt;\" height=\"18\">P\u00e4\u00e4tt\u00e4minen<\/td>\n<td>Musta pumppu, jossa on kulmikas k\u00e4rki<\/td>\n<\/tr>\n<tr style=\"height: 13.50pt;\">\n<td style=\"height: 13.50pt;\" height=\"18\">Pumppuputki<\/td>\n<td>Pitk\u00e4, kirkas putki t\u00e4yteen k\u00e4ytt\u00f6\u00f6n<\/td>\n<\/tr>\n<tr style=\"height: 13.50pt;\">\n<td style=\"height: 13.50pt;\" height=\"18\">Ihanteellinen<\/td>\n<td>Seerumit, voiteet, kasvo\u00f6ljyt<\/td>\n<\/tr>\n<\/tbody>\n<\/table>\n<h2>Menestystarina<\/h2>\n<p>Ammattimainen ihonhoitobr\u00e4ndi valitsi 30 ml:n ruskeat lasipullomme pumpulla lis\u00e4tty\u00e4\u00e4n niihin silkkipainetun &#034;ilmaton&#034;-etiketin ja tehokkaan pumpun, joka sopii heid\u00e4n viskooseihin seerumituotteisiinsa. UV-suoja s\u00e4ilytt\u00e4\u00e4 seerumin ainesosien tehokkuuden 95 % 12 kuukauden ajan. Pumppuj\u00e4rjestelm\u00e4 v\u00e4hent\u00e4\u00e4 hapettumista ja j\u00e4tteen tuotantoa 30 % pipettij\u00e4rjestelm\u00e4\u00e4n verrattuna. Br\u00e4ndi saavutti valtavan menestyksen tuotteellaan, mink\u00e4 seurauksena koko antioksidanttiseerumi- ja ihonhoitotuotelinjaansa tilattiin 750 000 pulloa lis\u00e4\u00e4.<\/p>\n<h2>Ruskeat lasipullot, joissa on pumpun mukautusvaihtoehdot<\/h2>\n<ul>\n<li>Vaalean meripihkanv\u00e4rinen lasipullo on saatavilla kolmessa eri s\u00e4vyss\u00e4: vaalea meripihka, keskiruskea ja tumma meripihka.<\/li>\n<li>Tyhji\u00f6pumppuj\u00e4rjestelm\u00e4 tarjoaa k\u00e4ytt\u00e4jille t\u00e4ydellisen tyhji\u00f6pumppuj\u00e4rjestelm\u00e4n, joka takaa maksimaalisen suojan ep\u00e4vakaille aktiivisille ainesosille antioksidanttipuolustusmekanismien avulla.<\/li>\n<li>Pullon pohjassa voi olla kohokuvioitu asteikko, jossa lukee \u201d100ml\u201d, tai k\u00e4ytt\u00e4j\u00e4t voivat halutessaan n\u00e4ytt\u00e4\u00e4 br\u00e4ndins\u00e4 logon pienen logon\u00e4yt\u00f6n avulla.<\/li>\n<\/ul>","protected":false},"excerpt":{"rendered":"<p>Elegantti lasinen meripihkanv\u00e4rinen pumppupullo, jossa on turvallinen pumppu ja korkki. Ruskeat lasipullot pumpulla voiteille ja nesteille. Tukee r\u00e4\u00e4t\u00e4l\u00f6ityj\u00e4 br\u00e4nd\u00e4ysvaihtoehtoja. Ilmaisia \u200b\u200bn\u00e4ytteit\u00e4.<\/p>","protected":false},"featured_media":5356,"comment_status":"open","ping_status":"closed","template":"","meta":{"_acf_changed":false,"site-sidebar-layout":"default","site-content-layout":"","ast-site-content-layout":"default","site-content-style":"default","site-sidebar-style":"default","ast-global-header-display":"","ast-banner-title-visibility":"","ast-main-header-display":"","ast-hfb-above-header-display":"","ast-hfb-below-header-display":"","ast-hfb-mobile-header-display":"","site-post-title":"","ast-breadcrumbs-content":"","ast-featured-img":"","footer-sml-layout":"","ast-disable-related-posts":"","theme-transparent-header-meta":"default","adv-header-id-meta":"","stick-header-meta":"","header-above-stick-meta":"","header-main-stick-meta":"","header-below-stick-meta":"","astra-migrate-meta-layouts":"set","ast-page-background-enabled":"default","ast-page-background-meta":{"desktop":{"background-color":"var(--ast-global-color-5)","background-image":"","background-repeat":"repeat","background-position":"center center","background-size":"auto","background-attachment":"scroll","background-type":"","background-media":"","overlay-type":"","overlay-color":"","overlay-opacity":"","overlay-gradient":""},"tablet":{"background-color":"","background-image":"","background-repeat":"repeat","background-position":"center center","background-size":"auto","background-attachment":"scroll","background-type":"","background-media":"","overlay-type":"","overlay-color":"","overlay-opacity":"","overlay-gradient":""},"mobile":{"background-color":"","background-image":"","background-repeat":"repeat","background-position":"center center","background-size":"auto","background-attachment":"scroll","background-type":"","background-media":"","overlay-type":"","overlay-color":"","overlay-opacity":"","overlay-gradient":""}},"ast-content-background-meta":{"desktop":{"background-color":"var(--ast-global-color-4)","background-image":"","background-repeat":"repeat","background-position":"center center","background-size":"auto","background-attachment":"scroll","background-type":"","background-media":"","overlay-type":"","overlay-color":"","overlay-opacity":"","overlay-gradient":""},"tablet":{"background-color":"var(--ast-global-color-4)","background-image":"","background-repeat":"repeat","background-position":"center center","background-size":"auto","background-attachment":"scroll","background-type":"","background-media":"","overlay-type":"","overlay-color":"","overlay-opacity":"","overlay-gradient":""},"mobile":{"background-color":"var(--ast-global-color-4)","background-image":"","background-repeat":"repeat","background-position":"center center","background-size":"auto","background-attachment":"scroll","background-type":"","background-media":"","overlay-type":"","overlay-color":"","overlay-opacity":"","overlay-gradient":""}}},"product_brand":[],"product_cat":[71,72,62],"product_tag":[190,204],"class_list":{"0":"post-5355","1":"product","2":"type-product","3":"status-publish","4":"has-post-thumbnail","6":"product_cat-glass-lotion-bottles","7":"product_cat-cosmetic-packaging","8":"product_cat-cosmetic-containers","9":"product_tag-cosmetic-pots-with-lids","10":"product_tag-frosted-cosmetic-jars","11":"desktop-align-left","12":"tablet-align-left","13":"mobile-align-left","15":"first","16":"instock","17":"shipping-taxable","18":"product-type-simple"},"acf":[],"jetpack_sharing_enabled":true,"_links":{"self":[{"href":"https:\/\/theperfumebottles.com\/fi\/wp-json\/wp\/v2\/product\/5355","targetHints":{"allow":["GET"]}}],"collection":[{"href":"https:\/\/theperfumebottles.com\/fi\/wp-json\/wp\/v2\/product"}],"about":[{"href":"https:\/\/theperfumebottles.com\/fi\/wp-json\/wp\/v2\/types\/product"}],"replies":[{"embeddable":true,"href":"https:\/\/theperfumebottles.com\/fi\/wp-json\/wp\/v2\/comments?post=5355"}],"wp:featuredmedia":[{"embeddable":true,"href":"https:\/\/theperfumebottles.com\/fi\/wp-json\/wp\/v2\/media\/5356"}],"wp:attachment":[{"href":"https:\/\/theperfumebottles.com\/fi\/wp-json\/wp\/v2\/media?parent=5355"}],"wp:term":[{"taxonomy":"product_brand","embeddable":true,"href":"https:\/\/theperfumebottles.com\/fi\/wp-json\/wp\/v2\/product_brand?post=5355"},{"taxonomy":"product_cat","embeddable":true,"href":"https:\/\/theperfumebottles.com\/fi\/wp-json\/wp\/v2\/product_cat?post=5355"},{"taxonomy":"product_tag","embeddable":true,"href":"https:\/\/theperfumebottles.com\/fi\/wp-json\/wp\/v2\/product_tag?post=5355"}],"curies":[{"name":"wp","href":"https:\/\/api.w.org\/{rel}","templated":true}]}}