{"id":5404,"date":"2025-08-11T18:02:10","date_gmt":"2025-08-11T10:02:10","guid":{"rendered":"https:\/\/theperfumebottles.com\/?post_type=product&#038;p=5404"},"modified":"2026-04-01T14:48:59","modified_gmt":"2026-04-01T06:48:59","slug":"custom-frosted-empty-lotion-bottle-with-pump-and-gold-lid","status":"publish","type":"product","link":"https:\/\/theperfumebottles.com\/fi\/tuote\/custom-frosted-empty-lotion-bottle-with-pump-and-gold-lid\/","title":{"rendered":"Mukautettu 30 ml:n himme\u00e4 tyhj\u00e4 voidepullo pumpulla ja kultaisella kannella"},"content":{"rendered":"<p>Ylellinen tyhj\u00e4 voidepullo pumppuj\u00e4rjestelm\u00e4ll\u00e4 on suorakulmainen runko, jonka suunnittelijat rakensivat himme\u00e4st\u00e4 maitomaisesta lasista. Pullon elegantti kultainen pumppukorkki antaa sille korkealaatuisen hienostuneen vaikutelman.<\/p>\n<h2>T\u00e4rkeimm\u00e4t tekniset tiedot<\/h2>\n<table style=\"border-collapse: collapse; margin-left: auto; margin-right: auto; width: 80%;\" border=\"0\" width=\"445\" cellspacing=\"0\" cellpadding=\"0\">\n<tbody>\n<tr style=\"height: 13.50pt;\">\n<td style=\"height: 13.50pt; width: 136.50pt;\" width=\"182\" height=\"18\">Ominaisuus<\/td>\n<td style=\"width: 197.25pt;\" width=\"263\">Yksityiskohta<\/td>\n<\/tr>\n<tr style=\"height: 13.50pt;\">\n<td style=\"height: 13.50pt;\" height=\"18\">Kapasiteetti<\/td>\n<td>30 ml<\/td>\n<\/tr>\n<tr style=\"height: 13.50pt;\">\n<td style=\"height: 13.50pt;\" height=\"18\">Materiaali<\/td>\n<td>Ensiluokkainen lasi<\/td>\n<\/tr>\n<tr style=\"height: 13.50pt;\">\n<td style=\"height: 13.50pt;\" height=\"18\">Valmis<\/td>\n<td>Mattavalkoinen (himme\u00e4)<\/td>\n<\/tr>\n<tr style=\"height: 13.50pt;\">\n<td style=\"height: 13.50pt;\" height=\"18\">Pumpun v\u00e4ri<\/td>\n<td>Kulta (muokattava)<\/td>\n<\/tr>\n<tr style=\"height: 13.50pt;\">\n<td style=\"height: 13.50pt;\" height=\"18\">Muoto<\/td>\n<td>Lieri\u00f6m\u00e4inen<\/td>\n<\/tr>\n<tr style=\"height: 13.50pt;\">\n<td style=\"height: 13.50pt;\" height=\"18\">P\u00e4\u00e4tt\u00e4minen<\/td>\n<td>Ruuvattava pumpun kansi<\/td>\n<\/tr>\n<tr style=\"height: 13.50pt;\">\n<td style=\"height: 13.50pt;\" height=\"18\">Pakkaus per yksikk\u00f6<\/td>\n<td>20 * 20 * 20 cm laatikko<\/td>\n<\/tr>\n<tr style=\"height: 13.50pt;\">\n<td style=\"height: 13.50pt;\" height=\"18\">Paras<\/td>\n<td>Voiteet, seerumit, vartalonhoito<\/td>\n<\/tr>\n<\/tbody>\n<\/table>\n<h2>Menestystarina: Eurooppalaisen luksusvartalonhoitobr\u00e4ndin mittatilausty\u00f6n\u00e4 tehty tuote<\/h2>\n<p>Huippuluokan ranskalainen vartalonhoitobr\u00e4ndi valitsi 200 ml:n pumpulla varustetun voidepullomme ja loi sille r\u00e4\u00e4t\u00e4l\u00f6idyn muotoilun, johon kuului 18 karaatin kullattu mattakorkki ja erityinen tyhji\u00f6pumpun p\u00e4\u00e4. R\u00e4\u00e4t\u00e4l\u00f6idyist\u00e4 pulloista tuli suuri menestys, koska niiden pehme\u00e4st\u00e4 mattapinnasta tuli br\u00e4ndin t\u00e4rkein muotoiluelementti, joka sai kuluttajat pit\u00e4m\u00e4\u00e4n tuotetta 50 % hell\u00e4varaisempana ja ylellisemp\u00e4n\u00e4. Tyhji\u00f6pumpun p\u00e4\u00e4 mahdollisti tuotteen eteeristen \u00f6ljyjen laadun s\u00e4ilymisen 40 % pidemp\u00e4\u00e4n ja samalla v\u00e4hensi ymp\u00e4rist\u00f6j\u00e4tett\u00e4. Br\u00e4ndi tilasi 300 000 pulloa lis\u00e4\u00e4 tukeakseen tulevaa tuoksukuiva\u00f6ljytuotesarjaansa ja rajoitetun er\u00e4n lomakokoelmaansa.<\/p>\n<h2>Haluatko tehd\u00e4 siit\u00e4 oman? N\u00e4in voit muokata sit\u00e4<\/h2>\n<p>Tuotemerkkisi ei ole geneerinen. Pullosikaan ei pit\u00e4isi olla.<\/p>\n<ul>\n<li>Vaihda pumpun v\u00e4ri \u2013 musta, hopea, ruusukulta? Valmis.<\/li>\n<li>S\u00e4\u00e4d\u00e4 kaulan korkeutta \u2013 voimme muokata sit\u00e4 paremman etiketin istuvuuden takaamiseksi.<\/li>\n<li>Lis\u00e4\u00e4 lapsiturvallisia tai lukittavia pumppuja \u2013 loistava vauvantuotteille.<\/li>\n<li>Tarvitsetko erikokoista tyhj\u00e4\u00e4 voidepulloa pumpulla? Meill\u00e4 on my\u00f6s 15 ml, 50 ml ja 100 ml kokoisia pulloja.<\/li>\n<\/ul>\n<p>Ja jos olet huolissasi toimituksesta tai irtotavaravarastointista \u2013 \u00e4l\u00e4 ole. Suunnittelemme tyhjien voidepullojemme pumppupakkausratkaisut pinottavaksi, turvalliseksi ja helpoksi k\u00e4sitell\u00e4 suuremmassakin mittakaavassa. Ymm\u00e4rr\u00e4mme, ett\u00e4 tyhjien voidepullojesi tarpeet eiv\u00e4t koske pelk\u00e4st\u00e4\u00e4n pulloa. Kyse on nopeudesta, yhdenmukaisuudesta ja hyv\u00e4lt\u00e4 n\u00e4ytt\u00e4misest\u00e4 ensimm\u00e4isest\u00e4 p\u00e4iv\u00e4st\u00e4 l\u00e4htien.<\/p>","protected":false},"excerpt":{"rendered":"<p>Ensiluokkainen tyhj\u00e4 voidepullo pumpulla, jossa on mattalasia ja ylellinen kultainen korkki. Voidepullo pumpulla ihonhoitobr\u00e4ndeille. Nopea toimitus maailmanlaajuisesti.<\/p>","protected":false},"featured_media":5418,"comment_status":"open","ping_status":"closed","template":"","meta":{"_acf_changed":false,"site-sidebar-layout":"default","site-content-layout":"","ast-site-content-layout":"default","site-content-style":"default","site-sidebar-style":"default","ast-global-header-display":"","ast-banner-title-visibility":"","ast-main-header-display":"","ast-hfb-above-header-display":"","ast-hfb-below-header-display":"","ast-hfb-mobile-header-display":"","site-post-title":"","ast-breadcrumbs-content":"","ast-featured-img":"","footer-sml-layout":"","ast-disable-related-posts":"","theme-transparent-header-meta":"default","adv-header-id-meta":"","stick-header-meta":"","header-above-stick-meta":"","header-main-stick-meta":"","header-below-stick-meta":"","astra-migrate-meta-layouts":"set","ast-page-background-enabled":"default","ast-page-background-meta":{"desktop":{"background-color":"var(--ast-global-color-5)","background-image":"","background-repeat":"repeat","background-position":"center center","background-size":"auto","background-attachment":"scroll","background-type":"","background-media":"","overlay-type":"","overlay-color":"","overlay-opacity":"","overlay-gradient":""},"tablet":{"background-color":"","background-image":"","background-repeat":"repeat","background-position":"center center","background-size":"auto","background-attachment":"scroll","background-type":"","background-media":"","overlay-type":"","overlay-color":"","overlay-opacity":"","overlay-gradient":""},"mobile":{"background-color":"","background-image":"","background-repeat":"repeat","background-position":"center center","background-size":"auto","background-attachment":"scroll","background-type":"","background-media":"","overlay-type":"","overlay-color":"","overlay-opacity":"","overlay-gradient":""}},"ast-content-background-meta":{"desktop":{"background-color":"var(--ast-global-color-4)","background-image":"","background-repeat":"repeat","background-position":"center center","background-size":"auto","background-attachment":"scroll","background-type":"","background-media":"","overlay-type":"","overlay-color":"","overlay-opacity":"","overlay-gradient":""},"tablet":{"background-color":"var(--ast-global-color-4)","background-image":"","background-repeat":"repeat","background-position":"center center","background-size":"auto","background-attachment":"scroll","background-type":"","background-media":"","overlay-type":"","overlay-color":"","overlay-opacity":"","overlay-gradient":""},"mobile":{"background-color":"var(--ast-global-color-4)","background-image":"","background-repeat":"repeat","background-position":"center center","background-size":"auto","background-attachment":"scroll","background-type":"","background-media":"","overlay-type":"","overlay-color":"","overlay-opacity":"","overlay-gradient":""}}},"product_brand":[],"product_cat":[71,72,62],"product_tag":[190,204],"class_list":{"0":"post-5404","1":"product","2":"type-product","3":"status-publish","4":"has-post-thumbnail","6":"product_cat-glass-lotion-bottles","7":"product_cat-cosmetic-packaging","8":"product_cat-cosmetic-containers","9":"product_tag-cosmetic-pots-with-lids","10":"product_tag-frosted-cosmetic-jars","11":"desktop-align-left","12":"tablet-align-left","13":"mobile-align-left","15":"first","16":"instock","17":"shipping-taxable","18":"product-type-simple"},"acf":[],"jetpack_sharing_enabled":true,"_links":{"self":[{"href":"https:\/\/theperfumebottles.com\/fi\/wp-json\/wp\/v2\/product\/5404","targetHints":{"allow":["GET"]}}],"collection":[{"href":"https:\/\/theperfumebottles.com\/fi\/wp-json\/wp\/v2\/product"}],"about":[{"href":"https:\/\/theperfumebottles.com\/fi\/wp-json\/wp\/v2\/types\/product"}],"replies":[{"embeddable":true,"href":"https:\/\/theperfumebottles.com\/fi\/wp-json\/wp\/v2\/comments?post=5404"}],"wp:featuredmedia":[{"embeddable":true,"href":"https:\/\/theperfumebottles.com\/fi\/wp-json\/wp\/v2\/media\/5418"}],"wp:attachment":[{"href":"https:\/\/theperfumebottles.com\/fi\/wp-json\/wp\/v2\/media?parent=5404"}],"wp:term":[{"taxonomy":"product_brand","embeddable":true,"href":"https:\/\/theperfumebottles.com\/fi\/wp-json\/wp\/v2\/product_brand?post=5404"},{"taxonomy":"product_cat","embeddable":true,"href":"https:\/\/theperfumebottles.com\/fi\/wp-json\/wp\/v2\/product_cat?post=5404"},{"taxonomy":"product_tag","embeddable":true,"href":"https:\/\/theperfumebottles.com\/fi\/wp-json\/wp\/v2\/product_tag?post=5404"}],"curies":[{"name":"wp","href":"https:\/\/api.w.org\/{rel}","templated":true}]}}