{"id":5405,"date":"2025-08-11T17:27:27","date_gmt":"2025-08-11T09:27:27","guid":{"rendered":"https:\/\/theperfumebottles.com\/?post_type=product&#038;p=5405"},"modified":"2026-03-30T15:26:17","modified_gmt":"2026-03-30T07:26:17","slug":"essential-oil-roll-on-bottles-in-bulk","status":"publish","type":"product","link":"https:\/\/theperfumebottles.com\/fi\/tuote\/essential-oil-roll-on-bottles-in-bulk\/","title":{"rendered":"3\u201330 ml:n eteeristen \u00f6ljyjen roll-on-pullot irtotavarana"},"content":{"rendered":"<p>Etsitk\u00f6 eteeristen \u00f6ljyjen rullapulloja, jotka k\u00e4\u00e4nt\u00e4v\u00e4t katseita ja ovat tehokkaita? Lasiset rullapullomme on suunniteltu tuotemerkeille, jotka haluavat eteeristen \u00f6ljyjen s\u00e4ili\u00f6iss\u00e4 ylellisyyden ja k\u00e4yt\u00e4nn\u00f6llisyyden.<\/p>\n<h2>T\u00e4rkeimm\u00e4t tekniset tiedot<\/h2>\n<table style=\"border-collapse: collapse; width: 80%; margin-left: auto; margin-right: auto;\" border=\"0\" width=\"227\" cellspacing=\"0\" cellpadding=\"0\">\n<tbody>\n<tr style=\"height: 13.50pt;\">\n<td style=\"height: 13.5pt; width: 116.25pt; text-align: center;\" width=\"155\" height=\"18\">Ominaisuus<\/td>\n<td style=\"width: 54pt; text-align: center;\" width=\"72\">Tiedot<\/td>\n<\/tr>\n<tr style=\"height: 13.50pt;\">\n<td style=\"height: 13.5pt; text-align: center;\" height=\"18\">Kapasiteetti<\/td>\n<td style=\"text-align: center;\">3 ml, 5 ml, 10 ml, 15 ml, 20 ml, 30 ml<\/td>\n<\/tr>\n<tr style=\"height: 13.50pt;\">\n<td style=\"height: 13.5pt; text-align: center;\" height=\"18\">Materiaali<\/td>\n<td style=\"text-align: center;\">Lasi<\/td>\n<\/tr>\n<tr style=\"height: 13.50pt;\">\n<td style=\"height: 13.5pt; text-align: center;\" height=\"18\">Tiivistysmekanismi<\/td>\n<td style=\"text-align: center;\">Kierrekorkki rullalla<\/td>\n<\/tr>\n<tr style=\"height: 13.50pt;\">\n<td style=\"height: 13.5pt; text-align: center;\" height=\"18\">Muoto<\/td>\n<td style=\"text-align: center;\">Py\u00f6rist\u00e4\u00e4<\/td>\n<\/tr>\n<tr style=\"height: 13.50pt;\">\n<td style=\"height: 13.5pt; text-align: center;\" height=\"18\">V\u00e4ri<\/td>\n<td style=\"text-align: center;\">Selke\u00e4, muokattavissa<\/td>\n<\/tr>\n<tr style=\"height: 13.50pt;\">\n<td style=\"height: 13.5pt; text-align: center;\" height=\"18\">Pintatulostus<\/td>\n<td style=\"text-align: center;\">Mukautettava<\/td>\n<\/tr>\n<\/tbody>\n<\/table>\n<h2>Tapaustutkimus<\/h2>\n<p>Ihonhoitoyritys etsi mahdollisuutta vahvistaa tulojaan ja p\u00e4\u00e4tti uudistaa eteeristen \u00f6ljyjen tuotelinjansa. Pakkaukseksi valittiin 28 gramman (30 g) rullapullot, joissa on ruostumattomasta ter\u00e4ksest\u00e4 valmistettu rulla ja kultainen korkki. Tukkumyynnill\u00e4 ja r\u00e4\u00e4t\u00e4l\u00f6im\u00e4ll\u00e4 eteeristen \u00f6ljyjen rullapullot logon v\u00e4reihin, yritys alensi pakkauskustannuksia huomattavasti ja nosti palaavien asiakkaiden m\u00e4\u00e4r\u00e4\u00e4 65 %.<\/p>\n<h2>Mukauttamisen tarkistuslista<\/h2>\n<ul>\n<li><strong>lasirunko<\/strong>Borosilikaattilasi \/ Ruskea (suositeltava) tai muu valoa l\u00e4p\u00e4isem\u00e4t\u00f6n v\u00e4ri \/ M\u00e4\u00e4rit\u00e4 tilavuus (esim. 10 ml)<\/li>\n<li><strong>Rollerball<\/strong>Ruostumaton ter\u00e4s (suositeltava) \/ M\u00e4\u00e4rit\u00e4 pallon koko (esim. 5 mm)<\/li>\n<li><strong>Korkki<\/strong>: Varmista hyv\u00e4 tiiviys \/ Valitse v\u00e4ri ja viimeistely (esim. kiilt\u00e4v\u00e4 valkoinen korkki)<\/li>\n<li><strong>Tulostaminen<\/strong>M\u00e4\u00e4rit\u00e4 logon ja tekstin painatus (esim. kultainen silkkipaino)<\/li>\n<li><strong>N\u00e4ytteiden testaus<\/strong>Muista pyyt\u00e4\u00e4 nollan\u00e4yte tiivistyksen ja telan tasaisuuden testaamiseksi.<\/li>\n<li><strong>Toimittaja<\/strong>Keskustele m\u00e4\u00e4r\u00e4tilauksesta, hinnasta, n\u00e4ytteenottoajasta ja tuotantosyklist\u00e4.<\/li>\n<\/ul>","protected":false},"excerpt":{"rendered":"<p>Hanki br\u00e4ndillesi ensiluokkaisia \u200b\u200beteeristen \u00f6ljyjen rullapulloja ja 28 g:n rullapulloja. Ihanteellinen yrityksille, jotka etsiv\u00e4t korkealaatuisia, r\u00e4\u00e4t\u00e4l\u00f6ityj\u00e4 pakkauksia irtotilauksille.<\/p>","protected":false},"featured_media":6631,"comment_status":"closed","ping_status":"closed","template":"","meta":{"_acf_changed":false,"site-sidebar-layout":"default","site-content-layout":"","ast-site-content-layout":"default","site-content-style":"default","site-sidebar-style":"default","ast-global-header-display":"","ast-banner-title-visibility":"","ast-main-header-display":"","ast-hfb-above-header-display":"","ast-hfb-below-header-display":"","ast-hfb-mobile-header-display":"","site-post-title":"","ast-breadcrumbs-content":"","ast-featured-img":"","footer-sml-layout":"","ast-disable-related-posts":"","theme-transparent-header-meta":"default","adv-header-id-meta":"","stick-header-meta":"","header-above-stick-meta":"","header-main-stick-meta":"","header-below-stick-meta":"","astra-migrate-meta-layouts":"set","ast-page-background-enabled":"default","ast-page-background-meta":{"desktop":{"background-color":"var(--ast-global-color-5)","background-image":"","background-repeat":"repeat","background-position":"center center","background-size":"auto","background-attachment":"scroll","background-type":"","background-media":"","overlay-type":"","overlay-color":"","overlay-opacity":"","overlay-gradient":""},"tablet":{"background-color":"","background-image":"","background-repeat":"repeat","background-position":"center center","background-size":"auto","background-attachment":"scroll","background-type":"","background-media":"","overlay-type":"","overlay-color":"","overlay-opacity":"","overlay-gradient":""},"mobile":{"background-color":"","background-image":"","background-repeat":"repeat","background-position":"center center","background-size":"auto","background-attachment":"scroll","background-type":"","background-media":"","overlay-type":"","overlay-color":"","overlay-opacity":"","overlay-gradient":""}},"ast-content-background-meta":{"desktop":{"background-color":"var(--ast-global-color-4)","background-image":"","background-repeat":"repeat","background-position":"center center","background-size":"auto","background-attachment":"scroll","background-type":"","background-media":"","overlay-type":"","overlay-color":"","overlay-opacity":"","overlay-gradient":""},"tablet":{"background-color":"var(--ast-global-color-4)","background-image":"","background-repeat":"repeat","background-position":"center center","background-size":"auto","background-attachment":"scroll","background-type":"","background-media":"","overlay-type":"","overlay-color":"","overlay-opacity":"","overlay-gradient":""},"mobile":{"background-color":"var(--ast-global-color-4)","background-image":"","background-repeat":"repeat","background-position":"center center","background-size":"auto","background-attachment":"scroll","background-type":"","background-media":"","overlay-type":"","overlay-color":"","overlay-opacity":"","overlay-gradient":""}}},"product_brand":[],"product_cat":[60,62,72,57],"product_tag":[223,222],"class_list":{"0":"post-5405","1":"product","2":"type-product","3":"status-publish","4":"has-post-thumbnail","6":"product_cat-roller-bottles","7":"product_cat-cosmetic-containers","8":"product_cat-cosmetic-packaging","9":"product_cat-essential-oil-bottles","10":"product_tag-essential-oil-roll-on-bottles","11":"product_tag-perfume-roller-bottles","12":"desktop-align-left","13":"tablet-align-left","14":"mobile-align-left","16":"first","17":"instock","18":"shipping-taxable","19":"product-type-simple"},"acf":[],"jetpack_sharing_enabled":true,"_links":{"self":[{"href":"https:\/\/theperfumebottles.com\/fi\/wp-json\/wp\/v2\/product\/5405","targetHints":{"allow":["GET"]}}],"collection":[{"href":"https:\/\/theperfumebottles.com\/fi\/wp-json\/wp\/v2\/product"}],"about":[{"href":"https:\/\/theperfumebottles.com\/fi\/wp-json\/wp\/v2\/types\/product"}],"replies":[{"embeddable":true,"href":"https:\/\/theperfumebottles.com\/fi\/wp-json\/wp\/v2\/comments?post=5405"}],"wp:featuredmedia":[{"embeddable":true,"href":"https:\/\/theperfumebottles.com\/fi\/wp-json\/wp\/v2\/media\/6631"}],"wp:attachment":[{"href":"https:\/\/theperfumebottles.com\/fi\/wp-json\/wp\/v2\/media?parent=5405"}],"wp:term":[{"taxonomy":"product_brand","embeddable":true,"href":"https:\/\/theperfumebottles.com\/fi\/wp-json\/wp\/v2\/product_brand?post=5405"},{"taxonomy":"product_cat","embeddable":true,"href":"https:\/\/theperfumebottles.com\/fi\/wp-json\/wp\/v2\/product_cat?post=5405"},{"taxonomy":"product_tag","embeddable":true,"href":"https:\/\/theperfumebottles.com\/fi\/wp-json\/wp\/v2\/product_tag?post=5405"}],"curies":[{"name":"wp","href":"https:\/\/api.w.org\/{rel}","templated":true}]}}