{"id":5419,"date":"2025-08-11T18:31:04","date_gmt":"2025-08-11T10:31:04","guid":{"rendered":"https:\/\/theperfumebottles.com\/?post_type=product&#038;p=5419"},"modified":"2026-04-01T14:32:45","modified_gmt":"2026-04-01T06:32:45","slug":"bulk-lotion-bottle-pump-with-glass-cosmetic-bottles","status":"publish","type":"product","link":"https:\/\/theperfumebottles.com\/fi\/tuote\/bulk-lotion-bottle-pump-with-glass-cosmetic-bottles\/","title":{"rendered":"40 ml:n 60 ml:n 80 ml:n pumppupullo lasisilla kosmeettisilla pulloilla"},"content":{"rendered":"<p>Voidepullon pumppu toimii lasis\u00e4ili\u00f6ns\u00e4 kautta, joka on lieri\u00f6m\u00e4inen ja alkaa leve\u00e4st\u00e4 pohjasta, joka s\u00e4ilytt\u00e4\u00e4 vakauden. S\u00e4ili\u00f6n sis\u00e4ll\u00e4 oleva tuote tulee n\u00e4kyviin l\u00e4pin\u00e4kyv\u00e4n rungon l\u00e4pi, joka ulottuu yl\u00e4osaan, jossa on valkoinen muovipumppu kirkkaan lasisuojan alla.<\/p>\n<h2>T\u00e4rkeimm\u00e4t tekniset tiedot<\/h2>\n<table style=\"border-collapse: collapse; margin-left: auto; margin-right: auto; width: 80%;\" border=\"0\" width=\"424\" cellspacing=\"0\" cellpadding=\"0\">\n<tbody>\n<tr style=\"height: 13.50pt;\">\n<td style=\"height: 13.50pt; width: 91.50pt;\" width=\"122\" height=\"18\">Ominaisuus<\/td>\n<td style=\"width: 226.50pt;\" width=\"302\">Yksityiskohta<\/td>\n<\/tr>\n<tr style=\"height: 13.50pt;\">\n<td style=\"height: 13.50pt;\" height=\"18\">Kapasiteetit<\/td>\n<td>40 ml, 60 ml, 80 ml<\/td>\n<\/tr>\n<tr style=\"height: 13.50pt;\">\n<td style=\"height: 13.50pt;\" height=\"18\">Materiaali<\/td>\n<td>Korkealaatuinen kirkas lasi<\/td>\n<\/tr>\n<tr style=\"height: 13.50pt;\">\n<td style=\"height: 13.50pt;\" height=\"18\">Muoto<\/td>\n<td>lieri\u00f6m\u00e4inen (muokattava)<\/td>\n<\/tr>\n<tr style=\"height: 13.50pt;\">\n<td style=\"height: 13.50pt;\" height=\"18\">Pumpun v\u00e4ri<\/td>\n<td>Valkoinen<\/td>\n<\/tr>\n<tr style=\"height: 13.50pt;\">\n<td style=\"height: 13.50pt;\" height=\"18\">P\u00e4\u00e4tt\u00e4minen<\/td>\n<td>Puristinpumppu, jossa on kirkas suojakansi<\/td>\n<\/tr>\n<tr style=\"height: 13.50pt;\">\n<td style=\"height: 13.50pt;\" height=\"18\">Ihanteellinen<\/td>\n<td>Seerumit, voiteet, kasvovedet, vartalonhoitotuotteet<\/td>\n<\/tr>\n<\/tbody>\n<\/table>\n<h2>Menestystarina: Korealaisen ihonhoitobr\u00e4ndin myydyin seerumi<\/h2>\n<p>Tunnettu korealainen ihonhoitobr\u00e4ndi valitsi 30 ml:n lasiset kosmetiikkapullomme ja muokkasi niihin himme\u00e4n lasiefektin pullon alaosaan ja kullatun pumppup\u00e4\u00e4n. Pumppuannostelija varmistaa tarkan annostelun vain 1\u20132 tippalla k\u00e4ytt\u00f6kertaa kohden, mik\u00e4 v\u00e4hent\u00e4\u00e4 keskim\u00e4\u00e4r\u00e4ist\u00e4 kuukausittaista kulutusta 20 % ja pident\u00e4\u00e4 tuotteen k\u00e4ytt\u00f6ik\u00e4\u00e4. L\u00e4pin\u00e4kyv\u00e4 lasipullo esittelee tuotteen tyylikk\u00e4\u00e4sti, mik\u00e4 johtaa 40 %:n kasvuun tuotevideoiden verkkokonversioissa. Br\u00e4ndi saavutti valtavaa menestyst\u00e4 ja teki my\u00f6hemmin 750 000 pullon lis\u00e4tilauksen koko seerumi- ja kevytvoidevalikoimastaan.<\/p>\n<h2>Haluatko mukauttaa? T\u00e4st\u00e4 p\u00e4\u00e4set alkuun<\/h2>\n<p>Sinun ei tarvitse pit\u00e4yty\u00e4 valkoisessa. Tai tavallisessa korkissa. T\u00e4m\u00e4 lasinen kosmetiikkapullo on tehty mukautumaan.<\/p>\n<ul>\n<li>Vaihda avokkaan v\u00e4ri\u00e4 \u2013 valitse musta, hopea tai matta modernin ilmeen saamiseksi.<\/li>\n<li>Vaihda korkki \u2013 vaihda kirkas kansi merkkikoristeeseen. Pieni yksityiskohta. Suuri vaikutus.<\/li>\n<li>Tarvitsetko mittatilausty\u00f6n\u00e4 tehtyj\u00e4 pumppupulloja? Tarjoamme useita eri kokoja \u2013 kysy vain.<\/li>\n<li>Ymp\u00e4rist\u00f6yst\u00e4v\u00e4lliset pakkausvaihtoehdot? Kyll\u00e4. Tarjoamme kierr\u00e4tett\u00e4vi\u00e4 sis\u00e4osia ja irtopakkauksia.<\/li>\n<\/ul>\n<p>Autamme sinua rakentamaan ihanteelliset lasiset kosmetiikkapullopakkaukset \u2013 emme vain myy sinulle pulloa.<\/p>","protected":false},"excerpt":{"rendered":"<p>Kirkkaasta lasista valmistettu pumppupullo, jossa tyylik\u00e4s muotoilu ja sujuva annostelu. Lasiset kosmetiikkapullot sopivat ihanteellisesti seerumeille ja voiteille. Ilmaisia \u200b\u200bn\u00e4ytteit\u00e4 saatavilla t\u00e4n\u00e4\u00e4n.<\/p>","protected":false},"featured_media":5420,"comment_status":"open","ping_status":"closed","template":"","meta":{"_acf_changed":false,"site-sidebar-layout":"default","site-content-layout":"","ast-site-content-layout":"default","site-content-style":"default","site-sidebar-style":"default","ast-global-header-display":"","ast-banner-title-visibility":"","ast-main-header-display":"","ast-hfb-above-header-display":"","ast-hfb-below-header-display":"","ast-hfb-mobile-header-display":"","site-post-title":"","ast-breadcrumbs-content":"","ast-featured-img":"","footer-sml-layout":"","ast-disable-related-posts":"","theme-transparent-header-meta":"default","adv-header-id-meta":"","stick-header-meta":"","header-above-stick-meta":"","header-main-stick-meta":"","header-below-stick-meta":"","astra-migrate-meta-layouts":"set","ast-page-background-enabled":"default","ast-page-background-meta":{"desktop":{"background-color":"var(--ast-global-color-5)","background-image":"","background-repeat":"repeat","background-position":"center center","background-size":"auto","background-attachment":"scroll","background-type":"","background-media":"","overlay-type":"","overlay-color":"","overlay-opacity":"","overlay-gradient":""},"tablet":{"background-color":"","background-image":"","background-repeat":"repeat","background-position":"center center","background-size":"auto","background-attachment":"scroll","background-type":"","background-media":"","overlay-type":"","overlay-color":"","overlay-opacity":"","overlay-gradient":""},"mobile":{"background-color":"","background-image":"","background-repeat":"repeat","background-position":"center center","background-size":"auto","background-attachment":"scroll","background-type":"","background-media":"","overlay-type":"","overlay-color":"","overlay-opacity":"","overlay-gradient":""}},"ast-content-background-meta":{"desktop":{"background-color":"var(--ast-global-color-4)","background-image":"","background-repeat":"repeat","background-position":"center center","background-size":"auto","background-attachment":"scroll","background-type":"","background-media":"","overlay-type":"","overlay-color":"","overlay-opacity":"","overlay-gradient":""},"tablet":{"background-color":"var(--ast-global-color-4)","background-image":"","background-repeat":"repeat","background-position":"center center","background-size":"auto","background-attachment":"scroll","background-type":"","background-media":"","overlay-type":"","overlay-color":"","overlay-opacity":"","overlay-gradient":""},"mobile":{"background-color":"var(--ast-global-color-4)","background-image":"","background-repeat":"repeat","background-position":"center center","background-size":"auto","background-attachment":"scroll","background-type":"","background-media":"","overlay-type":"","overlay-color":"","overlay-opacity":"","overlay-gradient":""}}},"product_brand":[],"product_cat":[71,72,62],"product_tag":[190,204],"class_list":{"0":"post-5419","1":"product","2":"type-product","3":"status-publish","4":"has-post-thumbnail","6":"product_cat-glass-lotion-bottles","7":"product_cat-cosmetic-packaging","8":"product_cat-cosmetic-containers","9":"product_tag-cosmetic-pots-with-lids","10":"product_tag-frosted-cosmetic-jars","11":"desktop-align-left","12":"tablet-align-left","13":"mobile-align-left","15":"first","16":"instock","17":"shipping-taxable","18":"product-type-simple"},"acf":[],"jetpack_sharing_enabled":true,"_links":{"self":[{"href":"https:\/\/theperfumebottles.com\/fi\/wp-json\/wp\/v2\/product\/5419","targetHints":{"allow":["GET"]}}],"collection":[{"href":"https:\/\/theperfumebottles.com\/fi\/wp-json\/wp\/v2\/product"}],"about":[{"href":"https:\/\/theperfumebottles.com\/fi\/wp-json\/wp\/v2\/types\/product"}],"replies":[{"embeddable":true,"href":"https:\/\/theperfumebottles.com\/fi\/wp-json\/wp\/v2\/comments?post=5419"}],"wp:featuredmedia":[{"embeddable":true,"href":"https:\/\/theperfumebottles.com\/fi\/wp-json\/wp\/v2\/media\/5420"}],"wp:attachment":[{"href":"https:\/\/theperfumebottles.com\/fi\/wp-json\/wp\/v2\/media?parent=5419"}],"wp:term":[{"taxonomy":"product_brand","embeddable":true,"href":"https:\/\/theperfumebottles.com\/fi\/wp-json\/wp\/v2\/product_brand?post=5419"},{"taxonomy":"product_cat","embeddable":true,"href":"https:\/\/theperfumebottles.com\/fi\/wp-json\/wp\/v2\/product_cat?post=5419"},{"taxonomy":"product_tag","embeddable":true,"href":"https:\/\/theperfumebottles.com\/fi\/wp-json\/wp\/v2\/product_tag?post=5419"}],"curies":[{"name":"wp","href":"https:\/\/api.w.org\/{rel}","templated":true}]}}