{"id":5424,"date":"2025-08-11T18:00:42","date_gmt":"2025-08-11T10:00:42","guid":{"rendered":"https:\/\/theperfumebottles.com\/?post_type=product&#038;p=5424"},"modified":"2026-03-26T16:36:21","modified_gmt":"2026-03-26T08:36:21","slug":"clear-glass-roller-bottles-for-cosmetic-packaging-wholesale","status":"publish","type":"product","link":"https:\/\/theperfumebottles.com\/fi\/tuote\/clear-glass-roller-bottles-for-cosmetic-packaging-wholesale\/","title":{"rendered":"10 ml:n kirkkaat lasipullot kosmetiikkapakkausten tukkumyyntiin"},"content":{"rendered":"<p>Etsitk\u00f6 lasisia roll-on-pulloja, jotka yhdist\u00e4v\u00e4t ymp\u00e4rist\u00f6yst\u00e4v\u00e4llisyyden ja ylellisyyden? Kirkkaat lasiset roll-on-pullomme on suunniteltu tuotemerkeille, jotka haluavat kosmetiikkapulloja, jotka tuovat iloa ja suojelevat planeettaa.<\/p>\n<h2>T\u00e4rkeimm\u00e4t tekniset tiedot<\/h2>\n<table style=\"border-collapse: collapse; width: 80%; margin-left: auto; margin-right: auto;\" border=\"0\" width=\"144\" cellspacing=\"0\" cellpadding=\"0\">\n<tbody>\n<tr style=\"height: 13.50pt;\">\n<td style=\"height: 13.50pt; width: 54.00pt;\" width=\"72\" height=\"18\">Ominaisuus<\/td>\n<td style=\"width: 54.00pt;\" width=\"72\">Tiedot<\/td>\n<\/tr>\n<tr style=\"height: 13.50pt;\">\n<td style=\"height: 13.50pt;\" height=\"18\">Kapasiteetti<\/td>\n<td>10 ml<\/td>\n<\/tr>\n<tr style=\"height: 13.50pt;\">\n<td style=\"height: 13.50pt;\" height=\"18\">Korkki<\/td>\n<td>Puinen tai r\u00e4\u00e4t\u00e4l\u00f6ity<\/td>\n<\/tr>\n<tr style=\"height: 13.50pt;\">\n<td style=\"height: 13.50pt;\" height=\"18\">Muoto<\/td>\n<td>Sylinteri<\/td>\n<\/tr>\n<tr style=\"height: 13.50pt;\">\n<td style=\"height: 13.50pt;\" height=\"18\">Pintatulostus<\/td>\n<td>Silkkipaino<\/td>\n<\/tr>\n<tr style=\"height: 13.50pt;\">\n<td style=\"height: 13.50pt;\" height=\"18\">V\u00e4ri<\/td>\n<td>Tyhjenn\u00e4<\/td>\n<\/tr>\n<\/tbody>\n<\/table>\n<h2>Menestystapaus<\/h2>\n<p><span aria-haspopup=\"dialog\" aria-expanded=\"false\" aria-controls=\"radix-_r_16_\" data-state=\"closed\" data-slot=\"popover-trigger\">Yhdysvalloissa sijaitseva eteeristen \u00f6ljyjen yritys k\u00e4ytti kirkkaasta lasista valmistettuja rullattavia kristallipullojamme esitell\u00e4kseen uuden kristallisten eteeristen \u00f6ljyjen kokoelmansa.<\/span> <span aria-haspopup=\"dialog\" aria-expanded=\"false\" aria-controls=\"radix-_r_17_\" data-state=\"closed\" data-slot=\"popover-trigger\">Ensinn\u00e4kin olemme valinneet luonnonbambusta valmistetut lippalakit heid\u00e4n ymp\u00e4rist\u00f6yst\u00e4v\u00e4llisten br\u00e4ndi-imagonsa mukaisesti.<\/span> <span aria-haspopup=\"dialog\" aria-expanded=\"false\" aria-controls=\"radix-_r_18_\" data-state=\"closed\" data-slot=\"popover-trigger\">Personoimme my\u00f6s roll-onin, jossa k\u00e4ytettiin sile\u00e4\u00e4 ruostumatonta ter\u00e4st\u00e4 eteeristen \u00f6ljyjen levi\u00e4misen tehostamiseksi.<\/span> <span aria-haspopup=\"dialog\" aria-expanded=\"false\" aria-controls=\"radix-_r_19_\" data-state=\"closed\" data-slot=\"popover-trigger\">Lis\u00e4ksi tarjosimme lasipullojen logojen painatuspalveluita ja autoimme pakkausten suunnittelun virtaviivaistamisessa tuotteen s\u00e4ilyvyyden pident\u00e4miseksi.<\/span> <span aria-haspopup=\"dialog\" aria-expanded=\"false\" aria-controls=\"radix-_r_1a_\" data-state=\"closed\" data-slot=\"popover-trigger\">Asiakas v\u00e4itti, ett\u00e4 r\u00e4\u00e4t\u00e4l\u00f6idyn tuotteen julkaisun j\u00e4lkeen sek\u00e4 verkko- ett\u00e4 kivijalkamyynti kasvoi huomattavasti p\u00e4\u00e4asiassa tuotteen ep\u00e4tavallisen esteettisen muotoilun ja parantuneen k\u00e4ytt\u00f6kokemuksen ansiosta.<\/span> <span aria-haspopup=\"dialog\" aria-expanded=\"false\" aria-controls=\"radix-_r_1b_\" data-state=\"closed\" data-slot=\"popover-trigger\">He tekiv\u00e4t lis\u00e4\u00e4 tilauksia kolmen kuukauden kuluessa, mik\u00e4 lis\u00e4si tuotteiden m\u00e4\u00e4r\u00e4\u00e4 ja lis\u00e4si valikoimaan lis\u00e4\u00e4 tuoksuja, mik\u00e4 vakiinnutti heid\u00e4n br\u00e4ndins\u00e4 asemaa markkinoilla entisest\u00e4\u00e4n.<\/span><\/p>\n<h2>Ohjeita mukauttamiseen<\/h2>\n<ul>\n<li><span aria-haspopup=\"dialog\" aria-expanded=\"false\" aria-controls=\"radix-_r_1c_\" data-state=\"closed\" data-slot=\"popover-trigger\"><strong>Korkin materiaali ja viimeistely:<\/strong> Valitse luonnonbambu-, muovi- tai alumiinikorkki matta-, kiilt\u00e4v\u00e4- tai anodisoituna pintak\u00e4sittelyn\u00e4 eri merkkien tyyleihin sopivaksi.<\/span><\/li>\n<li><span aria-haspopup=\"dialog\" aria-expanded=\"false\" aria-controls=\"radix-_r_1d_\" data-state=\"closed\" data-slot=\"popover-trigger\"><strong>Rullapallo:<\/strong> Valitse ruostumattomasta ter\u00e4ksest\u00e4, lasista tai jalokivist\u00e4 (esim. ruusukvartsi, obsidiaani) valmistetut kuulap\u00e4\u00e4t mukauttaaksesi tai parantaaksesi toiminnallisuutta tai lis\u00e4t\u00e4ksesi ylellisen, hyvinvointiin keskittyv\u00e4n ilmeen.<\/span><\/li>\n<li><span aria-haspopup=\"dialog\" aria-expanded=\"false\" aria-controls=\"radix-_r_1e_\" data-state=\"closed\" data-slot=\"popover-trigger\"><strong>Lasin v\u00e4ri ja pinnoite:<\/strong> Valitse kirkas, himme\u00e4, meripihkanv\u00e4rinen tai mukautettu ruiskumaalausv\u00e4ri s\u00e4ilytt\u00e4\u00e4ksesi valoherk\u00e4t \u00f6ljyt tai antaaksesi tuotteelle ainutlaatuisen ulkon\u00e4\u00f6n.<\/span><\/li>\n<\/ul>","protected":false},"excerpt":{"rendered":"<p>Nosta kauneuspakkausten tasoa kirkkaista lasisista rullapulloista. Ihanteellinen ihonhoitotuotteille, hienosumutteisille hajuvesille ja kosmetiikkapakkaustarvikkeille. Nopea toimitus.<\/p>","protected":false},"featured_media":5430,"comment_status":"open","ping_status":"closed","template":"","meta":{"_acf_changed":false,"site-sidebar-layout":"default","site-content-layout":"","ast-site-content-layout":"default","site-content-style":"default","site-sidebar-style":"default","ast-global-header-display":"","ast-banner-title-visibility":"","ast-main-header-display":"","ast-hfb-above-header-display":"","ast-hfb-below-header-display":"","ast-hfb-mobile-header-display":"","site-post-title":"","ast-breadcrumbs-content":"","ast-featured-img":"","footer-sml-layout":"","ast-disable-related-posts":"","theme-transparent-header-meta":"default","adv-header-id-meta":"","stick-header-meta":"","header-above-stick-meta":"","header-main-stick-meta":"","header-below-stick-meta":"","astra-migrate-meta-layouts":"set","ast-page-background-enabled":"default","ast-page-background-meta":{"desktop":{"background-color":"var(--ast-global-color-5)","background-image":"","background-repeat":"repeat","background-position":"center center","background-size":"auto","background-attachment":"scroll","background-type":"","background-media":"","overlay-type":"","overlay-color":"","overlay-opacity":"","overlay-gradient":""},"tablet":{"background-color":"","background-image":"","background-repeat":"repeat","background-position":"center center","background-size":"auto","background-attachment":"scroll","background-type":"","background-media":"","overlay-type":"","overlay-color":"","overlay-opacity":"","overlay-gradient":""},"mobile":{"background-color":"","background-image":"","background-repeat":"repeat","background-position":"center center","background-size":"auto","background-attachment":"scroll","background-type":"","background-media":"","overlay-type":"","overlay-color":"","overlay-opacity":"","overlay-gradient":""}},"ast-content-background-meta":{"desktop":{"background-color":"var(--ast-global-color-4)","background-image":"","background-repeat":"repeat","background-position":"center center","background-size":"auto","background-attachment":"scroll","background-type":"","background-media":"","overlay-type":"","overlay-color":"","overlay-opacity":"","overlay-gradient":""},"tablet":{"background-color":"var(--ast-global-color-4)","background-image":"","background-repeat":"repeat","background-position":"center center","background-size":"auto","background-attachment":"scroll","background-type":"","background-media":"","overlay-type":"","overlay-color":"","overlay-opacity":"","overlay-gradient":""},"mobile":{"background-color":"var(--ast-global-color-4)","background-image":"","background-repeat":"repeat","background-position":"center center","background-size":"auto","background-attachment":"scroll","background-type":"","background-media":"","overlay-type":"","overlay-color":"","overlay-opacity":"","overlay-gradient":""}}},"product_brand":[],"product_cat":[60,62,72,57],"product_tag":[226,220],"class_list":{"0":"post-5424","1":"product","2":"type-product","3":"status-publish","4":"has-post-thumbnail","6":"product_cat-roller-bottles","7":"product_cat-cosmetic-containers","8":"product_cat-cosmetic-packaging","9":"product_cat-essential-oil-bottles","10":"product_tag-clear-glass-roller-bottles","11":"product_tag-glass-roll-on-bottles","12":"desktop-align-left","13":"tablet-align-left","14":"mobile-align-left","16":"first","17":"instock","18":"shipping-taxable","19":"product-type-simple"},"acf":[],"jetpack_sharing_enabled":true,"_links":{"self":[{"href":"https:\/\/theperfumebottles.com\/fi\/wp-json\/wp\/v2\/product\/5424","targetHints":{"allow":["GET"]}}],"collection":[{"href":"https:\/\/theperfumebottles.com\/fi\/wp-json\/wp\/v2\/product"}],"about":[{"href":"https:\/\/theperfumebottles.com\/fi\/wp-json\/wp\/v2\/types\/product"}],"replies":[{"embeddable":true,"href":"https:\/\/theperfumebottles.com\/fi\/wp-json\/wp\/v2\/comments?post=5424"}],"wp:featuredmedia":[{"embeddable":true,"href":"https:\/\/theperfumebottles.com\/fi\/wp-json\/wp\/v2\/media\/5430"}],"wp:attachment":[{"href":"https:\/\/theperfumebottles.com\/fi\/wp-json\/wp\/v2\/media?parent=5424"}],"wp:term":[{"taxonomy":"product_brand","embeddable":true,"href":"https:\/\/theperfumebottles.com\/fi\/wp-json\/wp\/v2\/product_brand?post=5424"},{"taxonomy":"product_cat","embeddable":true,"href":"https:\/\/theperfumebottles.com\/fi\/wp-json\/wp\/v2\/product_cat?post=5424"},{"taxonomy":"product_tag","embeddable":true,"href":"https:\/\/theperfumebottles.com\/fi\/wp-json\/wp\/v2\/product_tag?post=5424"}],"curies":[{"name":"wp","href":"https:\/\/api.w.org\/{rel}","templated":true}]}}