{"id":5449,"date":"2025-08-11T18:08:00","date_gmt":"2025-08-11T10:08:00","guid":{"rendered":"https:\/\/theperfumebottles.com\/?post_type=product&#038;p=5449"},"modified":"2026-03-27T17:55:16","modified_gmt":"2026-03-27T09:55:16","slug":"amber-glass-tincture-bottles-frosted-glass-dropper-bottles-manufacturer","status":"publish","type":"product","link":"https:\/\/theperfumebottles.com\/fi\/tuote\/amber-glass-tincture-bottles-frosted-glass-dropper-bottles-manufacturer\/","title":{"rendered":"Meripihkanv\u00e4riset lasitinktuurapullot \u2013 30 ml:n himme\u00e4lasiset pipettipullot"},"content":{"rendered":"<p>30 ml:n himme\u00e4st\u00e4 lasista valmistetut pipettipullot ovat eritt\u00e4in UV-suojattuja ja mahdollistavat siten herk\u00e4n koostumuksen s\u00e4ilymisen. Tarkkuuspipetti puolestaan \u200b\u200bs\u00e4ilytt\u00e4\u00e4 nesteen annostelun tasalaatuisuuden ja tarkkuuden. T\u00e4m\u00e4 valikoima sopii kansainv\u00e4listen tukkuasiakkaiden erilaisiin br\u00e4nd\u00e4ys- ja r\u00e4\u00e4t\u00e4l\u00f6ityihin pakkausvaatimuksiin useiden v\u00e4rivaihtoehtojen, kuten mustan huurteen, kirkkaan huurteen ja ruskean huurteen, ansiosta.<\/p>\n<h2>T\u00e4rkeimm\u00e4t tekniset tiedot<\/h2>\n<table style=\"border-collapse: collapse; margin-left: auto; margin-right: auto; width: 80%;\" border=\"0\" width=\"559\" cellspacing=\"0\" cellpadding=\"0\">\n<tbody>\n<tr style=\"height: 13.50pt;\">\n<td style=\"height: 13.50pt; width: 136.50pt;\" width=\"182\" height=\"18\">Tekniset tiedot<\/td>\n<td style=\"width: 282.75pt;\" width=\"377\">Tiedot<\/td>\n<\/tr>\n<tr style=\"height: 13.50pt;\">\n<td style=\"height: 13.50pt;\" height=\"18\">Tuotetyyppi<\/td>\n<td>Lasinen pipettipullo<\/td>\n<\/tr>\n<tr style=\"height: 13.50pt;\">\n<td style=\"height: 13.50pt;\" height=\"18\">Materiaali<\/td>\n<td>100 % kierr\u00e4tett\u00e4v\u00e4\u00e4 soodakalkkilasia<\/td>\n<\/tr>\n<tr style=\"height: 13.50pt;\">\n<td style=\"height: 13.50pt;\" height=\"18\">Kapasiteetti<\/td>\n<td>30 ml \/ 1 unssi<\/td>\n<\/tr>\n<tr style=\"height: 13.50pt;\">\n<td style=\"height: 13.50pt;\" height=\"18\">Kaulan viimeistely<\/td>\n<td>14 mm<\/td>\n<\/tr>\n<tr style=\"height: 13.50pt;\">\n<td style=\"height: 13.50pt;\" height=\"18\">Pullon halkaisija<\/td>\n<td>36 mm<\/td>\n<\/tr>\n<tr style=\"height: 13.50pt;\">\n<td style=\"height: 13.50pt;\" height=\"18\">Korkeus (tyvest\u00e4 kaulaan)<\/td>\n<td>68 mm<\/td>\n<\/tr>\n<tr style=\"height: 13.50pt;\">\n<td style=\"height: 13.50pt;\" height=\"18\">V\u00e4rivaihtoehdot<\/td>\n<td>Mustaa huurretta, kirkasta huurretta, meripihkanhuurretta<\/td>\n<\/tr>\n<tr style=\"height: 13.50pt;\">\n<td style=\"height: 13.50pt;\" height=\"18\">Sulkemisvaihtoehdot<\/td>\n<td>Pipetti\/ruiskutuspumppu<\/td>\n<\/tr>\n<tr style=\"height: 13.50pt;\">\n<td style=\"height: 13.50pt;\" height=\"18\">Hakemus<\/td>\n<td>Eteerinen \u00f6ljy, tinktuura, seerumi, neste<\/td>\n<\/tr>\n<tr style=\"height: 13.50pt;\">\n<td style=\"height: 13.50pt;\" height=\"18\">Pakkaustyyppi<\/td>\n<td>Irtotavarana \/ r\u00e4\u00e4t\u00e4l\u00f6ityn\u00e4 \/ tukkumyynniss\u00e4<\/td>\n<\/tr>\n<\/tbody>\n<\/table>\n<h2>Menestystapaus<\/h2>\n<p>Yksi saksalaisista luonnonmukaisten ihonhoitotuotteiden merkeist\u00e4 (joka valmistaa my\u00f6s omaa tuotemerkki\u00e4\u00e4n) osti n\u00e4m\u00e4 30 ml:n himme\u00e4t lasiset pipettipullot k\u00e4ytett\u00e4v\u00e4ksi orgaanisten eteeristen \u00f6ljyjen lasipullovalikoimassaan.<\/p>\n<ul>\n<li><strong>V\u00e4hint\u00e4\u00e4n 50 000 kpl (30 ml:n koko)<\/strong>Ensimm\u00e4inen er\u00e4.<\/li>\n<li><strong>R\u00e4\u00e4t\u00e4l\u00f6ity<\/strong>: T\u00e4plik\u00e4s meripihka, kultaiset kauluksen pipettiosat, silkkipainologo.<\/li>\n<li><strong>Harjoittelujakso<\/strong>Yrttien ja \u00f6ljyjen tinktuura.<\/li>\n<li><strong>L\u00f6yd\u00f6kset<\/strong>Uuden premium-lasipakkaustuotelinjan myynti nousi 35 prosenttia kuudessa kuukaudessa.<\/li>\n<li><strong>J\u00e4rjest\u00e4 uudelleen<\/strong>Jatkuvat viikoittaiset varastotuotteiden irtotavaraostot, joita lis\u00e4t\u00e4\u00e4n 10 ml:n lasisilla rullapulloilla.<\/li>\n<\/ul>\n<h2>Ehdotuksia B2B-r\u00e4\u00e4t\u00e4l\u00f6intiin<\/h2>\n<ol>\n<li><strong>Br\u00e4nd\u00e4ys ja koristelu<\/strong>K\u00e4yt\u00e4 silkkipainatusta, kuumaleimausta tai etiket\u00f6inti\u00e4 luodaksesi upean identiteetin eteeristen \u00f6ljyjen pullo- tai kosmetiikkapakkauslinjallesi.<\/li>\n<li><strong>Sulkemis- ja toimintovaihtoehdot<\/strong>Valitse pipettej\u00e4, suihkepumppuja tai muita annosteluvaihtoehtoja, jotka sopivat erilaisille nestem\u00e4isille tuotteille, kuten seerumeille tai k\u00e4sien desinfiointiaineelle.<\/li>\n<li><strong>Pakkausten ja logistiikan optimointi<\/strong>Tee yhteisty\u00f6t\u00e4 hyv\u00e4maineisen valmistajan kanssa kehitt\u00e4\u00e4ksesi suojaavan pakkaustyypin, joka minimoi rikkoutumisriskin ja varmistaa turvallisen kansainv\u00e4lisen toimituksen.<\/li>\n<\/ol>\n<p>T\u00e4m\u00e4 ensiluokkainen meripihkanv\u00e4risten lasipipettipullojen tuotelinja on suunniteltu luotettavaksi, muokattavaksi ja visuaalisesti miellytt\u00e4v\u00e4ksi lasipulloksi, jota voidaan myyd\u00e4 tukku- ja maailmanlaajuisesti.<\/p>","protected":false},"excerpt":{"rendered":"<p>Korkealaatuiset meripihkanv\u00e4riset lasitinktuurapullot, 30 ml:n himme\u00e4st\u00e4 lasista valmistetut pipettipullot eteeristen \u00f6ljyjen pakkaamiseen, saatavilla tukku- ja r\u00e4\u00e4t\u00e4l\u00f6ityj\u00e4 vaihtoehtoja.<\/p>","protected":false},"featured_media":7493,"comment_status":"closed","ping_status":"closed","template":"","meta":{"_acf_changed":false,"site-sidebar-layout":"default","site-content-layout":"","ast-site-content-layout":"default","site-content-style":"default","site-sidebar-style":"default","ast-global-header-display":"","ast-banner-title-visibility":"","ast-main-header-display":"","ast-hfb-above-header-display":"","ast-hfb-below-header-display":"","ast-hfb-mobile-header-display":"","site-post-title":"","ast-breadcrumbs-content":"","ast-featured-img":"","footer-sml-layout":"","ast-disable-related-posts":"","theme-transparent-header-meta":"default","adv-header-id-meta":"","stick-header-meta":"","header-above-stick-meta":"","header-main-stick-meta":"","header-below-stick-meta":"","astra-migrate-meta-layouts":"set","ast-page-background-enabled":"default","ast-page-background-meta":{"desktop":{"background-color":"var(--ast-global-color-5)","background-image":"","background-repeat":"repeat","background-position":"center center","background-size":"auto","background-attachment":"scroll","background-type":"","background-media":"","overlay-type":"","overlay-color":"","overlay-opacity":"","overlay-gradient":""},"tablet":{"background-color":"","background-image":"","background-repeat":"repeat","background-position":"center center","background-size":"auto","background-attachment":"scroll","background-type":"","background-media":"","overlay-type":"","overlay-color":"","overlay-opacity":"","overlay-gradient":""},"mobile":{"background-color":"","background-image":"","background-repeat":"repeat","background-position":"center center","background-size":"auto","background-attachment":"scroll","background-type":"","background-media":"","overlay-type":"","overlay-color":"","overlay-opacity":"","overlay-gradient":""}},"ast-content-background-meta":{"desktop":{"background-color":"var(--ast-global-color-4)","background-image":"","background-repeat":"repeat","background-position":"center center","background-size":"auto","background-attachment":"scroll","background-type":"","background-media":"","overlay-type":"","overlay-color":"","overlay-opacity":"","overlay-gradient":""},"tablet":{"background-color":"var(--ast-global-color-4)","background-image":"","background-repeat":"repeat","background-position":"center center","background-size":"auto","background-attachment":"scroll","background-type":"","background-media":"","overlay-type":"","overlay-color":"","overlay-opacity":"","overlay-gradient":""},"mobile":{"background-color":"var(--ast-global-color-4)","background-image":"","background-repeat":"repeat","background-position":"center center","background-size":"auto","background-attachment":"scroll","background-type":"","background-media":"","overlay-type":"","overlay-color":"","overlay-opacity":"","overlay-gradient":""}}},"product_brand":[],"product_cat":[59,62,72,57],"product_tag":[190,204],"class_list":{"0":"post-5449","1":"product","2":"type-product","3":"status-publish","4":"has-post-thumbnail","6":"product_cat-glass-dropper-bottles","7":"product_cat-cosmetic-containers","8":"product_cat-cosmetic-packaging","9":"product_cat-essential-oil-bottles","10":"product_tag-cosmetic-pots-with-lids","11":"product_tag-frosted-cosmetic-jars","12":"desktop-align-left","13":"tablet-align-left","14":"mobile-align-left","16":"first","17":"instock","18":"shipping-taxable","19":"product-type-simple"},"acf":[],"jetpack_sharing_enabled":true,"_links":{"self":[{"href":"https:\/\/theperfumebottles.com\/fi\/wp-json\/wp\/v2\/product\/5449","targetHints":{"allow":["GET"]}}],"collection":[{"href":"https:\/\/theperfumebottles.com\/fi\/wp-json\/wp\/v2\/product"}],"about":[{"href":"https:\/\/theperfumebottles.com\/fi\/wp-json\/wp\/v2\/types\/product"}],"replies":[{"embeddable":true,"href":"https:\/\/theperfumebottles.com\/fi\/wp-json\/wp\/v2\/comments?post=5449"}],"wp:featuredmedia":[{"embeddable":true,"href":"https:\/\/theperfumebottles.com\/fi\/wp-json\/wp\/v2\/media\/7493"}],"wp:attachment":[{"href":"https:\/\/theperfumebottles.com\/fi\/wp-json\/wp\/v2\/media?parent=5449"}],"wp:term":[{"taxonomy":"product_brand","embeddable":true,"href":"https:\/\/theperfumebottles.com\/fi\/wp-json\/wp\/v2\/product_brand?post=5449"},{"taxonomy":"product_cat","embeddable":true,"href":"https:\/\/theperfumebottles.com\/fi\/wp-json\/wp\/v2\/product_cat?post=5449"},{"taxonomy":"product_tag","embeddable":true,"href":"https:\/\/theperfumebottles.com\/fi\/wp-json\/wp\/v2\/product_tag?post=5449"}],"curies":[{"name":"wp","href":"https:\/\/api.w.org\/{rel}","templated":true}]}}