{"id":5483,"date":"2025-08-12T18:19:29","date_gmt":"2025-08-12T10:19:29","guid":{"rendered":"https:\/\/theperfumebottles.com\/?post_type=product&#038;p=5483"},"modified":"2025-08-12T18:19:31","modified_gmt":"2025-08-12T10:19:31","slug":"10ml-glass-roll-on-perfume-bottles-with-caps-wholesale","status":"publish","type":"product","link":"https:\/\/theperfumebottles.com\/fi\/tuote\/10ml-glass-roll-on-perfume-bottles-with-caps-wholesale\/","title":{"rendered":"10 ml:n lasirulla hajuvesipulloissa, joissa on korkit tukkumyynniss\u00e4"},"content":{"rendered":"<p>Tarvitsetko rullausparfyymipulloja, jotka yhdist\u00e4v\u00e4t funktion ja tyylin? Meid\u00e4n 10ml lasirullauspulloj\u00e4mme korkilla on suunniteltu br\u00e4ndeille, jotka haluavat kosmetiikkakannettavat, jotka tuntuvat spa-rituaalina jokaisessa iskussa.<\/p>\n<h2><strong data-spm-anchor-id=\"5176.28103460.0.i22.29ab1db8wkbRsE\">T\u00e4rkeimm\u00e4t tekniset tiedot<\/strong><\/h2>\n<table style=\"border-collapse: collapse; width: 80%; margin-left: auto; margin-right: auto;\" border=\"0\" width=\"144\" cellspacing=\"0\" cellpadding=\"0\">\n<tbody>\n<tr style=\"height: 13.50pt;\">\n<td style=\"height: 13.50pt; width: 54.00pt;\" width=\"72\" height=\"18\">Ominaisuus<\/td>\n<td style=\"width: 54.00pt;\" width=\"72\">Tiedot<\/td>\n<\/tr>\n<tr style=\"height: 13.50pt;\">\n<td style=\"height: 13.50pt;\" height=\"18\">Kapasiteetti<\/td>\n<td>10 ml<\/td>\n<\/tr>\n<tr style=\"height: 13.50pt;\">\n<td style=\"height: 13.50pt;\" height=\"18\">Materiaali<\/td>\n<td>Termostaattinen sininen lasi + Musta ruuvikorkki<\/td>\n<\/tr>\n<tr style=\"height: 13.50pt;\">\n<td style=\"height: 13.50pt;\" height=\"18\">Muoto<\/td>\n<td>Py\u00f6rist\u00e4\u00e4<\/td>\n<\/tr>\n<tr style=\"height: 13.50pt;\">\n<td style=\"height: 13.50pt;\" height=\"18\">Korkki<\/td>\n<td>Rustein pallon korkilla<\/td>\n<\/tr>\n<tr style=\"height: 13.50pt;\">\n<td style=\"height: 13.50pt;\" height=\"18\">K\u00e4ytt\u00f6<\/td>\n<td>Kauneus<\/td>\n<\/tr>\n<\/tbody>\n<\/table>\n<h2>Menestystarina: Kuinka ihonhoitovalmistaja lis\u00e4si kosmetiikkapakkauksien myynti\u00e4 muutosajan aikana<\/h2>\n<p>Ihonhoitovalmistaja, joka halusi uudistaa ihonhoitokassinsa, valitsi 10ml lasirullauspulloja korkilla. Kun h\u00e4n tilasi valmistusm\u00e4\u00e4r\u00e4tilauksen ja muokkasi pulloja p\u00f6ly\u00e4vill\u00e4 astiankaltaisilla perusteilla, h\u00e4n v\u00e4hensi pakkauksien kustannuksia 25% ja nosti sosiaalisen median sitoutumista 120%. \"Rullauspullo n\u00e4ytt\u00e4\u00e4 kultaklappauksesta asiakkaille,\" sanoi heid\u00e4n markkinajohtajansa.<\/p>\n<h2>Vinkkej\u00e4 mukauttamiseen<\/h2>\n<ul>\n<li><strong>V\u00e4ripsykologia:<\/strong> K\u00e4yt\u00e4 sinist\u00e4 lasia rauhoittavalle kauneusk\u00e4sittelylle tai vaihda vihre\u00e4\u00e4n luonnon inspiraation saadaksesi kauneuslinjan.<\/li>\n<li><strong>Materiaalisekoitus:<\/strong> Valitse mattakorkit minimalisteille tai kiilt\u00e4v\u00e4t p\u00e4\u00e4t\u00f6kset korkealaatuiseen kosmetiikkapakkaukseen.<\/li>\n<\/ul>\n<p>&nbsp;<\/p>\n<p>&nbsp;<\/p>","protected":false},"excerpt":{"rendered":"<p>Korkeuta kauneusk\u00e4sittelysi 10ml lasirullausparfyymipulloilla korkilla. Idealinen ihonhoitoon, hienoherkulliseen parfyymiihin ja kosmetiikkapakkauksien tarvikkeisiin.<\/p>","protected":false},"featured_media":5491,"comment_status":"open","ping_status":"closed","template":"","meta":{"_acf_changed":false,"site-sidebar-layout":"default","site-content-layout":"","ast-site-content-layout":"default","site-content-style":"default","site-sidebar-style":"default","ast-global-header-display":"","ast-banner-title-visibility":"","ast-main-header-display":"","ast-hfb-above-header-display":"","ast-hfb-below-header-display":"","ast-hfb-mobile-header-display":"","site-post-title":"","ast-breadcrumbs-content":"","ast-featured-img":"","footer-sml-layout":"","ast-disable-related-posts":"","theme-transparent-header-meta":"default","adv-header-id-meta":"","stick-header-meta":"","header-above-stick-meta":"","header-main-stick-meta":"","header-below-stick-meta":"","astra-migrate-meta-layouts":"set","ast-page-background-enabled":"default","ast-page-background-meta":{"desktop":{"background-color":"var(--ast-global-color-5)","background-image":"","background-repeat":"repeat","background-position":"center center","background-size":"auto","background-attachment":"scroll","background-type":"","background-media":"","overlay-type":"","overlay-color":"","overlay-opacity":"","overlay-gradient":""},"tablet":{"background-color":"","background-image":"","background-repeat":"repeat","background-position":"center center","background-size":"auto","background-attachment":"scroll","background-type":"","background-media":"","overlay-type":"","overlay-color":"","overlay-opacity":"","overlay-gradient":""},"mobile":{"background-color":"","background-image":"","background-repeat":"repeat","background-position":"center center","background-size":"auto","background-attachment":"scroll","background-type":"","background-media":"","overlay-type":"","overlay-color":"","overlay-opacity":"","overlay-gradient":""}},"ast-content-background-meta":{"desktop":{"background-color":"var(--ast-global-color-4)","background-image":"","background-repeat":"repeat","background-position":"center center","background-size":"auto","background-attachment":"scroll","background-type":"","background-media":"","overlay-type":"","overlay-color":"","overlay-opacity":"","overlay-gradient":""},"tablet":{"background-color":"var(--ast-global-color-4)","background-image":"","background-repeat":"repeat","background-position":"center center","background-size":"auto","background-attachment":"scroll","background-type":"","background-media":"","overlay-type":"","overlay-color":"","overlay-opacity":"","overlay-gradient":""},"mobile":{"background-color":"var(--ast-global-color-4)","background-image":"","background-repeat":"repeat","background-position":"center center","background-size":"auto","background-attachment":"scroll","background-type":"","background-media":"","overlay-type":"","overlay-color":"","overlay-opacity":"","overlay-gradient":""}}},"product_brand":[],"product_cat":[72,62,57,60],"product_tag":[229,228],"class_list":{"0":"post-5483","1":"product","2":"type-product","3":"status-publish","4":"has-post-thumbnail","6":"product_cat-cosmetic-packaging","7":"product_cat-cosmetic-containers","8":"product_cat-essential-oil-bottles","9":"product_cat-roller-bottles","10":"product_tag-10ml-glass-roll-on-bottles-with-caps","11":"product_tag-roll-on-perfume-bottles","12":"desktop-align-left","13":"tablet-align-left","14":"mobile-align-left","16":"first","17":"instock","18":"shipping-taxable","19":"product-type-simple"},"acf":[],"jetpack_sharing_enabled":true,"_links":{"self":[{"href":"https:\/\/theperfumebottles.com\/fi\/wp-json\/wp\/v2\/product\/5483","targetHints":{"allow":["GET"]}}],"collection":[{"href":"https:\/\/theperfumebottles.com\/fi\/wp-json\/wp\/v2\/product"}],"about":[{"href":"https:\/\/theperfumebottles.com\/fi\/wp-json\/wp\/v2\/types\/product"}],"replies":[{"embeddable":true,"href":"https:\/\/theperfumebottles.com\/fi\/wp-json\/wp\/v2\/comments?post=5483"}],"wp:featuredmedia":[{"embeddable":true,"href":"https:\/\/theperfumebottles.com\/fi\/wp-json\/wp\/v2\/media\/5491"}],"wp:attachment":[{"href":"https:\/\/theperfumebottles.com\/fi\/wp-json\/wp\/v2\/media?parent=5483"}],"wp:term":[{"taxonomy":"product_brand","embeddable":true,"href":"https:\/\/theperfumebottles.com\/fi\/wp-json\/wp\/v2\/product_brand?post=5483"},{"taxonomy":"product_cat","embeddable":true,"href":"https:\/\/theperfumebottles.com\/fi\/wp-json\/wp\/v2\/product_cat?post=5483"},{"taxonomy":"product_tag","embeddable":true,"href":"https:\/\/theperfumebottles.com\/fi\/wp-json\/wp\/v2\/product_tag?post=5483"}],"curies":[{"name":"wp","href":"https:\/\/api.w.org\/{rel}","templated":true}]}}