{"id":5606,"date":"2025-08-13T18:02:24","date_gmt":"2025-08-13T10:02:24","guid":{"rendered":"https:\/\/theperfumebottles.com\/?post_type=product&#038;p=5606"},"modified":"2026-03-26T17:26:36","modified_gmt":"2026-03-26T09:26:36","slug":"custom-glass-serum-bottles-clear-bottle-with-glass-dropper","status":"publish","type":"product","link":"https:\/\/theperfumebottles.com\/fi\/tuote\/custom-glass-serum-bottles-clear-bottle-with-glass-dropper\/","title":{"rendered":"Mukautetut lasiset seerumipullot | Kirkas pullo lasisella pipetill\u00e4 15ml 30ml"},"content":{"rendered":"<p>N\u00e4m\u00e4 lasiset seerumipullot ovat eteeristen \u00f6ljyjen pullosarjassa, jossa on kirkas, py\u00f6re\u00e4n muotoinen lasirunko ja paksu, vakaa pohja. Kirkas ja sile\u00e4 pinta korostaa pullon sis\u00e4ll\u00e4 olevaa nestett\u00e4, joten ne sopivat korkealaatuisille koostumuksille. Pullon p\u00e4\u00e4ll\u00e4 on pipetti, joka on valmistettu pehme\u00e4st\u00e4 valkoisesta kumipallosta ja suorasta lasipipetist\u00e4, joka annostelee sis\u00e4ll\u00f6n tarkasti. Kaulus on saatavana metallinhohtoisena, kuten kultaisena tai hopeanv\u00e4risen\u00e4, ja siin\u00e4 on teksturoitu yksityiskohta, joka luo tyylikk\u00e4\u00e4n kontrastin kuvaan. Sek\u00e4 15 ml:n ett\u00e4 30 ml:n kokoisten pullojen pieni koko on suunniteltu tasapainoiseksi ja elegantiksi, samalla kun ne ovat helposti mukana kuljetettavia.<\/p>\n<h2>T\u00e4rkeimm\u00e4t tekniset tiedot<\/h2>\n<table style=\"border-collapse: collapse; margin-left: auto; margin-right: auto; width: 80%;\" border=\"0\" width=\"812\" cellspacing=\"0\" cellpadding=\"0\">\n<tbody>\n<tr style=\"height: 13.50pt;\">\n<td style=\"height: 13.50pt; width: 136.50pt;\" width=\"182\" height=\"18\">Ominaisuus<\/td>\n<td style=\"width: 472.50pt;\" width=\"630\">Tiedot<\/td>\n<\/tr>\n<tr style=\"height: 13.50pt;\">\n<td style=\"height: 13.50pt;\" height=\"18\">K\u00e4ytett\u00e4viss\u00e4 olevat kapasiteetit<\/td>\n<td>15 ml, 30 ml<\/td>\n<\/tr>\n<tr style=\"height: 13.50pt;\">\n<td style=\"height: 13.50pt;\" height=\"18\">Materiaali<\/td>\n<td>Korkealaatuinen lasi (kirkas, ensiluokkainen l\u00e4pin\u00e4kyvyys)<\/td>\n<\/tr>\n<tr style=\"height: 13.50pt;\">\n<td style=\"height: 13.50pt;\" height=\"18\">V\u00e4rivaihtoehdot<\/td>\n<td>Vakio kirkas; muokattavissa (esim. himme\u00e4, s\u00e4vytetty)<\/td>\n<\/tr>\n<tr style=\"height: 13.50pt;\">\n<td style=\"height: 13.50pt;\" height=\"18\">Pullon muoto<\/td>\n<td>Leve\u00e4pohjainen, lyhytkaulainen, py\u00f6re\u00e4 muotoilu \u2013 tarjoaa vakautta ja eleganttia profiilia<\/td>\n<\/tr>\n<tr style=\"height: 13.50pt;\">\n<td style=\"height: 13.50pt;\" height=\"18\">Ihanteellinen<\/td>\n<td>Yrttitinktuurat Eteeriset \u00f6ljyt, Kasvoseerumit ja ihonhoito<\/td>\n<\/tr>\n<\/tbody>\n<\/table>\n<h2>Menestystarina<\/h2>\n<p>Yrttiuutteiden toimittaja vaihtoi tukkumyyntituotelinjaansa t\u00e4h\u00e4n lasipipetill\u00e4 varustettuun pulloon viime vuonna. He ihastuivat selke\u00e4\u00e4n ulkoasuun, joka ei ainoastaan \u200b\u200bkorosta tuotteen kasviper\u00e4ist\u00e4 v\u00e4ri\u00e4, vaan my\u00f6s vuotoesteeseen, joka takaa tuotteen s\u00e4ilymisen ehj\u00e4n\u00e4. Kolmen kuukauden kuluessa he n\u00e4kiv\u00e4t 20 prosentin kasvun toistuvien ostosten m\u00e4\u00e4r\u00e4ss\u00e4, ja my\u00f6s heid\u00e4n asiakkaansa pitiv\u00e4t parantuneesta ulkon\u00e4\u00f6st\u00e4.<\/p>\n<h2>Mukautusvinkkej\u00e4<\/h2>\n<p>Haluatko saada kaiken irti pullostasi lasipipettitilauksilla? Kokeile n\u00e4it\u00e4 vinkkej\u00e4:<\/p>\n<ul>\n<li>Valoherkille koostumuksille k\u00e4yt\u00e4 himme\u00e4lasipulloja. Se tarjoaa suojaa ja luo pehme\u00e4n, ylellisen ilmeen.<\/li>\n<li>Vaihda teksturoitu metallikorkkisi mattapintaiseen tai harjattuun viimeistelyyn t\u00e4ydent\u00e4\u00e4ksesi ylellisen ihonhoitosarjasi tuotteita.<\/li>\n<li>Lis\u00e4pinnoitteisiin tarjoamme kuumaleimausta, silkkipainatusta, pinnoitusta ja paljon muuta.<\/li>\n<\/ul>\n<p>Oletko valmis hankkimaan luotettavia lasipulloja laajasta v\u00e4rivalikoimasta ja nopealla toimituksella? Ota meihin yhteytt\u00e4. Autamme B2B-ostajia rakentamaan vahvoja ja yhdenmukaisia \u200b\u200btuotelinjoja \u2013 joka kerta.<\/p>","protected":false},"excerpt":{"rendered":"<p>Kirkkaat 15 ml:n ja 30 ml:n eteeristen \u00f6ljyjen pipettipullot, joissa on lasipipetti ja metallinen kaulus. Ihanteelliset lasiset seerumipullot ihonhoito- ja aromaterapiabr\u00e4ndeille.<\/p>","protected":false},"featured_media":5607,"comment_status":"closed","ping_status":"closed","template":"","meta":{"_acf_changed":false,"site-sidebar-layout":"default","site-content-layout":"","ast-site-content-layout":"default","site-content-style":"default","site-sidebar-style":"default","ast-global-header-display":"","ast-banner-title-visibility":"","ast-main-header-display":"","ast-hfb-above-header-display":"","ast-hfb-below-header-display":"","ast-hfb-mobile-header-display":"","site-post-title":"","ast-breadcrumbs-content":"","ast-featured-img":"","footer-sml-layout":"","ast-disable-related-posts":"","theme-transparent-header-meta":"default","adv-header-id-meta":"","stick-header-meta":"","header-above-stick-meta":"","header-main-stick-meta":"","header-below-stick-meta":"","astra-migrate-meta-layouts":"set","ast-page-background-enabled":"default","ast-page-background-meta":{"desktop":{"background-color":"var(--ast-global-color-5)","background-image":"","background-repeat":"repeat","background-position":"center center","background-size":"auto","background-attachment":"scroll","background-type":"","background-media":"","overlay-type":"","overlay-color":"","overlay-opacity":"","overlay-gradient":""},"tablet":{"background-color":"","background-image":"","background-repeat":"repeat","background-position":"center center","background-size":"auto","background-attachment":"scroll","background-type":"","background-media":"","overlay-type":"","overlay-color":"","overlay-opacity":"","overlay-gradient":""},"mobile":{"background-color":"","background-image":"","background-repeat":"repeat","background-position":"center center","background-size":"auto","background-attachment":"scroll","background-type":"","background-media":"","overlay-type":"","overlay-color":"","overlay-opacity":"","overlay-gradient":""}},"ast-content-background-meta":{"desktop":{"background-color":"var(--ast-global-color-4)","background-image":"","background-repeat":"repeat","background-position":"center center","background-size":"auto","background-attachment":"scroll","background-type":"","background-media":"","overlay-type":"","overlay-color":"","overlay-opacity":"","overlay-gradient":""},"tablet":{"background-color":"var(--ast-global-color-4)","background-image":"","background-repeat":"repeat","background-position":"center center","background-size":"auto","background-attachment":"scroll","background-type":"","background-media":"","overlay-type":"","overlay-color":"","overlay-opacity":"","overlay-gradient":""},"mobile":{"background-color":"var(--ast-global-color-4)","background-image":"","background-repeat":"repeat","background-position":"center center","background-size":"auto","background-attachment":"scroll","background-type":"","background-media":"","overlay-type":"","overlay-color":"","overlay-opacity":"","overlay-gradient":""}}},"product_brand":[],"product_cat":[59,62,72,57],"product_tag":[190,204],"class_list":{"0":"post-5606","1":"product","2":"type-product","3":"status-publish","4":"has-post-thumbnail","6":"product_cat-glass-dropper-bottles","7":"product_cat-cosmetic-containers","8":"product_cat-cosmetic-packaging","9":"product_cat-essential-oil-bottles","10":"product_tag-cosmetic-pots-with-lids","11":"product_tag-frosted-cosmetic-jars","12":"desktop-align-left","13":"tablet-align-left","14":"mobile-align-left","16":"first","17":"instock","18":"shipping-taxable","19":"product-type-simple"},"acf":[],"jetpack_sharing_enabled":true,"_links":{"self":[{"href":"https:\/\/theperfumebottles.com\/fi\/wp-json\/wp\/v2\/product\/5606","targetHints":{"allow":["GET"]}}],"collection":[{"href":"https:\/\/theperfumebottles.com\/fi\/wp-json\/wp\/v2\/product"}],"about":[{"href":"https:\/\/theperfumebottles.com\/fi\/wp-json\/wp\/v2\/types\/product"}],"replies":[{"embeddable":true,"href":"https:\/\/theperfumebottles.com\/fi\/wp-json\/wp\/v2\/comments?post=5606"}],"wp:featuredmedia":[{"embeddable":true,"href":"https:\/\/theperfumebottles.com\/fi\/wp-json\/wp\/v2\/media\/5607"}],"wp:attachment":[{"href":"https:\/\/theperfumebottles.com\/fi\/wp-json\/wp\/v2\/media?parent=5606"}],"wp:term":[{"taxonomy":"product_brand","embeddable":true,"href":"https:\/\/theperfumebottles.com\/fi\/wp-json\/wp\/v2\/product_brand?post=5606"},{"taxonomy":"product_cat","embeddable":true,"href":"https:\/\/theperfumebottles.com\/fi\/wp-json\/wp\/v2\/product_cat?post=5606"},{"taxonomy":"product_tag","embeddable":true,"href":"https:\/\/theperfumebottles.com\/fi\/wp-json\/wp\/v2\/product_tag?post=5606"}],"curies":[{"name":"wp","href":"https:\/\/api.w.org\/{rel}","templated":true}]}}