{"id":5625,"date":"2025-08-14T18:00:02","date_gmt":"2025-08-14T10:00:02","guid":{"rendered":"https:\/\/theperfumebottles.com\/?post_type=product&#038;p=5625"},"modified":"2025-08-25T17:58:23","modified_gmt":"2025-08-25T09:58:23","slug":"wholesale-flat-square-amber-bottles-with-dropper","status":"publish","type":"product","link":"https:\/\/theperfumebottles.com\/fi\/tuote\/wholesale-flat-square-amber-bottles-with-dropper\/","title":{"rendered":"Tukku 30 ml:n litte\u00e4t neli\u00f6nmuotoiset meripihkapullot tiputtimella"},"content":{"rendered":"<p><span class=\"diff-highlight\">Ovatko<\/span> <span class=\"diff-highlight\">sin\u00e4<\/span> <span class=\"diff-highlight\">n\u00e4k\u00f6inen<\/span> tyylikk\u00e4\u00e4seen ja <span class=\"diff-highlight\">toiminnallinen<\/span> tapa s\u00e4ilytt\u00e4\u00e4 eteerisi\u00e4 \u00f6ljyj\u00e4 tai <span class=\"diff-highlight\">seerumi<\/span>Meripihkanv\u00e4riset pipettipullomme ovat t\u00e4ydellisi\u00e4 <span class=\"diff-highlight\">varten<\/span> <span class=\"diff-highlight\">sin\u00e4<\/span><span class=\"diff-highlight\">!<\/span> <span class=\"diff-highlight\">Valmistettu<\/span> laadukkaasta lasista, <span class=\"diff-highlight\">meid\u00e4n<\/span> <span class=\"diff-highlight\">keltainen<\/span> <span class=\"diff-highlight\">pullot<\/span> <span class=\"diff-highlight\">est\u00e4\u00e4<\/span> <span class=\"diff-highlight\">the<\/span> <span class=\"diff-highlight\">vuoto<\/span> <span class=\"diff-highlight\">jostakin<\/span> <span class=\"diff-highlight\">haitallinen<\/span> <span class=\"diff-highlight\">UV-s\u00e4teily<\/span> <span class=\"diff-highlight\">s\u00e4teet<\/span><span class=\"diff-highlight\">.<\/span> <span class=\"diff-highlight\">Lis\u00e4ksi<\/span>, <span class=\"diff-highlight\">kanssa<\/span> <span class=\"diff-highlight\">the<\/span> <span class=\"diff-highlight\">tiputin<\/span><span class=\"diff-highlight\">,<\/span> <span class=\"diff-highlight\">sin\u00e4<\/span> <span class=\"diff-highlight\">t\u00f6lkki<\/span> <span class=\"diff-highlight\">annostella<\/span> the <span class=\"diff-highlight\">t\u00e4ydellinen<\/span> m\u00e4\u00e4r\u00e4 joka kerta.<\/p>\n<h2>T\u00e4rkeimm\u00e4t tekniset tiedot<\/h2>\n<table style=\"border-collapse: collapse;margin-left: auto;margin-right: auto;width: 80%\" border=\"0\" width=\"537\" cellspacing=\"0\" cellpadding=\"0\">\n<tbody>\n<tr style=\"height: 13.50pt\">\n<td style=\"height: 13.50pt;width: 111.00pt\" width=\"148\" height=\"18\">Ominaisuus<\/td>\n<td style=\"width: 291.75pt\" width=\"389\">Tiedot<\/td>\n<\/tr>\n<tr style=\"height: 13.50pt\">\n<td style=\"height: 13.50pt\" height=\"18\">Saatavilla olevat koot<\/td>\n<td>30 ml<\/td>\n<\/tr>\n<tr style=\"height: 13.50pt\">\n<td style=\"height: 13.50pt\" height=\"18\">Materiaali<\/td>\n<td>Korkealaatuinen lasi<\/td>\n<\/tr>\n<tr style=\"height: 13.50pt\">\n<td style=\"height: 13.50pt\" height=\"18\">V\u00e4ri<\/td>\n<td>Vakio kirkas, keltainen, vaaleanpunainen (saatavilla my\u00f6s mukautettuja v\u00e4rivaihtoehtoja)<\/td>\n<\/tr>\n<tr style=\"height: 13.50pt\">\n<td style=\"height: 13.50pt\" height=\"18\">Valmis<\/td>\n<td>Kirkas tai huurteinen (pyynn\u00f6st\u00e4)<\/td>\n<\/tr>\n<tr style=\"height: 13.50pt\">\n<td style=\"height: 13.50pt\" height=\"18\">K\u00e4ytt\u00f6tapaus<\/td>\n<td>Tinktuurat, eteeriset \u00f6ljyt, seerumit<\/td>\n<\/tr>\n<\/tbody>\n<\/table>\n<h2>Todellinen voitto: Sekasortoisesta selke\u00e4\u00e4n br\u00e4nd\u00e4ykseen<\/h2>\n<p>Luonnonmukainen tuotemerkki vaihtoi yrttitinktuuroidensa valmistuksessa kirkkaista lasipulloista 30 ml:n meripihkanv\u00e4risiin pipettipulloihin. Meripihkanv\u00e4rinen lasi ratkaisi valolle altistumisen ongelmat ja piti koostumuksen tuoreena pidemp\u00e4\u00e4n. Lis\u00e4ksi asiakkaat pitiv\u00e4t meripihkanv\u00e4risi\u00e4 pipettipulloja luotettavampina, sill\u00e4 kultainen rengas lis\u00e4si ensiluokkaista tuntumaa ja litte\u00e4t sivut paransivat otetta ja helpottivat merkitsemist\u00e4.<\/p>\n<h2>\u00c4lykk\u00e4it\u00e4 r\u00e4\u00e4t\u00e4l\u00f6intivinkkej\u00e4 tilauksellesi<\/h2>\n<p>Haluatko tehd\u00e4 br\u00e4ndist\u00e4si erottuvan? Kokeile n\u00e4it\u00e4 ideoita:<\/p>\n<ul>\n<li>K\u00e4yt\u00e4 huurrepintaista pintaa meripihkanv\u00e4risess\u00e4 lasissa saadaksesi pehme\u00e4mm\u00e4n ja orgaanisemman ilmeen \u2013 loistava puhtaaseen kauneuteen tai ekologisiin linjoihin.<\/li>\n<li>Vaihda kultainen sormus mattamustaan \u200b\u200btai harjattuun hopeaan br\u00e4ndisi tunnelmaan sopivaksi.<\/li>\n<li>Pakkaa useita meripihkanv\u00e4risi\u00e4 pipetill\u00e4 varustettuja pulloja br\u00e4nd\u00e4ttyyn rasiaan. Erinomainen tukkumyyntikumppaneille tai lahjapakkauksiin.<\/li>\n<\/ul>\n<p>N\u00e4m\u00e4 meripihkanv\u00e4riset lasipullot skaalautuvat mukanasi niin tukkukauppiailta kuin suurilta jakelijoiltakin. Ne sopivat niin pieniin koeajoihin kuin valtaviin irtotilauksiinkin \u2013 tinkim\u00e4tt\u00e4 korkeista laatustandardeista.<\/p>","protected":false},"excerpt":{"rendered":"<p>Tukkumyynniss\u00e4 olevat meripihkanv\u00e4riset pullot pipetill\u00e4 eteerisille \u00f6ljyille, seerumeille ja kosmetiikalle. Kest\u00e4v\u00e4st\u00e4 lasista, muokattavissa, t\u00e4ydellinen irtotilauksiin.<\/p>","protected":false},"featured_media":5641,"comment_status":"closed","ping_status":"closed","template":"","meta":{"_acf_changed":false,"site-sidebar-layout":"default","site-content-layout":"","ast-site-content-layout":"default","site-content-style":"default","site-sidebar-style":"default","ast-global-header-display":"","ast-banner-title-visibility":"","ast-main-header-display":"","ast-hfb-above-header-display":"","ast-hfb-below-header-display":"","ast-hfb-mobile-header-display":"","site-post-title":"","ast-breadcrumbs-content":"","ast-featured-img":"","footer-sml-layout":"","ast-disable-related-posts":"","theme-transparent-header-meta":"default","adv-header-id-meta":"","stick-header-meta":"","header-above-stick-meta":"","header-main-stick-meta":"","header-below-stick-meta":"","astra-migrate-meta-layouts":"set","ast-page-background-enabled":"default","ast-page-background-meta":{"desktop":{"background-color":"var(--ast-global-color-5)","background-image":"","background-repeat":"repeat","background-position":"center center","background-size":"auto","background-attachment":"scroll","background-type":"","background-media":"","overlay-type":"","overlay-color":"","overlay-opacity":"","overlay-gradient":""},"tablet":{"background-color":"","background-image":"","background-repeat":"repeat","background-position":"center center","background-size":"auto","background-attachment":"scroll","background-type":"","background-media":"","overlay-type":"","overlay-color":"","overlay-opacity":"","overlay-gradient":""},"mobile":{"background-color":"","background-image":"","background-repeat":"repeat","background-position":"center center","background-size":"auto","background-attachment":"scroll","background-type":"","background-media":"","overlay-type":"","overlay-color":"","overlay-opacity":"","overlay-gradient":""}},"ast-content-background-meta":{"desktop":{"background-color":"var(--ast-global-color-4)","background-image":"","background-repeat":"repeat","background-position":"center center","background-size":"auto","background-attachment":"scroll","background-type":"","background-media":"","overlay-type":"","overlay-color":"","overlay-opacity":"","overlay-gradient":""},"tablet":{"background-color":"var(--ast-global-color-4)","background-image":"","background-repeat":"repeat","background-position":"center center","background-size":"auto","background-attachment":"scroll","background-type":"","background-media":"","overlay-type":"","overlay-color":"","overlay-opacity":"","overlay-gradient":""},"mobile":{"background-color":"var(--ast-global-color-4)","background-image":"","background-repeat":"repeat","background-position":"center center","background-size":"auto","background-attachment":"scroll","background-type":"","background-media":"","overlay-type":"","overlay-color":"","overlay-opacity":"","overlay-gradient":""}}},"product_brand":[],"product_cat":[62,72,57,59],"product_tag":[190,204],"class_list":{"0":"post-5625","1":"product","2":"type-product","3":"status-publish","4":"has-post-thumbnail","6":"product_cat-cosmetic-containers","7":"product_cat-cosmetic-packaging","8":"product_cat-essential-oil-bottles","9":"product_cat-glass-dropper-bottles","10":"product_tag-cosmetic-pots-with-lids","11":"product_tag-frosted-cosmetic-jars","12":"desktop-align-left","13":"tablet-align-left","14":"mobile-align-left","16":"first","17":"instock","18":"shipping-taxable","19":"product-type-simple"},"acf":[],"jetpack_sharing_enabled":true,"_links":{"self":[{"href":"https:\/\/theperfumebottles.com\/fi\/wp-json\/wp\/v2\/product\/5625","targetHints":{"allow":["GET"]}}],"collection":[{"href":"https:\/\/theperfumebottles.com\/fi\/wp-json\/wp\/v2\/product"}],"about":[{"href":"https:\/\/theperfumebottles.com\/fi\/wp-json\/wp\/v2\/types\/product"}],"replies":[{"embeddable":true,"href":"https:\/\/theperfumebottles.com\/fi\/wp-json\/wp\/v2\/comments?post=5625"}],"wp:featuredmedia":[{"embeddable":true,"href":"https:\/\/theperfumebottles.com\/fi\/wp-json\/wp\/v2\/media\/5641"}],"wp:attachment":[{"href":"https:\/\/theperfumebottles.com\/fi\/wp-json\/wp\/v2\/media?parent=5625"}],"wp:term":[{"taxonomy":"product_brand","embeddable":true,"href":"https:\/\/theperfumebottles.com\/fi\/wp-json\/wp\/v2\/product_brand?post=5625"},{"taxonomy":"product_cat","embeddable":true,"href":"https:\/\/theperfumebottles.com\/fi\/wp-json\/wp\/v2\/product_cat?post=5625"},{"taxonomy":"product_tag","embeddable":true,"href":"https:\/\/theperfumebottles.com\/fi\/wp-json\/wp\/v2\/product_tag?post=5625"}],"curies":[{"name":"wp","href":"https:\/\/api.w.org\/{rel}","templated":true}]}}