{"id":5648,"date":"2025-08-14T18:02:28","date_gmt":"2025-08-14T10:02:28","guid":{"rendered":"https:\/\/theperfumebottles.com\/?post_type=product&#038;p=5648"},"modified":"2026-03-26T16:37:18","modified_gmt":"2026-03-26T08:37:18","slug":"square-amber-glass-bottles-with-dropper-for-essential-oil","status":"publish","type":"product","link":"https:\/\/theperfumebottles.com\/fi\/tuote\/square-amber-glass-bottles-with-dropper-for-essential-oil\/","title":{"rendered":"10 ml 20 ml 30 ml 100 ml neli\u00f6nmuotoiset meripihkanv\u00e4riset lasipullot tiputtimella"},"content":{"rendered":"<p>Jos etsit pulloja tinktuuroille, seerumeille tai hyvinvointi\u00f6ljyille, t\u00e4m\u00e4 neli\u00f6nmuotoinen meripihkan lasipullo pipetill\u00e4 on ehdoton hankinta. Sen rikas meripihkan lasi (syv\u00e4nruskea) est\u00e4\u00e4 valoa ja suojaa herkki\u00e4 koostumuksia, kun taas kullanv\u00e4rinen metallinen kaulaosa lis\u00e4\u00e4 hienovaraista tyyli\u00e4. Valkoisella kumipipettikorkilla ja lasipipetill\u00e4 varustettu pullo mahdollistaa roiskeettoman ja j\u00e4tteett\u00f6m\u00e4n annostelun tipoittain.<\/p>\n<h2>T\u00e4rkeimm\u00e4t tekniset tiedot<\/h2>\n<table style=\"border-collapse: collapse; margin-left: auto; margin-right: auto; width: 80%;\" border=\"0\" width=\"595\" cellspacing=\"0\" cellpadding=\"0\">\n<tbody>\n<tr style=\"height: 13.50pt;\">\n<td style=\"height: 13.50pt; width: 120.75pt;\" width=\"161\" height=\"18\">Ominaisuus<\/td>\n<td style=\"width: 325.50pt;\" width=\"434\">Tiedot<\/td>\n<\/tr>\n<tr style=\"height: 13.50pt;\">\n<td style=\"height: 13.50pt;\" height=\"18\">Saatavilla olevat koot<\/td>\n<td>10 ml \/ 20 ml \/ 30 ml \/ 100 ml<\/td>\n<\/tr>\n<tr style=\"height: 13.50pt;\">\n<td style=\"height: 13.50pt;\" height=\"18\">Materiaali<\/td>\n<td>Korkealaatuinen lasi (meripihkanv\u00e4rinen vakio, muokattavissa)<\/td>\n<\/tr>\n<tr style=\"height: 13.50pt;\">\n<td style=\"height: 13.50pt;\" height=\"18\">P\u00e4\u00e4tt\u00e4minen<\/td>\n<td>Kultainen kansi + musta pipettiosa<\/td>\n<\/tr>\n<tr style=\"height: 13.50pt;\">\n<td style=\"height: 13.50pt;\" height=\"18\">Pipetin toiminto<\/td>\n<td>Tarkka nesteannostelija, ihanteellinen \u00f6ljyille ja tinktuuroille<\/td>\n<\/tr>\n<tr style=\"height: 13.50pt;\">\n<td style=\"height: 13.50pt;\" height=\"18\">Pakkauskoko<\/td>\n<td>20 x 20 x 15 cm pakkausta kohden<\/td>\n<\/tr>\n<tr style=\"height: 13.50pt;\">\n<td style=\"height: 13.50pt;\" height=\"18\">Ihanteellinen<\/td>\n<td>Eteeriset \u00f6ljyt, tinktuurat, seerumit, tee-se-itse-sekoitukset<\/td>\n<\/tr>\n<\/tbody>\n<\/table>\n<h2>Menestyst\u00e4 tosiel\u00e4m\u00e4ss\u00e4: Luonnonmukaisen ihonhoidon startup-yritys<\/h2>\n<p>Er\u00e4s tuotemerkki oli lanseeraamassa uutta yrttitinktuuroiden tuotesarjaa. He tarvitsivat korkealaatuisen lasipullon pipetill\u00e4, jota voitaisiin valmistaa massatuotantoon. He valitsivat 30 ml:n meripihkanv\u00e4riset lasipullomme pipetill\u00e4. Autoimme heit\u00e4 siirtym\u00e4\u00e4n tavallisesta kirkkaasta lasipullosta meripihkanv\u00e4riseen pulloon, joka tarjoaa paremman UV-suojan \u2013 pieni vaihtoehto, joka kaksinkertaisti s\u00e4ilyvyyden. Lis\u00e4ksi he lis\u00e4siv\u00e4t himme\u00e4n p\u00e4\u00e4n korkeamman hintaluokan k\u00e4ytt\u00f6kokemuksen takaamiseksi. Tulos? Asiakkaat hehkuttivat tarkkaa pipetti\u00e4 ja eleganttia ulkon\u00e4k\u00f6\u00e4. Lis\u00e4ksi nopean toimituksemme ansiosta tuotteet eiv\u00e4t koskaan loppuneet varastosta, edes sesonkiaikana.<\/p>\n<h2>Haluatko r\u00e4\u00e4t\u00e4l\u00f6idyn istuvuuden?<\/h2>\n<p>Tarjoamme seuraavia palveluita:<\/p>\n<ul>\n<li>Haluaisitko oman v\u00e4rin? Totta kai! Vaihda meripihkasta koboltinsiniseen saadaksesi rauhoittavan vaikutuksen.<\/li>\n<li>Jos kohderyhm\u00e4si koostuu suurk\u00e4ytt\u00e4jist\u00e4, voit s\u00e4\u00e4t\u00e4\u00e4 pullon koon 100 ml:aan.<\/li>\n<li>Lis\u00e4\u00e4 halutessasi lapsiturvallinen kansi.<\/li>\n<\/ul>\n<p>Emme ainoastaan \u200b\u200bt\u00e4yt\u00e4 toiveitasi; me odotamme niit\u00e4. Tarvitsetko sopivan laatikon tai ohjeet? Suunnittelemme mielell\u00e4mme sellaisen sinulle.<\/p>","protected":false},"excerpt":{"rendered":"<p>Korkealaatuiset meripihkanv\u00e4riset lasipullot pipetill\u00e4, ihanteelliset irtotavarana k\u00e4ytett\u00e4vien kosmetiikka- ja eteeristen \u00f6ljyjen pakkaamiseen.<\/p>","protected":false},"featured_media":7467,"comment_status":"closed","ping_status":"closed","template":"","meta":{"_acf_changed":false,"site-sidebar-layout":"default","site-content-layout":"","ast-site-content-layout":"default","site-content-style":"default","site-sidebar-style":"default","ast-global-header-display":"","ast-banner-title-visibility":"","ast-main-header-display":"","ast-hfb-above-header-display":"","ast-hfb-below-header-display":"","ast-hfb-mobile-header-display":"","site-post-title":"","ast-breadcrumbs-content":"","ast-featured-img":"","footer-sml-layout":"","ast-disable-related-posts":"","theme-transparent-header-meta":"default","adv-header-id-meta":"","stick-header-meta":"","header-above-stick-meta":"","header-main-stick-meta":"","header-below-stick-meta":"","astra-migrate-meta-layouts":"set","ast-page-background-enabled":"default","ast-page-background-meta":{"desktop":{"background-color":"var(--ast-global-color-5)","background-image":"","background-repeat":"repeat","background-position":"center center","background-size":"auto","background-attachment":"scroll","background-type":"","background-media":"","overlay-type":"","overlay-color":"","overlay-opacity":"","overlay-gradient":""},"tablet":{"background-color":"","background-image":"","background-repeat":"repeat","background-position":"center center","background-size":"auto","background-attachment":"scroll","background-type":"","background-media":"","overlay-type":"","overlay-color":"","overlay-opacity":"","overlay-gradient":""},"mobile":{"background-color":"","background-image":"","background-repeat":"repeat","background-position":"center center","background-size":"auto","background-attachment":"scroll","background-type":"","background-media":"","overlay-type":"","overlay-color":"","overlay-opacity":"","overlay-gradient":""}},"ast-content-background-meta":{"desktop":{"background-color":"var(--ast-global-color-4)","background-image":"","background-repeat":"repeat","background-position":"center center","background-size":"auto","background-attachment":"scroll","background-type":"","background-media":"","overlay-type":"","overlay-color":"","overlay-opacity":"","overlay-gradient":""},"tablet":{"background-color":"var(--ast-global-color-4)","background-image":"","background-repeat":"repeat","background-position":"center center","background-size":"auto","background-attachment":"scroll","background-type":"","background-media":"","overlay-type":"","overlay-color":"","overlay-opacity":"","overlay-gradient":""},"mobile":{"background-color":"var(--ast-global-color-4)","background-image":"","background-repeat":"repeat","background-position":"center center","background-size":"auto","background-attachment":"scroll","background-type":"","background-media":"","overlay-type":"","overlay-color":"","overlay-opacity":"","overlay-gradient":""}}},"product_brand":[],"product_cat":[59,62,72,57],"product_tag":[],"class_list":{"0":"post-5648","1":"product","2":"type-product","3":"status-publish","4":"has-post-thumbnail","6":"product_cat-glass-dropper-bottles","7":"product_cat-cosmetic-containers","8":"product_cat-cosmetic-packaging","9":"product_cat-essential-oil-bottles","10":"desktop-align-left","11":"tablet-align-left","12":"mobile-align-left","14":"first","15":"instock","16":"shipping-taxable","17":"product-type-simple"},"acf":[],"jetpack_sharing_enabled":true,"_links":{"self":[{"href":"https:\/\/theperfumebottles.com\/fi\/wp-json\/wp\/v2\/product\/5648","targetHints":{"allow":["GET"]}}],"collection":[{"href":"https:\/\/theperfumebottles.com\/fi\/wp-json\/wp\/v2\/product"}],"about":[{"href":"https:\/\/theperfumebottles.com\/fi\/wp-json\/wp\/v2\/types\/product"}],"replies":[{"embeddable":true,"href":"https:\/\/theperfumebottles.com\/fi\/wp-json\/wp\/v2\/comments?post=5648"}],"wp:featuredmedia":[{"embeddable":true,"href":"https:\/\/theperfumebottles.com\/fi\/wp-json\/wp\/v2\/media\/7467"}],"wp:attachment":[{"href":"https:\/\/theperfumebottles.com\/fi\/wp-json\/wp\/v2\/media?parent=5648"}],"wp:term":[{"taxonomy":"product_brand","embeddable":true,"href":"https:\/\/theperfumebottles.com\/fi\/wp-json\/wp\/v2\/product_brand?post=5648"},{"taxonomy":"product_cat","embeddable":true,"href":"https:\/\/theperfumebottles.com\/fi\/wp-json\/wp\/v2\/product_cat?post=5648"},{"taxonomy":"product_tag","embeddable":true,"href":"https:\/\/theperfumebottles.com\/fi\/wp-json\/wp\/v2\/product_tag?post=5648"}],"curies":[{"name":"wp","href":"https:\/\/api.w.org\/{rel}","templated":true}]}}