{"id":6177,"date":"2025-09-08T14:09:26","date_gmt":"2025-09-08T06:09:26","guid":{"rendered":"https:\/\/theperfumebottles.com\/?post_type=product&#038;p=6177"},"modified":"2025-09-08T14:09:29","modified_gmt":"2025-09-08T06:09:29","slug":"vintage-scent-bottle-10ml-antique-small-perfume-bottles","status":"publish","type":"product","link":"https:\/\/theperfumebottles.com\/fi\/tuote\/vintage-scent-bottle-10ml-antique-small-perfume-bottles\/","title":{"rendered":"Vintage-tuoksupullo 10ml \u2013 Antiikkiset pienet hajuvesipullot"},"content":{"rendered":"<p>T\u00e4m\u00e4 vintage-tuoksupullo on enemm\u00e4n kuin vain yksi s\u00e4ilytysrasia \u2013 se on n\u00e4ytt\u00e4v\u00e4 kappale. Omenateemainen siluetti, kultainen kehys ja kukkakaiverrus yhdist\u00e4v\u00e4t vanhan maailman ja modernin hajuvesipullon taiteen. Lasinen hajuvesipullo sis\u00e4lt\u00e4\u00e4 kultaisen puristuslampun tunnelman, joka on k\u00e4\u00e4ritty v\u00e4lkkyv\u00e4\u00e4n punokseen ja kirkkaaseen korkkiin, joka t\u00e4ydent\u00e4\u00e4 ilmeen. 10 ml:n tilavuudellaan se sopii t\u00e4ydellisesti osaksi kokoelmaa, ylelliseksi hajuvesikoristeena tai matkatuoksulinjan osaksi.<\/p>\n<figure id=\"attachment_6178\" aria-describedby=\"caption-attachment-6178\" style=\"width: 500px\" class=\"wp-caption aligncenter\"><img fetchpriority=\"high\" decoding=\"async\" class=\"wp-image-6178\" src=\"https:\/\/theperfumebottles.com\/wp-content\/uploads\/2025\/09\/antique-small-perfume-bottles-1.webp\" alt=\"antiikkiset pienet hajuvesipullot\" width=\"500\" height=\"500\" srcset=\"https:\/\/theperfumebottles.com\/wp-content\/uploads\/2025\/09\/antique-small-perfume-bottles-1.webp 1000w, https:\/\/theperfumebottles.com\/wp-content\/uploads\/2025\/09\/antique-small-perfume-bottles-1-300x300.webp 300w, https:\/\/theperfumebottles.com\/wp-content\/uploads\/2025\/09\/antique-small-perfume-bottles-1-150x150.webp 150w, https:\/\/theperfumebottles.com\/wp-content\/uploads\/2025\/09\/antique-small-perfume-bottles-1-768x768.webp 768w, https:\/\/theperfumebottles.com\/wp-content\/uploads\/2025\/09\/antique-small-perfume-bottles-1-12x12.webp 12w, https:\/\/theperfumebottles.com\/wp-content\/uploads\/2025\/09\/antique-small-perfume-bottles-1-600x600.webp 600w, https:\/\/theperfumebottles.com\/wp-content\/uploads\/2025\/09\/antique-small-perfume-bottles-1-100x100.webp 100w\" sizes=\"(max-width: 500px) 100vw, 500px\" \/><figcaption id=\"caption-attachment-6178\" class=\"wp-caption-text\">antiikkiset pienet hajuvesipullot<\/figcaption><\/figure>\n<p>Jos olet br\u00e4ndin omistaja tai yritysasiakas, et tarvitse vain lasipulloja \u2013 tarvitset tarinan kertovan pakkauksen. Ammattimaisena valmistajana autamme sinua tekem\u00e4\u00e4n r\u00e4\u00e4t\u00e4l\u00f6ityj\u00e4 pulloja, valitsemaan ainutlaatuisia v\u00e4rej\u00e4 ja suunnittelemaan korkin tai sumuttimen, joka sopii tuoksukonseptiisi. Halusitpa sitten yksitt\u00e4isen n\u00e4ytteen testausta varten tai tukkutilauksen, saatavilla on joustavia vaihtoehtoja ja luotettava toimitus maailmanlaajuisesti.<\/p>\n<h2>Tekniset tiedot<\/h2>\n<table style=\"border-collapse: collapse; width: 361.52pt;\" border=\"0\" width=\"482\" cellspacing=\"0\" cellpadding=\"0\">\n<tbody>\n<tr style=\"height: 13.50pt;\">\n<td style=\"height: 13.50pt; width: 89.25pt;\" width=\"119\" height=\"18\">Kapasiteetti<\/td>\n<td style=\"width: 272.25pt;\" width=\"363\">10 ml<\/td>\n<\/tr>\n<tr style=\"height: 13.50pt;\">\n<td style=\"height: 13.50pt;\" height=\"18\">Muoto<\/td>\n<td>Omenasta inspiroitunut ep\u00e4s\u00e4\u00e4nn\u00f6llinen<\/td>\n<\/tr>\n<tr style=\"height: 13.50pt;\">\n<td style=\"height: 13.50pt;\" height=\"18\">Tyyli<\/td>\n<td>Vintage \/ Antiikki<\/td>\n<\/tr>\n<tr style=\"height: 13.50pt;\">\n<td style=\"height: 13.50pt;\" height=\"18\">Materiaali<\/td>\n<td>Kristallilasi + galvanoitu alumiini<\/td>\n<\/tr>\n<tr style=\"height: 13.50pt;\">\n<td style=\"height: 13.50pt;\" height=\"18\">Valmis<\/td>\n<td>Mukautettava pintak\u00e4sittely<\/td>\n<\/tr>\n<tr style=\"height: 13.50pt;\">\n<td style=\"height: 13.50pt;\" height=\"18\">Pullonkaula<\/td>\n<td>Ruuvi<\/td>\n<\/tr>\n<tr style=\"height: 13.50pt;\">\n<td style=\"height: 13.50pt;\" height=\"18\">Korkki<\/td>\n<td>Kultainen puristuslampun sumutin + pumppu<\/td>\n<\/tr>\n<tr style=\"height: 13.50pt;\">\n<td style=\"height: 13.50pt;\" height=\"18\">Koko<\/td>\n<td>40 mm \u00d7 71 mm \/ 40 mm \u00d7 83 mm<\/td>\n<\/tr>\n<tr style=\"height: 13.50pt;\">\n<td style=\"height: 13.50pt;\" height=\"18\">V\u00e4ri<\/td>\n<td>Kulta (mukautettuja vaihtoehtoja saatavilla)<\/td>\n<\/tr>\n<tr style=\"height: 13.50pt;\">\n<td style=\"height: 13.50pt;\" height=\"18\">Pakkaus<\/td>\n<td>Saatavilla r\u00e4\u00e4t\u00e4l\u00f6ityj\u00e4 hajuvesipullojen pakkauksia<\/td>\n<\/tr>\n<\/tbody>\n<\/table>\n<h2>Menestyksen tapaus<\/h2>\n<p>Eurooppalainen tuoksuyritys halusi startup-pulloja, jotka n\u00e4ytt\u00e4isiv\u00e4t ainutlaatuisilta, kuten h\u00e4nen artesaaninsa on suunnitellut. He valitsivat pienet antiikkiset hajuvesipullomme, joissa oli tummanpunaiset puristetut pullokupit ja mattakultainen korkki. Elegantti muotoilu muutti lanseerauskokoelmansa keskustelunaiheeksi putiikkien keskuudessa. Ensimm\u00e4isen nelj\u00e4nneksen aikana he saivat asiakkuuksia useilta luksusliikkeilt\u00e4 kotimaassa ja ulkomailla, ja heid\u00e4n tukkumyyntitilauksensa kaksinkertaistuivat nopeasti.<\/p>\n<h2>Sopeutumisvinkkej\u00e4<\/h2>\n<p>Kun luot tuoksua, hajuvesipullon pakkauksen tulisi heijastaa sen persoonallisuutta. Jos tuoksusi on kevyt ja kukkainen, valitse pastellis\u00e4vyinen tunnelmav\u00e4ri ja l\u00e4pin\u00e4kyv\u00e4 korkki. Rohkeisiin, puumaisiin vivahteisiin valitse syv\u00e4t polttimot ja metallinhohtoinen viimeistely. \u00c4l\u00e4 ep\u00e4r\u00f6i tilata n\u00e4ytett\u00e4 ensin \u2013 testi auttaa sinua l\u00f6yt\u00e4m\u00e4\u00e4n oikean kokoisen pullon ennen kuin sitoudut irtotuotantoon. Joustavien r\u00e4\u00e4t\u00e4l\u00f6intivaihtoehtojen ansiosta sinulla on kaikki mit\u00e4 tarvitset suunnitellaksesi pakkauksen, joka tuntuu sek\u00e4 ylelliselt\u00e4 ett\u00e4 henkil\u00f6kohtaiselta.<\/p>","protected":false},"excerpt":{"rendered":"<p>Tutustu antiikkisiin pieniin 10 ml:n hajuvesipulloihin. Elegantit vintage-tuoksupullot sumuttimella, r\u00e4\u00e4t\u00e4l\u00f6idyill\u00e4 pakkauksilla, tukku- ja irtomyyntitilaukset saatavilla.<\/p>","protected":false},"featured_media":6182,"comment_status":"closed","ping_status":"closed","template":"","meta":{"_acf_changed":false,"site-sidebar-layout":"default","site-content-layout":"","ast-site-content-layout":"default","site-content-style":"default","site-sidebar-style":"default","ast-global-header-display":"","ast-banner-title-visibility":"","ast-main-header-display":"","ast-hfb-above-header-display":"","ast-hfb-below-header-display":"","ast-hfb-mobile-header-display":"","site-post-title":"","ast-breadcrumbs-content":"","ast-featured-img":"","footer-sml-layout":"","ast-disable-related-posts":"","theme-transparent-header-meta":"default","adv-header-id-meta":"","stick-header-meta":"","header-above-stick-meta":"","header-main-stick-meta":"","header-below-stick-meta":"","astra-migrate-meta-layouts":"set","ast-page-background-enabled":"default","ast-page-background-meta":{"desktop":{"background-color":"var(--ast-global-color-5)","background-image":"","background-repeat":"repeat","background-position":"center center","background-size":"auto","background-attachment":"scroll","background-type":"","background-media":"","overlay-type":"","overlay-color":"","overlay-opacity":"","overlay-gradient":""},"tablet":{"background-color":"","background-image":"","background-repeat":"repeat","background-position":"center center","background-size":"auto","background-attachment":"scroll","background-type":"","background-media":"","overlay-type":"","overlay-color":"","overlay-opacity":"","overlay-gradient":""},"mobile":{"background-color":"","background-image":"","background-repeat":"repeat","background-position":"center center","background-size":"auto","background-attachment":"scroll","background-type":"","background-media":"","overlay-type":"","overlay-color":"","overlay-opacity":"","overlay-gradient":""}},"ast-content-background-meta":{"desktop":{"background-color":"var(--ast-global-color-4)","background-image":"","background-repeat":"repeat","background-position":"center center","background-size":"auto","background-attachment":"scroll","background-type":"","background-media":"","overlay-type":"","overlay-color":"","overlay-opacity":"","overlay-gradient":""},"tablet":{"background-color":"var(--ast-global-color-4)","background-image":"","background-repeat":"repeat","background-position":"center center","background-size":"auto","background-attachment":"scroll","background-type":"","background-media":"","overlay-type":"","overlay-color":"","overlay-opacity":"","overlay-gradient":""},"mobile":{"background-color":"var(--ast-global-color-4)","background-image":"","background-repeat":"repeat","background-position":"center center","background-size":"auto","background-attachment":"scroll","background-type":"","background-media":"","overlay-type":"","overlay-color":"","overlay-opacity":"","overlay-gradient":""}}},"product_brand":[],"product_cat":[72,41,73],"product_tag":[],"class_list":{"0":"post-6177","1":"product","2":"type-product","3":"status-publish","4":"has-post-thumbnail","6":"product_cat-cosmetic-packaging","7":"product_cat-perfume-bottles","8":"product_cat-vintage-perfume-bottles","9":"desktop-align-left","10":"tablet-align-left","11":"mobile-align-left","13":"first","14":"instock","15":"shipping-taxable","16":"product-type-simple"},"acf":[],"jetpack_sharing_enabled":true,"_links":{"self":[{"href":"https:\/\/theperfumebottles.com\/fi\/wp-json\/wp\/v2\/product\/6177","targetHints":{"allow":["GET"]}}],"collection":[{"href":"https:\/\/theperfumebottles.com\/fi\/wp-json\/wp\/v2\/product"}],"about":[{"href":"https:\/\/theperfumebottles.com\/fi\/wp-json\/wp\/v2\/types\/product"}],"replies":[{"embeddable":true,"href":"https:\/\/theperfumebottles.com\/fi\/wp-json\/wp\/v2\/comments?post=6177"}],"wp:featuredmedia":[{"embeddable":true,"href":"https:\/\/theperfumebottles.com\/fi\/wp-json\/wp\/v2\/media\/6182"}],"wp:attachment":[{"href":"https:\/\/theperfumebottles.com\/fi\/wp-json\/wp\/v2\/media?parent=6177"}],"wp:term":[{"taxonomy":"product_brand","embeddable":true,"href":"https:\/\/theperfumebottles.com\/fi\/wp-json\/wp\/v2\/product_brand?post=6177"},{"taxonomy":"product_cat","embeddable":true,"href":"https:\/\/theperfumebottles.com\/fi\/wp-json\/wp\/v2\/product_cat?post=6177"},{"taxonomy":"product_tag","embeddable":true,"href":"https:\/\/theperfumebottles.com\/fi\/wp-json\/wp\/v2\/product_tag?post=6177"}],"curies":[{"name":"wp","href":"https:\/\/api.w.org\/{rel}","templated":true}]}}