{"id":6374,"date":"2025-09-15T18:04:21","date_gmt":"2025-09-15T10:04:21","guid":{"rendered":"https:\/\/theperfumebottles.com\/?post_type=product&#038;p=6374"},"modified":"2026-03-26T14:54:19","modified_gmt":"2026-03-26T06:54:19","slug":"cosmetic-glass-containers-with-gold-trim-design-bulk","status":"publish","type":"product","link":"https:\/\/theperfumebottles.com\/fi\/tuote\/cosmetic-glass-containers-with-gold-trim-design-bulk\/","title":{"rendered":"30 ml \u2013 130 ml:n kosmeettisia lasiastioita, joissa on kultareunus, irtopakkaus"},"content":{"rendered":"<p>Jokaisella t\u00e4ss\u00e4 lasikosmetiikkapullosarjassa on silmiinpist\u00e4v\u00e4 kolmionmuotoinen pohja \u2013 tukeva, vakaa ja v\u00e4litt\u00f6m\u00e4sti katseenvangitsija. Upeat valkoiset pullot ovat kontrastissa korkin ja keskiosan kultaisten yksityiskohtien kanssa, mik\u00e4 antaa jokaiselle pullolle ja purkille ylellisen ilmeen. Sarja sis\u00e4lt\u00e4\u00e4 erikokoisia voidepurkkeja ja pumppupulloja.<\/p>\n<h2>T\u00e4rkeimm\u00e4t tekniset tiedot<\/h2>\n<table style=\"border-collapse: collapse; margin-left: auto; margin-right: auto; width: 504.02pt;\" border=\"0\" width=\"672\" cellspacing=\"0\" cellpadding=\"0\">\n<tbody>\n<tr style=\"height: 13.50pt;\">\n<td class=\"et3\" style=\"height: 13.5pt; width: 121.5pt; text-align: center;\" width=\"162\" height=\"18\"><strong>Tilavuus (ml)<\/strong><\/td>\n<td class=\"et3\" style=\"width: 76.5pt; text-align: center;\" width=\"102\"><strong>30<\/strong><\/td>\n<td class=\"et3\" style=\"width: 76.5pt; text-align: center;\" width=\"102\"><strong>45<\/strong><\/td>\n<td class=\"et3\" style=\"width: 76.5pt; text-align: center;\" width=\"102\"><strong>50<\/strong><\/td>\n<td class=\"et3\" style=\"width: 76.5pt; text-align: center;\" width=\"102\"><strong>110<\/strong><\/td>\n<td class=\"et3\" style=\"width: 76.5pt; text-align: center;\" width=\"102\"><strong>130<\/strong><\/td>\n<\/tr>\n<tr style=\"height: 13.50pt;\">\n<td class=\"et2\" style=\"height: 13.5pt; text-align: center;\" height=\"18\">Kaulan halkaisija (mm)<\/td>\n<td class=\"et2\" style=\"text-align: center;\">46<\/td>\n<td class=\"et2\" style=\"text-align: center;\">46<\/td>\n<td class=\"et2\" style=\"text-align: center;\">17<\/td>\n<td class=\"et2\" style=\"text-align: center;\">20<\/td>\n<td class=\"et2\" style=\"text-align: center;\">20<\/td>\n<\/tr>\n<tr style=\"height: 13.50pt;\">\n<td class=\"et2\" style=\"height: 13.5pt; text-align: center;\" height=\"18\">Halkaisija (mm)<\/td>\n<td class=\"et2\" style=\"text-align: center;\">56<\/td>\n<td class=\"et2\" style=\"text-align: center;\">64<\/td>\n<td class=\"et2\" style=\"text-align: center;\">38<\/td>\n<td class=\"et2\" style=\"text-align: center;\">46<\/td>\n<td class=\"et2\" style=\"text-align: center;\">48<\/td>\n<\/tr>\n<tr style=\"height: 13.50pt;\">\n<td class=\"et2\" style=\"height: 13.5pt; text-align: center;\" height=\"18\">Pullon korkeus (mm)<\/td>\n<td class=\"et2\" style=\"text-align: center;\">42<\/td>\n<td class=\"et2\" style=\"text-align: center;\">46<\/td>\n<td class=\"et2\" style=\"text-align: center;\">106<\/td>\n<td class=\"et2\" style=\"text-align: center;\">142<\/td>\n<td class=\"et2\" style=\"text-align: center;\">162<\/td>\n<\/tr>\n<tr style=\"height: 13.50pt;\">\n<td class=\"et2\" style=\"height: 13.5pt; text-align: center;\" height=\"18\">Kokonaiskorkeus (mm)<\/td>\n<td class=\"et2\" style=\"text-align: center;\">50<\/td>\n<td class=\"et2\" style=\"text-align: center;\">60<\/td>\n<td class=\"et2\" style=\"text-align: center;\">140<\/td>\n<td class=\"et2\" style=\"text-align: center;\">182<\/td>\n<td class=\"et2\" style=\"text-align: center;\">200<\/td>\n<\/tr>\n<tr style=\"height: 13.50pt;\">\n<td class=\"et2\" style=\"height: 13.5pt; text-align: center;\" height=\"18\">Materiaali<\/td>\n<td class=\"et2\" style=\"text-align: center;\" colspan=\"5\">Kristalli<\/td>\n<\/tr>\n<tr style=\"height: 13.50pt;\">\n<td class=\"et2\" style=\"height: 13.50pt;\" height=\"18\">Mukautetut asetukset<\/td>\n<td class=\"et2\" style=\"text-align: center;\" colspan=\"5\">Pintak\u00e4sittely, v\u00e4ri, koko, muoto, logo, lis\u00e4varusteet<\/td>\n<\/tr>\n<tr style=\"height: 13.50pt;\">\n<td class=\"et2\" style=\"height: 13.5pt; text-align: center;\" height=\"18\">Ihanteellinen<\/td>\n<td class=\"et2\" style=\"text-align: center;\" colspan=\"5\">Ihonhoitosetit, puhdistusaine, Essence-vesi, Essence-voide\/-voide<\/td>\n<\/tr>\n<\/tbody>\n<\/table>\n<h2>Menestystapaus<\/h2>\n<p>Yksi Etel\u00e4-Korean eksklusiivisimmista ihonhoitobr\u00e4ndeist\u00e4 p\u00e4\u00e4tyi lopulta valkoiseen lasipullosarjaamme ja personoi sen minimalistiseen tyyliins\u00e4: mattavalkoinen pullo, johon on kaiverrettu samppanjanv\u00e4rinen kultainen galvanoitu rengas, joka luo sille ylellisen kontrastin; pullossa on mittatilausty\u00f6n\u00e4 suunniteltu pumppuannostelija, jolla voiteen ja seerumin annostelum\u00e4\u00e4r\u00e4\u00e4 voidaan s\u00e4\u00e4t\u00e4\u00e4. Lis\u00e4ksi painatimme br\u00e4ndin logon kennoihin kuumapainamalla, jotta niist\u00e4 tulisi kest\u00e4vi\u00e4 ja niill\u00e4 olisi sile\u00e4 ja tyylik\u00e4s ulkon\u00e4k\u00f6.<\/p>\n<p>Uudistetun pakkauksen k\u00e4ytt\u00f6\u00f6noton my\u00f6t\u00e4 myynti kasvoi 28 prosenttia kahdessa kuukaudessa. Asiakas oli eritt\u00e4in tyytyv\u00e4inen pakkauksen laatuun ja markkinoiden reaktioon, ja t\u00e4m\u00e4 johti useampiin tilauksiin ja t\u00e4m\u00e4n tyyppisen pakkauksen laajentamiseen muihin ihonhoitotuotteisiin.<\/p>\n<h2>Mukautusvinkkej\u00e4<\/h2>\n<p>Haluatko tehd\u00e4 t\u00e4st\u00e4 lasisesta kosmetiikkarasiasta todella omanlaisesi?<\/p>\n<ul>\n<li>S\u00e4\u00e4d\u00e4 kaulan viimeistely\u00e4 \u2013 vastaa nykyist\u00e4 viilauslinjaasi valitsemalla tietty kierrekoko.<\/li>\n<li>Vaihda lasin v\u00e4ri \u2013 Vaihda lis\u00e4UV-suojaukseen tai vaihda puhtaaksi koboltinsiniseksi.<\/li>\n<li>Laser - Lis\u00e4\u00e4 hienovaraista br\u00e4nd\u00e4ystyyli\u00e4 suoraan logolasille.<\/li>\n<li>Optimoi purkin reunan muotoilu \u2013 Valitse sile\u00e4 tai karkea reuna parantaaksesi tiivisteen eheytt\u00e4 irtotavarakuljetuksen aikana.<\/li>\n<\/ul>\n<p>N\u00e4m\u00e4 eiv\u00e4t ole vain pieni\u00e4 muutoksia \u2013 ne ovat strategisia p\u00e4ivityksi\u00e4, jotka muuttavat tavallisen kontin br\u00e4ndisi tunnusmerkiksi.<\/p>","protected":false},"excerpt":{"rendered":"<p>Valkoisia lasipulloja kosmetiikkaan kultaisin yksityiskohdin. Tukkumyyntiin tarkoitetut lasipullosetit, jotka sopivat voiteille, seerumeille ja ylellisille kosmetiikkapakkauksille. Nopea toimitus.<\/p>","protected":false},"featured_media":6380,"comment_status":"closed","ping_status":"closed","template":"","meta":{"_acf_changed":false,"site-sidebar-layout":"default","site-content-layout":"","ast-site-content-layout":"default","site-content-style":"default","site-sidebar-style":"default","ast-global-header-display":"","ast-banner-title-visibility":"","ast-main-header-display":"","ast-hfb-above-header-display":"","ast-hfb-below-header-display":"","ast-hfb-mobile-header-display":"","site-post-title":"","ast-breadcrumbs-content":"","ast-featured-img":"","footer-sml-layout":"","ast-disable-related-posts":"","theme-transparent-header-meta":"default","adv-header-id-meta":"","stick-header-meta":"","header-above-stick-meta":"","header-main-stick-meta":"","header-below-stick-meta":"","astra-migrate-meta-layouts":"set","ast-page-background-enabled":"default","ast-page-background-meta":{"desktop":{"background-color":"var(--ast-global-color-5)","background-image":"","background-repeat":"repeat","background-position":"center center","background-size":"auto","background-attachment":"scroll","background-type":"","background-media":"","overlay-type":"","overlay-color":"","overlay-opacity":"","overlay-gradient":""},"tablet":{"background-color":"","background-image":"","background-repeat":"repeat","background-position":"center center","background-size":"auto","background-attachment":"scroll","background-type":"","background-media":"","overlay-type":"","overlay-color":"","overlay-opacity":"","overlay-gradient":""},"mobile":{"background-color":"","background-image":"","background-repeat":"repeat","background-position":"center center","background-size":"auto","background-attachment":"scroll","background-type":"","background-media":"","overlay-type":"","overlay-color":"","overlay-opacity":"","overlay-gradient":""}},"ast-content-background-meta":{"desktop":{"background-color":"var(--ast-global-color-4)","background-image":"","background-repeat":"repeat","background-position":"center center","background-size":"auto","background-attachment":"scroll","background-type":"","background-media":"","overlay-type":"","overlay-color":"","overlay-opacity":"","overlay-gradient":""},"tablet":{"background-color":"var(--ast-global-color-4)","background-image":"","background-repeat":"repeat","background-position":"center center","background-size":"auto","background-attachment":"scroll","background-type":"","background-media":"","overlay-type":"","overlay-color":"","overlay-opacity":"","overlay-gradient":""},"mobile":{"background-color":"var(--ast-global-color-4)","background-image":"","background-repeat":"repeat","background-position":"center center","background-size":"auto","background-attachment":"scroll","background-type":"","background-media":"","overlay-type":"","overlay-color":"","overlay-opacity":"","overlay-gradient":""}}},"product_brand":[],"product_cat":[236,62,72],"product_tag":[226,220],"class_list":{"0":"post-6374","1":"product","2":"type-product","3":"status-publish","4":"has-post-thumbnail","6":"product_cat-cosmetic-container-set","7":"product_cat-cosmetic-containers","8":"product_cat-cosmetic-packaging","9":"product_tag-clear-glass-roller-bottles","10":"product_tag-glass-roll-on-bottles","11":"desktop-align-left","12":"tablet-align-left","13":"mobile-align-left","15":"first","16":"instock","17":"shipping-taxable","18":"product-type-simple"},"acf":[],"jetpack_sharing_enabled":true,"_links":{"self":[{"href":"https:\/\/theperfumebottles.com\/fi\/wp-json\/wp\/v2\/product\/6374","targetHints":{"allow":["GET"]}}],"collection":[{"href":"https:\/\/theperfumebottles.com\/fi\/wp-json\/wp\/v2\/product"}],"about":[{"href":"https:\/\/theperfumebottles.com\/fi\/wp-json\/wp\/v2\/types\/product"}],"replies":[{"embeddable":true,"href":"https:\/\/theperfumebottles.com\/fi\/wp-json\/wp\/v2\/comments?post=6374"}],"wp:featuredmedia":[{"embeddable":true,"href":"https:\/\/theperfumebottles.com\/fi\/wp-json\/wp\/v2\/media\/6380"}],"wp:attachment":[{"href":"https:\/\/theperfumebottles.com\/fi\/wp-json\/wp\/v2\/media?parent=6374"}],"wp:term":[{"taxonomy":"product_brand","embeddable":true,"href":"https:\/\/theperfumebottles.com\/fi\/wp-json\/wp\/v2\/product_brand?post=6374"},{"taxonomy":"product_cat","embeddable":true,"href":"https:\/\/theperfumebottles.com\/fi\/wp-json\/wp\/v2\/product_cat?post=6374"},{"taxonomy":"product_tag","embeddable":true,"href":"https:\/\/theperfumebottles.com\/fi\/wp-json\/wp\/v2\/product_tag?post=6374"}],"curies":[{"name":"wp","href":"https:\/\/api.w.org\/{rel}","templated":true}]}}