{"id":6381,"date":"2025-09-16T10:07:06","date_gmt":"2025-09-16T02:07:06","guid":{"rendered":"https:\/\/theperfumebottles.com\/?post_type=product&#038;p=6381"},"modified":"2025-09-17T11:40:08","modified_gmt":"2025-09-17T03:40:08","slug":"wholesale-beige-glass-cosmetic-bottle-and-cream-jar-set","status":"publish","type":"product","link":"https:\/\/theperfumebottles.com\/fi\/tuote\/wholesale-beige-glass-cosmetic-bottle-and-cream-jar-set\/","title":{"rendered":"Tukku beige lasinen kosmetiikkapullo ja kermapurkkisetti"},"content":{"rendered":"<p>T\u00e4m\u00e4 lasisten kosmetiikkapullojen ja lasisten voidepurkkien kokoelma vangitsee varmasti katseesi. Pulloissa on pehme\u00e4n l\u00e4mmin beige v\u00e4ri, ja korkkien pystysuora uurrettu pinta takaa mukavan ja elegantin otteen. Kaulan ja korkin ohuet kultaiset yksityiskohdat luovat tyylikk\u00e4\u00e4n ja hillityn muodon. T\u00e4m\u00e4 ihonhoitosetti sis\u00e4lt\u00e4\u00e4 erikokoisia voidepurkkeja ja pumppupulloja.<\/p>\n<h2>T\u00e4rkeimm\u00e4t tekniset tiedot<\/h2>\n<table style=\"border-collapse: collapse;width: 448.52pt;margin-left: auto;margin-right: auto\" border=\"0\" width=\"598\" cellspacing=\"0\" cellpadding=\"0\">\n<tbody>\n<tr style=\"height: 13.50pt\">\n<td class=\"et2\" style=\"height: 13.50pt;width: 116.25pt\" width=\"155\" height=\"18\">Tilavuus (ml)<\/td>\n<td class=\"et3\" style=\"width: 58.50pt\" width=\"78\">15<\/td>\n<td class=\"et3\" style=\"width: 57.75pt\" width=\"77\">25<\/td>\n<td class=\"et3\" style=\"width: 54.00pt\" width=\"72\">40<\/td>\n<td class=\"et3\" style=\"width: 54.00pt\" width=\"72\">45<\/td>\n<td class=\"et3\" style=\"width: 54.00pt\" width=\"72\">105<\/td>\n<td class=\"et3\" style=\"width: 54.00pt\" width=\"72\">130<\/td>\n<\/tr>\n<tr style=\"height: 13.50pt\">\n<td class=\"et2\" style=\"height: 13.50pt\" height=\"18\">Kaulan halkaisija (mm)<\/td>\n<td class=\"et3\">46<\/td>\n<td class=\"et3\">46<\/td>\n<td class=\"et3\">52<\/td>\n<td class=\"et3\">20<\/td>\n<td class=\"et3\">20<\/td>\n<td class=\"et3\">20<\/td>\n<\/tr>\n<tr style=\"height: 13.50pt\">\n<td class=\"et2\" style=\"height: 13.50pt\" height=\"18\">Halkaisija (mm)<\/td>\n<td class=\"et3\">58<\/td>\n<td class=\"et3\">58<\/td>\n<td class=\"et3\">64<\/td>\n<td class=\"et3\">41<\/td>\n<td class=\"et3\">42<\/td>\n<td class=\"et3\">42<\/td>\n<\/tr>\n<tr style=\"height: 13.50pt\">\n<td class=\"et2\" style=\"height: 13.50pt\" height=\"18\">Pullon korkeus (mm)<\/td>\n<td class=\"et3\">33<\/td>\n<td class=\"et3\">37<\/td>\n<td class=\"et3\">41<\/td>\n<td class=\"et3\">87<\/td>\n<td class=\"et3\">127<\/td>\n<td class=\"et3\">142<\/td>\n<\/tr>\n<tr style=\"height: 13.50pt\">\n<td class=\"et2\" style=\"height: 13.50pt\" height=\"18\">Kokonaiskorkeus (mm)<\/td>\n<td class=\"et3\">42<\/td>\n<td class=\"et3\">46<\/td>\n<td class=\"et3\">52<\/td>\n<td class=\"et3\">120<\/td>\n<td class=\"et3\">162<\/td>\n<td class=\"et3\">178<\/td>\n<\/tr>\n<tr style=\"height: 13.50pt\">\n<td class=\"et2\" style=\"height: 13.50pt\" height=\"18\">Materiaali<\/td>\n<td class=\"et3\" colspan=\"6\">Kristalli<\/td>\n<\/tr>\n<tr style=\"height: 13.50pt\">\n<td class=\"et2\" style=\"height: 13.50pt\" height=\"18\">Mukautetut asetukset<\/td>\n<td class=\"et3\" colspan=\"6\">Pullon muoto, pullon suu, v\u00e4ri, pintak\u00e4sittely, koko, pullonkorkki, lis\u00e4varusteet, logo<\/td>\n<\/tr>\n<tr style=\"height: 13.50pt\">\n<td class=\"et2\" style=\"height: 13.50pt\" height=\"18\">Ihanteellinen<\/td>\n<td class=\"et3\" colspan=\"6\">Puhdistusaine, essenssi, voide, kerma, ihonhoitosarjat<\/td>\n<\/tr>\n<\/tbody>\n<\/table>\n<h2>Kuinka yksi br\u00e4ndi kaksinkertaisti asiakasm\u00e4\u00e4r\u00e4ns\u00e4<\/h2>\n<p>Terveysbr\u00e4ndi lanseerasi uuden voidesarjan, jossa oli t\u00e4m\u00e4 lasinen voidepurkki ja siihen sopiva lasinen kasvovesipullo. H\u00e4n valitsi 50 ml:n koon, jossa on tukeva ote pumpusta. Kolmen kuukauden kuluessa asiakkaiden palaute paljasti odottamattoman yll\u00e4tyksen: 68 % ostajista mainitsi pakkauksen arvosteluissaan. Kommentteja, kuten &#034;se n\u00e4ytt\u00e4\u00e4 upealta&#034; ja &#034;asetan sen esille kuin taideteoksen tiskill\u00e4si&#034;. Heid\u00e4n uudelleenostoprosenttinsa nousi 92 %. Syy? Koska ihmiset luottavat huolellisesti suunniteltuun ulkon\u00e4k\u00f6\u00f6n ja tuntumaan. Sen sijaan, ett\u00e4 t\u00e4m\u00e4 kosmetiikkapakkaus peitt\u00e4isi tuotteen, se korostaa sit\u00e4.<\/p>\n<h2>R\u00e4\u00e4t\u00e4l\u00f6ity ihonhoitosetti<\/h2>\n<p>Haluatko tehd\u00e4 t\u00e4st\u00e4 kosmeettisesta lasiastiasta ainutlaatuisen?<\/p>\n<ul>\n<li>S\u00e4\u00e4d\u00e4 lasipullon v\u00e4ri\u00e4 \u2013 valitse tummempi v\u00e4ri paremman UV-suojan saamiseksi tai vaaleampi v\u00e4ri puhtaan ja ilmavan ilmeen saamiseksi.<\/li>\n<li>Voit mukauttaa korkin urien syvyytt\u00e4 \u2013 syvemm\u00e4t urat lis\u00e4\u00e4v\u00e4t tekstuuria ja pitoa \u2013 t\u00e4ydellinen suihkuk\u00e4ytt\u00f6\u00f6n.<\/li>\n<li>Merkitse tilavuusviiva laserilla \u2013 pullon sis\u00e4ll\u00e4 oleva mikrokaiverrettu osoitin helpottaa tarkkaa t\u00e4ytt\u00f6\u00e4.<\/li>\n<\/ul>\n<p>N\u00e4iden mukautusvaihtoehtojen avulla voit hienos\u00e4\u00e4t\u00e4\u00e4 suorituskyky\u00e4 ja ulkon\u00e4k\u00f6\u00e4 \u2013 tarroja ei tarvita.<\/p>","protected":false},"excerpt":{"rendered":"<p>Tukkumyynniss\u00e4 elegantteja beigenv\u00e4risi\u00e4 lasisia kosmetiikkapulloja ja lasisia voidepurkkeja, joissa on kultaisia \u200b\u200byksityiskohtia ensiluokkaiseen pakkaukseen. Ilmaisia \u200b\u200bn\u00e4ytteit\u00e4 ja nopea toimitus.<\/p>","protected":false},"featured_media":6383,"comment_status":"closed","ping_status":"closed","template":"","meta":{"_acf_changed":false,"site-sidebar-layout":"default","site-content-layout":"","ast-site-content-layout":"default","site-content-style":"default","site-sidebar-style":"default","ast-global-header-display":"","ast-banner-title-visibility":"","ast-main-header-display":"","ast-hfb-above-header-display":"","ast-hfb-below-header-display":"","ast-hfb-mobile-header-display":"","site-post-title":"","ast-breadcrumbs-content":"","ast-featured-img":"","footer-sml-layout":"","ast-disable-related-posts":"","theme-transparent-header-meta":"default","adv-header-id-meta":"","stick-header-meta":"","header-above-stick-meta":"","header-main-stick-meta":"","header-below-stick-meta":"","astra-migrate-meta-layouts":"set","ast-page-background-enabled":"default","ast-page-background-meta":{"desktop":{"background-color":"var(--ast-global-color-5)","background-image":"","background-repeat":"repeat","background-position":"center center","background-size":"auto","background-attachment":"scroll","background-type":"","background-media":"","overlay-type":"","overlay-color":"","overlay-opacity":"","overlay-gradient":""},"tablet":{"background-color":"","background-image":"","background-repeat":"repeat","background-position":"center center","background-size":"auto","background-attachment":"scroll","background-type":"","background-media":"","overlay-type":"","overlay-color":"","overlay-opacity":"","overlay-gradient":""},"mobile":{"background-color":"","background-image":"","background-repeat":"repeat","background-position":"center center","background-size":"auto","background-attachment":"scroll","background-type":"","background-media":"","overlay-type":"","overlay-color":"","overlay-opacity":"","overlay-gradient":""}},"ast-content-background-meta":{"desktop":{"background-color":"var(--ast-global-color-4)","background-image":"","background-repeat":"repeat","background-position":"center center","background-size":"auto","background-attachment":"scroll","background-type":"","background-media":"","overlay-type":"","overlay-color":"","overlay-opacity":"","overlay-gradient":""},"tablet":{"background-color":"var(--ast-global-color-4)","background-image":"","background-repeat":"repeat","background-position":"center center","background-size":"auto","background-attachment":"scroll","background-type":"","background-media":"","overlay-type":"","overlay-color":"","overlay-opacity":"","overlay-gradient":""},"mobile":{"background-color":"var(--ast-global-color-4)","background-image":"","background-repeat":"repeat","background-position":"center center","background-size":"auto","background-attachment":"scroll","background-type":"","background-media":"","overlay-type":"","overlay-color":"","overlay-opacity":"","overlay-gradient":""}}},"product_brand":[],"product_cat":[72,236,62],"product_tag":[226,220],"class_list":{"0":"post-6381","1":"product","2":"type-product","3":"status-publish","4":"has-post-thumbnail","6":"product_cat-cosmetic-packaging","7":"product_cat-cosmetic-container-set","8":"product_cat-cosmetic-containers","9":"product_tag-clear-glass-roller-bottles","10":"product_tag-glass-roll-on-bottles","11":"desktop-align-left","12":"tablet-align-left","13":"mobile-align-left","15":"first","16":"instock","17":"shipping-taxable","18":"product-type-simple"},"acf":[],"jetpack_sharing_enabled":true,"_links":{"self":[{"href":"https:\/\/theperfumebottles.com\/fi\/wp-json\/wp\/v2\/product\/6381","targetHints":{"allow":["GET"]}}],"collection":[{"href":"https:\/\/theperfumebottles.com\/fi\/wp-json\/wp\/v2\/product"}],"about":[{"href":"https:\/\/theperfumebottles.com\/fi\/wp-json\/wp\/v2\/types\/product"}],"replies":[{"embeddable":true,"href":"https:\/\/theperfumebottles.com\/fi\/wp-json\/wp\/v2\/comments?post=6381"}],"wp:featuredmedia":[{"embeddable":true,"href":"https:\/\/theperfumebottles.com\/fi\/wp-json\/wp\/v2\/media\/6383"}],"wp:attachment":[{"href":"https:\/\/theperfumebottles.com\/fi\/wp-json\/wp\/v2\/media?parent=6381"}],"wp:term":[{"taxonomy":"product_brand","embeddable":true,"href":"https:\/\/theperfumebottles.com\/fi\/wp-json\/wp\/v2\/product_brand?post=6381"},{"taxonomy":"product_cat","embeddable":true,"href":"https:\/\/theperfumebottles.com\/fi\/wp-json\/wp\/v2\/product_cat?post=6381"},{"taxonomy":"product_tag","embeddable":true,"href":"https:\/\/theperfumebottles.com\/fi\/wp-json\/wp\/v2\/product_tag?post=6381"}],"curies":[{"name":"wp","href":"https:\/\/api.w.org\/{rel}","templated":true}]}}