{"id":6388,"date":"2025-09-16T10:37:07","date_gmt":"2025-09-16T02:37:07","guid":{"rendered":"https:\/\/theperfumebottles.com\/?post_type=product&#038;p=6388"},"modified":"2025-09-17T11:39:39","modified_gmt":"2025-09-17T03:39:39","slug":"bulk-white-skincare-bottle-and-cream-jars-with-diagonal-texture","status":"publish","type":"product","link":"https:\/\/theperfumebottles.com\/fi\/tuote\/bulk-white-skincare-bottle-and-cream-jars-with-diagonal-texture\/","title":{"rendered":"Irtotavarana ihonhoitopullo ja voidepurkit, joissa on vino pinta"},"content":{"rendered":"<p>Kuvittele: T\u00e4ysin valkoinen ihonhoitopullo, jossa on hell\u00e4varaiset vinot reunat. Korkki on yht\u00e4 yksinkertainen ja hienostunut: ohut kultainen rengas koristaa kaulaa ja metallinen yksityiskohta koristaa yl\u00e4osaa. T\u00e4m\u00e4 ihonhoitosetti sis\u00e4lt\u00e4\u00e4 erikokoisia pumppupulloja ja kasvovoidepurkin.<\/p>\n<h2>T\u00e4rkeimm\u00e4t tekniset tiedot<\/h2>\n<table style=\"border-collapse: collapse;margin-left: auto;margin-right: auto;width: 546.77pt\" border=\"0\" width=\"729\" cellspacing=\"0\" cellpadding=\"0\">\n<tbody>\n<tr style=\"height: 13.50pt\">\n<td class=\"et2\" style=\"height: 13.50pt;width: 117.75pt\" width=\"157\" height=\"18\">Tilavuus (ml)<\/td>\n<td class=\"et3\" style=\"width: 119.25pt\" width=\"159\">105<\/td>\n<td class=\"et3\" style=\"width: 119.25pt\" width=\"159\">40<\/td>\n<td class=\"et3\" style=\"width: 96.75pt\" width=\"129\">105<\/td>\n<td class=\"et3\" style=\"width: 93.75pt\" width=\"125\">125<\/td>\n<\/tr>\n<tr style=\"height: 13.50pt\">\n<td class=\"et2\" style=\"height: 13.50pt\" height=\"18\">Kaulan halkaisija (mm)<\/td>\n<td class=\"et3\">51<\/td>\n<td class=\"et3\">20<\/td>\n<td class=\"et3\">20<\/td>\n<td class=\"et3\">20<\/td>\n<\/tr>\n<tr style=\"height: 13.50pt\">\n<td class=\"et2\" style=\"height: 13.50pt\" height=\"18\">Halkaisija (mm)<\/td>\n<td class=\"et3\">75<\/td>\n<td class=\"et3\">40<\/td>\n<td class=\"et3\">45<\/td>\n<td class=\"et3\">46<\/td>\n<\/tr>\n<tr style=\"height: 13.50pt\">\n<td class=\"et2\" style=\"height: 13.50pt\" height=\"18\">Pullon korkeus (mm)<\/td>\n<td class=\"et3\">56<\/td>\n<td class=\"et3\">84<\/td>\n<td class=\"et3\">125<\/td>\n<td class=\"et3\">142<\/td>\n<\/tr>\n<tr style=\"height: 13.50pt\">\n<td class=\"et2\" style=\"height: 13.50pt\" height=\"18\">Materiaali<\/td>\n<td class=\"et3\" colspan=\"4\">Kristalli<\/td>\n<\/tr>\n<tr style=\"height: 13.50pt\">\n<td class=\"et2\" style=\"height: 13.50pt\" height=\"18\">mukautetut asetukset<\/td>\n<td class=\"et3\" colspan=\"4\">Koko, v\u00e4ri, pullon muoto, pintak\u00e4sittely, pullonkorkki, lis\u00e4varusteet, logo<\/td>\n<\/tr>\n<tr style=\"height: 13.50pt\">\n<td class=\"et2\" style=\"height: 13.50pt\" height=\"18\">Ihanteellinen<\/td>\n<td class=\"et3\" colspan=\"4\">Puhdistusaine, kosteusvoide, essenssi, voide, ihonhoitosarjat<\/td>\n<\/tr>\n<\/tbody>\n<\/table>\n<h2>Miten br\u00e4ndit voivat voittaa hyllytilaa ilman valtavaa mainosbudjettia<\/h2>\n<p>Uusi luomutuotelinja tarjoaa vain kolme tuotetta: seerumin, p\u00e4iv\u00e4voiteen ja kosteusvoiteen. He k\u00e4ytt\u00e4v\u00e4t n\u00e4it\u00e4 ihonhoitopulloja seerumien ja niihin sopivien kauneusvoidepurkkien s\u00e4ilytt\u00e4miseen. Ei n\u00e4ytt\u00e4vi\u00e4 logoja, vain puhdas valkoinen rasia, jossa on teksturoidut sivut ja kultaiset yksityiskohdat. V\u00e4hitt\u00e4ismyyj\u00e4t olivat innoissaan. Yksi ostaja kommentoi: &#034;Se n\u00e4ytt\u00e4\u00e4 kalliilta, mutta ei ole ollenkaan r\u00e4ike\u00e4.&#034; Nelj\u00e4n kuukauden kuluessa linjaa myytiin kahdessa suuressa putiikkiketjussa. Syy? Koska korkealaatuinen kosmetiikkapakkaus kest\u00e4\u00e4 \u2013 siit\u00e4 tulee osa k\u00e4ytt\u00f6kokemusta.<\/p>\n<h2>Kuinka mukauttaa kosmetiikkapakkauksia?<\/h2>\n<p>Haluatko tehd\u00e4 t\u00e4st\u00e4 rasiasta todella oman? N\u00e4in se tapahtuu \u2013 koskemattakaan pakkaukseen:<\/p>\n<ul>\n<li>S\u00e4\u00e4d\u00e4 vinon syykuvion kulmaa \u2013 jyrkemm\u00e4t viivat luovat dynaamisemman vaikutelman. Pehme\u00e4mm\u00e4t viivat luovat tasapainoisemman vaikutelman.<\/li>\n<li>Lis\u00e4\u00e4 sis\u00e4inen UV-suojapinnoite \u2013 tarjoa lis\u00e4suojaa voiteen tai seerumin ep\u00e4vakaille aktiivisille aineosille.<\/li>\n<li>Mukauta logoa ja br\u00e4nd\u00e4yselementtej\u00e4: Integroi iskulause br\u00e4ndinimeesi, logoosi ja pullosuunnitteluusi.<\/li>\n<\/ul>\n<p>N\u00e4iden mukautusvaihtoehtojen avulla voit optimoida suorituskyvyn ja k\u00e4ytt\u00f6kokemuksen sis\u00e4lt\u00e4p\u00e4in.<\/p>","protected":false},"excerpt":{"rendered":"<p>Elegantit valkoiset ihonhoitopullot ja kauneusvoidepurkit, joissa on vino pinta ja kultaiset yksityiskohdat, sopivat t\u00e4ydellisesti luksuspakkauksiin ja tukkumyyntitilauksiin.<\/p>","protected":false},"featured_media":6393,"comment_status":"closed","ping_status":"closed","template":"","meta":{"_acf_changed":false,"site-sidebar-layout":"default","site-content-layout":"","ast-site-content-layout":"default","site-content-style":"default","site-sidebar-style":"default","ast-global-header-display":"","ast-banner-title-visibility":"","ast-main-header-display":"","ast-hfb-above-header-display":"","ast-hfb-below-header-display":"","ast-hfb-mobile-header-display":"","site-post-title":"","ast-breadcrumbs-content":"","ast-featured-img":"","footer-sml-layout":"","ast-disable-related-posts":"","theme-transparent-header-meta":"default","adv-header-id-meta":"","stick-header-meta":"","header-above-stick-meta":"","header-main-stick-meta":"","header-below-stick-meta":"","astra-migrate-meta-layouts":"set","ast-page-background-enabled":"default","ast-page-background-meta":{"desktop":{"background-color":"var(--ast-global-color-5)","background-image":"","background-repeat":"repeat","background-position":"center center","background-size":"auto","background-attachment":"scroll","background-type":"","background-media":"","overlay-type":"","overlay-color":"","overlay-opacity":"","overlay-gradient":""},"tablet":{"background-color":"","background-image":"","background-repeat":"repeat","background-position":"center center","background-size":"auto","background-attachment":"scroll","background-type":"","background-media":"","overlay-type":"","overlay-color":"","overlay-opacity":"","overlay-gradient":""},"mobile":{"background-color":"","background-image":"","background-repeat":"repeat","background-position":"center center","background-size":"auto","background-attachment":"scroll","background-type":"","background-media":"","overlay-type":"","overlay-color":"","overlay-opacity":"","overlay-gradient":""}},"ast-content-background-meta":{"desktop":{"background-color":"var(--ast-global-color-4)","background-image":"","background-repeat":"repeat","background-position":"center center","background-size":"auto","background-attachment":"scroll","background-type":"","background-media":"","overlay-type":"","overlay-color":"","overlay-opacity":"","overlay-gradient":""},"tablet":{"background-color":"var(--ast-global-color-4)","background-image":"","background-repeat":"repeat","background-position":"center center","background-size":"auto","background-attachment":"scroll","background-type":"","background-media":"","overlay-type":"","overlay-color":"","overlay-opacity":"","overlay-gradient":""},"mobile":{"background-color":"var(--ast-global-color-4)","background-image":"","background-repeat":"repeat","background-position":"center center","background-size":"auto","background-attachment":"scroll","background-type":"","background-media":"","overlay-type":"","overlay-color":"","overlay-opacity":"","overlay-gradient":""}}},"product_brand":[],"product_cat":[72,236,62],"product_tag":[226,220],"class_list":{"0":"post-6388","1":"product","2":"type-product","3":"status-publish","4":"has-post-thumbnail","6":"product_cat-cosmetic-packaging","7":"product_cat-cosmetic-container-set","8":"product_cat-cosmetic-containers","9":"product_tag-clear-glass-roller-bottles","10":"product_tag-glass-roll-on-bottles","11":"desktop-align-left","12":"tablet-align-left","13":"mobile-align-left","15":"first","16":"instock","17":"shipping-taxable","18":"product-type-simple"},"acf":[],"jetpack_sharing_enabled":true,"_links":{"self":[{"href":"https:\/\/theperfumebottles.com\/fi\/wp-json\/wp\/v2\/product\/6388","targetHints":{"allow":["GET"]}}],"collection":[{"href":"https:\/\/theperfumebottles.com\/fi\/wp-json\/wp\/v2\/product"}],"about":[{"href":"https:\/\/theperfumebottles.com\/fi\/wp-json\/wp\/v2\/types\/product"}],"replies":[{"embeddable":true,"href":"https:\/\/theperfumebottles.com\/fi\/wp-json\/wp\/v2\/comments?post=6388"}],"wp:featuredmedia":[{"embeddable":true,"href":"https:\/\/theperfumebottles.com\/fi\/wp-json\/wp\/v2\/media\/6393"}],"wp:attachment":[{"href":"https:\/\/theperfumebottles.com\/fi\/wp-json\/wp\/v2\/media?parent=6388"}],"wp:term":[{"taxonomy":"product_brand","embeddable":true,"href":"https:\/\/theperfumebottles.com\/fi\/wp-json\/wp\/v2\/product_brand?post=6388"},{"taxonomy":"product_cat","embeddable":true,"href":"https:\/\/theperfumebottles.com\/fi\/wp-json\/wp\/v2\/product_cat?post=6388"},{"taxonomy":"product_tag","embeddable":true,"href":"https:\/\/theperfumebottles.com\/fi\/wp-json\/wp\/v2\/product_tag?post=6388"}],"curies":[{"name":"wp","href":"https:\/\/api.w.org\/{rel}","templated":true}]}}