{"id":6455,"date":"2025-09-18T16:44:11","date_gmt":"2025-09-18T08:44:11","guid":{"rendered":"https:\/\/theperfumebottles.com\/?post_type=product&#038;p=6455"},"modified":"2026-03-26T14:53:28","modified_gmt":"2026-03-26T06:53:28","slug":"glass-skincare-packaging-set-for-brands-bulk","status":"publish","type":"product","link":"https:\/\/theperfumebottles.com\/fi\/tuote\/glass-skincare-packaging-set-for-brands-bulk\/","title":{"rendered":"30-125 ml:n lasinen ihonhoitopakkaussetti tuotemerkeille irtotavarana"},"content":{"rendered":"<p>Haluatko ihonhoitotuotteillesi lasiastioita, jotka huutavat ylellisyytt\u00e4 rikkomatta pankkitili\u00e4si? Valmistamme tarkan kokoelman mustan liukuv\u00e4rj\u00e4yksen omaavia lasipulloja, joissa on tyylikk\u00e4\u00e4t korkit \u2013 t\u00e4ydellisi\u00e4 voiteiden, kermien, seerumien ja eteeristen \u00f6ljyjen pakkaamiseen. N\u00e4m\u00e4 astiat pit\u00e4v\u00e4t kosmetiikkakoostumuksesi tuoreina UV-suojan ansiosta. Irtotilauksiin on saatavilla r\u00e4\u00e4t\u00e4l\u00f6ityj\u00e4 vaihtoehtoja, jotka sopivat br\u00e4ndisi tunnelmaan.<\/p>\n<h2><strong data-spm-anchor-id=\"5176.28103460.0.i18.29ab2e31QyfPr1\">T\u00e4rkeimm\u00e4t tekniset tiedot<\/strong><\/h2>\n<table style=\"border-collapse: collapse; width: 80%; margin-left: auto; margin-right: auto;\" border=\"0\" width=\"648\" cellspacing=\"0\" cellpadding=\"0\">\n<tbody>\n<tr style=\"height: 13.50pt;\">\n<td style=\"height: 13.5pt; text-align: center;\" width=\"72\" height=\"18\">Tilavuus (ml)<\/td>\n<td style=\"width: 54pt; text-align: center;\" width=\"72\">Muoto<\/td>\n<td style=\"width: 54pt; text-align: center;\" width=\"72\">Suun halkaisija (mm)<\/td>\n<td style=\"width: 54pt; text-align: center;\" width=\"72\">Pullon halkaisija (mm)<\/td>\n<td style=\"width: 54pt; text-align: center;\" width=\"72\">Pullon korkeus (mm)<\/td>\n<td style=\"width: 54pt; text-align: center;\" width=\"72\">Kokonaiskorkeus korkin kanssa (mm)<\/td>\n<td style=\"width: 54pt; text-align: center;\" width=\"72\">V\u00e4ri<\/td>\n<td style=\"width: 54pt; text-align: center;\" width=\"72\">Mukautetut asetukset<\/td>\n<td style=\"width: 54pt; text-align: center;\" width=\"72\">K\u00e4ytt\u00f6<\/td>\n<\/tr>\n<tr style=\"height: 13.50pt;\">\n<td style=\"height: 13.5pt; text-align: center;\" height=\"18\">125<\/td>\n<td class=\"et2\" style=\"text-align: center;\" rowspan=\"4\">Suorasivuinen<\/td>\n<td style=\"text-align: center;\">20<\/td>\n<td style=\"text-align: center;\">41&#215;41<\/td>\n<td style=\"text-align: center;\">130<\/td>\n<td style=\"text-align: center;\">180<\/td>\n<td class=\"et2\" style=\"text-align: center;\" rowspan=\"6\">Musta liukuv\u00e4ri<\/td>\n<td class=\"et2\" style=\"text-align: center;\" rowspan=\"6\">Pintak\u00e4sittely, v\u00e4ri, koko, muoto, kansi, lis\u00e4varusteet<\/td>\n<td class=\"et2\" style=\"text-align: center;\" rowspan=\"6\">Voiteet, voiteet, esanssit jne.<\/td>\n<\/tr>\n<tr style=\"height: 13.50pt;\">\n<td style=\"height: 13.5pt; text-align: center;\" height=\"18\">105<\/td>\n<td style=\"text-align: center;\">20<\/td>\n<td style=\"text-align: center;\">41&#215;41<\/td>\n<td style=\"text-align: center;\">150<\/td>\n<td style=\"text-align: center;\">160<\/td>\n<\/tr>\n<tr style=\"height: 13.50pt;\">\n<td style=\"height: 13.5pt; text-align: center;\" height=\"18\">50<\/td>\n<td style=\"text-align: center;\">20<\/td>\n<td style=\"text-align: center;\">37&#215;37<\/td>\n<td style=\"text-align: center;\">88<\/td>\n<td style=\"text-align: center;\">120<\/td>\n<\/tr>\n<tr style=\"height: 13.50pt;\">\n<td style=\"height: 13.5pt; text-align: center;\" height=\"18\">30<\/td>\n<td style=\"text-align: center;\">20<\/td>\n<td style=\"text-align: center;\">37&#215;37<\/td>\n<td style=\"text-align: center;\">75<\/td>\n<td style=\"text-align: center;\">105<\/td>\n<\/tr>\n<tr style=\"height: 13.50pt;\">\n<td style=\"height: 13.5pt; text-align: center;\" height=\"18\">40<\/td>\n<td class=\"et2\" style=\"text-align: center;\" rowspan=\"2\">Neli\u00f6<\/td>\n<td style=\"text-align: center;\">49<\/td>\n<td style=\"text-align: center;\">64&#215;64<\/td>\n<td style=\"text-align: center;\">40<\/td>\n<td style=\"text-align: center;\">52<\/td>\n<\/tr>\n<tr style=\"height: 13.50pt;\">\n<td style=\"height: 13.5pt; text-align: center;\" height=\"18\">30<\/td>\n<td style=\"text-align: center;\">49<\/td>\n<td style=\"text-align: center;\">60&#215;60<\/td>\n<td style=\"text-align: center;\">37<\/td>\n<td style=\"text-align: center;\">50<\/td>\n<\/tr>\n<\/tbody>\n<\/table>\n<h2>Menestystarina<\/h2>\n<p>Mustasta lasista ihonhoitotuotteemme on valinnut luksusluokan korealainen kauneustuotemerkki. Korkit on suunniteltu ergonomisesti ja mittatilausty\u00f6n\u00e4 asiakkaan yksil\u00f6llisten tarpeiden mukaan, ja niiss\u00e4 on my\u00f6s galvanoidut kaulat. Lis\u00e4ksi setti sis\u00e4lt\u00e4\u00e4 erikokoisia pumppup\u00e4it\u00e4 ja pipettej\u00e4, joten siit\u00e4 tulee monipuolinen lasis\u00e4ili\u00f6 ihonhoitotuotteille.<\/p>\n<p>Myynti kasvoi 36 prosenttia vain kahdessa kuukaudessa lanseerauksen j\u00e4lkeen, mik\u00e4 johti 65 000 laitteen tilaukseen, mik\u00e4 mahdollisti kasvun sek\u00e4 online- ett\u00e4 offline-tilassa.<\/p>\n<h2>Mukautusoppaasi<\/h2>\n<ol>\n<li><strong>V\u00e4rien yhteensovitus:<\/strong> Vaihda mustat liukuv\u00e4rit mukautettuihin s\u00e4vyihin, jotka sopivat br\u00e4ndisi palettiin \u2013 ilman lis\u00e4kustannuksia irtotavarana.<\/li>\n<li><strong>YMP-tyylit:<\/strong> Valitse lasipulloihisi ensiluokkainen viimeistely kultaisella korkilla tai mattakorkilla.<\/li>\n<li><strong>Merkint\u00f6jen integrointi:<\/strong> Lis\u00e4\u00e4 logosi rasiaan \u2013 v\u00e4lit\u00f6n br\u00e4nditunnistus kosmetiikkapakkauksille.<\/li>\n<\/ol>","protected":false},"excerpt":{"rendered":"<p>Lis\u00e4\u00e4 myynti\u00e4 r\u00e4\u00e4t\u00e4l\u00f6idyill\u00e4 mustilla, liukuv\u00e4reill\u00e4 varustetuilla lasisilla ihonhoitopakkauksilla voideille ja seerumille. Ensiluokkaiset, kest\u00e4v\u00e4t ja tukkumyyntipakkaukset, jotka takaavat tuoreuden ja tyylikkyyden.<\/p>","protected":false},"featured_media":6456,"comment_status":"closed","ping_status":"closed","template":"","meta":{"_acf_changed":false,"site-sidebar-layout":"default","site-content-layout":"","ast-site-content-layout":"default","site-content-style":"default","site-sidebar-style":"default","ast-global-header-display":"","ast-banner-title-visibility":"","ast-main-header-display":"","ast-hfb-above-header-display":"","ast-hfb-below-header-display":"","ast-hfb-mobile-header-display":"","site-post-title":"","ast-breadcrumbs-content":"","ast-featured-img":"","footer-sml-layout":"","ast-disable-related-posts":"","theme-transparent-header-meta":"default","adv-header-id-meta":"","stick-header-meta":"","header-above-stick-meta":"","header-main-stick-meta":"","header-below-stick-meta":"","astra-migrate-meta-layouts":"set","ast-page-background-enabled":"default","ast-page-background-meta":{"desktop":{"background-color":"var(--ast-global-color-5)","background-image":"","background-repeat":"repeat","background-position":"center center","background-size":"auto","background-attachment":"scroll","background-type":"","background-media":"","overlay-type":"","overlay-color":"","overlay-opacity":"","overlay-gradient":""},"tablet":{"background-color":"","background-image":"","background-repeat":"repeat","background-position":"center center","background-size":"auto","background-attachment":"scroll","background-type":"","background-media":"","overlay-type":"","overlay-color":"","overlay-opacity":"","overlay-gradient":""},"mobile":{"background-color":"","background-image":"","background-repeat":"repeat","background-position":"center center","background-size":"auto","background-attachment":"scroll","background-type":"","background-media":"","overlay-type":"","overlay-color":"","overlay-opacity":"","overlay-gradient":""}},"ast-content-background-meta":{"desktop":{"background-color":"var(--ast-global-color-4)","background-image":"","background-repeat":"repeat","background-position":"center center","background-size":"auto","background-attachment":"scroll","background-type":"","background-media":"","overlay-type":"","overlay-color":"","overlay-opacity":"","overlay-gradient":""},"tablet":{"background-color":"var(--ast-global-color-4)","background-image":"","background-repeat":"repeat","background-position":"center center","background-size":"auto","background-attachment":"scroll","background-type":"","background-media":"","overlay-type":"","overlay-color":"","overlay-opacity":"","overlay-gradient":""},"mobile":{"background-color":"var(--ast-global-color-4)","background-image":"","background-repeat":"repeat","background-position":"center center","background-size":"auto","background-attachment":"scroll","background-type":"","background-media":"","overlay-type":"","overlay-color":"","overlay-opacity":"","overlay-gradient":""}}},"product_brand":[],"product_cat":[236,62,72],"product_tag":[],"class_list":{"0":"post-6455","1":"product","2":"type-product","3":"status-publish","4":"has-post-thumbnail","6":"product_cat-cosmetic-container-set","7":"product_cat-cosmetic-containers","8":"product_cat-cosmetic-packaging","9":"desktop-align-left","10":"tablet-align-left","11":"mobile-align-left","13":"first","14":"instock","15":"shipping-taxable","16":"product-type-simple"},"acf":[],"jetpack_sharing_enabled":true,"_links":{"self":[{"href":"https:\/\/theperfumebottles.com\/fi\/wp-json\/wp\/v2\/product\/6455","targetHints":{"allow":["GET"]}}],"collection":[{"href":"https:\/\/theperfumebottles.com\/fi\/wp-json\/wp\/v2\/product"}],"about":[{"href":"https:\/\/theperfumebottles.com\/fi\/wp-json\/wp\/v2\/types\/product"}],"replies":[{"embeddable":true,"href":"https:\/\/theperfumebottles.com\/fi\/wp-json\/wp\/v2\/comments?post=6455"}],"wp:featuredmedia":[{"embeddable":true,"href":"https:\/\/theperfumebottles.com\/fi\/wp-json\/wp\/v2\/media\/6456"}],"wp:attachment":[{"href":"https:\/\/theperfumebottles.com\/fi\/wp-json\/wp\/v2\/media?parent=6455"}],"wp:term":[{"taxonomy":"product_brand","embeddable":true,"href":"https:\/\/theperfumebottles.com\/fi\/wp-json\/wp\/v2\/product_brand?post=6455"},{"taxonomy":"product_cat","embeddable":true,"href":"https:\/\/theperfumebottles.com\/fi\/wp-json\/wp\/v2\/product_cat?post=6455"},{"taxonomy":"product_tag","embeddable":true,"href":"https:\/\/theperfumebottles.com\/fi\/wp-json\/wp\/v2\/product_tag?post=6455"}],"curies":[{"name":"wp","href":"https:\/\/api.w.org\/{rel}","templated":true}]}}