{"id":6477,"date":"2025-09-18T17:19:24","date_gmt":"2025-09-18T09:19:24","guid":{"rendered":"https:\/\/theperfumebottles.com\/?post_type=product&#038;p=6477"},"modified":"2026-03-26T15:44:04","modified_gmt":"2026-03-26T07:44:04","slug":"black-glass-skincare-bottles-and-jars-sets-wholesale","status":"publish","type":"product","link":"https:\/\/theperfumebottles.com\/fi\/tuote\/black-glass-skincare-bottles-and-jars-sets-wholesale\/","title":{"rendered":"15 ml \u2013 125 ml mustat lasiset ihonhoitopullot ja -purkit, tukkumyynti"},"content":{"rendered":"<p>Lakkaa tyytym\u00e4st\u00e4 tylsiin pakkauksiin. Valmistamme tarkan kokoelman mustia lasipulloja ja -purkkeja, jotka on suunniteltu ihonhoitobr\u00e4ndeille, jotka vaativat ylellisyytt\u00e4 ilman kompromisseja. Lasiastiat pit\u00e4v\u00e4t voiteen, emulsiosi ja essenssin tuoreena \u2013 ei UV-vaurioita, ei pilaantumista. Irtotilauksiin lis\u00e4t\u00e4\u00e4n mittatilausty\u00f6n\u00e4 tehdyt korkit, jotka sopivat br\u00e4ndisi tyyliin.<\/p>\n<h2><strong data-spm-anchor-id=\"5176.28103460.0.i9.29ab2e31KYNL5F\">T\u00e4rkeimm\u00e4t tekniset tiedot<\/strong><\/h2>\n<table style=\"border-collapse: collapse; width: 80%; margin-left: auto; margin-right: auto;\" border=\"0\" width=\"648\" cellspacing=\"0\" cellpadding=\"0\">\n<tbody>\n<tr style=\"height: 13.50pt;\">\n<td style=\"height: 13.5pt; width: 54pt; text-align: center;\" width=\"72\" height=\"18\">Tilavuus (ml)<\/td>\n<td style=\"width: 54pt; text-align: center;\" width=\"72\">Muoto<\/td>\n<td style=\"width: 54pt; text-align: center;\" width=\"72\">Suun halkaisija (mm)<\/td>\n<td style=\"width: 54pt; text-align: center;\" width=\"72\">Pullon halkaisija (mm)<\/td>\n<td style=\"width: 54pt; text-align: center;\" width=\"72\">Korkeus (mm)<\/td>\n<td style=\"width: 54pt; text-align: center;\" width=\"72\">Korkeus korkin kanssa (mm)<\/td>\n<td style=\"width: 54pt; text-align: center;\" width=\"72\">V\u00e4ri<\/td>\n<td style=\"width: 54pt; text-align: center;\" width=\"72\">Mukautettu vaihtoehto<\/td>\n<td style=\"width: 54pt; text-align: center;\" width=\"72\">Ihanteellinen<\/td>\n<\/tr>\n<tr style=\"height: 13.50pt;\">\n<td style=\"height: 13.5pt; text-align: center;\" height=\"18\">125<\/td>\n<td class=\"et2\" style=\"text-align: center;\" rowspan=\"3\">Suorasivuinen<\/td>\n<td style=\"text-align: center;\">20<\/td>\n<td style=\"text-align: center;\">53<\/td>\n<td style=\"text-align: center;\">142<\/td>\n<td style=\"text-align: center;\">180<\/td>\n<td class=\"et2\" style=\"text-align: center;\" rowspan=\"5\">Musta<\/td>\n<td class=\"et2\" style=\"text-align: center;\" rowspan=\"5\">Pintak\u00e4sittely, v\u00e4ri, logo, lis\u00e4varusteet<\/td>\n<td class=\"et2\" style=\"text-align: center;\" rowspan=\"5\">Ihonhoitosetit, puhdistusaine, Essence-vesi, Essence-voide\/-voide<\/td>\n<\/tr>\n<tr style=\"height: 13.50pt;\">\n<td style=\"height: 13.5pt; text-align: center;\" height=\"18\">105<\/td>\n<td style=\"text-align: center;\">20<\/td>\n<td style=\"text-align: center;\">47<\/td>\n<td style=\"text-align: center;\">127<\/td>\n<td style=\"text-align: center;\">165<\/td>\n<\/tr>\n<tr style=\"height: 13.50pt;\">\n<td style=\"height: 13.5pt; text-align: center;\" height=\"18\">45<\/td>\n<td style=\"text-align: center;\">20<\/td>\n<td style=\"text-align: center;\">41<\/td>\n<td style=\"text-align: center;\">86<\/td>\n<td style=\"text-align: center;\">120<\/td>\n<\/tr>\n<tr style=\"height: 13.50pt;\">\n<td style=\"height: 13.5pt; text-align: center;\" height=\"18\">40<\/td>\n<td class=\"et2\" rowspan=\"2\">Py\u00f6rist\u00e4\u00e4<\/td>\n<td style=\"text-align: center;\">52<\/td>\n<td style=\"text-align: center;\">64<\/td>\n<td style=\"text-align: center;\">42<\/td>\n<td style=\"text-align: center;\">70<\/td>\n<\/tr>\n<tr style=\"height: 13.50pt;\">\n<td style=\"height: 13.5pt; text-align: center;\" height=\"18\">15<\/td>\n<td style=\"text-align: center;\">47<\/td>\n<td style=\"text-align: center;\">58<\/td>\n<td style=\"text-align: center;\">32<\/td>\n<td style=\"text-align: center;\">60<\/td>\n<\/tr>\n<\/tbody>\n<\/table>\n<h2>Menestystarina<\/h2>\n<p>Yksi eurooppalaisista ihonhoitobr\u00e4ndeist\u00e4 on p\u00e4\u00e4tt\u00e4nyt k\u00e4ytt\u00e4\u00e4 huippuluokan mustaa ihonhoitopurkki- ja pullosarjaamme. Pullot on valmistettu kiilt\u00e4v\u00e4ll\u00e4 UV-viimeistelyll\u00e4, joka yhdess\u00e4 metallisen tyhji\u00f6pinnoitetun korkin kanssa luo silmiinpist\u00e4v\u00e4n kontrastin ja ylellisen tuntuman asiakkaan yksil\u00f6llisiin tarpeisiin. Pulloon on silkkipainotekniikalla painettu br\u00e4ndin logo, jonka hopeinen v\u00e4ri heijastaa my\u00f6s muotoilua ja osaltaan vaikuttaa kokonaisuuteen.<\/p>\n<p>Uuden kosmetiikkapullo- ja purkkisetin lanseerauksen j\u00e4lkeen myynti on kasvanut 32 % vain kahdessa kuukaudessa, ja jakelijoiden kasvavan kysynn\u00e4n tyydytt\u00e4miseksi tilattiin viel\u00e4 55 000 setti\u00e4 lis\u00e4\u00e4.<\/p>\n<h2>Sopeutumisvaihtoehtosi<\/h2>\n<ol>\n<li><strong>Korkin viimeistelyvaihtoehdot:<\/strong> Tarjoaa kiilt\u00e4vi\u00e4, mattapintaisia, harjattuja metalli- tai peilipintoja, jotka on galvanoitu sopimaan erilaisiin tuotemerkkien tyyleihin.<\/li>\n<li><strong>Koristelutekniikat:<\/strong> Silkkipainatusta, kuumaleimausta, liukuv\u00e4ruiskutusta tai etiket\u00f6inti\u00e4 voidaan yhdist\u00e4\u00e4 useisiin kerroksiin br\u00e4nd\u00e4ystehosteiden luomiseksi.<\/li>\n<li><strong>Toissijaisen pakkauksen suunnittelu:<\/strong> Lis\u00e4\u00e4 tuotteelle v\u00e4hitt\u00e4ismyyntiesillepanoa suunnittelemalla r\u00e4\u00e4t\u00e4l\u00f6ityj\u00e4 pahvilaatikoita, magneettilaatikoita tai laatikkotyyppisi\u00e4 pakkauksia.<\/li>\n<\/ol>","protected":false},"excerpt":{"rendered":"<p>Ensiluokkaiset ihonhoitopullot ja -purkit kosmetiikkapullosettisi osaksi. Mittatilausty\u00f6n\u00e4 tehdyt mustat lasiastiat. Tukkumyynti. Valoa l\u00e4p\u00e4isem\u00e4tt\u00f6m\u00e4t, vuotamattomat pakkaukset.<\/p>","protected":false},"featured_media":6478,"comment_status":"closed","ping_status":"closed","template":"","meta":{"_acf_changed":false,"site-sidebar-layout":"default","site-content-layout":"","ast-site-content-layout":"default","site-content-style":"default","site-sidebar-style":"default","ast-global-header-display":"","ast-banner-title-visibility":"","ast-main-header-display":"","ast-hfb-above-header-display":"","ast-hfb-below-header-display":"","ast-hfb-mobile-header-display":"","site-post-title":"","ast-breadcrumbs-content":"","ast-featured-img":"","footer-sml-layout":"","ast-disable-related-posts":"","theme-transparent-header-meta":"default","adv-header-id-meta":"","stick-header-meta":"","header-above-stick-meta":"","header-main-stick-meta":"","header-below-stick-meta":"","astra-migrate-meta-layouts":"set","ast-page-background-enabled":"default","ast-page-background-meta":{"desktop":{"background-color":"var(--ast-global-color-5)","background-image":"","background-repeat":"repeat","background-position":"center center","background-size":"auto","background-attachment":"scroll","background-type":"","background-media":"","overlay-type":"","overlay-color":"","overlay-opacity":"","overlay-gradient":""},"tablet":{"background-color":"","background-image":"","background-repeat":"repeat","background-position":"center center","background-size":"auto","background-attachment":"scroll","background-type":"","background-media":"","overlay-type":"","overlay-color":"","overlay-opacity":"","overlay-gradient":""},"mobile":{"background-color":"","background-image":"","background-repeat":"repeat","background-position":"center center","background-size":"auto","background-attachment":"scroll","background-type":"","background-media":"","overlay-type":"","overlay-color":"","overlay-opacity":"","overlay-gradient":""}},"ast-content-background-meta":{"desktop":{"background-color":"var(--ast-global-color-4)","background-image":"","background-repeat":"repeat","background-position":"center center","background-size":"auto","background-attachment":"scroll","background-type":"","background-media":"","overlay-type":"","overlay-color":"","overlay-opacity":"","overlay-gradient":""},"tablet":{"background-color":"var(--ast-global-color-4)","background-image":"","background-repeat":"repeat","background-position":"center center","background-size":"auto","background-attachment":"scroll","background-type":"","background-media":"","overlay-type":"","overlay-color":"","overlay-opacity":"","overlay-gradient":""},"mobile":{"background-color":"var(--ast-global-color-4)","background-image":"","background-repeat":"repeat","background-position":"center center","background-size":"auto","background-attachment":"scroll","background-type":"","background-media":"","overlay-type":"","overlay-color":"","overlay-opacity":"","overlay-gradient":""}}},"product_brand":[],"product_cat":[236,62,72],"product_tag":[],"class_list":{"0":"post-6477","1":"product","2":"type-product","3":"status-publish","4":"has-post-thumbnail","6":"product_cat-cosmetic-container-set","7":"product_cat-cosmetic-containers","8":"product_cat-cosmetic-packaging","9":"desktop-align-left","10":"tablet-align-left","11":"mobile-align-left","13":"first","14":"instock","15":"shipping-taxable","16":"product-type-simple"},"acf":[],"jetpack_sharing_enabled":true,"_links":{"self":[{"href":"https:\/\/theperfumebottles.com\/fi\/wp-json\/wp\/v2\/product\/6477","targetHints":{"allow":["GET"]}}],"collection":[{"href":"https:\/\/theperfumebottles.com\/fi\/wp-json\/wp\/v2\/product"}],"about":[{"href":"https:\/\/theperfumebottles.com\/fi\/wp-json\/wp\/v2\/types\/product"}],"replies":[{"embeddable":true,"href":"https:\/\/theperfumebottles.com\/fi\/wp-json\/wp\/v2\/comments?post=6477"}],"wp:featuredmedia":[{"embeddable":true,"href":"https:\/\/theperfumebottles.com\/fi\/wp-json\/wp\/v2\/media\/6478"}],"wp:attachment":[{"href":"https:\/\/theperfumebottles.com\/fi\/wp-json\/wp\/v2\/media?parent=6477"}],"wp:term":[{"taxonomy":"product_brand","embeddable":true,"href":"https:\/\/theperfumebottles.com\/fi\/wp-json\/wp\/v2\/product_brand?post=6477"},{"taxonomy":"product_cat","embeddable":true,"href":"https:\/\/theperfumebottles.com\/fi\/wp-json\/wp\/v2\/product_cat?post=6477"},{"taxonomy":"product_tag","embeddable":true,"href":"https:\/\/theperfumebottles.com\/fi\/wp-json\/wp\/v2\/product_tag?post=6477"}],"curies":[{"name":"wp","href":"https:\/\/api.w.org\/{rel}","templated":true}]}}