{"id":6517,"date":"2025-09-22T12:52:43","date_gmt":"2025-09-22T04:52:43","guid":{"rendered":"https:\/\/theperfumebottles.com\/?post_type=product&#038;p=6517"},"modified":"2025-09-22T13:28:19","modified_gmt":"2025-09-22T05:28:19","slug":"wholesale-5ml-9ml-refill-perfume-bottles","status":"publish","type":"product","link":"https:\/\/theperfumebottles.com\/fi\/tuote\/wholesale-5ml-9ml-refill-perfume-bottles\/","title":{"rendered":"Tukku 5ml 9ml t\u00e4ytt\u00f6hajuvesipullot"},"content":{"rendered":"<h2>Tutustu ensiluokkaiseen t\u00e4ytett\u00e4v\u00e4\u00e4n hajuvesisumuttimeemme<\/h2>\n<p>Innovatiivinen t\u00e4ytt\u00f6pakkauksemme on suunniteltu vastaamaan nykyaikaisen matkustamisen vaatimuksiin ja tarjoaa k\u00e4tevyytt\u00e4, tyyli\u00e4 ja erinomaista suorituskyky\u00e4. T\u00e4m\u00e4 minikokoinen ja kannettava sumutinpullo on t\u00e4ydellinen valinta paljon liikkuville ja liikkeell\u00e4 oleville.<\/p>\n<h2>T\u00e4rkeimm\u00e4t tekniset tiedot:<\/h2>\n<table style=\"border-collapse: collapse; width: 486.77pt; margin-left: auto; margin-right: auto;\" border=\"0\" width=\"649\" cellspacing=\"0\" cellpadding=\"0\">\n<tbody>\n<tr style=\"height: 13.50pt;\">\n<td style=\"height: 13.50pt; width: 94.50pt;\" width=\"126\" height=\"18\">Ominaisuus<\/td>\n<td style=\"width: 392.25pt;\" width=\"523\">Yksityiskohta<\/td>\n<\/tr>\n<tr style=\"height: 13.50pt;\">\n<td style=\"height: 13.50pt;\" height=\"18\">Materiaali<\/td>\n<td>PCTG + puhdasta kuparia oleva vuotojenestopohja, galvanoitu alumiinikuori<\/td>\n<\/tr>\n<tr style=\"height: 13.50pt;\">\n<td style=\"height: 13.50pt;\" height=\"18\">Kapasiteetti<\/td>\n<td>5 ml (1,8 x 8,7 cm), 9 ml (2,2 x 10 cm)<\/td>\n<\/tr>\n<tr style=\"height: 13.50pt;\">\n<td style=\"height: 13.50pt;\" height=\"18\">Muoto<\/td>\n<td>Lieri\u00f6m\u00e4inen<\/td>\n<\/tr>\n<tr style=\"height: 13.50pt;\">\n<td style=\"height: 13.50pt;\" height=\"18\">T\u00e4ytt\u00f6menetelm\u00e4<\/td>\n<td>Pohjat\u00e4yte<\/td>\n<\/tr>\n<tr style=\"height: 13.50pt;\">\n<td style=\"height: 13.50pt;\" height=\"18\">Sis\u00e4pullo<\/td>\n<td>Kirkas, eritt\u00e4in l\u00e4pin\u00e4kyv\u00e4, hyv\u00e4 tiivistys, haihtumaton<\/td>\n<\/tr>\n<tr style=\"height: 13.50pt;\">\n<td style=\"height: 13.50pt;\" height=\"18\">K\u00e4ytt\u00f6<\/td>\n<td>Hajuveden, alkoholin ja toiletteveden annostelu<\/td>\n<\/tr>\n<\/tbody>\n<\/table>\n<h2>Menestystarina:<\/h2>\n<p>Er\u00e4s putiikkimainen tuoksubr\u00e4ndi otti hiljattain 5 ml:n hajuvesipullomme mukaan matkakokoelmaansa. Br\u00e4ndi raportoi matkamuotoisten tuoksusettien myynnin kasvaneen 40 % ensimm\u00e4isen nelj\u00e4nneksen aikana, mik\u00e4 helpotti pullon k\u00e4ytt\u00f6\u00e4 ja antoi sille ensiluokkaisen tuntuman. Asiakkaat rakastivat suosikkihajuvett\u00e4ns\u00e4 kannettavassa ja refleksituoksuisessa pullossa.<\/p>\n<h2>Sopeutuminen ja tukkumyyntimahdollisuudet:<\/h2>\n<p>Merkitt\u00e4v\u00e4n\u00e4 valmistajana ja tukkumyyj\u00e4n\u00e4 ymm\u00e4rr\u00e4mme tarpeesi ainutlaatuiselle br\u00e4nd\u00e4ykselle. Tarjoamme laajan r\u00e4\u00e4t\u00e4l\u00f6intivalikoiman hajuvesien t\u00e4ytt\u00f6pulloille, mukaan lukien eri v\u00e4rivaihtoehdot, pintak\u00e4sittelyt ja tilavuudet. Tarvitsetpa sitten pient\u00e4 tilausta tai tukkum\u00e4\u00e4r\u00e4\u00e4, olemme t\u00e4\u00e4ll\u00e4 tukemassa br\u00e4ndisi visiota. Valitse meid\u00e4t luotettavaksi toimittajaksi lasisille hajuvesipulloille ja innovatiivisille ilmakeh\u00e4ratkaisuille.<\/p>\n<h2>Hanki ilmainen n\u00e4yte jo t\u00e4n\u00e4\u00e4n!<\/h2>\n<p>Haluatko n\u00e4hd\u00e4 laadun ensimm\u00e4isell\u00e4 kerralla? Ilmaisia \u200b\u200bn\u00e4ytteit\u00e4 on saatavilla tukkumyyntikyselyihin. <a href=\"https:\/\/theperfumebottles.com\/fi\/contact\/\">Ota yhteytt\u00e4<\/a> T\u00e4n\u00e4\u00e4n keskustelemme mukautusvaatimuksistasi, toimitus- ja jakeluvaihtoehdoistasi. Nosta br\u00e4ndisi huippuluokkaisilla suihkepulloratkaisuillamme uudelle tasolle.<\/p>","protected":false},"excerpt":{"rendered":"<p>Tutustu korkealaatuisiin tuotteisiimme <strong>t\u00e4ytt\u00f6hajuvesipullo<\/strong>, t\u00e4ydellinen matkoille ja ihanteellinen tuotemerkeille, jotka etsiv\u00e4t kannettavia sumuttimia tukkumyynnist\u00e4 r\u00e4\u00e4t\u00e4l\u00f6idyill\u00e4 vaihtoehdoilla.<\/p>","protected":false},"featured_media":6520,"comment_status":"closed","ping_status":"closed","template":"","meta":{"_acf_changed":false,"site-sidebar-layout":"default","site-content-layout":"","ast-site-content-layout":"default","site-content-style":"default","site-sidebar-style":"default","ast-global-header-display":"","ast-banner-title-visibility":"","ast-main-header-display":"","ast-hfb-above-header-display":"","ast-hfb-below-header-display":"","ast-hfb-mobile-header-display":"","site-post-title":"","ast-breadcrumbs-content":"","ast-featured-img":"","footer-sml-layout":"","ast-disable-related-posts":"","theme-transparent-header-meta":"default","adv-header-id-meta":"","stick-header-meta":"","header-above-stick-meta":"","header-main-stick-meta":"","header-below-stick-meta":"","astra-migrate-meta-layouts":"set","ast-page-background-enabled":"default","ast-page-background-meta":{"desktop":{"background-color":"var(--ast-global-color-5)","background-image":"","background-repeat":"repeat","background-position":"center center","background-size":"auto","background-attachment":"scroll","background-type":"","background-media":"","overlay-type":"","overlay-color":"","overlay-opacity":"","overlay-gradient":""},"tablet":{"background-color":"","background-image":"","background-repeat":"repeat","background-position":"center center","background-size":"auto","background-attachment":"scroll","background-type":"","background-media":"","overlay-type":"","overlay-color":"","overlay-opacity":"","overlay-gradient":""},"mobile":{"background-color":"","background-image":"","background-repeat":"repeat","background-position":"center center","background-size":"auto","background-attachment":"scroll","background-type":"","background-media":"","overlay-type":"","overlay-color":"","overlay-opacity":"","overlay-gradient":""}},"ast-content-background-meta":{"desktop":{"background-color":"var(--ast-global-color-4)","background-image":"","background-repeat":"repeat","background-position":"center center","background-size":"auto","background-attachment":"scroll","background-type":"","background-media":"","overlay-type":"","overlay-color":"","overlay-opacity":"","overlay-gradient":""},"tablet":{"background-color":"var(--ast-global-color-4)","background-image":"","background-repeat":"repeat","background-position":"center center","background-size":"auto","background-attachment":"scroll","background-type":"","background-media":"","overlay-type":"","overlay-color":"","overlay-opacity":"","overlay-gradient":""},"mobile":{"background-color":"var(--ast-global-color-4)","background-image":"","background-repeat":"repeat","background-position":"center center","background-size":"auto","background-attachment":"scroll","background-type":"","background-media":"","overlay-type":"","overlay-color":"","overlay-opacity":"","overlay-gradient":""}}},"product_brand":[],"product_cat":[72,90,41],"product_tag":[],"class_list":{"0":"post-6517","1":"product","2":"type-product","3":"status-publish","4":"has-post-thumbnail","6":"product_cat-cosmetic-packaging","7":"product_cat-refillable-perfume-bottles","8":"product_cat-perfume-bottles","9":"desktop-align-left","10":"tablet-align-left","11":"mobile-align-left","13":"first","14":"instock","15":"shipping-taxable","16":"product-type-simple"},"acf":[],"jetpack_sharing_enabled":true,"_links":{"self":[{"href":"https:\/\/theperfumebottles.com\/fi\/wp-json\/wp\/v2\/product\/6517","targetHints":{"allow":["GET"]}}],"collection":[{"href":"https:\/\/theperfumebottles.com\/fi\/wp-json\/wp\/v2\/product"}],"about":[{"href":"https:\/\/theperfumebottles.com\/fi\/wp-json\/wp\/v2\/types\/product"}],"replies":[{"embeddable":true,"href":"https:\/\/theperfumebottles.com\/fi\/wp-json\/wp\/v2\/comments?post=6517"}],"wp:featuredmedia":[{"embeddable":true,"href":"https:\/\/theperfumebottles.com\/fi\/wp-json\/wp\/v2\/media\/6520"}],"wp:attachment":[{"href":"https:\/\/theperfumebottles.com\/fi\/wp-json\/wp\/v2\/media?parent=6517"}],"wp:term":[{"taxonomy":"product_brand","embeddable":true,"href":"https:\/\/theperfumebottles.com\/fi\/wp-json\/wp\/v2\/product_brand?post=6517"},{"taxonomy":"product_cat","embeddable":true,"href":"https:\/\/theperfumebottles.com\/fi\/wp-json\/wp\/v2\/product_cat?post=6517"},{"taxonomy":"product_tag","embeddable":true,"href":"https:\/\/theperfumebottles.com\/fi\/wp-json\/wp\/v2\/product_tag?post=6517"}],"curies":[{"name":"wp","href":"https:\/\/api.w.org\/{rel}","templated":true}]}}