{"id":6531,"date":"2025-09-22T17:19:57","date_gmt":"2025-09-22T09:19:57","guid":{"rendered":"https:\/\/theperfumebottles.com\/?post_type=product&#038;p=6531"},"modified":"2025-09-22T17:29:48","modified_gmt":"2025-09-22T09:29:48","slug":"glass-skincare-bottles-packaging-set","status":"publish","type":"product","link":"https:\/\/theperfumebottles.com\/fi\/tuote\/glass-skincare-bottles-packaging-set\/","title":{"rendered":"Lasiset ihonhoitopullot ja -purkit \u2013 elegantti vihre\u00e4n liukuv\u00e4rin ihonhoitopakkaussetti"},"content":{"rendered":"<p>Oletko kyll\u00e4stynyt tylsiin pakkauksiin, jotka piilottavat ensiluokkaiset ihonhoitotuotteesi? Valmistamme tyhji\u00e4 ihonhoitopulloja, jotka esittelev\u00e4t voidettasi, emulsiotasi ja eteerist\u00e4 \u00f6ljy\u00e4si kuin nestem\u00e4ist\u00e4 taidetta. Lasiset ihonhoitopullot, joissa on vihre\u00e4 liukuv\u00e4rj\u00e4ys, est\u00e4v\u00e4t UV-s\u00e4teit\u00e4 \u2013 ei pilaantumista, ei kompromisseja. Irtotilauksiin saa r\u00e4\u00e4t\u00e4l\u00f6idyt korkit, jotka sopivat br\u00e4ndisi sieluun.<\/p>\n<h2>T\u00e4rkeimm\u00e4t tekniset tiedot<\/h2>\n<table style=\"border-collapse: collapse;width: 85%;margin-left: auto;margin-right: auto\" border=\"0\" width=\"648\" cellspacing=\"0\" cellpadding=\"0\">\n<tbody>\n<tr style=\"height: 13.50pt\">\n<td style=\"height: 13.50pt;width: 54.00pt\" width=\"72\" height=\"18\">Tilavuus (ml)<\/td>\n<td style=\"width: 54.00pt\" width=\"72\">Muoto<\/td>\n<td style=\"width: 54.00pt\" width=\"72\">Suun halkaisija (mm)<\/td>\n<td style=\"width: 54.00pt\" width=\"72\">Pullon halkaisija (mm)<\/td>\n<td style=\"width: 54.00pt\" width=\"72\">Kokonaiskorkeus korkin kanssa (mm)<\/td>\n<td style=\"width: 54.00pt\" width=\"72\">Kokonaiskorkeus korkin kanssa (mm)<\/td>\n<td style=\"width: 54.00pt\" width=\"72\">V\u00e4ri<\/td>\n<td style=\"width: 54.00pt\" width=\"72\">Mukautetut asetukset<\/td>\n<td style=\"width: 54.00pt\" width=\"72\">K\u00e4ytt\u00f6<\/td>\n<\/tr>\n<tr style=\"height: 13.50pt\">\n<td style=\"height: 13.50pt\" height=\"18\">125<\/td>\n<td class=\"et2\" rowspan=\"5\">Torni<\/td>\n<td>20<\/td>\n<td>49&#215;49<\/td>\n<td>146<\/td>\n<td>180<\/td>\n<td class=\"et2\" rowspan=\"5\">Vihre\u00e4 liukuv\u00e4ri<\/td>\n<td class=\"et2\" rowspan=\"5\">Pintak\u00e4sittely, v\u00e4ri<\/td>\n<td class=\"et2\" rowspan=\"5\">Voiteet, voiteet, esanssit jne.<\/td>\n<\/tr>\n<tr style=\"height: 13.50pt\">\n<td style=\"height: 13.50pt\" height=\"18\">105<\/td>\n<td>20<\/td>\n<td>49&#215;49<\/td>\n<td>130<\/td>\n<td>165<\/td>\n<\/tr>\n<tr style=\"height: 13.50pt\">\n<td style=\"height: 13.50pt\" height=\"18\">45<\/td>\n<td>20<\/td>\n<td>45&#215;45<\/td>\n<td>81<\/td>\n<td>115<\/td>\n<\/tr>\n<tr style=\"height: 13.50pt\">\n<td style=\"height: 13.50pt\" height=\"18\">90<\/td>\n<td>50<\/td>\n<td>69&#215;69<\/td>\n<td>70<\/td>\n<td>85<\/td>\n<\/tr>\n<tr style=\"height: 13.50pt\">\n<td style=\"height: 13.50pt\" height=\"18\">55<\/td>\n<td>50<\/td>\n<td>65&#215;65<\/td>\n<td>52<\/td>\n<td>65<\/td>\n<\/tr>\n<\/tbody>\n<\/table>\n<h2>Menestystarina: Kuinka keskisuuri yritys menestyi<\/h2>\n<p>Keskikokoinen yritys loi &#034;vihre\u00e4n rituaalin&#034; setin k\u00e4ytt\u00e4en lasisia ihonhoitopullojamme: 15 ml:n neli\u00f6nmuotoisen pullon voideelle ja 55 ml:n suoran pullon voideelle. Tulos? 82 % asiakkaista, jotka n\u00e4kiv\u00e4t vihreit\u00e4 liukuv\u00e4risi\u00e4 pulloja Instagramissa, osti koko valikoiman. Alue? H\u00e4nest\u00e4 tuntui: &#034;Se tuntui lahjalta luonnolta.&#034;<\/p>\n<h2>Mukautusoppaasi<\/h2>\n<ol>\n<li><strong>V\u00e4rik\u00e4s ottelu:<\/strong>Vaihda vihre\u00e4t liukuv\u00e4rit br\u00e4ndivarastossasi. Esimerkki: Deep Chaiti ja \u201dForest Mist\u201d -linja.<\/li>\n<li><strong>Pumpun integrointi:<\/strong>Lis\u00e4\u00e4 pumppuannostelija suoraan pulloihin \u2013 ehdottomasti ry\u00f6st\u00f6saaliin. J\u00e4lleenmyyj\u00e4t myyv\u00e4t sen nopeasti.<\/li>\n<\/ol>","protected":false},"excerpt":{"rendered":"<p>Ensiluokkaiset vihre\u00e4t, liukuv\u00e4rj\u00e4tyt lasiset ihonhoitopullot ja -purkit. R\u00e4\u00e4t\u00e4l\u00f6idyt UV-suojatut, vuotamattomat pakkaukset pumppuannostelijoilla. Luksuskosmetiikkabr\u00e4ndien tukkumyynti.<\/p>","protected":false},"featured_media":6532,"comment_status":"closed","ping_status":"closed","template":"","meta":{"_acf_changed":false,"site-sidebar-layout":"default","site-content-layout":"","ast-site-content-layout":"default","site-content-style":"default","site-sidebar-style":"default","ast-global-header-display":"","ast-banner-title-visibility":"","ast-main-header-display":"","ast-hfb-above-header-display":"","ast-hfb-below-header-display":"","ast-hfb-mobile-header-display":"","site-post-title":"","ast-breadcrumbs-content":"","ast-featured-img":"","footer-sml-layout":"","ast-disable-related-posts":"","theme-transparent-header-meta":"default","adv-header-id-meta":"","stick-header-meta":"","header-above-stick-meta":"","header-main-stick-meta":"","header-below-stick-meta":"","astra-migrate-meta-layouts":"set","ast-page-background-enabled":"default","ast-page-background-meta":{"desktop":{"background-color":"var(--ast-global-color-5)","background-image":"","background-repeat":"repeat","background-position":"center center","background-size":"auto","background-attachment":"scroll","background-type":"","background-media":"","overlay-type":"","overlay-color":"","overlay-opacity":"","overlay-gradient":""},"tablet":{"background-color":"","background-image":"","background-repeat":"repeat","background-position":"center center","background-size":"auto","background-attachment":"scroll","background-type":"","background-media":"","overlay-type":"","overlay-color":"","overlay-opacity":"","overlay-gradient":""},"mobile":{"background-color":"","background-image":"","background-repeat":"repeat","background-position":"center center","background-size":"auto","background-attachment":"scroll","background-type":"","background-media":"","overlay-type":"","overlay-color":"","overlay-opacity":"","overlay-gradient":""}},"ast-content-background-meta":{"desktop":{"background-color":"var(--ast-global-color-4)","background-image":"","background-repeat":"repeat","background-position":"center center","background-size":"auto","background-attachment":"scroll","background-type":"","background-media":"","overlay-type":"","overlay-color":"","overlay-opacity":"","overlay-gradient":""},"tablet":{"background-color":"var(--ast-global-color-4)","background-image":"","background-repeat":"repeat","background-position":"center center","background-size":"auto","background-attachment":"scroll","background-type":"","background-media":"","overlay-type":"","overlay-color":"","overlay-opacity":"","overlay-gradient":""},"mobile":{"background-color":"var(--ast-global-color-4)","background-image":"","background-repeat":"repeat","background-position":"center center","background-size":"auto","background-attachment":"scroll","background-type":"","background-media":"","overlay-type":"","overlay-color":"","overlay-opacity":"","overlay-gradient":""}}},"product_brand":[],"product_cat":[236,72,37,62],"product_tag":[],"class_list":{"0":"post-6531","1":"product","2":"type-product","3":"status-publish","4":"has-post-thumbnail","6":"product_cat-cosmetic-container-set","7":"product_cat-cosmetic-packaging","8":"product_cat-uncategorized","9":"product_cat-cosmetic-containers","10":"desktop-align-left","11":"tablet-align-left","12":"mobile-align-left","14":"first","15":"instock","16":"shipping-taxable","17":"product-type-simple"},"acf":[],"jetpack_sharing_enabled":true,"_links":{"self":[{"href":"https:\/\/theperfumebottles.com\/fi\/wp-json\/wp\/v2\/product\/6531","targetHints":{"allow":["GET"]}}],"collection":[{"href":"https:\/\/theperfumebottles.com\/fi\/wp-json\/wp\/v2\/product"}],"about":[{"href":"https:\/\/theperfumebottles.com\/fi\/wp-json\/wp\/v2\/types\/product"}],"replies":[{"embeddable":true,"href":"https:\/\/theperfumebottles.com\/fi\/wp-json\/wp\/v2\/comments?post=6531"}],"wp:featuredmedia":[{"embeddable":true,"href":"https:\/\/theperfumebottles.com\/fi\/wp-json\/wp\/v2\/media\/6532"}],"wp:attachment":[{"href":"https:\/\/theperfumebottles.com\/fi\/wp-json\/wp\/v2\/media?parent=6531"}],"wp:term":[{"taxonomy":"product_brand","embeddable":true,"href":"https:\/\/theperfumebottles.com\/fi\/wp-json\/wp\/v2\/product_brand?post=6531"},{"taxonomy":"product_cat","embeddable":true,"href":"https:\/\/theperfumebottles.com\/fi\/wp-json\/wp\/v2\/product_cat?post=6531"},{"taxonomy":"product_tag","embeddable":true,"href":"https:\/\/theperfumebottles.com\/fi\/wp-json\/wp\/v2\/product_tag?post=6531"}],"curies":[{"name":"wp","href":"https:\/\/api.w.org\/{rel}","templated":true}]}}