{"id":7021,"date":"2025-11-11T13:12:13","date_gmt":"2025-11-11T05:12:13","guid":{"rendered":"https:\/\/theperfumebottles.com\/?post_type=product&#038;p=7021"},"modified":"2025-12-10T11:40:29","modified_gmt":"2025-12-10T03:40:29","slug":"perfume-refill-bottles-wholesaler","status":"publish","type":"product","link":"https:\/\/theperfumebottles.com\/fi\/tuote\/perfume-refill-bottles-wholesaler\/","title":{"rendered":"8 ml:n hajuvesien t\u00e4ytt\u00f6pullot tukkumyynniss\u00e4 matkoille, p\u00e4ivitt\u00e4iseen k\u00e4ytt\u00f6\u00f6n"},"content":{"rendered":"<p>Tutustu t\u00e4ytett\u00e4viin lasisiin tuoksupulloihimme, jotka on suunniteltu tekem\u00e4\u00e4n vaikutuksen br\u00e4ndisi esillepanoon. Valmistamme jokaisen pullon niin, ett\u00e4 tuoksusi on kohokohta ja tarjoaa silti kauniin ja toimivan tuotteen asiakkaillesi. Valitse sellainen, joka kertoo br\u00e4ndisi tarinan ilman sanoja.<\/p>\n<h2>T\u00e4rkeimm\u00e4t tekniset tiedot<\/h2>\n<table style=\"border-collapse: collapse; width: 80%; margin-left: auto; margin-right: auto;\" border=\"0\" width=\"144\" cellspacing=\"0\" cellpadding=\"0\">\n<tbody>\n<tr style=\"height: 13.50pt;\">\n<td style=\"height: 13.5pt; width: 54pt; text-align: center;\" width=\"72\" height=\"18\">Ominaisuus<\/td>\n<td style=\"width: 54pt; text-align: center;\" width=\"72\">Tiedot<\/td>\n<\/tr>\n<tr style=\"height: 13.50pt;\">\n<td style=\"height: 13.5pt; text-align: center;\" height=\"18\">Kapasiteetti<\/td>\n<td style=\"text-align: center;\">8 ml<\/td>\n<\/tr>\n<tr style=\"height: 13.50pt;\">\n<td style=\"height: 13.5pt; text-align: center;\" height=\"18\">Mitat<\/td>\n<td style=\"text-align: center;\">1,7 * 8,4 cm<\/td>\n<\/tr>\n<tr style=\"height: 13.50pt;\">\n<td style=\"height: 13.5pt; text-align: center;\" height=\"18\">Pullon materiaali<\/td>\n<td style=\"text-align: center;\">L\u00e4pin\u00e4kyv\u00e4 lasi<\/td>\n<\/tr>\n<tr style=\"height: 13.50pt;\">\n<td style=\"height: 13.5pt; text-align: center;\" height=\"18\">Korkkivaihtoehdot<\/td>\n<td style=\"text-align: center;\">Kulta, hopea, sininen, vaaleanpunainen, musta<\/td>\n<\/tr>\n<tr style=\"height: 13.50pt;\">\n<td style=\"height: 13.5pt; text-align: center;\" height=\"18\">Tiivistystyyppi<\/td>\n<td style=\"text-align: center;\">Pumppusuihke<\/td>\n<\/tr>\n<tr style=\"height: 13.50pt;\">\n<td style=\"height: 13.5pt; text-align: center;\" height=\"18\">Paras<\/td>\n<td style=\"text-align: center;\">Hajuvedet, eteeriset \u00f6ljyt, tuoksusuihkeet<\/td>\n<\/tr>\n<\/tbody>\n<\/table>\n<h2>Menestystapaus<\/h2>\n<p>Trendik\u00e4s boutique-tuoksubr\u00e4ndi valitsi yhden 8 ml:n uudelleent\u00e4ytett\u00e4vist\u00e4 hajuvesipulloistamme osaksi matkasettikokoelmaansa. Heid\u00e4n matkasettiensa myynti on noussut 35 % vain kolmessa kuukaudessa \u2013 uudelleent\u00e4ytett\u00e4v\u00e4n muotoilun ansiosta k\u00e4ytt\u00e4j\u00e4t voivat aina pit\u00e4\u00e4 rakkaimmat tuoksunsa mukanaan, ja suuttimen muotoilu auttaa v\u00e4hent\u00e4m\u00e4\u00e4n vuotoja ja antaa miellytt\u00e4v\u00e4n sumun.<\/p>\n<h2>Ohjeita mukauttamiseen<\/h2>\n<ol>\n<li><strong>Pintak\u00e4sittely:<\/strong> Erilaisia \u200b\u200bpintak\u00e4sittelyj\u00e4, kuten himme\u00e4, kirkas ja liukuv\u00e4rj\u00e4ysgalvanointi, voidaan r\u00e4\u00e4t\u00e4l\u00f6id\u00e4 ainutlaatuisten visuaalisten tehosteiden luomiseksi.<\/li>\n<li><strong>Pullonkorkin suunnittelu:<\/strong> Mukautettavia ovat alumiini-, muovi- tai metallikorkit, jotka voidaan galvanoida joko kiilt\u00e4v\u00e4ll\u00e4 tai mattapinnalla.<\/li>\n<li><strong>V\u00e4ri- ja logotulostus:<\/strong> Voit valita br\u00e4ndisi v\u00e4rimaailmaan sopivan v\u00e4rin monista eri v\u00e4reist\u00e4, kuten galvanoitu kulta, ruusukulta, hopea, musta ja sininen.<\/li>\n<\/ol>","protected":false},"excerpt":{"rendered":"<p>Tutustu tyylikk\u00e4isiin metallikorkeilla varustettuihin hajuvesien t\u00e4ytt\u00f6pulloihin. T\u00e4ytett\u00e4v\u00e4t hajuvesipullomme sopivat t\u00e4ydellisesti matkustamiseen, ovat helppok\u00e4ytt\u00f6isi\u00e4 ja ymp\u00e4rist\u00f6yst\u00e4v\u00e4llisi\u00e4.<\/p>","protected":false},"featured_media":7191,"comment_status":"open","ping_status":"closed","template":"","meta":{"_acf_changed":false,"site-sidebar-layout":"default","site-content-layout":"","ast-site-content-layout":"default","site-content-style":"default","site-sidebar-style":"default","ast-global-header-display":"","ast-banner-title-visibility":"","ast-main-header-display":"","ast-hfb-above-header-display":"","ast-hfb-below-header-display":"","ast-hfb-mobile-header-display":"","site-post-title":"","ast-breadcrumbs-content":"","ast-featured-img":"","footer-sml-layout":"","ast-disable-related-posts":"","theme-transparent-header-meta":"default","adv-header-id-meta":"","stick-header-meta":"","header-above-stick-meta":"","header-main-stick-meta":"","header-below-stick-meta":"","astra-migrate-meta-layouts":"set","ast-page-background-enabled":"default","ast-page-background-meta":{"desktop":{"background-color":"var(--ast-global-color-5)","background-image":"","background-repeat":"repeat","background-position":"center center","background-size":"auto","background-attachment":"scroll","background-type":"","background-media":"","overlay-type":"","overlay-color":"","overlay-opacity":"","overlay-gradient":""},"tablet":{"background-color":"","background-image":"","background-repeat":"repeat","background-position":"center center","background-size":"auto","background-attachment":"scroll","background-type":"","background-media":"","overlay-type":"","overlay-color":"","overlay-opacity":"","overlay-gradient":""},"mobile":{"background-color":"","background-image":"","background-repeat":"repeat","background-position":"center center","background-size":"auto","background-attachment":"scroll","background-type":"","background-media":"","overlay-type":"","overlay-color":"","overlay-opacity":"","overlay-gradient":""}},"ast-content-background-meta":{"desktop":{"background-color":"var(--ast-global-color-4)","background-image":"","background-repeat":"repeat","background-position":"center center","background-size":"auto","background-attachment":"scroll","background-type":"","background-media":"","overlay-type":"","overlay-color":"","overlay-opacity":"","overlay-gradient":""},"tablet":{"background-color":"var(--ast-global-color-4)","background-image":"","background-repeat":"repeat","background-position":"center center","background-size":"auto","background-attachment":"scroll","background-type":"","background-media":"","overlay-type":"","overlay-color":"","overlay-opacity":"","overlay-gradient":""},"mobile":{"background-color":"var(--ast-global-color-4)","background-image":"","background-repeat":"repeat","background-position":"center center","background-size":"auto","background-attachment":"scroll","background-type":"","background-media":"","overlay-type":"","overlay-color":"","overlay-opacity":"","overlay-gradient":""}}},"product_brand":[],"product_cat":[90,41],"product_tag":[],"class_list":{"0":"post-7021","1":"product","2":"type-product","3":"status-publish","4":"has-post-thumbnail","6":"product_cat-refillable-perfume-bottles","7":"product_cat-perfume-bottles","8":"desktop-align-left","9":"tablet-align-left","10":"mobile-align-left","12":"first","13":"instock","14":"shipping-taxable","15":"product-type-simple"},"acf":[],"jetpack_sharing_enabled":true,"_links":{"self":[{"href":"https:\/\/theperfumebottles.com\/fi\/wp-json\/wp\/v2\/product\/7021","targetHints":{"allow":["GET"]}}],"collection":[{"href":"https:\/\/theperfumebottles.com\/fi\/wp-json\/wp\/v2\/product"}],"about":[{"href":"https:\/\/theperfumebottles.com\/fi\/wp-json\/wp\/v2\/types\/product"}],"replies":[{"embeddable":true,"href":"https:\/\/theperfumebottles.com\/fi\/wp-json\/wp\/v2\/comments?post=7021"}],"wp:featuredmedia":[{"embeddable":true,"href":"https:\/\/theperfumebottles.com\/fi\/wp-json\/wp\/v2\/media\/7191"}],"wp:attachment":[{"href":"https:\/\/theperfumebottles.com\/fi\/wp-json\/wp\/v2\/media?parent=7021"}],"wp:term":[{"taxonomy":"product_brand","embeddable":true,"href":"https:\/\/theperfumebottles.com\/fi\/wp-json\/wp\/v2\/product_brand?post=7021"},{"taxonomy":"product_cat","embeddable":true,"href":"https:\/\/theperfumebottles.com\/fi\/wp-json\/wp\/v2\/product_cat?post=7021"},{"taxonomy":"product_tag","embeddable":true,"href":"https:\/\/theperfumebottles.com\/fi\/wp-json\/wp\/v2\/product_tag?post=7021"}],"curies":[{"name":"wp","href":"https:\/\/api.w.org\/{rel}","templated":true}]}}