{"id":7026,"date":"2025-11-11T14:11:22","date_gmt":"2025-11-11T06:11:22","guid":{"rendered":"https:\/\/theperfumebottles.com\/?post_type=product&#038;p=7026"},"modified":"2025-11-11T14:23:34","modified_gmt":"2025-11-11T06:23:34","slug":"perfume-refill-bottle-bulk-order","status":"publish","type":"product","link":"https:\/\/theperfumebottles.com\/fi\/tuote\/perfume-refill-bottle-bulk-order\/","title":{"rendered":"5 ml:n hajuvesien t\u00e4ytt\u00f6pullo p\u00e4ivitt\u00e4iseen k\u00e4ytt\u00f6\u00f6n irtotavarana"},"content":{"rendered":"<p>Etsit\u200d\u200d\u200d\u200d\u200d\u200d\u200d\u200d hajuvesipulloa, joka nostaisi t\u00e4ydellisesti br\u00e4ndisi visuaalista vetovoimaa. Meid\u00e4n 5ml:n t\u00e4ytt\u00f6parfyymipullomme on ehdottomasti se oikea! Se on tehty antamaan tuoksusi olla huomion keskipisteen\u00e4 ja tarjoamaan silti mukavaa ja k\u00e4tev\u00e4\u00e4 kauneutta asiakkaillesi. On vaikea vastustaa tyyli\u00e4 ja toimivuutta, jotka kulkevat k\u00e4si k\u00e4dess\u00e4 t\u00e4ss\u00e4 pakkauslinjan tuotteessa.<\/p>\n<h2>T\u00e4rkeimm\u00e4t tekniset tiedot<\/h2>\n<table style=\"border-collapse: collapse;width: 80%;margin-left: auto;margin-right: auto\" border=\"0\" width=\"144\" cellspacing=\"0\" cellpadding=\"0\">\n<tbody>\n<tr style=\"height: 13.50pt\">\n<td style=\"height: 13.5pt;width: 54pt;text-align: center\" width=\"72\" height=\"18\">Ominaisuus<\/td>\n<td style=\"width: 54pt;text-align: center\" width=\"72\">Tiedot<\/td>\n<\/tr>\n<tr style=\"height: 13.50pt\">\n<td style=\"height: 13.5pt;text-align: center\" height=\"18\">Kapasiteetti<\/td>\n<td style=\"text-align: center\">5 ml<\/td>\n<\/tr>\n<tr style=\"height: 13.50pt\">\n<td style=\"height: 13.5pt;text-align: center\" height=\"18\">Mitat<\/td>\n<td style=\"text-align: center\">1.7 * 8.1cm<\/td>\n<\/tr>\n<tr style=\"height: 13.50pt\">\n<td style=\"height: 13.5pt;text-align: center\" height=\"18\">Materiaali<\/td>\n<td style=\"text-align: center\">Alumiini l\u00e4pin\u00e4kyv\u00e4ll\u00e4 lasi-ikkunalla<\/td>\n<\/tr>\n<tr style=\"height: 13.50pt\">\n<td style=\"height: 13.5pt;text-align: center\" height=\"18\">V\u00e4rivaihtoehdot<\/td>\n<td style=\"text-align: center\">Sininen, vihre\u00e4, punainen, keltainen, violetti.<\/td>\n<\/tr>\n<tr style=\"height: 13.50pt\">\n<td style=\"height: 13.5pt;text-align: center\" height=\"18\">Paras<\/td>\n<td style=\"text-align: center\">Hajuvedet, eteeriset \u00f6ljyt, tuoksusuihkeet<\/td>\n<\/tr>\n<\/tbody>\n<\/table>\n<h2>Menestystapaus<\/h2>\n<p>Ranskalainen hajuvesimerkki otti meihin yhteytt\u00e4 r\u00e4\u00e4t\u00e4l\u00f6id\u00e4kseen t\u00e4m\u00e4n alumiinikoteloidun hajuveden t\u00e4ytt\u00f6pullon kannettavaa mallistoaan varten, ja siin\u00e4 on l\u00e4pin\u00e4kyv\u00e4 ikkuna, josta j\u00e4ljell\u00e4 oleva m\u00e4\u00e4r\u00e4 on helppo n\u00e4hd\u00e4. Pullossa k\u00e4ytet\u00e4\u00e4n anodisointiprosessia, jolla saadaan aikaan erilaisia el\u00e4vi\u00e4 v\u00e4rej\u00e4, ja siihen kaiverretaan tuotemerkin logo.<\/p>\n<p>Uuden pakkauksen lanseerauksen j\u00e4lkeen tuotemerkin kannettavan linjan myynti kasvoi 38%.<\/p>\n<h2>Mukauta pulloasi<\/h2>\n<ol>\n<li><strong>Material\u200b\u200d\u200b\u200c\u200d\u200b\u200d\u200c\u200b\u200d\u200b\u200c\u200d\u200b\u200d\u200c and Capacity Choices:<\/strong> Alumiinisen ulkokuoren ja sisemm\u00e4n lasi- tai muovipullon yhdistelm\u00e4 tekee tuotteesta sek\u00e4 kevyen ett\u00e4 vahvan. Saatavilla on 5 ml:n, 8 ml:n ja 10 ml:n kapasiteetit, jotka kattavat erilaiset tilanteet (matkat, jokap\u00e4iv\u00e4inen kantaminen jne.).<\/li>\n<li><strong>Suuttimen muotoilu:<\/strong> Voit valita hienon sumusuuttimen, jota voidaan edelleen hienos\u00e4\u00e4t\u00e4\u00e4 hienompaa sumutusta varten, tai yksinkertaisesti valita py\u00f6riv\u00e4n lukitusmekanismin, jolla estet\u00e4\u00e4n vahingossa tapahtuva suihkutus ja tehd\u00e4\u00e4n laitteesta kannettavampi.<\/li>\n<li><strong>Ikkunan muoto ja l\u00e4pin\u00e4kyvyys:<\/strong> Eri muotoisia (nauhat, soikeat, syd\u00e4met jne.) mukautettavia katseluikkunoita, joiden l\u00e4pin\u00e4kyvyys on muuttuva, jotta ne ovat sek\u00e4 tyylikk\u00e4it\u00e4 ett\u00e4 \u200d\u200d\u200d\u200d\u200d\u200d\u200d\u200dk\u00e4ytt\u00f6kelpoisia.<\/li>\n<\/ol>","protected":false},"excerpt":{"rendered":"<p>Kevyt hajuveden t\u00e4ytt\u00f6pullo, jossa on kirkas ikkuna. T\u00e4ydellinen t\u00e4ytt\u00f6parfyymipullo matkalle, helppo kuljettaa ja t\u00e4ytt\u00e4\u00e4 milloin tahansa.<\/p>","protected":false},"featured_media":7027,"comment_status":"open","ping_status":"closed","template":"","meta":{"_acf_changed":false,"site-sidebar-layout":"default","site-content-layout":"","ast-site-content-layout":"default","site-content-style":"default","site-sidebar-style":"default","ast-global-header-display":"","ast-banner-title-visibility":"","ast-main-header-display":"","ast-hfb-above-header-display":"","ast-hfb-below-header-display":"","ast-hfb-mobile-header-display":"","site-post-title":"","ast-breadcrumbs-content":"","ast-featured-img":"","footer-sml-layout":"","ast-disable-related-posts":"","theme-transparent-header-meta":"default","adv-header-id-meta":"","stick-header-meta":"","header-above-stick-meta":"","header-main-stick-meta":"","header-below-stick-meta":"","astra-migrate-meta-layouts":"set","ast-page-background-enabled":"default","ast-page-background-meta":{"desktop":{"background-color":"var(--ast-global-color-5)","background-image":"","background-repeat":"repeat","background-position":"center center","background-size":"auto","background-attachment":"scroll","background-type":"","background-media":"","overlay-type":"","overlay-color":"","overlay-opacity":"","overlay-gradient":""},"tablet":{"background-color":"","background-image":"","background-repeat":"repeat","background-position":"center center","background-size":"auto","background-attachment":"scroll","background-type":"","background-media":"","overlay-type":"","overlay-color":"","overlay-opacity":"","overlay-gradient":""},"mobile":{"background-color":"","background-image":"","background-repeat":"repeat","background-position":"center center","background-size":"auto","background-attachment":"scroll","background-type":"","background-media":"","overlay-type":"","overlay-color":"","overlay-opacity":"","overlay-gradient":""}},"ast-content-background-meta":{"desktop":{"background-color":"var(--ast-global-color-4)","background-image":"","background-repeat":"repeat","background-position":"center center","background-size":"auto","background-attachment":"scroll","background-type":"","background-media":"","overlay-type":"","overlay-color":"","overlay-opacity":"","overlay-gradient":""},"tablet":{"background-color":"var(--ast-global-color-4)","background-image":"","background-repeat":"repeat","background-position":"center center","background-size":"auto","background-attachment":"scroll","background-type":"","background-media":"","overlay-type":"","overlay-color":"","overlay-opacity":"","overlay-gradient":""},"mobile":{"background-color":"var(--ast-global-color-4)","background-image":"","background-repeat":"repeat","background-position":"center center","background-size":"auto","background-attachment":"scroll","background-type":"","background-media":"","overlay-type":"","overlay-color":"","overlay-opacity":"","overlay-gradient":""}}},"product_brand":[],"product_cat":[72,90],"product_tag":[],"class_list":{"0":"post-7026","1":"product","2":"type-product","3":"status-publish","4":"has-post-thumbnail","6":"product_cat-cosmetic-packaging","7":"product_cat-refillable-perfume-bottles","8":"desktop-align-left","9":"tablet-align-left","10":"mobile-align-left","12":"first","13":"instock","14":"shipping-taxable","15":"product-type-simple"},"acf":[],"jetpack_sharing_enabled":true,"_links":{"self":[{"href":"https:\/\/theperfumebottles.com\/fi\/wp-json\/wp\/v2\/product\/7026","targetHints":{"allow":["GET"]}}],"collection":[{"href":"https:\/\/theperfumebottles.com\/fi\/wp-json\/wp\/v2\/product"}],"about":[{"href":"https:\/\/theperfumebottles.com\/fi\/wp-json\/wp\/v2\/types\/product"}],"replies":[{"embeddable":true,"href":"https:\/\/theperfumebottles.com\/fi\/wp-json\/wp\/v2\/comments?post=7026"}],"wp:featuredmedia":[{"embeddable":true,"href":"https:\/\/theperfumebottles.com\/fi\/wp-json\/wp\/v2\/media\/7027"}],"wp:attachment":[{"href":"https:\/\/theperfumebottles.com\/fi\/wp-json\/wp\/v2\/media?parent=7026"}],"wp:term":[{"taxonomy":"product_brand","embeddable":true,"href":"https:\/\/theperfumebottles.com\/fi\/wp-json\/wp\/v2\/product_brand?post=7026"},{"taxonomy":"product_cat","embeddable":true,"href":"https:\/\/theperfumebottles.com\/fi\/wp-json\/wp\/v2\/product_cat?post=7026"},{"taxonomy":"product_tag","embeddable":true,"href":"https:\/\/theperfumebottles.com\/fi\/wp-json\/wp\/v2\/product_tag?post=7026"}],"curies":[{"name":"wp","href":"https:\/\/api.w.org\/{rel}","templated":true}]}}