{"id":7031,"date":"2025-11-11T15:55:53","date_gmt":"2025-11-11T07:55:53","guid":{"rendered":"https:\/\/theperfumebottles.com\/?post_type=product&#038;p=7031"},"modified":"2025-11-11T17:29:30","modified_gmt":"2025-11-11T09:29:30","slug":"10ml-double-end-perfume-bottles-wholesaler","status":"publish","type":"product","link":"https:\/\/theperfumebottles.com\/fi\/tuote\/10ml-double-end-perfume-bottles-wholesaler\/","title":{"rendered":"10 ml:n kaksip\u00e4iset hajuvesipullot matkatuoksuille irtotavarana"},"content":{"rendered":"<p>Tyylikkyytt\u00e4si unohtamatta haluat hajuvesipurkin, joka voi suorittaa kaksi toimintoa samanaikaisesti. 10 ml:n kaksipuoliset hajuvesipullomme ovat juuri sit\u00e4, mit\u00e4 tarvitset \u2013 ne on suunniteltu kauneutta ja p\u00e4ivitt\u00e4ist\u00e4 k\u00e4tevyytt\u00e4 ajatellen. Yksi n\u00e4ist\u00e4 2-in-1-lasipulloista mullistaa tuoksukokemuksesi t\u00e4ysin ja tulet h\u00e4mm\u00e4stym\u00e4\u00e4n.<\/p>\n<h2>T\u00e4rkeimm\u00e4t tekniset tiedot<\/h2>\n<table style=\"border-collapse: collapse;width: 80%;margin-left: auto;margin-right: auto\" border=\"0\" width=\"144\" cellspacing=\"0\" cellpadding=\"0\">\n<tbody>\n<tr style=\"height: 13.50pt\">\n<td style=\"height: 13.5pt;width: 54pt;text-align: center\" width=\"72\" height=\"18\">Ominaisuus<\/td>\n<td style=\"width: 54pt;text-align: center\" width=\"72\">Tiedot<\/td>\n<\/tr>\n<tr style=\"height: 13.50pt\">\n<td style=\"height: 13.5pt;text-align: center\" height=\"18\">Kapasiteetti<\/td>\n<td style=\"text-align: center\">10 ml<\/td>\n<\/tr>\n<tr style=\"height: 13.50pt\">\n<td style=\"height: 13.5pt;text-align: center\" height=\"18\">Mitat<\/td>\n<td style=\"text-align: center\">1,9 * 10,5 cm<\/td>\n<\/tr>\n<tr style=\"height: 13.50pt\">\n<td style=\"height: 13.5pt;text-align: center\" height=\"18\">Lasivaihtoehdot<\/td>\n<td style=\"text-align: center\">Kirkas tai keltainen<\/td>\n<\/tr>\n<tr style=\"height: 13.50pt\">\n<td style=\"height: 13.5pt;text-align: center\" height=\"18\">Korkin v\u00e4rit<\/td>\n<td style=\"text-align: center\">Musta, hopea, kulta (muokattava)<\/td>\n<\/tr>\n<tr style=\"height: 13.50pt\">\n<td style=\"height: 13.5pt;text-align: center\" height=\"18\">Sumutintyypit<\/td>\n<td style=\"text-align: center\">Suihke ja roll-on (kaksi p\u00e4\u00e4t\u00e4)<\/td>\n<\/tr>\n<tr style=\"height: 13.50pt\">\n<td style=\"height: 13.5pt;text-align: center\" height=\"18\">Paras<\/td>\n<td style=\"text-align: center\">Hajuvedet, eteeriset \u00f6ljyt, vartalosuihkeet<\/td>\n<\/tr>\n<\/tbody>\n<\/table>\n<h2>Menestystapaus<\/h2>\n<p>Espanjalainen hajuvesibr\u00e4ndi otti meihin yhteytt\u00e4 personoimaan t\u00e4m\u00e4n kaksip\u00e4isen hajuvesit\u00e4ytt\u00f6pullon, jonka toinen p\u00e4\u00e4 on hienojakoinen suutin ja toinen ruostumattomasta ter\u00e4ksest\u00e4 valmistettu kuulak\u00e4rkikyn\u00e4 tarkkaa levityst\u00e4 varten. He valitsivat liukuv\u00e4rj\u00e4tyn meripihkan s\u00e4vyn ja laserkaiversivat br\u00e4ndin logon metallikorkkiin, joten heid\u00e4n minimalistinen mutta ylellinen estetiikkansa sopi heille t\u00e4ydellisesti.<\/p>\n<p>T\u00e4m\u00e4 pieni nerokas idea oli eritt\u00e4in kysytty asiakkaiden keskuudessa, ja sen seurauksena matkakokoisten tuotteiden myynti on noussut 30 % lanseerauksen j\u00e4lkeen.<\/p>\n<h2>Mukauta pulloasi<\/h2>\n<ol>\n<li><strong>Pullon v\u00e4rin mukauttaminen:<\/strong> Valitse kirkkaista, ruskeista, liukuv\u00e4reist\u00e4 tai himmeist\u00e4 t\u00f6ist\u00e4, jotka sopivat yhteen br\u00e4ndisi hajuvesilinjan tai kausittaisen teeman kanssa.<\/li>\n<li><strong>Korkin materiaali ja v\u00e4ri:<\/strong> Eri metallien, kuten galvanoidun kullan, hopean, mustan ja ruusukullan, ominaisuudet parantavat tuotteen yleist\u00e4 tasoa.<\/li>\n<li><strong>Ruiskun ja kuulap\u00e4\u00e4suuttimen yhdistelm\u00e4:<\/strong> Personoitu yksiruiskutussuutin, kaksip\u00e4inen muotoilu tai irrotettava rakenne helppoa t\u00e4ytt\u00f6\u00e4 ja monik\u00e4ytt\u00f6ist\u00e4 k\u00e4ytt\u00f6\u00e4 varten.<\/li>\n<\/ol>","protected":false},"excerpt":{"rendered":"<p>Tyylikk\u00e4\u00e4t, kaksip\u00e4iset hajuvesipullot on valmistettu kest\u00e4v\u00e4st\u00e4 2-in-1-lasipullorakenteesta, joten ne sopivat t\u00e4ydellisesti kahden tuoksun s\u00e4ilytt\u00e4miseen yhdess\u00e4 kompaktissa ja tiiviisti suljetussa s\u00e4ili\u00f6ss\u00e4.<\/p>","protected":false},"featured_media":7033,"comment_status":"open","ping_status":"closed","template":"","meta":{"_acf_changed":false,"site-sidebar-layout":"default","site-content-layout":"","ast-site-content-layout":"default","site-content-style":"default","site-sidebar-style":"default","ast-global-header-display":"","ast-banner-title-visibility":"","ast-main-header-display":"","ast-hfb-above-header-display":"","ast-hfb-below-header-display":"","ast-hfb-mobile-header-display":"","site-post-title":"","ast-breadcrumbs-content":"","ast-featured-img":"","footer-sml-layout":"","ast-disable-related-posts":"","theme-transparent-header-meta":"default","adv-header-id-meta":"","stick-header-meta":"","header-above-stick-meta":"","header-main-stick-meta":"","header-below-stick-meta":"","astra-migrate-meta-layouts":"set","ast-page-background-enabled":"default","ast-page-background-meta":{"desktop":{"background-color":"var(--ast-global-color-5)","background-image":"","background-repeat":"repeat","background-position":"center center","background-size":"auto","background-attachment":"scroll","background-type":"","background-media":"","overlay-type":"","overlay-color":"","overlay-opacity":"","overlay-gradient":""},"tablet":{"background-color":"","background-image":"","background-repeat":"repeat","background-position":"center center","background-size":"auto","background-attachment":"scroll","background-type":"","background-media":"","overlay-type":"","overlay-color":"","overlay-opacity":"","overlay-gradient":""},"mobile":{"background-color":"","background-image":"","background-repeat":"repeat","background-position":"center center","background-size":"auto","background-attachment":"scroll","background-type":"","background-media":"","overlay-type":"","overlay-color":"","overlay-opacity":"","overlay-gradient":""}},"ast-content-background-meta":{"desktop":{"background-color":"var(--ast-global-color-4)","background-image":"","background-repeat":"repeat","background-position":"center center","background-size":"auto","background-attachment":"scroll","background-type":"","background-media":"","overlay-type":"","overlay-color":"","overlay-opacity":"","overlay-gradient":""},"tablet":{"background-color":"var(--ast-global-color-4)","background-image":"","background-repeat":"repeat","background-position":"center center","background-size":"auto","background-attachment":"scroll","background-type":"","background-media":"","overlay-type":"","overlay-color":"","overlay-opacity":"","overlay-gradient":""},"mobile":{"background-color":"var(--ast-global-color-4)","background-image":"","background-repeat":"repeat","background-position":"center center","background-size":"auto","background-attachment":"scroll","background-type":"","background-media":"","overlay-type":"","overlay-color":"","overlay-opacity":"","overlay-gradient":""}}},"product_brand":[],"product_cat":[72,90,41],"product_tag":[],"class_list":{"0":"post-7031","1":"product","2":"type-product","3":"status-publish","4":"has-post-thumbnail","6":"product_cat-cosmetic-packaging","7":"product_cat-refillable-perfume-bottles","8":"product_cat-perfume-bottles","9":"desktop-align-left","10":"tablet-align-left","11":"mobile-align-left","13":"first","14":"instock","15":"shipping-taxable","16":"product-type-simple"},"acf":[],"jetpack_sharing_enabled":true,"_links":{"self":[{"href":"https:\/\/theperfumebottles.com\/fi\/wp-json\/wp\/v2\/product\/7031","targetHints":{"allow":["GET"]}}],"collection":[{"href":"https:\/\/theperfumebottles.com\/fi\/wp-json\/wp\/v2\/product"}],"about":[{"href":"https:\/\/theperfumebottles.com\/fi\/wp-json\/wp\/v2\/types\/product"}],"replies":[{"embeddable":true,"href":"https:\/\/theperfumebottles.com\/fi\/wp-json\/wp\/v2\/comments?post=7031"}],"wp:featuredmedia":[{"embeddable":true,"href":"https:\/\/theperfumebottles.com\/fi\/wp-json\/wp\/v2\/media\/7033"}],"wp:attachment":[{"href":"https:\/\/theperfumebottles.com\/fi\/wp-json\/wp\/v2\/media?parent=7031"}],"wp:term":[{"taxonomy":"product_brand","embeddable":true,"href":"https:\/\/theperfumebottles.com\/fi\/wp-json\/wp\/v2\/product_brand?post=7031"},{"taxonomy":"product_cat","embeddable":true,"href":"https:\/\/theperfumebottles.com\/fi\/wp-json\/wp\/v2\/product_cat?post=7031"},{"taxonomy":"product_tag","embeddable":true,"href":"https:\/\/theperfumebottles.com\/fi\/wp-json\/wp\/v2\/product_tag?post=7031"}],"curies":[{"name":"wp","href":"https:\/\/api.w.org\/{rel}","templated":true}]}}