{"id":7062,"date":"2025-11-20T11:41:58","date_gmt":"2025-11-20T03:41:58","guid":{"rendered":"https:\/\/theperfumebottles.com\/?post_type=product&#038;p=7062"},"modified":"2025-11-20T17:15:55","modified_gmt":"2025-11-20T09:15:55","slug":"2-in-1-spray-bottle-with-roller-ball-wholesale","status":"publish","type":"product","link":"https:\/\/theperfumebottles.com\/fi\/tuote\/2-in-1-spray-bottle-with-roller-ball-wholesale\/","title":{"rendered":"2-in-1-suihkepullo rullapallolla, tukkumyynti 10ml"},"content":{"rendered":"<p>Haluamasi hajuvesipullon ei tarvitse olla ainoastaan \u200b\u200btehokas, vaan my\u00f6s hyv\u00e4nn\u00e4k\u00f6inen. 10 ml:n lasiset pienet rullapullomme ovat juuri sit\u00e4, mit\u00e4 etsit \u2013 aito 2-in-1-suihkepullo, joka sopii t\u00e4ydellisesti tuoksulinjaasi. T\u00e4m\u00e4 lasinen hajuvesipullo saa br\u00e4ndisi ep\u00e4ilem\u00e4tt\u00e4 loistamaan, eik\u00e4 sit\u00e4 voi vastustaa.<\/p>\n<h2>T\u00e4rkeimm\u00e4t tekniset tiedot<\/h2>\n<table style=\"border-collapse: collapse;width: 80%;margin-left: auto;margin-right: auto\" border=\"0\" width=\"144\" cellspacing=\"0\" cellpadding=\"0\">\n<tbody>\n<tr style=\"height: 13.50pt\">\n<td style=\"height: 13.5pt;width: 54pt;text-align: center\" width=\"72\" height=\"18\">Ominaisuus<\/td>\n<td style=\"width: 54pt;text-align: center\" width=\"72\">Tiedot<\/td>\n<\/tr>\n<tr style=\"height: 13.50pt\">\n<td style=\"height: 13.5pt;text-align: center\" height=\"18\">Kapasiteetti<\/td>\n<td style=\"text-align: center\">10 ml<\/td>\n<\/tr>\n<tr style=\"height: 13.50pt\">\n<td style=\"height: 13.5pt;text-align: center\" height=\"18\">Mitat<\/td>\n<td style=\"text-align: center\">1,6 * 10,0 cm<\/td>\n<\/tr>\n<tr style=\"height: 13.50pt\">\n<td style=\"height: 13.5pt;text-align: center\" height=\"18\">V\u00e4rit<\/td>\n<td style=\"text-align: center\">Hopea, musta, kulta (muokattava)<\/td>\n<\/tr>\n<tr style=\"height: 13.50pt\">\n<td style=\"height: 13.5pt;text-align: center\" height=\"18\">Sumutin<\/td>\n<td style=\"text-align: center\">Ruisku ja tela (kaksip\u00e4\u00e4)<\/td>\n<\/tr>\n<tr style=\"height: 13.50pt\">\n<td style=\"height: 13.5pt;text-align: center\" height=\"18\">Paras<\/td>\n<td style=\"text-align: center\">Hajuvedet, eteeriset \u00f6ljyt, tuoksusuihkeet<\/td>\n<\/tr>\n<\/tbody>\n<\/table>\n<h2>Menestystapaus<\/h2>\n<p>Kanadalainen tuoksuyritys otti meihin yhteytt\u00e4 ja halusi kannettavan pakkausvaihtoehdon, johon mahtuisi sek\u00e4 hienojakoinen hajuvesisumute ett\u00e4 luonnollinen \u00f6ljysekoitus. Ratkaisumme oli 2-in-1-suihkepullo, jossa oli tyylik\u00e4s metallinen ulkokuori ja pieni sis\u00e4\u00e4nrakennettu lasinen roll-on-applikaattori. Pullon v\u00e4rin muokkaamisen ja suihkepumpun p\u00e4ivityksen j\u00e4lkeen miedompaa suihketta varten br\u00e4ndi julkisti matkakokoisen malliston, josta tuli heid\u00e4n myydyin lahjansa hetkess\u00e4.<\/p>\n<p>Suurten tilausten m\u00e4\u00e4r\u00e4 on noussut 40 % vain kahdessa kuukaudessa.<\/p>\n<h2>Mukauta 2-in-1-suihkepulloasi<\/h2>\n<ol>\n<li><strong>S\u00e4\u00e4dett\u00e4v\u00e4 Galvanointiv\u00e4ri:<\/strong> Valitse galvanoinnin v\u00e4ri, kuten kulta, hopea, ruusukulta, asemetalli tai jokin muu, jotta br\u00e4ndisi ilme on yhten\u00e4isempi.<\/li>\n<li><strong>Erilaisia \u200b\u200bmateriaaleja kuulalaakerille:<\/strong> Tarjoa erityyppisi\u00e4 kuulalaakereita, kuten lasia, ruostumatonta ter\u00e4st\u00e4 ja keraamista, jotta ne sopivat eteeristen \u00f6ljyjen tai hajusteiden koostumukseen.<\/li>\n<li><strong>Br\u00e4nd\u00e4ys ja koristeellinen kuvio:<\/strong> Valitsemalla silkkipainatuksen, laserkaiverruksen, kuumaleimauksen ja muita tekniikoita voit osoittaa br\u00e4ndisi ja lis\u00e4t\u00e4 br\u00e4ndin tunnettuutta.<\/li>\n<\/ol>","protected":false},"excerpt":{"rendered":"<p>Monipuolinen 2-in-1-suihkepullo ja roll-on-pallo sopivat erinomaisesti tuoksuille tai \u00f6ljyille. Toimitus suoraan tehtaalta, my\u00f6s r\u00e4\u00e4t\u00e4l\u00f6intivaihtoehdoilla. Saatavilla heti toimitukseen.<\/p>","protected":false},"featured_media":7063,"comment_status":"open","ping_status":"closed","template":"","meta":{"_acf_changed":false,"site-sidebar-layout":"default","site-content-layout":"","ast-site-content-layout":"default","site-content-style":"default","site-sidebar-style":"default","ast-global-header-display":"","ast-banner-title-visibility":"","ast-main-header-display":"","ast-hfb-above-header-display":"","ast-hfb-below-header-display":"","ast-hfb-mobile-header-display":"","site-post-title":"","ast-breadcrumbs-content":"","ast-featured-img":"","footer-sml-layout":"","ast-disable-related-posts":"","theme-transparent-header-meta":"default","adv-header-id-meta":"","stick-header-meta":"","header-above-stick-meta":"","header-main-stick-meta":"","header-below-stick-meta":"","astra-migrate-meta-layouts":"set","ast-page-background-enabled":"default","ast-page-background-meta":{"desktop":{"background-color":"var(--ast-global-color-5)","background-image":"","background-repeat":"repeat","background-position":"center center","background-size":"auto","background-attachment":"scroll","background-type":"","background-media":"","overlay-type":"","overlay-color":"","overlay-opacity":"","overlay-gradient":""},"tablet":{"background-color":"","background-image":"","background-repeat":"repeat","background-position":"center center","background-size":"auto","background-attachment":"scroll","background-type":"","background-media":"","overlay-type":"","overlay-color":"","overlay-opacity":"","overlay-gradient":""},"mobile":{"background-color":"","background-image":"","background-repeat":"repeat","background-position":"center center","background-size":"auto","background-attachment":"scroll","background-type":"","background-media":"","overlay-type":"","overlay-color":"","overlay-opacity":"","overlay-gradient":""}},"ast-content-background-meta":{"desktop":{"background-color":"var(--ast-global-color-4)","background-image":"","background-repeat":"repeat","background-position":"center center","background-size":"auto","background-attachment":"scroll","background-type":"","background-media":"","overlay-type":"","overlay-color":"","overlay-opacity":"","overlay-gradient":""},"tablet":{"background-color":"var(--ast-global-color-4)","background-image":"","background-repeat":"repeat","background-position":"center center","background-size":"auto","background-attachment":"scroll","background-type":"","background-media":"","overlay-type":"","overlay-color":"","overlay-opacity":"","overlay-gradient":""},"mobile":{"background-color":"var(--ast-global-color-4)","background-image":"","background-repeat":"repeat","background-position":"center center","background-size":"auto","background-attachment":"scroll","background-type":"","background-media":"","overlay-type":"","overlay-color":"","overlay-opacity":"","overlay-gradient":""}}},"product_brand":[],"product_cat":[72,90,41],"product_tag":[],"class_list":{"0":"post-7062","1":"product","2":"type-product","3":"status-publish","4":"has-post-thumbnail","6":"product_cat-cosmetic-packaging","7":"product_cat-refillable-perfume-bottles","8":"product_cat-perfume-bottles","9":"desktop-align-left","10":"tablet-align-left","11":"mobile-align-left","13":"first","14":"instock","15":"shipping-taxable","16":"product-type-simple"},"acf":[],"jetpack_sharing_enabled":true,"_links":{"self":[{"href":"https:\/\/theperfumebottles.com\/fi\/wp-json\/wp\/v2\/product\/7062","targetHints":{"allow":["GET"]}}],"collection":[{"href":"https:\/\/theperfumebottles.com\/fi\/wp-json\/wp\/v2\/product"}],"about":[{"href":"https:\/\/theperfumebottles.com\/fi\/wp-json\/wp\/v2\/types\/product"}],"replies":[{"embeddable":true,"href":"https:\/\/theperfumebottles.com\/fi\/wp-json\/wp\/v2\/comments?post=7062"}],"wp:featuredmedia":[{"embeddable":true,"href":"https:\/\/theperfumebottles.com\/fi\/wp-json\/wp\/v2\/media\/7063"}],"wp:attachment":[{"href":"https:\/\/theperfumebottles.com\/fi\/wp-json\/wp\/v2\/media?parent=7062"}],"wp:term":[{"taxonomy":"product_brand","embeddable":true,"href":"https:\/\/theperfumebottles.com\/fi\/wp-json\/wp\/v2\/product_brand?post=7062"},{"taxonomy":"product_cat","embeddable":true,"href":"https:\/\/theperfumebottles.com\/fi\/wp-json\/wp\/v2\/product_cat?post=7062"},{"taxonomy":"product_tag","embeddable":true,"href":"https:\/\/theperfumebottles.com\/fi\/wp-json\/wp\/v2\/product_tag?post=7062"}],"curies":[{"name":"wp","href":"https:\/\/api.w.org\/{rel}","templated":true}]}}