{"id":1827,"date":"2025-02-10T09:15:47","date_gmt":"2025-02-10T09:15:47","guid":{"rendered":"https:\/\/theperfumebottles.com\/?post_type=product&#038;p=1827"},"modified":"2025-05-29T13:08:36","modified_gmt":"2025-05-29T05:08:36","slug":"100ml-personalized-cologne-bottle","status":"publish","type":"product","link":"https:\/\/theperfumebottles.com\/fr\/produit\/100ml-personalized-cologne-bottle\/","title":{"rendered":"Flacon de Cologne personnalis\u00e9 de 100 ml avec bouchon argent\u00e9"},"content":{"rendered":"<p>Nous vous pr\u00e9sentons une bouteille de parfum personnalis\u00e9e de 100 ml (3,4 oz) qui est \u00e0 la fois \u00e9l\u00e9gante et pratique. Cette bouteille de parfum pour hommes est inspir\u00e9e d'un rectangle net, avec des lignes angulaires \u00e9l\u00e9gantes, et la collision entre le noir et le transparent montre un charme intemporel. Il y a deux couleurs \u00e0 choisir : noir apaisant et cristal transparent, et le bouchon en argent est aussi aigu que les coins du b\u00e2timent. Le corps de la bouteille en biseau scintille sous la lumi\u00e8re, le mod\u00e8le noir montre le demeanor d'un gentleman, et le mod\u00e8le cristal est aussi clair que l'ambre. Chaque c\u00f4t\u00e9 est une art visuel.<\/p>\n<h2>Principales sp\u00e9cifications du flacon d'eau de Cologne personnalis\u00e9<\/h2>\n<table style=\"border-collapse: collapse;margin-left: auto;margin-right: auto;width: 327.77pt\" border=\"0\" width=\"437\" cellspacing=\"0\" cellpadding=\"0\">\n<tbody>\n<tr style=\"height: 18.00pt\">\n<td class=\"et2\" style=\"height: 18.00pt;width: 114.00pt\" width=\"152\" height=\"24\">Num\u00e9ro de mod\u00e8le<\/td>\n<td class=\"et2\" style=\"width: 213.75pt\" width=\"285\">PB-BF03<\/td>\n<\/tr>\n<tr style=\"height: 18.00pt\">\n<td class=\"et2\" style=\"height: 18.00pt;width: 114.00pt\" width=\"152\" height=\"24\">Capacit\u00e9<\/td>\n<td class=\"et2\" style=\"width: 213.75pt\" width=\"285\">100 ml<\/td>\n<\/tr>\n<tr style=\"height: 18.00pt\">\n<td class=\"et2\" style=\"height: 18.00pt;width: 114.00pt\" width=\"152\" height=\"24\">Calibre<\/td>\n<td class=\"et2\" style=\"width: 213.75pt\" width=\"285\">15 mm<\/td>\n<\/tr>\n<tr style=\"height: 18.00pt\">\n<td class=\"et2\" style=\"height: 18.00pt;width: 114.00pt\" width=\"152\" height=\"24\">Dimensions du verre<\/td>\n<td class=\"et2\" style=\"width: 213.75pt\" width=\"285\">69mm * 32mm * 110mm<\/td>\n<\/tr>\n<tr style=\"height: 18.00pt\">\n<td class=\"et2\" style=\"height: 18.00pt;width: 114.00pt\" width=\"152\" height=\"24\">Couleur<\/td>\n<td class=\"et2\" style=\"width: 213.75pt\" width=\"285\">Transparent avec bouchon argent\u00e9<\/td>\n<\/tr>\n<tr style=\"height: 18.00pt\">\n<td class=\"et2\" style=\"height: 18.00pt;width: 114.00pt\" width=\"152\" height=\"24\">Mat\u00e9riel<\/td>\n<td class=\"et2\" style=\"width: 213.75pt\" width=\"285\">Verre cristallin de haute qualit\u00e9<\/td>\n<\/tr>\n<tr style=\"height: 18.00pt\">\n<td class=\"et2\" style=\"height: 18.00pt;width: 114.00pt\" width=\"152\" height=\"24\">Type d&#039;\u00e9tanch\u00e9it\u00e9<\/td>\n<td class=\"et2\" style=\"width: 213.75pt\" width=\"285\">Pulv\u00e9risateur \u00e0 pompe + bouchon<\/td>\n<\/tr>\n<\/tbody>\n<\/table>\n<h2>Adaptation compl\u00e8te de la sc\u00e8ne :<\/h2>\n<ul>\n<li><strong>Marque :<\/strong> Cr\u00e9er une s\u00e9rie de parfums pour hommes haut de gamme, soutenir l'engraving laser du LOGO +relief 3D de la bouteille<\/li>\n<li><strong>Grossiste :<\/strong> Adapt\u00e9 aux canaux de produits chimiques quotidiens\/centre commercial sans douane, le co\u00fbt par bouteille est de 15% inf\u00e9rieur aux produits similaires<\/li>\n<li><strong>Personnalisation priv\u00e9e :<\/strong> Des parfums th\u00e8mes de mariage aux collections priv\u00e9es, r\u00e9pondre \u00e0 diverses besoins<\/li>\n<\/ul>\n<p>Laissez cette bouteille de parfum qui combine la beaut\u00e9 et la praticit\u00e9 injecter une nouvelle vitalit\u00e9 dans votre marque. Contactez-nous maintenant pour obtenir des solutions de personnalisation exclusives et ouvrir un nouveau chapitre dans votre esth\u00e9tique olfactive !<\/p>","protected":false},"excerpt":{"rendered":"<p>Nous vous pr\u00e9sentons une bouteille de parfum personnalis\u00e9e de 100 ml (3.4 oz) qui est \u00e0 la fois \u00e9l\u00e9gante et pratique. Cette bouteille pour homme [...]<\/p>","protected":false},"featured_media":2325,"comment_status":"open","ping_status":"closed","template":"","meta":{"_acf_changed":false,"site-sidebar-layout":"default","site-content-layout":"","ast-site-content-layout":"default","site-content-style":"default","site-sidebar-style":"default","ast-global-header-display":"","ast-banner-title-visibility":"","ast-main-header-display":"","ast-hfb-above-header-display":"","ast-hfb-below-header-display":"","ast-hfb-mobile-header-display":"","site-post-title":"","ast-breadcrumbs-content":"","ast-featured-img":"","footer-sml-layout":"","ast-disable-related-posts":"","theme-transparent-header-meta":"default","adv-header-id-meta":"","stick-header-meta":"","header-above-stick-meta":"","header-main-stick-meta":"","header-below-stick-meta":"","astra-migrate-meta-layouts":"set","ast-page-background-enabled":"default","ast-page-background-meta":{"desktop":{"background-color":"var(--ast-global-color-5)","background-image":"","background-repeat":"repeat","background-position":"center center","background-size":"auto","background-attachment":"scroll","background-type":"","background-media":"","overlay-type":"","overlay-color":"","overlay-opacity":"","overlay-gradient":""},"tablet":{"background-color":"","background-image":"","background-repeat":"repeat","background-position":"center center","background-size":"auto","background-attachment":"scroll","background-type":"","background-media":"","overlay-type":"","overlay-color":"","overlay-opacity":"","overlay-gradient":""},"mobile":{"background-color":"","background-image":"","background-repeat":"repeat","background-position":"center center","background-size":"auto","background-attachment":"scroll","background-type":"","background-media":"","overlay-type":"","overlay-color":"","overlay-opacity":"","overlay-gradient":""}},"ast-content-background-meta":{"desktop":{"background-color":"var(--ast-global-color-4)","background-image":"","background-repeat":"repeat","background-position":"center center","background-size":"auto","background-attachment":"scroll","background-type":"","background-media":"","overlay-type":"","overlay-color":"","overlay-opacity":"","overlay-gradient":""},"tablet":{"background-color":"var(--ast-global-color-4)","background-image":"","background-repeat":"repeat","background-position":"center center","background-size":"auto","background-attachment":"scroll","background-type":"","background-media":"","overlay-type":"","overlay-color":"","overlay-opacity":"","overlay-gradient":""},"mobile":{"background-color":"var(--ast-global-color-4)","background-image":"","background-repeat":"repeat","background-position":"center center","background-size":"auto","background-attachment":"scroll","background-type":"","background-media":"","overlay-type":"","overlay-color":"","overlay-opacity":"","overlay-gradient":""}}},"product_brand":[],"product_cat":[41,72],"product_tag":[],"class_list":{"0":"post-1827","1":"product","2":"type-product","3":"status-publish","4":"has-post-thumbnail","6":"product_cat-perfume-bottles","7":"product_cat-cosmetic-packaging","8":"desktop-align-left","9":"tablet-align-left","10":"mobile-align-left","12":"first","13":"instock","14":"shipping-taxable","15":"product-type-simple"},"acf":[],"jetpack_sharing_enabled":true,"_links":{"self":[{"href":"https:\/\/theperfumebottles.com\/fr\/wp-json\/wp\/v2\/product\/1827","targetHints":{"allow":["GET"]}}],"collection":[{"href":"https:\/\/theperfumebottles.com\/fr\/wp-json\/wp\/v2\/product"}],"about":[{"href":"https:\/\/theperfumebottles.com\/fr\/wp-json\/wp\/v2\/types\/product"}],"replies":[{"embeddable":true,"href":"https:\/\/theperfumebottles.com\/fr\/wp-json\/wp\/v2\/comments?post=1827"}],"wp:featuredmedia":[{"embeddable":true,"href":"https:\/\/theperfumebottles.com\/fr\/wp-json\/wp\/v2\/media\/2325"}],"wp:attachment":[{"href":"https:\/\/theperfumebottles.com\/fr\/wp-json\/wp\/v2\/media?parent=1827"}],"wp:term":[{"taxonomy":"product_brand","embeddable":true,"href":"https:\/\/theperfumebottles.com\/fr\/wp-json\/wp\/v2\/product_brand?post=1827"},{"taxonomy":"product_cat","embeddable":true,"href":"https:\/\/theperfumebottles.com\/fr\/wp-json\/wp\/v2\/product_cat?post=1827"},{"taxonomy":"product_tag","embeddable":true,"href":"https:\/\/theperfumebottles.com\/fr\/wp-json\/wp\/v2\/product_tag?post=1827"}],"curies":[{"name":"wp","href":"https:\/\/api.w.org\/{rel}","templated":true}]}}