{"id":1842,"date":"2025-02-13T08:27:09","date_gmt":"2025-02-13T08:27:09","guid":{"rendered":"https:\/\/theperfumebottles.com\/?post_type=product&#038;p=1842"},"modified":"2025-05-29T15:36:33","modified_gmt":"2025-05-29T07:36:33","slug":"wholesale-30ml-glass-lotion-bottles","status":"publish","type":"product","link":"https:\/\/theperfumebottles.com\/fr\/produit\/wholesale-30ml-glass-lotion-bottles\/","title":{"rendered":"Flacons de lotion en verre de 30 ml en gros"},"content":{"rendered":"<p>Les flacons de lotion PB-RY30 (30 ml) allient esth\u00e9tique moderne et design pratique gr\u00e2ce \u00e0 leurs courbes \u00e9l\u00e9gantes et \u00e0 leur finition givr\u00e9e. Le flacon carr\u00e9 est aussi net que les lignes architecturales, et la t\u00eate de pompe noire est comme une palette silencieuse, qui peut d\u00e9verser le liquide avec pr\u00e9cision d'une l\u00e9g\u00e8re pression, en disant adieu aux probl\u00e8mes de gouttes. Qu'il soit rempli de lotion hydratante ou d'essence concentr\u00e9e, il peut prot\u00e9ger chaque goutte d'ingr\u00e9dient actif gr\u00e2ce \u00e0 une conception d'\u00e9tanch\u00e9it\u00e9 sans faille. Pour les marques qui recherchent la qualit\u00e9, c'est un contenant \u00e9l\u00e9gant qui permet de cr\u00e9er une s\u00e9rie de soins minimaliste ; pour les grossistes, c'est un choix id\u00e9al pour \u00e9quilibrer le co\u00fbt et la texture. D\u00e8s que vous d\u00e9vissez le bouchon du flacon, le parfum rafra\u00eechissant s'accompagne du bruit de la t\u00eate de pompe, transformant le temps du soin de la peau en un doux self-care.<\/p>\n<h2>Principales sp\u00e9cifications de ces flacons de lotion en verre<\/h2>\n<table style=\"border-collapse: collapse;margin-left: auto;margin-right: auto;width: 330.02pt\" border=\"0\" width=\"440\" cellspacing=\"0\" cellpadding=\"0\">\n<tbody>\n<tr style=\"height: 13.50pt\">\n<td style=\"height: 13.50pt;width: 111.00pt\" width=\"148\" height=\"18\">Num\u00e9ro de mod\u00e8le<\/td>\n<td style=\"width: 219.00pt\" width=\"292\">PB-RY30<\/td>\n<\/tr>\n<tr style=\"height: 13.50pt\">\n<td style=\"height: 13.50pt\" height=\"18\">Type d&#039;\u00e9tanch\u00e9it\u00e9<\/td>\n<td>Pulv\u00e9risateur \u00e0 pompe<\/td>\n<\/tr>\n<tr style=\"height: 13.50pt\">\n<td style=\"height: 13.50pt\" height=\"18\">Mat\u00e9riel<\/td>\n<td>Verre et PET<\/td>\n<\/tr>\n<tr style=\"height: 13.50pt\">\n<td style=\"height: 13.50pt\" height=\"18\">Usage<\/td>\n<td>Emballage cosm\u00e9tique<\/td>\n<\/tr>\n<tr style=\"height: 13.50pt\">\n<td style=\"height: 13.50pt\" height=\"18\">Couleur<\/td>\n<td>Verre transparent avec plateau noir\/blanc<\/td>\n<\/tr>\n<tr style=\"height: 13.50pt\">\n<td style=\"height: 13.50pt\" height=\"18\">Forme<\/td>\n<td>Carr\u00e9<\/td>\n<\/tr>\n<tr style=\"height: 13.50pt\">\n<td style=\"height: 13.50pt\" height=\"18\">Capacit\u00e9<\/td>\n<td>30 ml<\/td>\n<\/tr>\n<tr style=\"height: 13.50pt\">\n<td style=\"height: 13.50pt\" height=\"18\">Conditions de paiement<\/td>\n<td>30% T\/T D\u00e9p\u00f4t<\/td>\n<\/tr>\n<tr style=\"height: 13.50pt\">\n<td style=\"height: 13.50pt\" height=\"18\">Conditionnement<\/td>\n<td>Palettes et cartons en bois<\/td>\n<\/tr>\n<\/tbody>\n<\/table>\n<h2>Id\u00e9al pour divers produits cosm\u00e9tiques<\/h2>\n<p>Ce flacon-pompe de 30 ml est votre partenaire intime pour les cosm\u00e9tiques - le flacon transparent convient \u00e0 une vari\u00e9t\u00e9 de formules telles que les lotions, les essences, les huiles essentielles, etc. La forme carr\u00e9e et la t\u00eate de pompe lisse permettent un \u00e9coulement pr\u00e9cis du liquide \u00e0 chaque pression. La forme carr\u00e9e et la t\u00eate de pompe lisse permettent un \u00e9coulement pr\u00e9cis du liquide \u00e0 chaque pression. Le petit format convient aux voyages et peut \u00e9galement contenir des essais de nouveaux produits, permettant aux clients de d\u00e9couvrir facilement le charme de vos produits.<\/p>\n<h2>Faites appel \u00e0 nous pour vos besoins en mati\u00e8re d'emballage de produits cosm\u00e9tiques<\/h2>\n<p>En tant que partenaire sp\u00e9cialis\u00e9 dans l'emballage, nous proposons une gamme compl\u00e8te de solutions allant des bouteilles \u00e0 pompe en verre aux flacons pulv\u00e9risateurs. Que vous ayez besoin d'acheter en gros ou de personnaliser, l'\u00e9quipe de professionnels vous proposera la solution d'emballage la plus adapt\u00e9e. Contactez-nous d\u00e8s maintenant et laissez cette \u00e9l\u00e9gante petite bouteille injecter des solutions pratiques et \u00e9l\u00e9gantes dans vos produits !<\/p>","protected":false},"excerpt":{"rendered":"<p>Nous vous pr\u00e9sentons nos flacons de lotion en verre de qualit\u00e9 sup\u00e9rieure, un flacon-pompe \u00e9l\u00e9gant et polyvalent de 30 ml con\u00e7u pour r\u00e9pondre aux divers besoins de l'industrie cosm\u00e9tique.<\/p>","protected":false},"featured_media":1845,"comment_status":"open","ping_status":"closed","template":"","meta":{"_acf_changed":false,"site-sidebar-layout":"default","site-content-layout":"","ast-site-content-layout":"default","site-content-style":"default","site-sidebar-style":"default","ast-global-header-display":"","ast-banner-title-visibility":"","ast-main-header-display":"","ast-hfb-above-header-display":"","ast-hfb-below-header-display":"","ast-hfb-mobile-header-display":"","site-post-title":"","ast-breadcrumbs-content":"","ast-featured-img":"","footer-sml-layout":"","ast-disable-related-posts":"","theme-transparent-header-meta":"default","adv-header-id-meta":"","stick-header-meta":"","header-above-stick-meta":"","header-main-stick-meta":"","header-below-stick-meta":"","astra-migrate-meta-layouts":"set","ast-page-background-enabled":"default","ast-page-background-meta":{"desktop":{"background-color":"var(--ast-global-color-5)","background-image":"","background-repeat":"repeat","background-position":"center center","background-size":"auto","background-attachment":"scroll","background-type":"","background-media":"","overlay-type":"","overlay-color":"","overlay-opacity":"","overlay-gradient":""},"tablet":{"background-color":"","background-image":"","background-repeat":"repeat","background-position":"center center","background-size":"auto","background-attachment":"scroll","background-type":"","background-media":"","overlay-type":"","overlay-color":"","overlay-opacity":"","overlay-gradient":""},"mobile":{"background-color":"","background-image":"","background-repeat":"repeat","background-position":"center center","background-size":"auto","background-attachment":"scroll","background-type":"","background-media":"","overlay-type":"","overlay-color":"","overlay-opacity":"","overlay-gradient":""}},"ast-content-background-meta":{"desktop":{"background-color":"var(--ast-global-color-4)","background-image":"","background-repeat":"repeat","background-position":"center center","background-size":"auto","background-attachment":"scroll","background-type":"","background-media":"","overlay-type":"","overlay-color":"","overlay-opacity":"","overlay-gradient":""},"tablet":{"background-color":"var(--ast-global-color-4)","background-image":"","background-repeat":"repeat","background-position":"center center","background-size":"auto","background-attachment":"scroll","background-type":"","background-media":"","overlay-type":"","overlay-color":"","overlay-opacity":"","overlay-gradient":""},"mobile":{"background-color":"var(--ast-global-color-4)","background-image":"","background-repeat":"repeat","background-position":"center center","background-size":"auto","background-attachment":"scroll","background-type":"","background-media":"","overlay-type":"","overlay-color":"","overlay-opacity":"","overlay-gradient":""}}},"product_brand":[],"product_cat":[62,72,71],"product_tag":[87,86],"class_list":{"0":"post-1842","1":"product","2":"type-product","3":"status-publish","4":"has-post-thumbnail","6":"product_cat-cosmetic-containers","7":"product_cat-cosmetic-packaging","8":"product_cat-glass-lotion-bottles","9":"product_tag-glass-bottles","10":"product_tag-lotion-bottles","11":"desktop-align-left","12":"tablet-align-left","13":"mobile-align-left","15":"first","16":"instock","17":"shipping-taxable","18":"product-type-simple"},"acf":[],"jetpack_sharing_enabled":true,"_links":{"self":[{"href":"https:\/\/theperfumebottles.com\/fr\/wp-json\/wp\/v2\/product\/1842","targetHints":{"allow":["GET"]}}],"collection":[{"href":"https:\/\/theperfumebottles.com\/fr\/wp-json\/wp\/v2\/product"}],"about":[{"href":"https:\/\/theperfumebottles.com\/fr\/wp-json\/wp\/v2\/types\/product"}],"replies":[{"embeddable":true,"href":"https:\/\/theperfumebottles.com\/fr\/wp-json\/wp\/v2\/comments?post=1842"}],"wp:featuredmedia":[{"embeddable":true,"href":"https:\/\/theperfumebottles.com\/fr\/wp-json\/wp\/v2\/media\/1845"}],"wp:attachment":[{"href":"https:\/\/theperfumebottles.com\/fr\/wp-json\/wp\/v2\/media?parent=1842"}],"wp:term":[{"taxonomy":"product_brand","embeddable":true,"href":"https:\/\/theperfumebottles.com\/fr\/wp-json\/wp\/v2\/product_brand?post=1842"},{"taxonomy":"product_cat","embeddable":true,"href":"https:\/\/theperfumebottles.com\/fr\/wp-json\/wp\/v2\/product_cat?post=1842"},{"taxonomy":"product_tag","embeddable":true,"href":"https:\/\/theperfumebottles.com\/fr\/wp-json\/wp\/v2\/product_tag?post=1842"}],"curies":[{"name":"wp","href":"https:\/\/api.w.org\/{rel}","templated":true}]}}