{"id":1846,"date":"2025-02-13T09:27:43","date_gmt":"2025-02-13T09:27:43","guid":{"rendered":"https:\/\/theperfumebottles.com\/?post_type=product&#038;p=1846"},"modified":"2025-05-29T16:07:24","modified_gmt":"2025-05-29T08:07:24","slug":"roller-bottles-for-essential-oils","status":"publish","type":"product","link":"https:\/\/theperfumebottles.com\/fr\/produit\/roller-bottles-for-essential-oils\/","title":{"rendered":"Flacons roll-on octogonaux en verre de qualit\u00e9 sup\u00e9rieure pour huiles essentielles \u00e0 appliquer en roll-on"},"content":{"rendered":"<p>Ces flacons \u00e0 rouleau en verre PB-OC312 se distinguent par leur forme octogonale inspir\u00e9e des ar\u00eates architecturales, combinant une g\u00e9om\u00e9trie moderne avec un design fonctionnel pour les applications d'huiles essentielles.Le verre transparent refl\u00e8te une lumi\u00e8re d\u00e9licate sous la lumi\u00e8re, rendant le moment de l'utilisation du rouleau d'huiles essentielles, de parfums ou d'essences de soins de la peau plein de rituel. Qu'il soit rempli d'huiles essentielles curatives, de parfums personnalis\u00e9s ou qu'il m\u00e9lange des formules exclusives de soins de la peau, il peut prot\u00e9ger chaque goutte de liquide pr\u00e9cieux gr\u00e2ce \u00e0 un joint d'\u00e9tanch\u00e9it\u00e9 sans faille. En tant que partenaire sp\u00e9cialis\u00e9 dans l'emballage cosm\u00e9tique, nous proposons des solutions d'approvisionnement en vrac rentables, faisant de ce flacon en verre pratique et \u00e9l\u00e9gant une superbe \"\u00e9toile silencieuse\" dans votre gamme de produits.<\/p>\n<h2>Principales sp\u00e9cifications de ces flacons \u00e0 roulettes<\/h2>\n<table style=\"border-collapse: collapse;margin-left: auto;margin-right: auto;width: 522.02pt\" border=\"0\" width=\"696\" cellspacing=\"0\" cellpadding=\"0\">\n<tbody>\n<tr style=\"height: 13.50pt\">\n<td style=\"height: 13.50pt;width: 111.00pt\" width=\"148\" height=\"18\">Num\u00e9ro de mod\u00e8le<\/td>\n<td style=\"width: 411.00pt\" width=\"548\">PB-OC312<\/td>\n<\/tr>\n<tr style=\"height: 13.50pt\">\n<td style=\"height: 13.50pt\" height=\"18\">Capacit\u00e9<\/td>\n<td>3ml, 6ml, 9ml, 12ml. (personnalisable)<\/td>\n<\/tr>\n<tr style=\"height: 13.50pt\">\n<td style=\"height: 13.50pt\" height=\"18\">Couleur<\/td>\n<td>Transparent, rose (personnalisable)<\/td>\n<\/tr>\n<tr style=\"height: 13.50pt\">\n<td style=\"height: 13.50pt\" height=\"18\">Forme<\/td>\n<td>Octogonal<\/td>\n<\/tr>\n<tr style=\"height: 13.50pt\">\n<td style=\"height: 13.50pt\" height=\"18\">Mat\u00e9riels<\/td>\n<td>Corps en verre, couvercle en aluminium anodis\u00e9, boule en verre, base en plastique.<\/td>\n<\/tr>\n<tr style=\"height: 13.50pt\">\n<td style=\"height: 13.50pt\" height=\"18\">Traitement de surface<\/td>\n<td>S\u00e9rigraphie, d\u00e9poli, d\u00e9calcomanie, spray de couleur, \u00e9tiquette, etc.<\/td>\n<\/tr>\n<\/tbody>\n<\/table>\n<h2>Polyvalent<\/h2>\n<p>Ces bouteilles en verre exquises conviennent \u00e0 une vari\u00e9t\u00e9 d'applications, notamment :<\/p>\n<ul>\n<li><strong>Rouleaux aux huiles essentielles :<\/strong> Appliquer directement sur la peau, et la formule curative est au bout de vos doigts.<\/li>\n<li><strong>Compos\u00e9s aromatiques :<\/strong> De la parfumerie \u00e0 l'emballage, prot\u00e9gez la puret\u00e9 des parfums.<\/li>\n<li><strong>Parfum\/glace \u00e0 l\u00e8vres :<\/strong> Roll-on maquillage de pr\u00e9cision, soin quotidien rituel de mise \u00e0 niveau.<\/li>\n<\/ul>\n<p>Que vous ayez besoin d'un flacon d'huile essentielle ou d'autres contenants cosm\u00e9tiques, nous sommes votre solution unique - contactez-nous d\u00e8s maintenant et laissez l'\u00e9l\u00e9gant flacon ajouter un attrait commercial \u00e0 vos produits !<\/p>","protected":false},"excerpt":{"rendered":"<p>Nos bouteilles octogonales en verre sont con\u00e7ues dans un souci d'esth\u00e9tique et de fonctionnalit\u00e9.<\/p>","protected":false},"featured_media":1849,"comment_status":"open","ping_status":"closed","template":"","meta":{"_acf_changed":false,"site-sidebar-layout":"default","site-content-layout":"","ast-site-content-layout":"default","site-content-style":"default","site-sidebar-style":"default","ast-global-header-display":"","ast-banner-title-visibility":"","ast-main-header-display":"","ast-hfb-above-header-display":"","ast-hfb-below-header-display":"","ast-hfb-mobile-header-display":"","site-post-title":"","ast-breadcrumbs-content":"","ast-featured-img":"","footer-sml-layout":"","ast-disable-related-posts":"","theme-transparent-header-meta":"default","adv-header-id-meta":"","stick-header-meta":"","header-above-stick-meta":"","header-main-stick-meta":"","header-below-stick-meta":"","astra-migrate-meta-layouts":"set","ast-page-background-enabled":"default","ast-page-background-meta":{"desktop":{"background-color":"var(--ast-global-color-5)","background-image":"","background-repeat":"repeat","background-position":"center center","background-size":"auto","background-attachment":"scroll","background-type":"","background-media":"","overlay-type":"","overlay-color":"","overlay-opacity":"","overlay-gradient":""},"tablet":{"background-color":"","background-image":"","background-repeat":"repeat","background-position":"center center","background-size":"auto","background-attachment":"scroll","background-type":"","background-media":"","overlay-type":"","overlay-color":"","overlay-opacity":"","overlay-gradient":""},"mobile":{"background-color":"","background-image":"","background-repeat":"repeat","background-position":"center center","background-size":"auto","background-attachment":"scroll","background-type":"","background-media":"","overlay-type":"","overlay-color":"","overlay-opacity":"","overlay-gradient":""}},"ast-content-background-meta":{"desktop":{"background-color":"var(--ast-global-color-4)","background-image":"","background-repeat":"repeat","background-position":"center center","background-size":"auto","background-attachment":"scroll","background-type":"","background-media":"","overlay-type":"","overlay-color":"","overlay-opacity":"","overlay-gradient":""},"tablet":{"background-color":"var(--ast-global-color-4)","background-image":"","background-repeat":"repeat","background-position":"center center","background-size":"auto","background-attachment":"scroll","background-type":"","background-media":"","overlay-type":"","overlay-color":"","overlay-opacity":"","overlay-gradient":""},"mobile":{"background-color":"var(--ast-global-color-4)","background-image":"","background-repeat":"repeat","background-position":"center center","background-size":"auto","background-attachment":"scroll","background-type":"","background-media":"","overlay-type":"","overlay-color":"","overlay-opacity":"","overlay-gradient":""}}},"product_brand":[],"product_cat":[60,72,62,57],"product_tag":[88],"class_list":{"0":"post-1846","1":"product","2":"type-product","3":"status-publish","4":"has-post-thumbnail","6":"product_cat-roller-bottles","7":"product_cat-cosmetic-packaging","8":"product_cat-cosmetic-containers","9":"product_cat-essential-oil-bottles","10":"product_tag-roller-bottles","11":"desktop-align-left","12":"tablet-align-left","13":"mobile-align-left","15":"first","16":"instock","17":"shipping-taxable","18":"product-type-simple"},"acf":[],"jetpack_sharing_enabled":true,"_links":{"self":[{"href":"https:\/\/theperfumebottles.com\/fr\/wp-json\/wp\/v2\/product\/1846","targetHints":{"allow":["GET"]}}],"collection":[{"href":"https:\/\/theperfumebottles.com\/fr\/wp-json\/wp\/v2\/product"}],"about":[{"href":"https:\/\/theperfumebottles.com\/fr\/wp-json\/wp\/v2\/types\/product"}],"replies":[{"embeddable":true,"href":"https:\/\/theperfumebottles.com\/fr\/wp-json\/wp\/v2\/comments?post=1846"}],"wp:featuredmedia":[{"embeddable":true,"href":"https:\/\/theperfumebottles.com\/fr\/wp-json\/wp\/v2\/media\/1849"}],"wp:attachment":[{"href":"https:\/\/theperfumebottles.com\/fr\/wp-json\/wp\/v2\/media?parent=1846"}],"wp:term":[{"taxonomy":"product_brand","embeddable":true,"href":"https:\/\/theperfumebottles.com\/fr\/wp-json\/wp\/v2\/product_brand?post=1846"},{"taxonomy":"product_cat","embeddable":true,"href":"https:\/\/theperfumebottles.com\/fr\/wp-json\/wp\/v2\/product_cat?post=1846"},{"taxonomy":"product_tag","embeddable":true,"href":"https:\/\/theperfumebottles.com\/fr\/wp-json\/wp\/v2\/product_tag?post=1846"}],"curies":[{"name":"wp","href":"https:\/\/api.w.org\/{rel}","templated":true}]}}