{"id":1904,"date":"2025-02-17T03:43:41","date_gmt":"2025-02-17T03:43:41","guid":{"rendered":"https:\/\/theperfumebottles.com\/?post_type=product&#038;p=1904"},"modified":"2025-05-29T09:03:10","modified_gmt":"2025-05-29T01:03:10","slug":"wholesale-custom-100ml-luxury-perfume-bottles","status":"publish","type":"product","link":"https:\/\/theperfumebottles.com\/fr\/produit\/wholesale-custom-100ml-luxury-perfume-bottles\/","title":{"rendered":"Flacons de parfum de luxe personnalis\u00e9s de 100 ml en gros"},"content":{"rendered":"<p>Ces flacons de parfum de luxe en verre carr\u00e9 de 100 ml ont un design simple et moderne, un mat\u00e9riau transparent, une reconnaissance \u00e9lev\u00e9e et sont inoubliables \u00e0 premi\u00e8re vue. Le corps du flacon utilise un processus de teinture unique pour pr\u00e9senter un ton bleu-noir stratifi\u00e9. Il pr\u00e9sente une texture exceptionnelle sous la lumi\u00e8re et un effet visuel pro\u00e9minent, ce qui contribue \u00e0 renforcer l'impression de marque et le point de m\u00e9morisation. Con\u00e7u sp\u00e9cialement pour les parfums masculins modernes, il tient compte \u00e0 la fois de la beaut\u00e9 de l'apparence et de la performance pratique, aidant la marque \u00e0 v\u00e9hiculer avec pr\u00e9cision une image de marque raffin\u00e9e, sobre et \u00e9l\u00e9gante.<\/p>\n<h2>Principales sp\u00e9cifications de nos flacons de parfum de luxe<\/h2>\n<table style=\"border-collapse: collapse;margin-left: auto;margin-right: auto;width: 354.02pt\" border=\"0\" width=\"472\" cellspacing=\"0\" cellpadding=\"0\">\n<tbody>\n<tr style=\"height: 13.50pt\">\n<td style=\"height: 13.50pt;margin-left: auto;margin-right: auto;width: 130.50pt\" width=\"174\" height=\"18\">Num\u00e9ro de mod\u00e8le<\/td>\n<td style=\"width: 223.50pt\" width=\"298\">PB-BF05<\/td>\n<\/tr>\n<tr style=\"height: 13.50pt\">\n<td style=\"height: 13.50pt\" height=\"18\">Capacit\u00e9<\/td>\n<td>100 ml (3,4 oz)<\/td>\n<\/tr>\n<tr style=\"height: 13.50pt\">\n<td style=\"height: 13.50pt\" height=\"18\">Diam\u00e8tre<\/td>\n<td>15 mm<\/td>\n<\/tr>\n<tr style=\"height: 13.50pt\">\n<td style=\"height: 13.50pt\" height=\"18\">Couleur<\/td>\n<td>Verre transparent avec couvercle bleu\/noir<\/td>\n<\/tr>\n<tr style=\"height: 13.50pt\">\n<td style=\"height: 13.50pt\" height=\"18\">Taille du verre<\/td>\n<td>68mm * 36mm * 100mm<\/td>\n<\/tr>\n<tr style=\"height: 13.50pt\">\n<td style=\"height: 13.50pt\" height=\"18\">Forme<\/td>\n<td>Rectangulaire<\/td>\n<\/tr>\n<tr style=\"height: 13.50pt\">\n<td style=\"height: 13.50pt\" height=\"18\">Mat\u00e9riel<\/td>\n<td>Verre cristallin de haute qualit\u00e9<\/td>\n<\/tr>\n<\/tbody>\n<\/table>\n<h2>Sc\u00e9narios d'utilisation<\/h2>\n<p>Ce flacon de parfum bleu de 100 ml est con\u00e7u pour les parfums masculins, qu'il s'agisse d'eau de Cologne, d'apr\u00e8s-rasage ou d'eau de toilette, il peut \u00eatre facilement contr\u00f4l\u00e9. Que vous soyez un fabricant de parfums qui a besoin d'un emballage \u00e0 grande \u00e9chelle ou une marque qui cr\u00e9e des parfums exclusifs. M\u00eame pour les marques de niche ou les parfumeurs artisanaux qui recherchent une expression individuelle, il s'agit d'un choix tr\u00e8s int\u00e9ressant.<\/p>\n<h2>Pourquoi nous choisir ?<\/h2>\n<p>En tant que partenaire sp\u00e9cialis\u00e9 dans les flacons de parfum haut de gamme, nous savons que chaque flacon de parfum porte l'histoire de la marque. Le design de ce flacon pulv\u00e9risateur ne se concentre pas seulement sur l'apparence, mais accorde \u00e9galement de l'attention \u00e0 l'ad\u00e9quation avec le ton de la marque - de la texture pure du verre \u00e0 l'arc lisse du corps du flacon, chaque d\u00e9tail a \u00e9t\u00e9 poli \u00e0 plusieurs reprises, juste pour transmettre votre recherche de la qualit\u00e9 et de la beaut\u00e9. Qu'il s'agisse du toucher d\u00e9licat ou de la facilit\u00e9 d'utilisation, nous esp\u00e9rons qu'il deviendra le prolongement parfait de vos produits de parfumerie. Que vous ayez besoin d'acheter en gros ou que vous souhaitiez personnaliser un design unique, contactez-nous d\u00e8s maintenant pour nous faire part de vos id\u00e9es - laissez-nous utiliser un emballage exquis pour donner \u00e0 votre parfum une histoire plus touchante et faire en sorte que votre marque se d\u00e9marque sur le march\u00e9.<\/p>","protected":false},"excerpt":{"rendered":"<p>Nos flacons de parfum de luxe en verre de 100 ml t\u00e9moignent d'un design sophistiqu\u00e9 et d'une qualit\u00e9 sup\u00e9rieure. Dans le domaine des parfums, la bonne pr\u00e9sentation peut faire toute la diff\u00e9rence.<\/p>","protected":false},"featured_media":2335,"comment_status":"open","ping_status":"closed","template":"","meta":{"_acf_changed":false,"site-sidebar-layout":"default","site-content-layout":"","ast-site-content-layout":"default","site-content-style":"default","site-sidebar-style":"default","ast-global-header-display":"","ast-banner-title-visibility":"","ast-main-header-display":"","ast-hfb-above-header-display":"","ast-hfb-below-header-display":"","ast-hfb-mobile-header-display":"","site-post-title":"","ast-breadcrumbs-content":"","ast-featured-img":"","footer-sml-layout":"","ast-disable-related-posts":"","theme-transparent-header-meta":"default","adv-header-id-meta":"","stick-header-meta":"","header-above-stick-meta":"","header-main-stick-meta":"","header-below-stick-meta":"","astra-migrate-meta-layouts":"set","ast-page-background-enabled":"default","ast-page-background-meta":{"desktop":{"background-color":"var(--ast-global-color-5)","background-image":"","background-repeat":"repeat","background-position":"center center","background-size":"auto","background-attachment":"scroll","background-type":"","background-media":"","overlay-type":"","overlay-color":"","overlay-opacity":"","overlay-gradient":""},"tablet":{"background-color":"","background-image":"","background-repeat":"repeat","background-position":"center center","background-size":"auto","background-attachment":"scroll","background-type":"","background-media":"","overlay-type":"","overlay-color":"","overlay-opacity":"","overlay-gradient":""},"mobile":{"background-color":"","background-image":"","background-repeat":"repeat","background-position":"center center","background-size":"auto","background-attachment":"scroll","background-type":"","background-media":"","overlay-type":"","overlay-color":"","overlay-opacity":"","overlay-gradient":""}},"ast-content-background-meta":{"desktop":{"background-color":"var(--ast-global-color-4)","background-image":"","background-repeat":"repeat","background-position":"center center","background-size":"auto","background-attachment":"scroll","background-type":"","background-media":"","overlay-type":"","overlay-color":"","overlay-opacity":"","overlay-gradient":""},"tablet":{"background-color":"var(--ast-global-color-4)","background-image":"","background-repeat":"repeat","background-position":"center center","background-size":"auto","background-attachment":"scroll","background-type":"","background-media":"","overlay-type":"","overlay-color":"","overlay-opacity":"","overlay-gradient":""},"mobile":{"background-color":"var(--ast-global-color-4)","background-image":"","background-repeat":"repeat","background-position":"center center","background-size":"auto","background-attachment":"scroll","background-type":"","background-media":"","overlay-type":"","overlay-color":"","overlay-opacity":"","overlay-gradient":""}}},"product_brand":[],"product_cat":[41,72],"product_tag":[],"class_list":{"0":"post-1904","1":"product","2":"type-product","3":"status-publish","4":"has-post-thumbnail","6":"product_cat-perfume-bottles","7":"product_cat-cosmetic-packaging","8":"desktop-align-left","9":"tablet-align-left","10":"mobile-align-left","12":"first","13":"instock","14":"shipping-taxable","15":"product-type-simple"},"acf":[],"jetpack_sharing_enabled":true,"_links":{"self":[{"href":"https:\/\/theperfumebottles.com\/fr\/wp-json\/wp\/v2\/product\/1904","targetHints":{"allow":["GET"]}}],"collection":[{"href":"https:\/\/theperfumebottles.com\/fr\/wp-json\/wp\/v2\/product"}],"about":[{"href":"https:\/\/theperfumebottles.com\/fr\/wp-json\/wp\/v2\/types\/product"}],"replies":[{"embeddable":true,"href":"https:\/\/theperfumebottles.com\/fr\/wp-json\/wp\/v2\/comments?post=1904"}],"wp:featuredmedia":[{"embeddable":true,"href":"https:\/\/theperfumebottles.com\/fr\/wp-json\/wp\/v2\/media\/2335"}],"wp:attachment":[{"href":"https:\/\/theperfumebottles.com\/fr\/wp-json\/wp\/v2\/media?parent=1904"}],"wp:term":[{"taxonomy":"product_brand","embeddable":true,"href":"https:\/\/theperfumebottles.com\/fr\/wp-json\/wp\/v2\/product_brand?post=1904"},{"taxonomy":"product_cat","embeddable":true,"href":"https:\/\/theperfumebottles.com\/fr\/wp-json\/wp\/v2\/product_cat?post=1904"},{"taxonomy":"product_tag","embeddable":true,"href":"https:\/\/theperfumebottles.com\/fr\/wp-json\/wp\/v2\/product_tag?post=1904"}],"curies":[{"name":"wp","href":"https:\/\/api.w.org\/{rel}","templated":true}]}}