{"id":2550,"date":"2025-03-06T08:49:54","date_gmt":"2025-03-06T08:49:54","guid":{"rendered":"https:\/\/theperfumebottles.com\/?post_type=product&#038;p=2550"},"modified":"2025-05-29T09:15:02","modified_gmt":"2025-05-29T01:15:02","slug":"glass-perfume-bottle-50ml-with-pump","status":"publish","type":"product","link":"https:\/\/theperfumebottles.com\/fr\/produit\/glass-perfume-bottle-50ml-with-pump\/","title":{"rendered":"Flacon de parfum en verre de 50 ml avec pompe"},"content":{"rendered":"<h2>Bouteille de parfum Premium 50ml<\/h2>\n<p>Con\u00e7u pour la sophistication, notre flacon de parfum en verre de 50 ml pr\u00e9sente une forme rectangulaire \u00e9l\u00e9gante avec des lignes g\u00e9om\u00e9triques nettes et des bords lisses.Ce flacon de parfum en verre de 50 ml affiche parfaitement la couleur pure du parfum gr\u00e2ce au mat\u00e9riau en verre transparent, et le bouchon du flacon en argent est soigneusement poli, pr\u00e9sentant une touche moderne discr\u00e8te et brillante.L'embouchure du flacon adopte un design de pulv\u00e9risateur lisse, qui peut lib\u00e9rer le parfum de mani\u00e8re uniforme \u00e0 chaque pression, et il est lisse et ne se coince pas. Nous avons con\u00e7u le flacon pour qu'il soit \u00e9tanche, afin que vous et vos clients puissiez l'utiliser en toute confiance, quels que soient les cahots de la route ou les changements de temp\u00e9rature.<\/p>\n<h2>Adaptation polyvalente pour r\u00e9pondre \u00e0 des besoins divers<\/h2>\n<p>Qu'il s'agisse d'un parfum haut de gamme, d'un format de voyage, d'une \u00e9dition limit\u00e9e ou d'une huile essentielle d'aromath\u00e9rapie, d'une essence de soin de la peau, ce flacon peut facilement le prendre en charge. La petite capacit\u00e9 est pratique pour le stockage sur la coiffeuse, les \u00e9tag\u00e8res de vente au d\u00e9tail ou les bo\u00eetes-cadeaux, ce qui permet \u00e0 votre produit de se d\u00e9marquer dans n'importe quelle sc\u00e8ne.<\/p>\n<h2>Sp\u00e9cifications cl\u00e9s<\/h2>\n<table>\n<thead>\n<tr>\n<th><strong>Attribut<\/strong><\/th>\n<th><strong>D\u00e9tails<\/strong><\/th>\n<\/tr>\n<\/thead>\n<tbody>\n<tr>\n<td>Mod\u00e8le<\/td>\n<td>PB-BF07<\/td>\n<\/tr>\n<tr>\n<td>Capacit\u00e9<\/td>\n<td>50 ml<\/td>\n<\/tr>\n<tr>\n<td>Mat\u00e9riel<\/td>\n<td>Verre de cristal + m\u00e9tal + PE<\/td>\n<\/tr>\n<tr>\n<td>Dimensions<\/td>\n<td>41 * <em>30 * <\/em>107 mm<\/td>\n<\/tr>\n<tr>\n<td>Type d&#039;\u00e9tanch\u00e9it\u00e9<\/td>\n<td>T\u00eate de pulv\u00e9risation (atomiseur)<\/td>\n<\/tr>\n<tr>\n<td>Options de couleur<\/td>\n<td>Verre transparent avec bouchon argent\u00e9<\/td>\n<\/tr>\n<tr>\n<td>Personnalisation<\/td>\n<td>Gravures, impression UV, givrage, etc.<\/td>\n<\/tr>\n<\/tbody>\n<\/table>\n<h2>Am\u00e9liorez l'emballage de vos parfums<\/h2>\n<p>Cr\u00e9ez une impression durable avec ce flacon de parfum de 50 ml. Ne cherchez plus - notre usine offre un approvisionnement stable, un emballage s\u00fbr et des solutions sur mesure. Choisissez nos flacons de parfum pour r\u00e9pondre aux besoins de luxe de vos clients. Contactez-nous d\u00e8s aujourd'hui pour cr\u00e9er votre compte et demander un devis \u00e9chelonn\u00e9 !<\/p>","protected":false},"excerpt":{"rendered":"<p>Con\u00e7ue pour \u00eatre sophistiqu\u00e9e, notre <strong>Flacon de parfum en verre 50ml<\/strong>\u00a0pr\u00e9sente une forme rectangulaire \u00e9l\u00e9gante avec des lignes g\u00e9om\u00e9triques nettes et des bords lisses.<\/p>","protected":false},"featured_media":2551,"comment_status":"open","ping_status":"closed","template":"","meta":{"_acf_changed":false,"site-sidebar-layout":"default","site-content-layout":"","ast-site-content-layout":"default","site-content-style":"default","site-sidebar-style":"default","ast-global-header-display":"","ast-banner-title-visibility":"","ast-main-header-display":"","ast-hfb-above-header-display":"","ast-hfb-below-header-display":"","ast-hfb-mobile-header-display":"","site-post-title":"","ast-breadcrumbs-content":"","ast-featured-img":"","footer-sml-layout":"","ast-disable-related-posts":"","theme-transparent-header-meta":"default","adv-header-id-meta":"","stick-header-meta":"","header-above-stick-meta":"","header-main-stick-meta":"","header-below-stick-meta":"","astra-migrate-meta-layouts":"set","ast-page-background-enabled":"default","ast-page-background-meta":{"desktop":{"background-color":"var(--ast-global-color-5)","background-image":"","background-repeat":"repeat","background-position":"center center","background-size":"auto","background-attachment":"scroll","background-type":"","background-media":"","overlay-type":"","overlay-color":"","overlay-opacity":"","overlay-gradient":""},"tablet":{"background-color":"","background-image":"","background-repeat":"repeat","background-position":"center center","background-size":"auto","background-attachment":"scroll","background-type":"","background-media":"","overlay-type":"","overlay-color":"","overlay-opacity":"","overlay-gradient":""},"mobile":{"background-color":"","background-image":"","background-repeat":"repeat","background-position":"center center","background-size":"auto","background-attachment":"scroll","background-type":"","background-media":"","overlay-type":"","overlay-color":"","overlay-opacity":"","overlay-gradient":""}},"ast-content-background-meta":{"desktop":{"background-color":"var(--ast-global-color-4)","background-image":"","background-repeat":"repeat","background-position":"center center","background-size":"auto","background-attachment":"scroll","background-type":"","background-media":"","overlay-type":"","overlay-color":"","overlay-opacity":"","overlay-gradient":""},"tablet":{"background-color":"var(--ast-global-color-4)","background-image":"","background-repeat":"repeat","background-position":"center center","background-size":"auto","background-attachment":"scroll","background-type":"","background-media":"","overlay-type":"","overlay-color":"","overlay-opacity":"","overlay-gradient":""},"mobile":{"background-color":"var(--ast-global-color-4)","background-image":"","background-repeat":"repeat","background-position":"center center","background-size":"auto","background-attachment":"scroll","background-type":"","background-media":"","overlay-type":"","overlay-color":"","overlay-opacity":"","overlay-gradient":""}}},"product_brand":[],"product_cat":[72,41],"product_tag":[89],"class_list":{"0":"post-2550","1":"product","2":"type-product","3":"status-publish","4":"has-post-thumbnail","6":"product_cat-cosmetic-packaging","7":"product_cat-perfume-bottles","8":"product_tag-perfume-bottle","9":"desktop-align-left","10":"tablet-align-left","11":"mobile-align-left","13":"first","14":"instock","15":"shipping-taxable","16":"product-type-simple"},"acf":[],"jetpack_sharing_enabled":true,"_links":{"self":[{"href":"https:\/\/theperfumebottles.com\/fr\/wp-json\/wp\/v2\/product\/2550","targetHints":{"allow":["GET"]}}],"collection":[{"href":"https:\/\/theperfumebottles.com\/fr\/wp-json\/wp\/v2\/product"}],"about":[{"href":"https:\/\/theperfumebottles.com\/fr\/wp-json\/wp\/v2\/types\/product"}],"replies":[{"embeddable":true,"href":"https:\/\/theperfumebottles.com\/fr\/wp-json\/wp\/v2\/comments?post=2550"}],"wp:featuredmedia":[{"embeddable":true,"href":"https:\/\/theperfumebottles.com\/fr\/wp-json\/wp\/v2\/media\/2551"}],"wp:attachment":[{"href":"https:\/\/theperfumebottles.com\/fr\/wp-json\/wp\/v2\/media?parent=2550"}],"wp:term":[{"taxonomy":"product_brand","embeddable":true,"href":"https:\/\/theperfumebottles.com\/fr\/wp-json\/wp\/v2\/product_brand?post=2550"},{"taxonomy":"product_cat","embeddable":true,"href":"https:\/\/theperfumebottles.com\/fr\/wp-json\/wp\/v2\/product_cat?post=2550"},{"taxonomy":"product_tag","embeddable":true,"href":"https:\/\/theperfumebottles.com\/fr\/wp-json\/wp\/v2\/product_tag?post=2550"}],"curies":[{"name":"wp","href":"https:\/\/api.w.org\/{rel}","templated":true}]}}