{"id":2580,"date":"2025-03-10T07:51:08","date_gmt":"2025-03-10T07:51:08","guid":{"rendered":"https:\/\/theperfumebottles.com\/?post_type=product&#038;p=2580"},"modified":"2026-04-08T18:18:42","modified_gmt":"2026-04-08T10:18:42","slug":"custom-glass-fragrance-bottles-bulk-perfume-bottles-set","status":"publish","type":"product","link":"https:\/\/theperfumebottles.com\/fr\/produit\/custom-glass-fragrance-bottles-bulk-perfume-bottles-set\/","title":{"rendered":"Flacons de parfum en verre personnalis\u00e9s de 30 ml, 50 ml et 100 ml \u2013 Lot de flacons de parfum en gros"},"content":{"rendered":"<p>Les flacons de parfum de cette collection sont fabriqu\u00e9s en verre sodocalcique de haute clart\u00e9. De forme rectangulaire aux angles vifs et \u00e0 base \u00e9paisse, ils sont tr\u00e8s stables et r\u00e9sistants gr\u00e2ce \u00e0 cette base. Leur forme rectangulaire et leur large bouchon leur conf\u00e8rent une allure moderne et luxueuse.<\/p>\n<h2>Sp\u00e9cifications cl\u00e9s<\/h2>\n<table style=\"border-collapse: collapse; margin-left: auto; margin-right: auto; width: 80%;\" border=\"0\" width=\"618\" cellspacing=\"0\" cellpadding=\"0\">\n<tbody>\n<tr style=\"height: 19.00pt;\">\n<td class=\"et2\" style=\"height: 19.00pt; width: 117.75pt;\" width=\"157\" height=\"25\">Mod\u00e8le<\/td>\n<td class=\"et3\" style=\"width: 116.25pt;\" width=\"155\">PB-BF1201<\/td>\n<td class=\"et3\" style=\"width: 115.50pt;\" width=\"154\">PB-BF1202<\/td>\n<td class=\"et3\" style=\"width: 114.00pt;\" width=\"152\">PB-BF1203<\/td>\n<\/tr>\n<tr style=\"height: 17.25pt;\">\n<td class=\"et2\" style=\"height: 17.25pt; width: 117.75pt;\" width=\"157\" height=\"23\">Capacit\u00e9<\/td>\n<td class=\"et3\" style=\"width: 116.25pt;\" width=\"155\">30 ml<\/td>\n<td class=\"et3\" style=\"width: 115.50pt;\" width=\"154\">50 ml<\/td>\n<td class=\"et3\" style=\"width: 114.00pt;\" width=\"152\">100 ml<\/td>\n<\/tr>\n<tr style=\"height: 17.25pt;\">\n<td class=\"et2\" style=\"height: 17.25pt; width: 117.75pt;\" width=\"157\" height=\"23\">Calibre<\/td>\n<td class=\"et3\" style=\"width: 116.25pt;\" width=\"155\">15 mm<\/td>\n<td class=\"et3\" style=\"width: 115.50pt;\" width=\"154\">15 mm<\/td>\n<td class=\"et3\" style=\"width: 114.00pt;\" width=\"152\">15 mm<\/td>\n<\/tr>\n<tr style=\"height: 18.00pt;\">\n<td class=\"et2\" style=\"height: 18.00pt; width: 117.75pt;\" width=\"157\" height=\"24\">Dimensions<\/td>\n<td class=\"et3\" style=\"width: 116.25pt;\" width=\"155\">60 x 32 x 51 mm<\/td>\n<td class=\"et3\" style=\"width: 115.50pt;\" width=\"154\">75 x 35 x 58 mm<\/td>\n<td class=\"et3\" style=\"width: 114.00pt;\" width=\"152\">92 x 45 x 62 mm<\/td>\n<\/tr>\n<tr style=\"height: 17.25pt;\">\n<td class=\"et2\" style=\"height: 17.25pt; width: 117.75pt;\" width=\"157\" height=\"23\">Couleur du bonnet<\/td>\n<td class=\"et3\" style=\"width: 116.25pt;\" width=\"155\">Noir\/Rouge\/Bleu<\/td>\n<td class=\"et3\" style=\"width: 115.50pt;\" width=\"154\">Noir\/Rouge\/Bleu<\/td>\n<td class=\"et3\" style=\"width: 114.00pt;\" width=\"152\">Noir\/Rouge\/Bleu<\/td>\n<\/tr>\n<\/tbody>\n<\/table>\n<h2 data-start=\"94\" data-end=\"114\"><strong data-start=\"94\" data-end=\"114\">Bo\u00eetier de distributeur<\/strong><\/h2>\n<p>Un distributeur n\u00e9erlandais, qui s&#039;\u00e9tait procur\u00e9 chez nous il y a un an des flacons d&#039;\u00e9chantillon de parfum de 10 ml, commande d\u00e9sormais ces flacons rectangulaires en verre dans les trois formats. Gr\u00e2ce \u00e0 des techniques de pulv\u00e9risation noir mat et de marquage \u00e0 chaud, associ\u00e9es \u00e0 des bouchons assortis \u00e0 la couleur des flacons, il conf\u00e8re \u00e0 ces flacons de parfum rectangulaires une esth\u00e9tique visuelle v\u00e9ritablement luxueuse.<\/p>\n<p>Ils ont d&#039;abord command\u00e9 un conteneur de 12 m\u00e8tres de ces flacons de parfum en verre. Ils les ont vendus en magasin et en ligne. Ces nouveaux flacons, plus esth\u00e9tiques en rayon, ont donn\u00e9 une image plus haut de gamme \u00e0 la marque et leurs ventes de parfum ont augment\u00e9 de 35 % en seulement trois mois. L&#039;entreprise a tellement appr\u00e9ci\u00e9 ces flacons qu&#039;elle en a command\u00e9 davantage et a commenc\u00e9 \u00e0 les utiliser pour un plus grand nombre de ses produits.<\/p>\n<p>&nbsp;<\/p>\n<p>&nbsp;<\/p>","protected":false},"excerpt":{"rendered":"<p>Con\u00e7ues pour les marques exigeantes, nos flacons de parfum rectangulaires en verre allient sophistication et fonctionnalit\u00e9.<\/p>","protected":false},"featured_media":2584,"comment_status":"open","ping_status":"closed","template":"","meta":{"_acf_changed":false,"site-sidebar-layout":"default","site-content-layout":"","ast-site-content-layout":"default","site-content-style":"default","site-sidebar-style":"default","ast-global-header-display":"","ast-banner-title-visibility":"","ast-main-header-display":"","ast-hfb-above-header-display":"","ast-hfb-below-header-display":"","ast-hfb-mobile-header-display":"","site-post-title":"","ast-breadcrumbs-content":"","ast-featured-img":"","footer-sml-layout":"","ast-disable-related-posts":"","theme-transparent-header-meta":"default","adv-header-id-meta":"","stick-header-meta":"","header-above-stick-meta":"","header-main-stick-meta":"","header-below-stick-meta":"","astra-migrate-meta-layouts":"set","ast-page-background-enabled":"default","ast-page-background-meta":{"desktop":{"background-color":"var(--ast-global-color-5)","background-image":"","background-repeat":"repeat","background-position":"center center","background-size":"auto","background-attachment":"scroll","background-type":"","background-media":"","overlay-type":"","overlay-color":"","overlay-opacity":"","overlay-gradient":""},"tablet":{"background-color":"","background-image":"","background-repeat":"repeat","background-position":"center center","background-size":"auto","background-attachment":"scroll","background-type":"","background-media":"","overlay-type":"","overlay-color":"","overlay-opacity":"","overlay-gradient":""},"mobile":{"background-color":"","background-image":"","background-repeat":"repeat","background-position":"center center","background-size":"auto","background-attachment":"scroll","background-type":"","background-media":"","overlay-type":"","overlay-color":"","overlay-opacity":"","overlay-gradient":""}},"ast-content-background-meta":{"desktop":{"background-color":"var(--ast-global-color-4)","background-image":"","background-repeat":"repeat","background-position":"center center","background-size":"auto","background-attachment":"scroll","background-type":"","background-media":"","overlay-type":"","overlay-color":"","overlay-opacity":"","overlay-gradient":""},"tablet":{"background-color":"var(--ast-global-color-4)","background-image":"","background-repeat":"repeat","background-position":"center center","background-size":"auto","background-attachment":"scroll","background-type":"","background-media":"","overlay-type":"","overlay-color":"","overlay-opacity":"","overlay-gradient":""},"mobile":{"background-color":"var(--ast-global-color-4)","background-image":"","background-repeat":"repeat","background-position":"center center","background-size":"auto","background-attachment":"scroll","background-type":"","background-media":"","overlay-type":"","overlay-color":"","overlay-opacity":"","overlay-gradient":""}}},"product_brand":[],"product_cat":[91,72,41],"product_tag":[],"class_list":{"0":"post-2580","1":"product","2":"type-product","3":"status-publish","4":"has-post-thumbnail","6":"product_cat-custom-perfume-bottles","7":"product_cat-cosmetic-packaging","8":"product_cat-perfume-bottles","9":"desktop-align-left","10":"tablet-align-left","11":"mobile-align-left","13":"first","14":"instock","15":"shipping-taxable","16":"product-type-simple"},"acf":[],"jetpack_sharing_enabled":true,"_links":{"self":[{"href":"https:\/\/theperfumebottles.com\/fr\/wp-json\/wp\/v2\/product\/2580","targetHints":{"allow":["GET"]}}],"collection":[{"href":"https:\/\/theperfumebottles.com\/fr\/wp-json\/wp\/v2\/product"}],"about":[{"href":"https:\/\/theperfumebottles.com\/fr\/wp-json\/wp\/v2\/types\/product"}],"replies":[{"embeddable":true,"href":"https:\/\/theperfumebottles.com\/fr\/wp-json\/wp\/v2\/comments?post=2580"}],"wp:featuredmedia":[{"embeddable":true,"href":"https:\/\/theperfumebottles.com\/fr\/wp-json\/wp\/v2\/media\/2584"}],"wp:attachment":[{"href":"https:\/\/theperfumebottles.com\/fr\/wp-json\/wp\/v2\/media?parent=2580"}],"wp:term":[{"taxonomy":"product_brand","embeddable":true,"href":"https:\/\/theperfumebottles.com\/fr\/wp-json\/wp\/v2\/product_brand?post=2580"},{"taxonomy":"product_cat","embeddable":true,"href":"https:\/\/theperfumebottles.com\/fr\/wp-json\/wp\/v2\/product_cat?post=2580"},{"taxonomy":"product_tag","embeddable":true,"href":"https:\/\/theperfumebottles.com\/fr\/wp-json\/wp\/v2\/product_tag?post=2580"}],"curies":[{"name":"wp","href":"https:\/\/api.w.org\/{rel}","templated":true}]}}