{"id":2588,"date":"2025-03-10T09:12:01","date_gmt":"2025-03-10T09:12:01","guid":{"rendered":"https:\/\/theperfumebottles.com\/?post_type=product&#038;p=2588"},"modified":"2025-05-28T18:09:05","modified_gmt":"2025-05-28T10:09:05","slug":"cologne-bottles-wholesale-custom-fragrance-packaging","status":"publish","type":"product","link":"https:\/\/theperfumebottles.com\/fr\/produit\/cologne-bottles-wholesale-custom-fragrance-packaging\/","title":{"rendered":"Flacons de Cologne de 60 ml, 80 ml et 100 ml en gros"},"content":{"rendered":"<p>Id\u00e9al pour la vente en gros de flacons d'eau de Cologne, notre flacon de parfum en verre PB-BF13 est con\u00e7u pour les marques de parfum de luxe. Il pr\u00e9sente une forme rectangulaire raffin\u00e9e avec un verre de cristal \u00e9pais et transparent et un bouchon rectangulaire noir audacieux. Mesurant 53x35x116mm, ce flacon de parfum allie stabilit\u00e9 (gr\u00e2ce \u00e0 une base solide) et esth\u00e9tique moderne. La structure concave incurv\u00e9e sp\u00e9cialement con\u00e7ue sur la paroi int\u00e9rieure du flacon permet non seulement au liquide de s'\u00e9couler plus naturellement, mais conf\u00e8re \u00e9galement au flacon un niveau visuel profond. Disponible en trois contenances (60ml\/80ml\/100ml), il peut \u00eatre port\u00e9 au quotidien, en format voyage ou en \u00e9dition limit\u00e9e pour r\u00e9pondre \u00e0 vos diff\u00e9rents besoins.<\/p>\n<h2>Sp\u00e9cifications cl\u00e9s<\/h2>\n<table style=\"border-collapse: collapse;margin-left: auto;margin-right: auto;width: 384.77pt\" border=\"0\" width=\"513\" cellspacing=\"0\" cellpadding=\"0\">\n<tbody>\n<tr style=\"height: 13.50pt\">\n<td style=\"height: 13.50pt;width: 127.50pt\" width=\"170\" height=\"18\">Attribut<\/td>\n<td style=\"width: 257.25pt\" width=\"343\">D\u00e9tails<\/td>\n<\/tr>\n<tr style=\"height: 13.50pt\">\n<td style=\"height: 13.50pt\" height=\"18\">Mod\u00e8le<\/td>\n<td>PB-BF13<\/td>\n<\/tr>\n<tr style=\"height: 13.50pt\">\n<td style=\"height: 13.50pt\" height=\"18\">Options de capacit\u00e9<\/td>\n<td>60ml, 80ml, 100ml (flacon de cologne de 2 oz)<\/td>\n<\/tr>\n<tr style=\"height: 13.50pt\">\n<td style=\"height: 13.50pt\" height=\"18\">Dimensions<\/td>\n<td>53 x 35 x 116 mm<\/td>\n<\/tr>\n<tr style=\"height: 13.50pt\">\n<td style=\"height: 13.50pt\" height=\"18\">Mat\u00e9riel<\/td>\n<td>Verre de cristal, bouchon vaporisateur noir<\/td>\n<\/tr>\n<tr style=\"height: 13.50pt\">\n<td style=\"height: 13.50pt\" height=\"18\">Couleur<\/td>\n<td>Verre transparent, capuchon noir mat<\/td>\n<\/tr>\n<tr style=\"height: 13.50pt\">\n<td style=\"height: 13.50pt\" height=\"18\">Type d&#039;\u00e9tanch\u00e9it\u00e9<\/td>\n<td>Spray top<\/td>\n<\/tr>\n<\/tbody>\n<\/table>\n<h2>Applications polyvalentes pour le marquage des parfums<\/h2>\n<p>Ces flacons de parfum vides sont con\u00e7us pour l'emballage d'eau de Cologne, de parfum ou de brume parfum\u00e9e de luxe. Ils conviennent aux parfums de voyage, aux s\u00e9ries de collections limit\u00e9es ou aux coffrets de vacances. La conception universelle des parfums masculins et f\u00e9minins peut non seulement mettre en valeur la douceur des notes florales des femmes, mais aussi porter la profondeur de l'eau de Cologne des hommes. Il est particuli\u00e8rement adapt\u00e9 aux marques de parfums haut de gamme qui cherchent \u00e0 s'affranchir des fronti\u00e8res entre les sexes, r\u00e9alisant ainsi une solution \u00e9l\u00e9gante d'un seul flacon pour de multiples sc\u00e9narios.<\/p>\n<h2>S'associer \u00e0 un fabricant de confiance<\/h2>\n<p>Rehaussez votre gamme de parfums avec ces flacons de parfum en verre de qualit\u00e9 sup\u00e9rieure. Que vous ayez besoin de flacons de cologne en gros, d'un marquage personnalis\u00e9 ou de flacons pulv\u00e9risateurs de 100 ml en vrac, notre usine garantit un d\u00e9lai d'ex\u00e9cution rapide, un emballage s\u00e9curis\u00e9 et la conformit\u00e9 aux normes d'exportation. Contactez-nous d\u00e8s aujourd'hui pour cr\u00e9er un emballage de parfum personnalis\u00e9 qui captivera vos clients !<\/p>","protected":false},"excerpt":{"rendered":"<p>Con\u00e7u pour le marquage des parfums de luxe, notre flacon de parfum en verre mod\u00e8le PB-BF13 pr\u00e9sente une forme rectangulaire raffin\u00e9e avec un verre en cristal \u00e9pais et transparent et un bouchon rectangulaire noir audacieux.<\/p>","protected":false},"featured_media":2592,"comment_status":"open","ping_status":"closed","template":"","meta":{"_acf_changed":false,"site-sidebar-layout":"default","site-content-layout":"","ast-site-content-layout":"default","site-content-style":"default","site-sidebar-style":"default","ast-global-header-display":"","ast-banner-title-visibility":"","ast-main-header-display":"","ast-hfb-above-header-display":"","ast-hfb-below-header-display":"","ast-hfb-mobile-header-display":"","site-post-title":"","ast-breadcrumbs-content":"","ast-featured-img":"","footer-sml-layout":"","ast-disable-related-posts":"","theme-transparent-header-meta":"default","adv-header-id-meta":"","stick-header-meta":"","header-above-stick-meta":"","header-main-stick-meta":"","header-below-stick-meta":"","astra-migrate-meta-layouts":"set","ast-page-background-enabled":"default","ast-page-background-meta":{"desktop":{"background-color":"var(--ast-global-color-5)","background-image":"","background-repeat":"repeat","background-position":"center center","background-size":"auto","background-attachment":"scroll","background-type":"","background-media":"","overlay-type":"","overlay-color":"","overlay-opacity":"","overlay-gradient":""},"tablet":{"background-color":"","background-image":"","background-repeat":"repeat","background-position":"center center","background-size":"auto","background-attachment":"scroll","background-type":"","background-media":"","overlay-type":"","overlay-color":"","overlay-opacity":"","overlay-gradient":""},"mobile":{"background-color":"","background-image":"","background-repeat":"repeat","background-position":"center center","background-size":"auto","background-attachment":"scroll","background-type":"","background-media":"","overlay-type":"","overlay-color":"","overlay-opacity":"","overlay-gradient":""}},"ast-content-background-meta":{"desktop":{"background-color":"var(--ast-global-color-4)","background-image":"","background-repeat":"repeat","background-position":"center center","background-size":"auto","background-attachment":"scroll","background-type":"","background-media":"","overlay-type":"","overlay-color":"","overlay-opacity":"","overlay-gradient":""},"tablet":{"background-color":"var(--ast-global-color-4)","background-image":"","background-repeat":"repeat","background-position":"center center","background-size":"auto","background-attachment":"scroll","background-type":"","background-media":"","overlay-type":"","overlay-color":"","overlay-opacity":"","overlay-gradient":""},"mobile":{"background-color":"var(--ast-global-color-4)","background-image":"","background-repeat":"repeat","background-position":"center center","background-size":"auto","background-attachment":"scroll","background-type":"","background-media":"","overlay-type":"","overlay-color":"","overlay-opacity":"","overlay-gradient":""}}},"product_brand":[],"product_cat":[41,72],"product_tag":[],"class_list":{"0":"post-2588","1":"product","2":"type-product","3":"status-publish","4":"has-post-thumbnail","6":"product_cat-perfume-bottles","7":"product_cat-cosmetic-packaging","8":"desktop-align-left","9":"tablet-align-left","10":"mobile-align-left","12":"first","13":"instock","14":"shipping-taxable","15":"product-type-simple"},"acf":[],"jetpack_sharing_enabled":true,"_links":{"self":[{"href":"https:\/\/theperfumebottles.com\/fr\/wp-json\/wp\/v2\/product\/2588","targetHints":{"allow":["GET"]}}],"collection":[{"href":"https:\/\/theperfumebottles.com\/fr\/wp-json\/wp\/v2\/product"}],"about":[{"href":"https:\/\/theperfumebottles.com\/fr\/wp-json\/wp\/v2\/types\/product"}],"replies":[{"embeddable":true,"href":"https:\/\/theperfumebottles.com\/fr\/wp-json\/wp\/v2\/comments?post=2588"}],"wp:featuredmedia":[{"embeddable":true,"href":"https:\/\/theperfumebottles.com\/fr\/wp-json\/wp\/v2\/media\/2592"}],"wp:attachment":[{"href":"https:\/\/theperfumebottles.com\/fr\/wp-json\/wp\/v2\/media?parent=2588"}],"wp:term":[{"taxonomy":"product_brand","embeddable":true,"href":"https:\/\/theperfumebottles.com\/fr\/wp-json\/wp\/v2\/product_brand?post=2588"},{"taxonomy":"product_cat","embeddable":true,"href":"https:\/\/theperfumebottles.com\/fr\/wp-json\/wp\/v2\/product_cat?post=2588"},{"taxonomy":"product_tag","embeddable":true,"href":"https:\/\/theperfumebottles.com\/fr\/wp-json\/wp\/v2\/product_tag?post=2588"}],"curies":[{"name":"wp","href":"https:\/\/api.w.org\/{rel}","templated":true}]}}