{"id":2603,"date":"2025-03-11T06:35:46","date_gmt":"2025-03-11T06:35:46","guid":{"rendered":"https:\/\/theperfumebottles.com\/?post_type=product&#038;p=2603"},"modified":"2025-05-29T09:38:03","modified_gmt":"2025-05-29T01:38:03","slug":"customised-perfume-bottles-bulk-empty-fragrance-bottles","status":"publish","type":"product","link":"https:\/\/theperfumebottles.com\/fr\/produit\/customised-perfume-bottles-bulk-empty-fragrance-bottles\/","title":{"rendered":"Flacons de parfum personnalis\u00e9s de luxe \u00e0 base \u00e9paisse\u00a0: 30\u00a0ml, 50\u00a0ml, 100\u00a0ml"},"content":{"rendered":"<h2>Luxueux flacon de parfum vide pour les marques haut de gamme<\/h2>\n<p>Con\u00e7u pour les marques qui recherchent la qualit\u00e9, ce flacon de parfum rectangulaire en verre de cristal allie habilement \u00e9l\u00e9gance et praticit\u00e9. Les lignes douces du flacon, la base en verre \u00e9pais et le design du vaporisateur font de chaque utilisation un v\u00e9ritable rituel. Disponible en trois volumes de 30 ml, 50 ml et 100 ml, avec des bouchons noirs, argent\u00e9s ou transparents givr\u00e9s, il ne se contente pas de montrer la couleur pure du parfum\/de l'eau de Cologne, mais transmet \u00e9galement la personnalit\u00e9 de la marque \u00e0 travers les d\u00e9tails - qu'il s'agisse d'un parfum pour homme ou pour femme, vous pouvez trouver une fa\u00e7on unique de l'exprimer.<\/p>\n<table style=\"border-collapse: collapse;border: 0;margin-left: auto;margin-right: auto;width: 162.03pt\" border=\"0\" width=\"216\" cellspacing=\"0\" cellpadding=\"0\">\n<tbody>\n<tr style=\"height: 13.50pt;border: 0\">\n<td style=\"height: 13.50pt;width: 54.00pt\" width=\"72\" height=\"18\">\n<p><figure id=\"attachment_2605\" aria-describedby=\"caption-attachment-2605\" style=\"width: 300px\" class=\"wp-caption aligncenter\"><img fetchpriority=\"high\" decoding=\"async\" class=\"size-medium wp-image-2605\" src=\"https:\/\/theperfumebottles.com\/wp-content\/uploads\/2025\/03\/customised-perfume-bottles-bf1501-300x300.jpg\" alt=\"flacons de parfum personnalis\u00e9s\" width=\"300\" height=\"300\" srcset=\"https:\/\/theperfumebottles.com\/wp-content\/uploads\/2025\/03\/customised-perfume-bottles-bf1501-300x300.jpg 300w, https:\/\/theperfumebottles.com\/wp-content\/uploads\/2025\/03\/customised-perfume-bottles-bf1501-150x150.jpg 150w, https:\/\/theperfumebottles.com\/wp-content\/uploads\/2025\/03\/customised-perfume-bottles-bf1501-768x768.jpg 768w, https:\/\/theperfumebottles.com\/wp-content\/uploads\/2025\/03\/customised-perfume-bottles-bf1501-12x12.jpg 12w, https:\/\/theperfumebottles.com\/wp-content\/uploads\/2025\/03\/customised-perfume-bottles-bf1501-600x600.jpg 600w, https:\/\/theperfumebottles.com\/wp-content\/uploads\/2025\/03\/customised-perfume-bottles-bf1501-100x100.jpg 100w, https:\/\/theperfumebottles.com\/wp-content\/uploads\/2025\/03\/customised-perfume-bottles-bf1501.jpg 1000w\" sizes=\"(max-width: 300px) 100vw, 300px\" \/><figcaption id=\"caption-attachment-2605\" class=\"wp-caption-text\">Flacons de parfum personnalis\u00e9s 30ml<\/figcaption><\/figure><\/td>\n<td style=\"width: 54.00pt\" width=\"72\">\n<p><figure id=\"attachment_2606\" aria-describedby=\"caption-attachment-2606\" style=\"width: 300px\" class=\"wp-caption aligncenter\"><img decoding=\"async\" class=\"size-medium wp-image-2606\" src=\"https:\/\/theperfumebottles.com\/wp-content\/uploads\/2025\/03\/customised-perfume-bottles-bf1502-300x300.jpg\" alt=\"flacons de parfum personnalis\u00e9s\" width=\"300\" height=\"300\" srcset=\"https:\/\/theperfumebottles.com\/wp-content\/uploads\/2025\/03\/customised-perfume-bottles-bf1502-300x300.jpg 300w, https:\/\/theperfumebottles.com\/wp-content\/uploads\/2025\/03\/customised-perfume-bottles-bf1502-150x150.jpg 150w, https:\/\/theperfumebottles.com\/wp-content\/uploads\/2025\/03\/customised-perfume-bottles-bf1502-768x768.jpg 768w, https:\/\/theperfumebottles.com\/wp-content\/uploads\/2025\/03\/customised-perfume-bottles-bf1502-12x12.jpg 12w, https:\/\/theperfumebottles.com\/wp-content\/uploads\/2025\/03\/customised-perfume-bottles-bf1502-600x600.jpg 600w, https:\/\/theperfumebottles.com\/wp-content\/uploads\/2025\/03\/customised-perfume-bottles-bf1502-100x100.jpg 100w, https:\/\/theperfumebottles.com\/wp-content\/uploads\/2025\/03\/customised-perfume-bottles-bf1502.jpg 1000w\" sizes=\"(max-width: 300px) 100vw, 300px\" \/><figcaption id=\"caption-attachment-2606\" class=\"wp-caption-text\">Flacons de parfum personnalis\u00e9s 50ml<\/figcaption><\/figure><\/td>\n<td style=\"width: 54.00pt\" width=\"72\">\n<p><figure id=\"attachment_2608\" aria-describedby=\"caption-attachment-2608\" style=\"width: 300px\" class=\"wp-caption aligncenter\"><img decoding=\"async\" class=\"size-medium wp-image-2608\" src=\"https:\/\/theperfumebottles.com\/wp-content\/uploads\/2025\/03\/perfume-spray-bottles-bulk-bf1503-300x300.jpg\" alt=\"flacons de parfum en vrac\" width=\"300\" height=\"300\" srcset=\"https:\/\/theperfumebottles.com\/wp-content\/uploads\/2025\/03\/perfume-spray-bottles-bulk-bf1503-300x300.jpg 300w, https:\/\/theperfumebottles.com\/wp-content\/uploads\/2025\/03\/perfume-spray-bottles-bulk-bf1503-150x150.jpg 150w, https:\/\/theperfumebottles.com\/wp-content\/uploads\/2025\/03\/perfume-spray-bottles-bulk-bf1503-768x768.jpg 768w, https:\/\/theperfumebottles.com\/wp-content\/uploads\/2025\/03\/perfume-spray-bottles-bulk-bf1503-12x12.jpg 12w, https:\/\/theperfumebottles.com\/wp-content\/uploads\/2025\/03\/perfume-spray-bottles-bulk-bf1503-600x600.jpg 600w, https:\/\/theperfumebottles.com\/wp-content\/uploads\/2025\/03\/perfume-spray-bottles-bulk-bf1503-100x100.jpg 100w, https:\/\/theperfumebottles.com\/wp-content\/uploads\/2025\/03\/perfume-spray-bottles-bulk-bf1503.jpg 1000w\" sizes=\"(max-width: 300px) 100vw, 300px\" \/><figcaption id=\"caption-attachment-2608\" class=\"wp-caption-text\">Flacons de parfum personnalis\u00e9s 100ml<\/figcaption><\/figure><\/td>\n<\/tr>\n<\/tbody>\n<\/table>\n<h2>Adaptation souple aux besoins de la marque<\/h2>\n<ul>\n<li><strong>\u00c9chantillon de 30 ml :<\/strong> L\u00e9ger et portable, il convient aux essais dans les boutiques hors taxes des a\u00e9roports ou aux packs d'exp\u00e9rience client.<\/li>\n<li><strong>coffret cadeau de 50 ml :<\/strong> une capacit\u00e9 exquise, un point fort pour les cadeaux de vacances ou les parfums d'h\u00f4tels haut de gamme.<\/li>\n<li><strong>Emballage phare de 100 ml :<\/strong> sp\u00e9cifications atmosph\u00e9riques, parfaitement adapt\u00e9es aux magasins phares des marques ou aux mod\u00e8les principaux du commerce \u00e9lectronique.<\/li>\n<\/ul>\n<h2>Sp\u00e9cifications cl\u00e9s<\/h2>\n<div class=\"hyc-common-markdown__table-wrapper\">\n<table>\n<thead>\n<tr>\n<th>Mod\u00e8le<\/th>\n<th>Capacit\u00e9<\/th>\n<th>Dimensions (mm)<\/th>\n<th>Options de plafond<\/th>\n<th>Mat\u00e9riel<\/th>\n<\/tr>\n<\/thead>\n<tbody>\n<tr>\n<td>PB-BF1501<\/td>\n<td>30 ml<\/td>\n<td>51\u00d733\u00d768<\/td>\n<td>Noir, argent, givr\u00e9<\/td>\n<td>Verre cristallin<\/td>\n<\/tr>\n<tr>\n<td>PB-BF1502<\/td>\n<td>50 ml<\/td>\n<td>56\u00d737\u00d782<\/td>\n<td>Noir, argent, givr\u00e9<\/td>\n<td>Verre cristallin<\/td>\n<\/tr>\n<tr>\n<td>PB-BF1503<\/td>\n<td>100 ml<\/td>\n<td>62\u00d740\u00d7117<\/td>\n<td>Noir, argent, givr\u00e9<\/td>\n<td>Verre cristallin<\/td>\n<\/tr>\n<\/tbody>\n<\/table>\n<\/div>\n<p><em>Tous les mod\u00e8les comprennent des rampes de pulv\u00e9risation de 15 mm et des mod\u00e8les rectangulaires \u00e0 bords lisses.<\/em><\/p>\n<h2>Partenariat avec un fournisseur de flacons de parfum de premier plan<\/h2>\n<p>En tant que fabricants de flacons de parfum de confiance, nous offrons :<\/p>\n<ul>\n<li><strong>Commandes group\u00e9es\u00a0:<\/strong>\u00a0Prix comp\u00e9titifs pour les achats en gros de flacons pulv\u00e9risateurs de parfum<\/li>\n<li><strong>Mod\u00e8les sur mesure :<\/strong>\u00a0Adaptation des formes, de l'\u00e9paisseur du verre et des options de finition<\/li>\n<li><strong>D\u00e9lai d'ex\u00e9cution rapide :\u00a0<\/strong>Articles en stock pr\u00eats \u00e0 \u00eatre exp\u00e9di\u00e9s imm\u00e9diatement<\/li>\n<\/ul>\n<p>Demandez un devis d\u00e8s aujourd'hui pour explorer les possibilit\u00e9s de personnalisation des flacons de parfum ou pour passer des commandes en gros. Laissez-nous cr\u00e9er votre emballage de parfum de luxe avec pr\u00e9cision et rapidit\u00e9 !<\/p>","protected":false},"excerpt":{"rendered":"<p>Am\u00e9liorez l'emballage de vos parfums avec nos contenants rectangulaires en verre de cristal, con\u00e7us pour les marques de luxe et les commandes en vrac.<\/p>","protected":false},"featured_media":2606,"comment_status":"open","ping_status":"closed","template":"","meta":{"_acf_changed":false,"site-sidebar-layout":"default","site-content-layout":"","ast-site-content-layout":"default","site-content-style":"default","site-sidebar-style":"default","ast-global-header-display":"","ast-banner-title-visibility":"","ast-main-header-display":"","ast-hfb-above-header-display":"","ast-hfb-below-header-display":"","ast-hfb-mobile-header-display":"","site-post-title":"","ast-breadcrumbs-content":"","ast-featured-img":"","footer-sml-layout":"","ast-disable-related-posts":"","theme-transparent-header-meta":"default","adv-header-id-meta":"","stick-header-meta":"","header-above-stick-meta":"","header-main-stick-meta":"","header-below-stick-meta":"","astra-migrate-meta-layouts":"set","ast-page-background-enabled":"default","ast-page-background-meta":{"desktop":{"background-color":"var(--ast-global-color-5)","background-image":"","background-repeat":"repeat","background-position":"center center","background-size":"auto","background-attachment":"scroll","background-type":"","background-media":"","overlay-type":"","overlay-color":"","overlay-opacity":"","overlay-gradient":""},"tablet":{"background-color":"","background-image":"","background-repeat":"repeat","background-position":"center center","background-size":"auto","background-attachment":"scroll","background-type":"","background-media":"","overlay-type":"","overlay-color":"","overlay-opacity":"","overlay-gradient":""},"mobile":{"background-color":"","background-image":"","background-repeat":"repeat","background-position":"center center","background-size":"auto","background-attachment":"scroll","background-type":"","background-media":"","overlay-type":"","overlay-color":"","overlay-opacity":"","overlay-gradient":""}},"ast-content-background-meta":{"desktop":{"background-color":"var(--ast-global-color-4)","background-image":"","background-repeat":"repeat","background-position":"center center","background-size":"auto","background-attachment":"scroll","background-type":"","background-media":"","overlay-type":"","overlay-color":"","overlay-opacity":"","overlay-gradient":""},"tablet":{"background-color":"var(--ast-global-color-4)","background-image":"","background-repeat":"repeat","background-position":"center center","background-size":"auto","background-attachment":"scroll","background-type":"","background-media":"","overlay-type":"","overlay-color":"","overlay-opacity":"","overlay-gradient":""},"mobile":{"background-color":"var(--ast-global-color-4)","background-image":"","background-repeat":"repeat","background-position":"center center","background-size":"auto","background-attachment":"scroll","background-type":"","background-media":"","overlay-type":"","overlay-color":"","overlay-opacity":"","overlay-gradient":""}}},"product_brand":[],"product_cat":[41,72,91],"product_tag":[],"class_list":{"0":"post-2603","1":"product","2":"type-product","3":"status-publish","4":"has-post-thumbnail","6":"product_cat-perfume-bottles","7":"product_cat-cosmetic-packaging","8":"product_cat-custom-perfume-bottles","9":"desktop-align-left","10":"tablet-align-left","11":"mobile-align-left","13":"first","14":"instock","15":"shipping-taxable","16":"product-type-simple"},"acf":[],"jetpack_sharing_enabled":true,"_links":{"self":[{"href":"https:\/\/theperfumebottles.com\/fr\/wp-json\/wp\/v2\/product\/2603","targetHints":{"allow":["GET"]}}],"collection":[{"href":"https:\/\/theperfumebottles.com\/fr\/wp-json\/wp\/v2\/product"}],"about":[{"href":"https:\/\/theperfumebottles.com\/fr\/wp-json\/wp\/v2\/types\/product"}],"replies":[{"embeddable":true,"href":"https:\/\/theperfumebottles.com\/fr\/wp-json\/wp\/v2\/comments?post=2603"}],"wp:featuredmedia":[{"embeddable":true,"href":"https:\/\/theperfumebottles.com\/fr\/wp-json\/wp\/v2\/media\/2606"}],"wp:attachment":[{"href":"https:\/\/theperfumebottles.com\/fr\/wp-json\/wp\/v2\/media?parent=2603"}],"wp:term":[{"taxonomy":"product_brand","embeddable":true,"href":"https:\/\/theperfumebottles.com\/fr\/wp-json\/wp\/v2\/product_brand?post=2603"},{"taxonomy":"product_cat","embeddable":true,"href":"https:\/\/theperfumebottles.com\/fr\/wp-json\/wp\/v2\/product_cat?post=2603"},{"taxonomy":"product_tag","embeddable":true,"href":"https:\/\/theperfumebottles.com\/fr\/wp-json\/wp\/v2\/product_tag?post=2603"}],"curies":[{"name":"wp","href":"https:\/\/api.w.org\/{rel}","templated":true}]}}