{"id":2622,"date":"2025-03-12T06:50:06","date_gmt":"2025-03-12T06:50:06","guid":{"rendered":"https:\/\/theperfumebottles.com\/?post_type=product&#038;p=2622"},"modified":"2025-05-30T09:44:39","modified_gmt":"2025-05-30T01:44:39","slug":"25ml-silver-topped-mini-fragrance-bottles","status":"publish","type":"product","link":"https:\/\/theperfumebottles.com\/fr\/produit\/25ml-silver-topped-mini-fragrance-bottles\/","title":{"rendered":"Mini flacons de parfum de 25 ml avec bouchon argent\u00e9"},"content":{"rendered":"<p>Ce flacon de parfum rectangulaire en verre de 25 ml pr\u00e9sente un design \u00e9l\u00e9gant et une finition soign\u00e9e, sp\u00e9cialement con\u00e7us pour les marques modernes haut de gamme. Le verre cristallin transparent avec des bords biseaut\u00e9s a une apparence simple et soign\u00e9e et une sensation confortable. Le bouchon vaporisateur noir ou transparent et le bouchon de bouteille argent\u00e9 sont simples et \u00e9l\u00e9gants. Le petit corps du flacon et le goulot de 13 mm sont faciles \u00e0 transporter et \u00e0 int\u00e9grer dans divers emballages haut de gamme.Convient pour le parfum, l'eau de Cologne ou le parfum personnalis\u00e9, pour les hommes et les femmes.<\/p>\n<h2>Un choix \u00e9l\u00e9gant pour les voyages, un partenaire de qualit\u00e9 pour les marques<\/h2>\n<p>Ce mini flacon de parfum est compact et portable, parfait pour les voyages, les coffrets d'essai ou les colognes personnalis\u00e9s. Son aspect sophistiqu\u00e9 rehaussera les coffrets cadeaux, les bo\u00eetes d'abonnement et les pr\u00e9sentoirs. Il convient \u00e9galement aux cadeaux parfum\u00e9s personnalis\u00e9s pour les promotions, les mariages ou les \u00e9v\u00e9nements.<\/p>\n<h2>Sp\u00e9cifications cl\u00e9s<\/h2>\n<div class=\"hyc-common-markdown__table-wrapper\">\n<table>\n<thead>\n<tr>\n<th>Param\u00e8tre<\/th>\n<th>D\u00e9tail<\/th>\n<\/tr>\n<\/thead>\n<tbody>\n<tr>\n<td>Mod\u00e8le<\/td>\n<td>PB-BF1801<\/td>\n<\/tr>\n<tr>\n<td>Capacit\u00e9<\/td>\n<td>25 ml<\/td>\n<\/tr>\n<tr>\n<td>Dimensions<\/td>\n<td>52x21x68mm<\/td>\n<\/tr>\n<tr>\n<td>Mat\u00e9riel<\/td>\n<td>Verre cristallin de haute qualit\u00e9<\/td>\n<\/tr>\n<tr>\n<td>Options de plafond<\/td>\n<td>Noir, Transparent, Silver Top<\/td>\n<\/tr>\n<tr>\n<td>Type d&#039;\u00e9tanch\u00e9it\u00e9<\/td>\n<td>Spray Top<\/td>\n<\/tr>\n<tr>\n<td>Forme<\/td>\n<td>Rectangulaire avec bords biseaut\u00e9s<\/td>\n<\/tr>\n<\/tbody>\n<\/table>\n<\/div>\n<h2>Travailler avec des fournisseurs de confiance<\/h2>\n<p>En tant que fabricant professionnel de flacons de parfum, nous nous engageons \u00e0 fournir une gamme compl\u00e8te de services de soutien aux grossistes et aux marques :<\/p>\n<ul>\n<li><strong>Approvisionnement pr\u00eat \u00e0 l'emploi :<\/strong> de prendre en charge les commandes de gros volumes et les livraisons rapides.<\/li>\n<li><strong>Personnalisation personnalis\u00e9e\u00a0:<\/strong> forme de la bouteille, couleur, m\u00e9thode de fermeture et processus de gla\u00e7age personnalisables.<\/li>\n<li><strong>Support d'emballage :<\/strong> Nous pouvons \u00e9galement vous aider \u00e0 concevoir des emballages ! Nous sommes heureux de cr\u00e9er une solution d'emballage unique pour vous.<\/li>\n<\/ul>\n<p>Vous souhaitez personnaliser un flacon de parfum unique ? N'h\u00e9sitez pas \u00e0 nous contacter ! Choisissez-nous pour rendre votre parfum plus \u00e9l\u00e9gant.<\/p>","protected":false},"excerpt":{"rendered":"<p>D\u00e9couvrez d'\u00e9l\u00e9gants mini-flacons de parfum de 25 ml \u00e0 bouchon argent\u00e9 - des emballages de parfum en verre de premi\u00e8re qualit\u00e9 pour les marques. Commandes en gros et conceptions personnalis\u00e9es disponibles.<\/p>","protected":false},"featured_media":2625,"comment_status":"open","ping_status":"closed","template":"","meta":{"_acf_changed":false,"site-sidebar-layout":"default","site-content-layout":"","ast-site-content-layout":"default","site-content-style":"default","site-sidebar-style":"default","ast-global-header-display":"","ast-banner-title-visibility":"","ast-main-header-display":"","ast-hfb-above-header-display":"","ast-hfb-below-header-display":"","ast-hfb-mobile-header-display":"","site-post-title":"","ast-breadcrumbs-content":"","ast-featured-img":"","footer-sml-layout":"","ast-disable-related-posts":"","theme-transparent-header-meta":"default","adv-header-id-meta":"","stick-header-meta":"","header-above-stick-meta":"","header-main-stick-meta":"","header-below-stick-meta":"","astra-migrate-meta-layouts":"set","ast-page-background-enabled":"default","ast-page-background-meta":{"desktop":{"background-color":"var(--ast-global-color-5)","background-image":"","background-repeat":"repeat","background-position":"center center","background-size":"auto","background-attachment":"scroll","background-type":"","background-media":"","overlay-type":"","overlay-color":"","overlay-opacity":"","overlay-gradient":""},"tablet":{"background-color":"","background-image":"","background-repeat":"repeat","background-position":"center center","background-size":"auto","background-attachment":"scroll","background-type":"","background-media":"","overlay-type":"","overlay-color":"","overlay-opacity":"","overlay-gradient":""},"mobile":{"background-color":"","background-image":"","background-repeat":"repeat","background-position":"center center","background-size":"auto","background-attachment":"scroll","background-type":"","background-media":"","overlay-type":"","overlay-color":"","overlay-opacity":"","overlay-gradient":""}},"ast-content-background-meta":{"desktop":{"background-color":"var(--ast-global-color-4)","background-image":"","background-repeat":"repeat","background-position":"center center","background-size":"auto","background-attachment":"scroll","background-type":"","background-media":"","overlay-type":"","overlay-color":"","overlay-opacity":"","overlay-gradient":""},"tablet":{"background-color":"var(--ast-global-color-4)","background-image":"","background-repeat":"repeat","background-position":"center center","background-size":"auto","background-attachment":"scroll","background-type":"","background-media":"","overlay-type":"","overlay-color":"","overlay-opacity":"","overlay-gradient":""},"mobile":{"background-color":"var(--ast-global-color-4)","background-image":"","background-repeat":"repeat","background-position":"center center","background-size":"auto","background-attachment":"scroll","background-type":"","background-media":"","overlay-type":"","overlay-color":"","overlay-opacity":"","overlay-gradient":""}}},"product_brand":[],"product_cat":[41,72,74],"product_tag":[84],"class_list":{"0":"post-2622","1":"product","2":"type-product","3":"status-publish","4":"has-post-thumbnail","6":"product_cat-perfume-bottles","7":"product_cat-cosmetic-packaging","8":"product_cat-mini-perfume-bottles","9":"product_tag-fragrance-bottles","10":"desktop-align-left","11":"tablet-align-left","12":"mobile-align-left","14":"first","15":"instock","16":"shipping-taxable","17":"product-type-simple"},"acf":[],"jetpack_sharing_enabled":true,"_links":{"self":[{"href":"https:\/\/theperfumebottles.com\/fr\/wp-json\/wp\/v2\/product\/2622","targetHints":{"allow":["GET"]}}],"collection":[{"href":"https:\/\/theperfumebottles.com\/fr\/wp-json\/wp\/v2\/product"}],"about":[{"href":"https:\/\/theperfumebottles.com\/fr\/wp-json\/wp\/v2\/types\/product"}],"replies":[{"embeddable":true,"href":"https:\/\/theperfumebottles.com\/fr\/wp-json\/wp\/v2\/comments?post=2622"}],"wp:featuredmedia":[{"embeddable":true,"href":"https:\/\/theperfumebottles.com\/fr\/wp-json\/wp\/v2\/media\/2625"}],"wp:attachment":[{"href":"https:\/\/theperfumebottles.com\/fr\/wp-json\/wp\/v2\/media?parent=2622"}],"wp:term":[{"taxonomy":"product_brand","embeddable":true,"href":"https:\/\/theperfumebottles.com\/fr\/wp-json\/wp\/v2\/product_brand?post=2622"},{"taxonomy":"product_cat","embeddable":true,"href":"https:\/\/theperfumebottles.com\/fr\/wp-json\/wp\/v2\/product_cat?post=2622"},{"taxonomy":"product_tag","embeddable":true,"href":"https:\/\/theperfumebottles.com\/fr\/wp-json\/wp\/v2\/product_tag?post=2622"}],"curies":[{"name":"wp","href":"https:\/\/api.w.org\/{rel}","templated":true}]}}