{"id":2696,"date":"2025-03-14T09:32:49","date_gmt":"2025-03-14T09:32:49","guid":{"rendered":"https:\/\/theperfumebottles.com\/?post_type=product&#038;p=2696"},"modified":"2025-05-27T10:50:16","modified_gmt":"2025-05-27T02:50:16","slug":"50ml-100ml-empty-perfume-spray-bottles","status":"publish","type":"product","link":"https:\/\/theperfumebottles.com\/fr\/produit\/50ml-100ml-empty-perfume-spray-bottles\/","title":{"rendered":"Flacons de parfum vides de 50 ml et 100 ml"},"content":{"rendered":"<p>Ces flacons vides de parfum sont sp\u00e9cialement con\u00e7us pour les marques qui recherchent la haute qualit\u00e9. Fabriqu\u00e9 en verre de cristal de haute qualit\u00e9, le flacon adopte un design rectangulaire l\u00e9g\u00e8rement biseaut\u00e9 avec des lignes \u00e9pur\u00e9es. Le flacon transparent peut parfaitement mettre en valeur la couleur du parfum ou de l'eau de Cologne, rendant chaque goutte de parfum pleine d'attrait visuel. Avec un bouchon en m\u00e9tal bleu ou un bouchon noir mat, il est non seulement polyvalent dans son style, mais il a aussi un temp\u00e9rament unique. La base en verre \u00e9pais est stable et solide, et elle donne une impression de calme et de luxe dans la main, ce qui convient parfaitement aux s\u00e9ries de parfums haut de gamme ou de niche.<\/p>\n<h2>Choix id\u00e9al pour la cr\u00e9ation de parfums exclusifs<\/h2>\n<p>Que vous cr\u00e9iez une nouvelle marque ou que vous lanciez une s\u00e9rie limit\u00e9e de parfums, ces bouteilles vides sont des partenaires d'emballage id\u00e9aux. La surface lisse de la bouteille permet une vari\u00e9t\u00e9 de m\u00e9thodes de personnalisation telles que l'impression, la gravure ou l'\u00e9tiquetage, vous aidant ainsi \u00e0 pr\u00e9senter facilement la personnalit\u00e9 de votre marque.<\/p>\n<h2>Principales sp\u00e9cifications : Pr\u00e9cision et qualit\u00e9<\/h2>\n<div class=\"hyc-common-markdown__table-wrapper\">\n<table>\n<thead>\n<tr>\n<th>\u200b<strong>Sp\u00e9cification<\/strong><\/th>\n<th>\u200b<strong>D\u00e9tails<\/strong><\/th>\n<\/tr>\n<\/thead>\n<tbody>\n<tr>\n<td>\u200b<strong>Mod\u00e8les<\/strong><\/td>\n<td>PB-BF1802 (50ml), PB-BF1803 (100ml)<\/td>\n<\/tr>\n<tr>\n<td>\u200b<strong>Dimensions<\/strong><\/td>\n<td>70 * 27 * 84 mm (50ml), 95 * 30 * 109 mm (100ml)<\/td>\n<\/tr>\n<tr>\n<td>\u200b<strong>Options de plafond<\/strong><\/td>\n<td>Capuchon m\u00e9tallique bleu, Capuchon PE noir mat<\/td>\n<\/tr>\n<tr>\n<td>\u200b<strong>Forme<\/strong><\/td>\n<td>Rectangulaire avec des bords l\u00e9g\u00e8rement biseaut\u00e9s<\/td>\n<\/tr>\n<tr>\n<td>\u200b<strong>Mat\u00e9riel<\/strong><\/td>\n<td>Verre cristallin de haute qualit\u00e9<\/td>\n<\/tr>\n<tr>\n<td>\u200b<strong>Type d&#039;\u00e9tanch\u00e9it\u00e9<\/strong><\/td>\n<td>Spray top<\/td>\n<\/tr>\n<\/tbody>\n<\/table>\n<\/div>\n<h2>Am\u00e9liorez votre marque gr\u00e2ce \u00e0 un emballage de qualit\u00e9 sup\u00e9rieure<\/h2>\n<p>Vous souhaitez donner plus de style \u00e0 votre s\u00e9rie de parfums ? Nous proposons deux contenances, 50 ml et 100 ml, et la couleur du bouchon du flacon peut \u00eatre librement choisie en fonction du style de la marque. Nous prenons en charge les commandes en vrac, assurons un approvisionnement stable et contribuons \u00e0 la croissance de la marque.<\/p>\n<p>N'h\u00e9sitez pas \u00e0 contacter notre usine \u00e0 tout moment pour cr\u00e9er ensemble votre propre emballage de parfum exclusif - en commen\u00e7ant par un flacon, pour rendre la marque plus chaleureuse.<\/p>","protected":false},"excerpt":{"rendered":"<p>Nos vaporisateurs de parfum vides sont con\u00e7us pour rehausser l'emballage de vos parfums avec une esth\u00e9tique moderne et raffin\u00e9e.<\/p>","protected":false},"featured_media":2697,"comment_status":"open","ping_status":"closed","template":"","meta":{"_acf_changed":false,"site-sidebar-layout":"default","site-content-layout":"","ast-site-content-layout":"default","site-content-style":"default","site-sidebar-style":"default","ast-global-header-display":"","ast-banner-title-visibility":"","ast-main-header-display":"","ast-hfb-above-header-display":"","ast-hfb-below-header-display":"","ast-hfb-mobile-header-display":"","site-post-title":"","ast-breadcrumbs-content":"","ast-featured-img":"","footer-sml-layout":"","ast-disable-related-posts":"","theme-transparent-header-meta":"default","adv-header-id-meta":"","stick-header-meta":"","header-above-stick-meta":"","header-main-stick-meta":"","header-below-stick-meta":"","astra-migrate-meta-layouts":"set","ast-page-background-enabled":"default","ast-page-background-meta":{"desktop":{"background-color":"var(--ast-global-color-5)","background-image":"","background-repeat":"repeat","background-position":"center center","background-size":"auto","background-attachment":"scroll","background-type":"","background-media":"","overlay-type":"","overlay-color":"","overlay-opacity":"","overlay-gradient":""},"tablet":{"background-color":"","background-image":"","background-repeat":"repeat","background-position":"center center","background-size":"auto","background-attachment":"scroll","background-type":"","background-media":"","overlay-type":"","overlay-color":"","overlay-opacity":"","overlay-gradient":""},"mobile":{"background-color":"","background-image":"","background-repeat":"repeat","background-position":"center center","background-size":"auto","background-attachment":"scroll","background-type":"","background-media":"","overlay-type":"","overlay-color":"","overlay-opacity":"","overlay-gradient":""}},"ast-content-background-meta":{"desktop":{"background-color":"var(--ast-global-color-4)","background-image":"","background-repeat":"repeat","background-position":"center center","background-size":"auto","background-attachment":"scroll","background-type":"","background-media":"","overlay-type":"","overlay-color":"","overlay-opacity":"","overlay-gradient":""},"tablet":{"background-color":"var(--ast-global-color-4)","background-image":"","background-repeat":"repeat","background-position":"center center","background-size":"auto","background-attachment":"scroll","background-type":"","background-media":"","overlay-type":"","overlay-color":"","overlay-opacity":"","overlay-gradient":""},"mobile":{"background-color":"var(--ast-global-color-4)","background-image":"","background-repeat":"repeat","background-position":"center center","background-size":"auto","background-attachment":"scroll","background-type":"","background-media":"","overlay-type":"","overlay-color":"","overlay-opacity":"","overlay-gradient":""}}},"product_brand":[],"product_cat":[72,41],"product_tag":[],"class_list":{"0":"post-2696","1":"product","2":"type-product","3":"status-publish","4":"has-post-thumbnail","6":"product_cat-cosmetic-packaging","7":"product_cat-perfume-bottles","8":"desktop-align-left","9":"tablet-align-left","10":"mobile-align-left","12":"first","13":"instock","14":"shipping-taxable","15":"product-type-simple"},"acf":[],"jetpack_sharing_enabled":true,"_links":{"self":[{"href":"https:\/\/theperfumebottles.com\/fr\/wp-json\/wp\/v2\/product\/2696","targetHints":{"allow":["GET"]}}],"collection":[{"href":"https:\/\/theperfumebottles.com\/fr\/wp-json\/wp\/v2\/product"}],"about":[{"href":"https:\/\/theperfumebottles.com\/fr\/wp-json\/wp\/v2\/types\/product"}],"replies":[{"embeddable":true,"href":"https:\/\/theperfumebottles.com\/fr\/wp-json\/wp\/v2\/comments?post=2696"}],"wp:featuredmedia":[{"embeddable":true,"href":"https:\/\/theperfumebottles.com\/fr\/wp-json\/wp\/v2\/media\/2697"}],"wp:attachment":[{"href":"https:\/\/theperfumebottles.com\/fr\/wp-json\/wp\/v2\/media?parent=2696"}],"wp:term":[{"taxonomy":"product_brand","embeddable":true,"href":"https:\/\/theperfumebottles.com\/fr\/wp-json\/wp\/v2\/product_brand?post=2696"},{"taxonomy":"product_cat","embeddable":true,"href":"https:\/\/theperfumebottles.com\/fr\/wp-json\/wp\/v2\/product_cat?post=2696"},{"taxonomy":"product_tag","embeddable":true,"href":"https:\/\/theperfumebottles.com\/fr\/wp-json\/wp\/v2\/product_tag?post=2696"}],"curies":[{"name":"wp","href":"https:\/\/api.w.org\/{rel}","templated":true}]}}