{"id":2729,"date":"2025-03-17T06:08:29","date_gmt":"2025-03-17T06:08:29","guid":{"rendered":"https:\/\/theperfumebottles.com\/?post_type=product&#038;p=2729"},"modified":"2025-05-30T10:04:54","modified_gmt":"2025-05-30T02:04:54","slug":"little-perfume-bottles-empty-mini-containers-wholesale","status":"publish","type":"product","link":"https:\/\/theperfumebottles.com\/fr\/produit\/little-perfume-bottles-empty-mini-containers-wholesale\/","title":{"rendered":"Flacons de parfum de 25 ml \u2013 Mini-contenants vides en gros"},"content":{"rendered":"<p>Ce mini flacon de parfum de 25 ml est con\u00e7u pour les marques qui recherchent la qualit\u00e9. Il est \u00e0 la fois \u00e0 la mode et pratique et d\u00e9gage une texture l\u00e9g\u00e8re et luxueuse en toute simplicit\u00e9. Ce mini flacon de parfum de 25 ml est disponible avec des bouchons de trois couleurs : or champagne, argent miroir et noir mat, adapt\u00e9s \u00e0 diff\u00e9rents styles de marque. Le corps transparent du flacon montre clairement la couleur du parfum, et le design innovant de la buse rend la pulv\u00e9risation d\u00e9licate et r\u00e9guli\u00e8re, et il est facile \u00e0 utiliser d'une seule main. Le design de luxe moderne et l\u00e9ger + les d\u00e9tails exquis sont id\u00e9aux pour la personnalisation de la marque et les achats en vrac.<\/p>\n<h2>Des applications polyvalentes : De l'\u00e9chantillonnage aux collections de luxe<\/h2>\n<p>Ce mini flacon de parfum est comme un majordome personnel dans votre poche - qu'il s'agisse d'un parfum de voyage, d'une eau de Cologne en \u00e9dition limit\u00e9e ou d'un ensemble de parfums haut de gamme, il est parfait. De la taille d'une paume de main (41x25x77 mm), il peut facilement contenir le parfum tendre des femmes ou le souffle calme des hommes. Il convient mieux comme touche finale d'un coffret cadeau de mariage ou d'un ensemble de marque.<\/p>\n<h2>Sp\u00e9cifications cl\u00e9s<\/h2>\n<div class=\"hyc-common-markdown__table-wrapper\">\n<table>\n<thead>\n<tr>\n<th>Param\u00e8tre<\/th>\n<th>D\u00e9tail<\/th>\n<\/tr>\n<\/thead>\n<tbody>\n<tr>\n<td>Mod\u00e8le<\/td>\n<td>PB-BF1901<\/td>\n<\/tr>\n<tr>\n<td>Capacit\u00e9<\/td>\n<td>25 ml<\/td>\n<\/tr>\n<tr>\n<td>Dimensions<\/td>\n<td>41mm x 25mm x 77mm<\/td>\n<\/tr>\n<tr>\n<td>Couleurs des casquettes<\/td>\n<td>Or poli, argent, noir mat<\/td>\n<\/tr>\n<tr>\n<td>Mat\u00e9riel<\/td>\n<td>Verre cristallin de haute qualit\u00e9<\/td>\n<\/tr>\n<tr>\n<td>Type de fermeture<\/td>\n<td>Spray Top<\/td>\n<\/tr>\n<tr>\n<td>Options personnalis\u00e9es<\/td>\n<td>Gravure, \u00e9tiquettes, finition givr\u00e9e<\/td>\n<\/tr>\n<\/tbody>\n<\/table>\n<\/div>\n<h2>Des solutions compl\u00e8tes pour votre marque<\/h2>\n<p>En tant que fabricant de flacons de parfum de confiance, nous offrons une flexibilit\u00e9 pour les commandes en vrac et des articles en stock pour un approvisionnement rapide. Que vous ayez besoin de flacons de parfum vides en gros ou d'emballages de parfum personnalis\u00e9s, notre usine fournit des solutions compl\u00e8tes - des formes et des couleurs aux fermetures et aux accessoires.<\/p>\n<h2>Agissez d\u00e8s aujourd'hui :<\/h2>\n<ul>\n<li>Demande d'\u00e9chantillons gratuits<\/li>\n<li>Explorer les options de finition personnalis\u00e9es<\/li>\n<li>Achetez en gros avec emballage de marque<\/li>\n<\/ul>\n<p>Rehaussez votre gamme de parfums avec un contenant de qualit\u00e9 sup\u00e9rieure qui refl\u00e8te la sophistication de votre marque. Contactez-nous d\u00e8s maintenant pour cr\u00e9er une collection intemporelle de flacons pulv\u00e9risateurs de parfum !<\/p>","protected":false},"excerpt":{"rendered":"<p>Con\u00e7us pour les marques exigeantes, ces petits flacons de parfum de 25 ml allient un design \u00e9l\u00e9gant \u00e0 une fonctionnalit\u00e9 de premier ordre.<\/p>","protected":false},"featured_media":2733,"comment_status":"open","ping_status":"closed","template":"","meta":{"_acf_changed":false,"site-sidebar-layout":"default","site-content-layout":"","ast-site-content-layout":"default","site-content-style":"default","site-sidebar-style":"default","ast-global-header-display":"","ast-banner-title-visibility":"","ast-main-header-display":"","ast-hfb-above-header-display":"","ast-hfb-below-header-display":"","ast-hfb-mobile-header-display":"","site-post-title":"","ast-breadcrumbs-content":"","ast-featured-img":"","footer-sml-layout":"","ast-disable-related-posts":"","theme-transparent-header-meta":"default","adv-header-id-meta":"","stick-header-meta":"","header-above-stick-meta":"","header-main-stick-meta":"","header-below-stick-meta":"","astra-migrate-meta-layouts":"set","ast-page-background-enabled":"default","ast-page-background-meta":{"desktop":{"background-color":"var(--ast-global-color-5)","background-image":"","background-repeat":"repeat","background-position":"center center","background-size":"auto","background-attachment":"scroll","background-type":"","background-media":"","overlay-type":"","overlay-color":"","overlay-opacity":"","overlay-gradient":""},"tablet":{"background-color":"","background-image":"","background-repeat":"repeat","background-position":"center center","background-size":"auto","background-attachment":"scroll","background-type":"","background-media":"","overlay-type":"","overlay-color":"","overlay-opacity":"","overlay-gradient":""},"mobile":{"background-color":"","background-image":"","background-repeat":"repeat","background-position":"center center","background-size":"auto","background-attachment":"scroll","background-type":"","background-media":"","overlay-type":"","overlay-color":"","overlay-opacity":"","overlay-gradient":""}},"ast-content-background-meta":{"desktop":{"background-color":"var(--ast-global-color-4)","background-image":"","background-repeat":"repeat","background-position":"center center","background-size":"auto","background-attachment":"scroll","background-type":"","background-media":"","overlay-type":"","overlay-color":"","overlay-opacity":"","overlay-gradient":""},"tablet":{"background-color":"var(--ast-global-color-4)","background-image":"","background-repeat":"repeat","background-position":"center center","background-size":"auto","background-attachment":"scroll","background-type":"","background-media":"","overlay-type":"","overlay-color":"","overlay-opacity":"","overlay-gradient":""},"mobile":{"background-color":"var(--ast-global-color-4)","background-image":"","background-repeat":"repeat","background-position":"center center","background-size":"auto","background-attachment":"scroll","background-type":"","background-media":"","overlay-type":"","overlay-color":"","overlay-opacity":"","overlay-gradient":""}}},"product_brand":[],"product_cat":[72,74,41],"product_tag":[],"class_list":{"0":"post-2729","1":"product","2":"type-product","3":"status-publish","4":"has-post-thumbnail","6":"product_cat-cosmetic-packaging","7":"product_cat-mini-perfume-bottles","8":"product_cat-perfume-bottles","9":"desktop-align-left","10":"tablet-align-left","11":"mobile-align-left","13":"first","14":"instock","15":"shipping-taxable","16":"product-type-simple"},"acf":[],"jetpack_sharing_enabled":true,"_links":{"self":[{"href":"https:\/\/theperfumebottles.com\/fr\/wp-json\/wp\/v2\/product\/2729","targetHints":{"allow":["GET"]}}],"collection":[{"href":"https:\/\/theperfumebottles.com\/fr\/wp-json\/wp\/v2\/product"}],"about":[{"href":"https:\/\/theperfumebottles.com\/fr\/wp-json\/wp\/v2\/types\/product"}],"replies":[{"embeddable":true,"href":"https:\/\/theperfumebottles.com\/fr\/wp-json\/wp\/v2\/comments?post=2729"}],"wp:featuredmedia":[{"embeddable":true,"href":"https:\/\/theperfumebottles.com\/fr\/wp-json\/wp\/v2\/media\/2733"}],"wp:attachment":[{"href":"https:\/\/theperfumebottles.com\/fr\/wp-json\/wp\/v2\/media?parent=2729"}],"wp:term":[{"taxonomy":"product_brand","embeddable":true,"href":"https:\/\/theperfumebottles.com\/fr\/wp-json\/wp\/v2\/product_brand?post=2729"},{"taxonomy":"product_cat","embeddable":true,"href":"https:\/\/theperfumebottles.com\/fr\/wp-json\/wp\/v2\/product_cat?post=2729"},{"taxonomy":"product_tag","embeddable":true,"href":"https:\/\/theperfumebottles.com\/fr\/wp-json\/wp\/v2\/product_tag?post=2729"}],"curies":[{"name":"wp","href":"https:\/\/api.w.org\/{rel}","templated":true}]}}