{"id":2795,"date":"2025-03-20T08:59:46","date_gmt":"2025-03-20T08:59:46","guid":{"rendered":"https:\/\/theperfumebottles.com\/?post_type=product&#038;p=2795"},"modified":"2026-04-07T16:06:36","modified_gmt":"2026-04-07T08:06:36","slug":"custom-luxury-crystal-perfume-bottle-wholesale","status":"publish","type":"product","link":"https:\/\/theperfumebottles.com\/fr\/produit\/custom-luxury-crystal-perfume-bottle-wholesale\/","title":{"rendered":"Flacon de parfum de luxe en cristal personnalis\u00e9 de 100 ml, vente en gros"},"content":{"rendered":"<p>Le flacon de parfum en cristal r\u00e9v\u00e8le sa structure cubique gr\u00e2ce \u00e0 sa conception en verre transparent. Le bouchon se compose de deux parties distinctes\u00a0: une bague m\u00e9tallique chrom\u00e9e brillante qui int\u00e8gre le vaporisateur et un capuchon en cristal taill\u00e9.<\/p>\n<h2>Caract\u00e9ristiques<\/h2>\n<div>\n<table class=\"aligncenter\" style=\"border-collapse: collapse; width: 300.77pt;\" border=\"0\" width=\"401\" cellspacing=\"0\" cellpadding=\"0\">\n<tbody>\n<tr style=\"height: 13.50pt;\">\n<td style=\"height: 13.50pt; width: 88.50pt;\" width=\"118\" height=\"18\">Fonctionnalit\u00e9<\/td>\n<td style=\"width: 212.25pt;\" width=\"283\">D\u00e9tails<\/td>\n<\/tr>\n<tr style=\"height: 13.50pt;\">\n<td style=\"height: 13.50pt;\" height=\"18\">Capacit\u00e9<\/td>\n<td>100 ml (3,4 oz)<\/td>\n<\/tr>\n<tr style=\"height: 13.50pt;\">\n<td style=\"height: 13.50pt;\" height=\"18\">Mat\u00e9riel<\/td>\n<td>Verre cristal, capuchon argent\u00e9 en acrylique<\/td>\n<\/tr>\n<tr style=\"height: 13.50pt;\">\n<td style=\"height: 13.50pt;\" height=\"18\">Dimensions<\/td>\n<td>57\u00d757\u00d769 mm (forme carr\u00e9e)<\/td>\n<\/tr>\n<tr style=\"height: 13.50pt;\">\n<td style=\"height: 13.50pt;\" height=\"18\">Personnalisation<\/td>\n<td>Gravure, d\u00e9polissage, impression UV<\/td>\n<\/tr>\n<tr style=\"height: 13.50pt;\">\n<td style=\"height: 13.50pt;\" height=\"18\">Quantit\u00e9 minimale de commande<\/td>\n<td>Tarifs d\u00e9gressifs comp\u00e9titifs disponibles<\/td>\n<\/tr>\n<tr style=\"height: 13.50pt;\">\n<td style=\"height: 13.50pt;\" height=\"18\">Exp\u00e9dition<\/td>\n<td>Soutien logistique mondial<\/td>\n<\/tr>\n<\/tbody>\n<\/table>\n<\/div>\n<h2>Histoire \u00e0 succ\u00e8s<\/h2>\n<p>Cette marque de parfums fran\u00e7aise a choisi un flacon de parfum en cristal ancien et a command\u00e9 un flacon sur mesure en verre gris fum\u00e9, orn\u00e9 d&#039;un d\u00e9cor int\u00e9rieur dor\u00e9. Ce flacon personnalis\u00e9 a rencontr\u00e9 un vif succ\u00e8s, son design vintage en cristal ayant fortement s\u00e9duit les clients, ce qui a entra\u00een\u00e9 une hausse de 300 % des pr\u00e9commandes aupr\u00e8s de la client\u00e8le existante. La qualit\u00e9 sup\u00e9rieure des mat\u00e9riaux et le poids du flacon ont \u00e9galement conduit \u00e0 une augmentation de 120 % du prix de ce parfum de luxe. Fort de ce succ\u00e8s, la marque a command\u00e9 580\u00a0000 flacons pour le lancement de sa prochaine collection de parfums vintage.<\/p>\n<h2>Suggestions de personnalisation pour flacons de parfum en cristal ancien<\/h2>\n<ul>\n<li>Le pr\u00e9sentoir sup\u00e9rieur propose de multiples options, notamment diff\u00e9rents types de pierres pr\u00e9cieuses, des cristaux color\u00e9s et des d\u00e9corations en verre personnalis\u00e9es qui suivent le motif exclusif de la marque.<\/li>\n<li>Les options de finition m\u00e9tallique pour la bague de la pompe comprennent quatre finitions \u00e9labor\u00e9es : plaquage or 24 carats, or rose, rhodium noir et argent antique.<\/li>\n<li>L&#039;ornement magn\u00e9tique sup\u00e9rieur est dot\u00e9 d&#039;une pi\u00e8ce sup\u00e9rieure en cristal qui se fixe aux surfaces gr\u00e2ce \u00e0 un m\u00e9canisme s\u00fbr et confortable.<\/li>\n<\/ul>","protected":false},"excerpt":{"rendered":"<p>Pour les marques et les grossistes qui cherchent \u00e0 s\u00e9duire une client\u00e8le exigeante, le flacon de parfum en cristal de 100 ml allie une \u00e9l\u00e9gance intemporelle \u00e0 une fonctionnalit\u00e9 moderne.<\/p>","protected":false},"featured_media":2798,"comment_status":"open","ping_status":"closed","template":"","meta":{"_acf_changed":false,"site-sidebar-layout":"default","site-content-layout":"","ast-site-content-layout":"default","site-content-style":"default","site-sidebar-style":"default","ast-global-header-display":"","ast-banner-title-visibility":"","ast-main-header-display":"","ast-hfb-above-header-display":"","ast-hfb-below-header-display":"","ast-hfb-mobile-header-display":"","site-post-title":"","ast-breadcrumbs-content":"","ast-featured-img":"","footer-sml-layout":"","ast-disable-related-posts":"","theme-transparent-header-meta":"default","adv-header-id-meta":"","stick-header-meta":"","header-above-stick-meta":"","header-main-stick-meta":"","header-below-stick-meta":"","astra-migrate-meta-layouts":"set","ast-page-background-enabled":"default","ast-page-background-meta":{"desktop":{"background-color":"var(--ast-global-color-5)","background-image":"","background-repeat":"repeat","background-position":"center center","background-size":"auto","background-attachment":"scroll","background-type":"","background-media":"","overlay-type":"","overlay-color":"","overlay-opacity":"","overlay-gradient":""},"tablet":{"background-color":"","background-image":"","background-repeat":"repeat","background-position":"center center","background-size":"auto","background-attachment":"scroll","background-type":"","background-media":"","overlay-type":"","overlay-color":"","overlay-opacity":"","overlay-gradient":""},"mobile":{"background-color":"","background-image":"","background-repeat":"repeat","background-position":"center center","background-size":"auto","background-attachment":"scroll","background-type":"","background-media":"","overlay-type":"","overlay-color":"","overlay-opacity":"","overlay-gradient":""}},"ast-content-background-meta":{"desktop":{"background-color":"var(--ast-global-color-4)","background-image":"","background-repeat":"repeat","background-position":"center center","background-size":"auto","background-attachment":"scroll","background-type":"","background-media":"","overlay-type":"","overlay-color":"","overlay-opacity":"","overlay-gradient":""},"tablet":{"background-color":"var(--ast-global-color-4)","background-image":"","background-repeat":"repeat","background-position":"center center","background-size":"auto","background-attachment":"scroll","background-type":"","background-media":"","overlay-type":"","overlay-color":"","overlay-opacity":"","overlay-gradient":""},"mobile":{"background-color":"var(--ast-global-color-4)","background-image":"","background-repeat":"repeat","background-position":"center center","background-size":"auto","background-attachment":"scroll","background-type":"","background-media":"","overlay-type":"","overlay-color":"","overlay-opacity":"","overlay-gradient":""}}},"product_brand":[],"product_cat":[91,72,41],"product_tag":[],"class_list":{"0":"post-2795","1":"product","2":"type-product","3":"status-publish","4":"has-post-thumbnail","6":"product_cat-custom-perfume-bottles","7":"product_cat-cosmetic-packaging","8":"product_cat-perfume-bottles","9":"desktop-align-left","10":"tablet-align-left","11":"mobile-align-left","13":"first","14":"instock","15":"shipping-taxable","16":"product-type-simple"},"acf":[],"jetpack_sharing_enabled":true,"_links":{"self":[{"href":"https:\/\/theperfumebottles.com\/fr\/wp-json\/wp\/v2\/product\/2795","targetHints":{"allow":["GET"]}}],"collection":[{"href":"https:\/\/theperfumebottles.com\/fr\/wp-json\/wp\/v2\/product"}],"about":[{"href":"https:\/\/theperfumebottles.com\/fr\/wp-json\/wp\/v2\/types\/product"}],"replies":[{"embeddable":true,"href":"https:\/\/theperfumebottles.com\/fr\/wp-json\/wp\/v2\/comments?post=2795"}],"wp:featuredmedia":[{"embeddable":true,"href":"https:\/\/theperfumebottles.com\/fr\/wp-json\/wp\/v2\/media\/2798"}],"wp:attachment":[{"href":"https:\/\/theperfumebottles.com\/fr\/wp-json\/wp\/v2\/media?parent=2795"}],"wp:term":[{"taxonomy":"product_brand","embeddable":true,"href":"https:\/\/theperfumebottles.com\/fr\/wp-json\/wp\/v2\/product_brand?post=2795"},{"taxonomy":"product_cat","embeddable":true,"href":"https:\/\/theperfumebottles.com\/fr\/wp-json\/wp\/v2\/product_cat?post=2795"},{"taxonomy":"product_tag","embeddable":true,"href":"https:\/\/theperfumebottles.com\/fr\/wp-json\/wp\/v2\/product_tag?post=2795"}],"curies":[{"name":"wp","href":"https:\/\/api.w.org\/{rel}","templated":true}]}}