{"id":2801,"date":"2025-03-21T02:08:59","date_gmt":"2025-03-21T02:08:59","guid":{"rendered":"https:\/\/theperfumebottles.com\/?post_type=product&#038;p=2801"},"modified":"2026-04-08T15:16:34","modified_gmt":"2026-04-08T07:16:34","slug":"perfume-square-bottles-for-wholesale-custom-packaging","status":"publish","type":"product","link":"https:\/\/theperfumebottles.com\/fr\/produit\/perfume-square-bottles-for-wholesale-custom-packaging\/","title":{"rendered":"Flacons carr\u00e9s de parfum de 100 ml disponibles en gros et en emballage personnalis\u00e9"},"content":{"rendered":"<p>Sublimez votre gamme de parfums avec notre flacon carr\u00e9 PB-FZ02. Ce flacon est fabriqu\u00e9 en cristal ultra-clair \u00e0 parois \u00e9paisses. Son bouchon carr\u00e9 noir poli rehausse la forme prismatique rectangulaire classique, lui conf\u00e9rant une \u00e9l\u00e9gance discr\u00e8te.<\/p>\n<h2>Sp\u00e9cifications techniques<\/h2>\n<div>\n<table class=\"aligncenter\" style=\"border-collapse: collapse; width: 318.77pt;\" border=\"0\" width=\"425\" cellspacing=\"0\" cellpadding=\"0\">\n<tbody>\n<tr style=\"height: 13.50pt;\">\n<td style=\"height: 13.50pt; width: 124.50pt;\" width=\"166\" height=\"18\">Fonctionnalit\u00e9<\/td>\n<td style=\"width: 194.25pt;\" width=\"259\">D\u00e9tail<\/td>\n<\/tr>\n<tr style=\"height: 13.50pt;\">\n<td style=\"height: 13.50pt;\" height=\"18\">Mod\u00e8le<\/td>\n<td>PB-FZ02<\/td>\n<\/tr>\n<tr style=\"height: 13.50pt;\">\n<td style=\"height: 13.50pt;\" height=\"18\">Mat\u00e9riel<\/td>\n<td>Verre cristallin<\/td>\n<\/tr>\n<tr style=\"height: 13.50pt;\">\n<td style=\"height: 13.50pt;\" height=\"18\">Capacit\u00e9<\/td>\n<td>100 ml (3,4 oz)<\/td>\n<\/tr>\n<tr style=\"height: 13.50pt;\">\n<td style=\"height: 13.50pt;\" height=\"18\">Dimensions<\/td>\n<td>52 \u00d7 52 \u00d7 103 mm<\/td>\n<\/tr>\n<tr style=\"height: 13.50pt;\">\n<td style=\"height: 13.50pt;\" height=\"18\">Capuchon<\/td>\n<td>Couvercle carr\u00e9 noir mat<\/td>\n<\/tr>\n<tr style=\"height: 13.50pt;\">\n<td style=\"height: 13.50pt;\" height=\"18\">Options de couleur<\/td>\n<td>Transparent (couleurs personnalisables)<\/td>\n<\/tr>\n<tr style=\"height: 13.50pt;\">\n<td style=\"height: 13.50pt;\" height=\"18\">Personnalisation<\/td>\n<td>Logo, gravure, options de finition<\/td>\n<\/tr>\n<tr style=\"height: 13.50pt;\">\n<td style=\"height: 13.50pt;\" height=\"18\">Disponibilit\u00e9 des \u00e9chantillons<\/td>\n<td>Fourni<\/td>\n<\/tr>\n<tr style=\"height: 13.50pt;\">\n<td style=\"height: 13.50pt;\" height=\"18\">Commande minimale<\/td>\n<td>Adapt\u00e9 aux ventes en gros<\/td>\n<\/tr>\n<\/tbody>\n<\/table>\n<\/div>\n<h2>Succ\u00e8s\u00a0: La gamme de produits embl\u00e9matique d\u2019une marque minimaliste new-yorkaise<\/h2>\n<p>La marque de parfums minimaliste new-yorkaise a choisi notre packaging carr\u00e9 personnalis\u00e9, comprenant un flacon mat d\u00e9poli et un logo blanc s\u00e9rigraphi\u00e9. Ce design \u00e9pur\u00e9 et minimaliste a permis d&#039;accro\u00eetre de 50 % la notori\u00e9t\u00e9 de la marque lors de tests \u00e0 l&#039;aveugle en rayon. La marque a ainsi affirm\u00e9 son style unique gr\u00e2ce \u00e0 ce design minimaliste, ce qui lui a permis de tripler ses interactions sur les r\u00e9seaux sociaux. Fort de ce succ\u00e8s, elle a pass\u00e9 une commande suppl\u00e9mentaire de 550\u00a0000 flacons de parfum pour lancer une nouvelle gamme de parfums d&#039;int\u00e9rieur et de bougies parfum\u00e9es.<\/p>\n<h2>Suggestions de personnalisation pour les flacons pulv\u00e9risateurs de 100 ml en gros<\/h2>\n<ul>\n<li>Le m\u00e9canisme de pulv\u00e9risation haut de gamme comprend plusieurs pompes de pulv\u00e9risation de haute qualit\u00e9 dot\u00e9es de diff\u00e9rents mod\u00e8les de buses, notamment des options plates et convexes, tout en produisant diff\u00e9rents niveaux de d\u00e9bit de pulv\u00e9risation.<\/li>\n<li>La forme rectangulaire du flacon permet aux utilisateurs de cr\u00e9er diff\u00e9rentes options de taille, notamment des flacons de 30 ml, 50 ml et 200 ml.<\/li>\n<li>Les traitements de surface sp\u00e9ciaux offrent aux utilisateurs la possibilit\u00e9 de choisir entre une d\u00e9coration \u00e0 la feuille d&#039;or appliqu\u00e9e \u00e0 la main et un rev\u00eatement sp\u00e9cial.<\/li>\n<\/ul>","protected":false},"excerpt":{"rendered":"<p>Flacons de parfum carr\u00e9s en verre de 100 ml de qualit\u00e9 sup\u00e9rieure, disponibles en gros et avec emballage personnalis\u00e9. Durables, personnalisables et id\u00e9aux pour les marques de parfums de luxe.<\/p>","protected":false},"featured_media":2803,"comment_status":"open","ping_status":"closed","template":"","meta":{"_acf_changed":false,"site-sidebar-layout":"default","site-content-layout":"","ast-site-content-layout":"default","site-content-style":"default","site-sidebar-style":"default","ast-global-header-display":"","ast-banner-title-visibility":"","ast-main-header-display":"","ast-hfb-above-header-display":"","ast-hfb-below-header-display":"","ast-hfb-mobile-header-display":"","site-post-title":"","ast-breadcrumbs-content":"","ast-featured-img":"","footer-sml-layout":"","ast-disable-related-posts":"","theme-transparent-header-meta":"default","adv-header-id-meta":"","stick-header-meta":"","header-above-stick-meta":"","header-main-stick-meta":"","header-below-stick-meta":"","astra-migrate-meta-layouts":"set","ast-page-background-enabled":"default","ast-page-background-meta":{"desktop":{"background-color":"var(--ast-global-color-5)","background-image":"","background-repeat":"repeat","background-position":"center center","background-size":"auto","background-attachment":"scroll","background-type":"","background-media":"","overlay-type":"","overlay-color":"","overlay-opacity":"","overlay-gradient":""},"tablet":{"background-color":"","background-image":"","background-repeat":"repeat","background-position":"center center","background-size":"auto","background-attachment":"scroll","background-type":"","background-media":"","overlay-type":"","overlay-color":"","overlay-opacity":"","overlay-gradient":""},"mobile":{"background-color":"","background-image":"","background-repeat":"repeat","background-position":"center center","background-size":"auto","background-attachment":"scroll","background-type":"","background-media":"","overlay-type":"","overlay-color":"","overlay-opacity":"","overlay-gradient":""}},"ast-content-background-meta":{"desktop":{"background-color":"var(--ast-global-color-4)","background-image":"","background-repeat":"repeat","background-position":"center center","background-size":"auto","background-attachment":"scroll","background-type":"","background-media":"","overlay-type":"","overlay-color":"","overlay-opacity":"","overlay-gradient":""},"tablet":{"background-color":"var(--ast-global-color-4)","background-image":"","background-repeat":"repeat","background-position":"center center","background-size":"auto","background-attachment":"scroll","background-type":"","background-media":"","overlay-type":"","overlay-color":"","overlay-opacity":"","overlay-gradient":""},"mobile":{"background-color":"var(--ast-global-color-4)","background-image":"","background-repeat":"repeat","background-position":"center center","background-size":"auto","background-attachment":"scroll","background-type":"","background-media":"","overlay-type":"","overlay-color":"","overlay-opacity":"","overlay-gradient":""}}},"product_brand":[],"product_cat":[91,72,41],"product_tag":[],"class_list":{"0":"post-2801","1":"product","2":"type-product","3":"status-publish","4":"has-post-thumbnail","6":"product_cat-custom-perfume-bottles","7":"product_cat-cosmetic-packaging","8":"product_cat-perfume-bottles","9":"desktop-align-left","10":"tablet-align-left","11":"mobile-align-left","13":"first","14":"instock","15":"shipping-taxable","16":"product-type-simple"},"acf":[],"jetpack_sharing_enabled":true,"_links":{"self":[{"href":"https:\/\/theperfumebottles.com\/fr\/wp-json\/wp\/v2\/product\/2801","targetHints":{"allow":["GET"]}}],"collection":[{"href":"https:\/\/theperfumebottles.com\/fr\/wp-json\/wp\/v2\/product"}],"about":[{"href":"https:\/\/theperfumebottles.com\/fr\/wp-json\/wp\/v2\/types\/product"}],"replies":[{"embeddable":true,"href":"https:\/\/theperfumebottles.com\/fr\/wp-json\/wp\/v2\/comments?post=2801"}],"wp:featuredmedia":[{"embeddable":true,"href":"https:\/\/theperfumebottles.com\/fr\/wp-json\/wp\/v2\/media\/2803"}],"wp:attachment":[{"href":"https:\/\/theperfumebottles.com\/fr\/wp-json\/wp\/v2\/media?parent=2801"}],"wp:term":[{"taxonomy":"product_brand","embeddable":true,"href":"https:\/\/theperfumebottles.com\/fr\/wp-json\/wp\/v2\/product_brand?post=2801"},{"taxonomy":"product_cat","embeddable":true,"href":"https:\/\/theperfumebottles.com\/fr\/wp-json\/wp\/v2\/product_cat?post=2801"},{"taxonomy":"product_tag","embeddable":true,"href":"https:\/\/theperfumebottles.com\/fr\/wp-json\/wp\/v2\/product_tag?post=2801"}],"curies":[{"name":"wp","href":"https:\/\/api.w.org\/{rel}","templated":true}]}}