{"id":2861,"date":"2025-03-24T07:22:27","date_gmt":"2025-03-24T07:22:27","guid":{"rendered":"https:\/\/theperfumebottles.com\/?post_type=product&#038;p=2861"},"modified":"2025-05-30T15:51:46","modified_gmt":"2025-05-30T07:51:46","slug":"30ml-glass-travel-perfume-bottle-refillable-customizable-luxury","status":"publish","type":"product","link":"https:\/\/theperfumebottles.com\/fr\/produit\/30ml-glass-travel-perfume-bottle-refillable-customizable-luxury\/","title":{"rendered":"Flacon de parfum de voyage en verre de 30 ml rechargeable \u2013 Luxe personnalisable"},"content":{"rendered":"<p>Con\u00e7u pour les marques en qu\u00eate d&#039;un rituel raffin\u00e9, ce flacon de parfum rechargeable de 30 ml allie \u00e0 la perfection l&#039;esth\u00e9tique sculpturale d&#039;une sculpture et la praticit\u00e9. Les marques et cr\u00e9ateurs de parfums de niche l&#039;utilisent pour raconter leurs propres histoires olfactives, et chaque goutte de parfum devient une \u0153uvre d&#039;art \u00e0 collectionner.<\/p>\n<h2>Sp\u00e9cifications cl\u00e9s<\/h2>\n<table style=\"border-collapse: collapse;margin-left: auto;margin-right: auto;width: 80%\" border=\"0\" width=\"80%\" cellspacing=\"0\" cellpadding=\"0\">\n<tbody>\n<tr style=\"height: 13.50pt\">\n<td style=\"height: 13.50pt;width: 99.75pt\" width=\"133\" height=\"18\"><strong>Mod\u00e8le<\/strong><\/td>\n<td style=\"width: 253.50pt\" width=\"338\">PB-BF1101<\/td>\n<\/tr>\n<tr style=\"height: 13.50pt\">\n<td style=\"height: 13.50pt\" height=\"18\"><strong>Mat\u00e9riel<\/strong><\/td>\n<td>Verre cristal + bouchons en m\u00e9tal\/plastique<\/td>\n<\/tr>\n<tr style=\"height: 13.50pt\">\n<td style=\"height: 13.50pt\" height=\"18\"><strong>Capacit\u00e9<\/strong><\/td>\n<td>Flacon de parfum de voyage de 30 ml<\/td>\n<\/tr>\n<tr style=\"height: 13.50pt\">\n<td style=\"height: 13.50pt\" height=\"18\"><strong>Dimensions<\/strong><\/td>\n<td>45 x 26 x 84 mm (calibre 18 mm)<\/td>\n<\/tr>\n<tr style=\"height: 13.50pt\">\n<td style=\"height: 13.50pt\" height=\"18\"><strong>Options de couleur<\/strong><\/td>\n<td>Verre transparent + dessus dor\u00e9\/argent\u00e9\/noir<\/td>\n<\/tr>\n<tr style=\"height: 13.50pt\">\n<td style=\"height: 13.50pt\" height=\"18\"><strong>\u00c9chantillons<\/strong><\/td>\n<td>\u00c9chantillons personnalisables gratuits disponibles<\/td>\n<\/tr>\n<tr style=\"height: 13.50pt\">\n<td style=\"height: 13.50pt\" height=\"18\"><strong>Type de casquette<\/strong><\/td>\n<td>Vaporisateur \u00e0 bouchon \u00e0 vis rond<\/td>\n<\/tr>\n<tr style=\"height: 13.50pt\">\n<td style=\"height: 13.50pt\" height=\"18\"><strong>Personnalisation<\/strong><\/td>\n<td>Impression de logos, pulv\u00e9risations de couleur, ODM\/OEM<\/td>\n<\/tr>\n<\/tbody>\n<\/table>\n<h2>Pourquoi choisir ces flacons de parfum rechargeables ?<\/h2>\n<ul>\n<li><strong>Id\u00e9al pour les voyages et les commandes en gros\u00a0: <\/strong>Son format compact est conforme aux r\u00e9glementations de la TSA, tandis que les options de commande en gros r\u00e9pondent aux besoins des marques recherchant une solution d&#039;approvisionnement en gros pour les flacons de parfum en verre.<\/li>\n<li><strong>Possibilit\u00e9s de branding illimit\u00e9es : <\/strong>Des logos grav\u00e9s aux finitions d\u00e9grad\u00e9es, cr\u00e9ez des flacons de parfum vides qui refl\u00e8tent l&#039;histoire de votre marque. Le d\u00e9veloppement de moules priv\u00e9s garantit une exclusivit\u00e9 totale.<\/li>\n<li><strong>Une exp\u00e9rience de d\u00e9ballage sup\u00e9rieure : <\/strong>Le flacon vaporisateur en verre fusel\u00e9, associ\u00e9 \u00e0 un bouchon m\u00e9tallique (disponible en or, argent ou noir), ajoute une touche haut de gamme, id\u00e9ale pour le conditionnement de parfums de luxe.<\/li>\n<\/ul>\n<h2>Des solutions de personnalisation pour chaque marque<\/h2>\n<ul>\n<li>\u200b<strong>Application de logo<\/strong>S\u00e9rigraphie, marquage \u00e0 chaud ou impression UV.<\/li>\n<li>\u200b<strong>Mat\u00e9riaux du bouchon<\/strong>: Aluminium, plastique ou bois durable.<\/li>\n<li>\u200b<strong>Effets de verre<\/strong>Finitions givr\u00e9es, d\u00e9grad\u00e9es ombr\u00e9es ou color\u00e9es par pulv\u00e9risation.<\/li>\n<li>\u200b<strong>Avantages des commandes group\u00e9es<\/strong>Prix \u200b\u200bcomp\u00e9titifs pour les bouteilles en verre en gros.<\/li>\n<\/ul>\n<h2>Id\u00e9al pour :<\/h2>\n<ol>\n<li>Les marques de parfums de niche lancent des \u00e9ditions de voyage.<\/li>\n<li>Projets de marques priv\u00e9es n\u00e9cessitant un emballage de parfum unique.<\/li>\n<li>Les marques privil\u00e9gient les flacons de parfum rechargeables et \u00e9cologiques.<\/li>\n<\/ol>","protected":false},"excerpt":{"rendered":"<p>D\u00e9couvrez nos flacons de parfum de voyage en verre de 30 ml, rechargeables et haut de gamme. Bouchons personnalisables, design ergonomique, commandes en gros. Sublimez votre marque de parfum d\u00e8s aujourd&#039;hui\u00a0!<\/p>","protected":false},"featured_media":2862,"comment_status":"open","ping_status":"closed","template":"","meta":{"_acf_changed":false,"site-sidebar-layout":"default","site-content-layout":"","ast-site-content-layout":"default","site-content-style":"default","site-sidebar-style":"default","ast-global-header-display":"","ast-banner-title-visibility":"","ast-main-header-display":"","ast-hfb-above-header-display":"","ast-hfb-below-header-display":"","ast-hfb-mobile-header-display":"","site-post-title":"","ast-breadcrumbs-content":"","ast-featured-img":"","footer-sml-layout":"","ast-disable-related-posts":"","theme-transparent-header-meta":"default","adv-header-id-meta":"","stick-header-meta":"","header-above-stick-meta":"","header-main-stick-meta":"","header-below-stick-meta":"","astra-migrate-meta-layouts":"set","ast-page-background-enabled":"default","ast-page-background-meta":{"desktop":{"background-color":"var(--ast-global-color-5)","background-image":"","background-repeat":"repeat","background-position":"center center","background-size":"auto","background-attachment":"scroll","background-type":"","background-media":"","overlay-type":"","overlay-color":"","overlay-opacity":"","overlay-gradient":""},"tablet":{"background-color":"","background-image":"","background-repeat":"repeat","background-position":"center center","background-size":"auto","background-attachment":"scroll","background-type":"","background-media":"","overlay-type":"","overlay-color":"","overlay-opacity":"","overlay-gradient":""},"mobile":{"background-color":"","background-image":"","background-repeat":"repeat","background-position":"center center","background-size":"auto","background-attachment":"scroll","background-type":"","background-media":"","overlay-type":"","overlay-color":"","overlay-opacity":"","overlay-gradient":""}},"ast-content-background-meta":{"desktop":{"background-color":"var(--ast-global-color-4)","background-image":"","background-repeat":"repeat","background-position":"center center","background-size":"auto","background-attachment":"scroll","background-type":"","background-media":"","overlay-type":"","overlay-color":"","overlay-opacity":"","overlay-gradient":""},"tablet":{"background-color":"var(--ast-global-color-4)","background-image":"","background-repeat":"repeat","background-position":"center center","background-size":"auto","background-attachment":"scroll","background-type":"","background-media":"","overlay-type":"","overlay-color":"","overlay-opacity":"","overlay-gradient":""},"mobile":{"background-color":"var(--ast-global-color-4)","background-image":"","background-repeat":"repeat","background-position":"center center","background-size":"auto","background-attachment":"scroll","background-type":"","background-media":"","overlay-type":"","overlay-color":"","overlay-opacity":"","overlay-gradient":""}}},"product_brand":[],"product_cat":[72,74,41,90],"product_tag":[],"class_list":{"0":"post-2861","1":"product","2":"type-product","3":"status-publish","4":"has-post-thumbnail","6":"product_cat-cosmetic-packaging","7":"product_cat-mini-perfume-bottles","8":"product_cat-perfume-bottles","9":"product_cat-refillable-perfume-bottles","10":"desktop-align-left","11":"tablet-align-left","12":"mobile-align-left","14":"first","15":"instock","16":"shipping-taxable","17":"product-type-simple"},"acf":[],"jetpack_sharing_enabled":true,"_links":{"self":[{"href":"https:\/\/theperfumebottles.com\/fr\/wp-json\/wp\/v2\/product\/2861","targetHints":{"allow":["GET"]}}],"collection":[{"href":"https:\/\/theperfumebottles.com\/fr\/wp-json\/wp\/v2\/product"}],"about":[{"href":"https:\/\/theperfumebottles.com\/fr\/wp-json\/wp\/v2\/types\/product"}],"replies":[{"embeddable":true,"href":"https:\/\/theperfumebottles.com\/fr\/wp-json\/wp\/v2\/comments?post=2861"}],"wp:featuredmedia":[{"embeddable":true,"href":"https:\/\/theperfumebottles.com\/fr\/wp-json\/wp\/v2\/media\/2862"}],"wp:attachment":[{"href":"https:\/\/theperfumebottles.com\/fr\/wp-json\/wp\/v2\/media?parent=2861"}],"wp:term":[{"taxonomy":"product_brand","embeddable":true,"href":"https:\/\/theperfumebottles.com\/fr\/wp-json\/wp\/v2\/product_brand?post=2861"},{"taxonomy":"product_cat","embeddable":true,"href":"https:\/\/theperfumebottles.com\/fr\/wp-json\/wp\/v2\/product_cat?post=2861"},{"taxonomy":"product_tag","embeddable":true,"href":"https:\/\/theperfumebottles.com\/fr\/wp-json\/wp\/v2\/product_tag?post=2861"}],"curies":[{"name":"wp","href":"https:\/\/api.w.org\/{rel}","templated":true}]}}