{"id":2878,"date":"2025-03-25T08:15:36","date_gmt":"2025-03-25T08:15:36","guid":{"rendered":"https:\/\/theperfumebottles.com\/?post_type=product&#038;p=2878"},"modified":"2025-05-27T14:08:59","modified_gmt":"2025-05-27T06:08:59","slug":"unique-cologne-bottles-custom-engraved-perfume-bottles","status":"publish","type":"product","link":"https:\/\/theperfumebottles.com\/fr\/produit\/unique-cologne-bottles-custom-engraved-perfume-bottles\/","title":{"rendered":"Flacons de Cologne uniques de 30 ml, 50 ml et 100 ml avec bouchon ovale"},"content":{"rendered":"<p>La s\u00e9rie Oval Elegance est con\u00e7ue pour les marques haut de gamme qui recherchent un ton unique. Cette s\u00e9rie comprend des flacons vaporisateurs d'eau de Cologne et des flacons de parfum grav\u00e9s sur mesure, dont le design allie praticit\u00e9 et sens artistique. Le corps du flacon est en verre transparent et permet de personnaliser la texture, la gravure ou l'\u00e9tiquette, ce qui permet de pr\u00e9senter facilement le style de la marque. La forme ovale arrondie avec des d\u00e9tails exquis donne au produit une texture haut de gamme, adapt\u00e9e aux lignes de parfums romantiques ou classiques.<\/p>\n<table style=\"border-collapse: collapse;margin-left: auto;margin-right: auto;width: 162.03pt\" border=\"0\" width=\"216\" cellspacing=\"0\" cellpadding=\"0\">\n<tbody>\n<tr style=\"height: 21.00pt\">\n<td style=\"height: 21.00pt;width: 54.00pt\" width=\"72\" height=\"28\">\n<p><figure id=\"attachment_2880\" aria-describedby=\"caption-attachment-2880\" style=\"width: 300px\" class=\"wp-caption aligncenter\"><img fetchpriority=\"high\" decoding=\"async\" class=\"size-medium wp-image-2880\" src=\"https:\/\/theperfumebottles.com\/wp-content\/uploads\/2025\/03\/unique-cologne-bottles-FZ0701-300x300.webp\" alt=\"flacons de cologne uniques\" width=\"300\" height=\"300\" srcset=\"https:\/\/theperfumebottles.com\/wp-content\/uploads\/2025\/03\/unique-cologne-bottles-FZ0701-300x300.webp 300w, https:\/\/theperfumebottles.com\/wp-content\/uploads\/2025\/03\/unique-cologne-bottles-FZ0701-150x150.webp 150w, https:\/\/theperfumebottles.com\/wp-content\/uploads\/2025\/03\/unique-cologne-bottles-FZ0701-768x768.webp 768w, https:\/\/theperfumebottles.com\/wp-content\/uploads\/2025\/03\/unique-cologne-bottles-FZ0701-12x12.webp 12w, https:\/\/theperfumebottles.com\/wp-content\/uploads\/2025\/03\/unique-cologne-bottles-FZ0701-600x600.webp 600w, https:\/\/theperfumebottles.com\/wp-content\/uploads\/2025\/03\/unique-cologne-bottles-FZ0701-100x100.webp 100w, https:\/\/theperfumebottles.com\/wp-content\/uploads\/2025\/03\/unique-cologne-bottles-FZ0701.webp 1000w\" sizes=\"(max-width: 300px) 100vw, 300px\" \/><figcaption id=\"caption-attachment-2880\" class=\"wp-caption-text\">30 ml<\/figcaption><\/figure><\/td>\n<td style=\"width: 54.00pt\" width=\"72\">\n<p><figure id=\"attachment_2882\" aria-describedby=\"caption-attachment-2882\" style=\"width: 300px\" class=\"wp-caption aligncenter\"><img decoding=\"async\" class=\"size-medium wp-image-2882\" src=\"https:\/\/theperfumebottles.com\/wp-content\/uploads\/2025\/03\/custom-engraved-perfume-bottles-FZ0702-300x300.webp\" alt=\"flacons de parfum grav\u00e9s personnalis\u00e9s\" width=\"300\" height=\"300\" srcset=\"https:\/\/theperfumebottles.com\/wp-content\/uploads\/2025\/03\/custom-engraved-perfume-bottles-FZ0702-300x300.webp 300w, https:\/\/theperfumebottles.com\/wp-content\/uploads\/2025\/03\/custom-engraved-perfume-bottles-FZ0702-150x150.webp 150w, https:\/\/theperfumebottles.com\/wp-content\/uploads\/2025\/03\/custom-engraved-perfume-bottles-FZ0702-768x768.webp 768w, https:\/\/theperfumebottles.com\/wp-content\/uploads\/2025\/03\/custom-engraved-perfume-bottles-FZ0702-12x12.webp 12w, https:\/\/theperfumebottles.com\/wp-content\/uploads\/2025\/03\/custom-engraved-perfume-bottles-FZ0702-600x600.webp 600w, https:\/\/theperfumebottles.com\/wp-content\/uploads\/2025\/03\/custom-engraved-perfume-bottles-FZ0702-100x100.webp 100w, https:\/\/theperfumebottles.com\/wp-content\/uploads\/2025\/03\/custom-engraved-perfume-bottles-FZ0702.webp 1000w\" sizes=\"(max-width: 300px) 100vw, 300px\" \/><figcaption id=\"caption-attachment-2882\" class=\"wp-caption-text\">50 ml<\/figcaption><\/figure><\/td>\n<td style=\"width: 54.00pt\" width=\"72\">\n<p><figure id=\"attachment_2883\" aria-describedby=\"caption-attachment-2883\" style=\"width: 300px\" class=\"wp-caption aligncenter\"><img decoding=\"async\" class=\"size-medium wp-image-2883\" src=\"https:\/\/theperfumebottles.com\/wp-content\/uploads\/2025\/03\/custom-perfume-bottles-FZ0703-300x300.webp\" alt=\"flacons de parfum personnalis\u00e9s\" width=\"300\" height=\"300\" srcset=\"https:\/\/theperfumebottles.com\/wp-content\/uploads\/2025\/03\/custom-perfume-bottles-FZ0703-300x300.webp 300w, https:\/\/theperfumebottles.com\/wp-content\/uploads\/2025\/03\/custom-perfume-bottles-FZ0703-150x150.webp 150w, https:\/\/theperfumebottles.com\/wp-content\/uploads\/2025\/03\/custom-perfume-bottles-FZ0703-768x768.webp 768w, https:\/\/theperfumebottles.com\/wp-content\/uploads\/2025\/03\/custom-perfume-bottles-FZ0703-12x12.webp 12w, https:\/\/theperfumebottles.com\/wp-content\/uploads\/2025\/03\/custom-perfume-bottles-FZ0703-600x600.webp 600w, https:\/\/theperfumebottles.com\/wp-content\/uploads\/2025\/03\/custom-perfume-bottles-FZ0703-100x100.webp 100w, https:\/\/theperfumebottles.com\/wp-content\/uploads\/2025\/03\/custom-perfume-bottles-FZ0703.webp 1024w\" sizes=\"(max-width: 300px) 100vw, 300px\" \/><figcaption id=\"caption-attachment-2883\" class=\"wp-caption-text\">100 ml<\/figcaption><\/figure><\/td>\n<\/tr>\n<\/tbody>\n<\/table>\n<h2>Caract\u00e9ristiques principales en bref<\/h2>\n<div class=\"hyc-common-markdown__table-wrapper\">\n<table>\n<thead>\n<tr>\n<th>Mod\u00e8le<\/th>\n<th>Capacit\u00e9<\/th>\n<th>Dimensions (mm)<\/th>\n<th>Options de plafond<\/th>\n<th>Fonctionnalit\u00e9s personnalisables<\/th>\n<\/tr>\n<\/thead>\n<tbody>\n<tr>\n<td>PB-FZ0701<\/td>\n<td>30 ml<\/td>\n<td>29x29x94<\/td>\n<td>Or\/Argent<\/td>\n<td>Gravure de logos, teinture de verre<\/td>\n<\/tr>\n<tr>\n<td>PB-FZ0702<\/td>\n<td>50 ml<\/td>\n<td>38x38x94<\/td>\n<td>Or\/Argent<\/td>\n<td>Finitions mates, couleurs d\u00e9grad\u00e9es<\/td>\n<\/tr>\n<tr>\n<td>PB-FZ0703<\/td>\n<td>100 ml<\/td>\n<td>48x48x94<\/td>\n<td>Or\/Argent<\/td>\n<td>ODM\/OEM complet, colliers d\u00e9coratifs<\/td>\n<\/tr>\n<\/tbody>\n<\/table>\n<\/div>\n<h2>Pourquoi choisir nos flacons de parfum personnalis\u00e9s ?<\/h2>\n<ul>\n<li>\u200b<strong>\u00c9chantillons gratuits et commandes en gros<\/strong>: Testez la qualit\u00e9 avec des \u00e9chantillons gratuits et passez \u00e0 l'\u00e9chelle en toute confiance avec des prix de gros.<\/li>\n<li>\u200b<strong>Emballage pr\u00eat \u00e0 voyager<\/strong>: Les flacons compacts de 30 ml sont compatibles avec le TSA, tandis que les formats plus grands conviennent aux pr\u00e9sentoirs de vente au d\u00e9tail.<\/li>\n<li>\u200b<strong>Solutions de bout en bout<\/strong>: Des flacons de parfum personnalis\u00e9s aux accessoires de marque, nous nous occupons de l'impression, de la gravure et de la logistique en vrac.<\/li>\n<\/ul>\n<h2>Am\u00e9liorez votre marque de parfum d\u00e8s aujourd'hui<\/h2>\n<p>Con\u00e7ue pour les marques qui privil\u00e9gient l'\u00e9l\u00e9gance et la fonctionnalit\u00e9, la s\u00e9rie Oval Elegance associe l'artisanat du verre \u00e0 des options de marquage flexibles. Que vous soyez une start-up ou une maison de luxe bien \u00e9tablie, nos flacons de parfum en verre offrent une qualit\u00e9 d\u00e9cente et un attrait remarquable.<\/p>\n<p><em>Contactez-nous pour commander des flacons d'eau de Cologne uniques ou pour demander des devis ODM\/OEM. Transformez des r\u00e9cipients vides en emballages de parfum inoubliables !<\/em><\/p>","protected":false},"excerpt":{"rendered":"<p>D\u00e9marquez-vous sur le march\u00e9 concurrentiel des parfums avec la s\u00e9rie Oval Elegance, une collection de flacons d'eau de Cologne uniques et de flacons de parfum grav\u00e9s sur mesure, con\u00e7us pour incarner la sophistication et la polyvalence.<\/p>","protected":false},"featured_media":2880,"comment_status":"open","ping_status":"closed","template":"","meta":{"_acf_changed":false,"site-sidebar-layout":"default","site-content-layout":"","ast-site-content-layout":"default","site-content-style":"default","site-sidebar-style":"default","ast-global-header-display":"","ast-banner-title-visibility":"","ast-main-header-display":"","ast-hfb-above-header-display":"","ast-hfb-below-header-display":"","ast-hfb-mobile-header-display":"","site-post-title":"","ast-breadcrumbs-content":"","ast-featured-img":"","footer-sml-layout":"","ast-disable-related-posts":"","theme-transparent-header-meta":"default","adv-header-id-meta":"","stick-header-meta":"","header-above-stick-meta":"","header-main-stick-meta":"","header-below-stick-meta":"","astra-migrate-meta-layouts":"set","ast-page-background-enabled":"default","ast-page-background-meta":{"desktop":{"background-color":"var(--ast-global-color-5)","background-image":"","background-repeat":"repeat","background-position":"center center","background-size":"auto","background-attachment":"scroll","background-type":"","background-media":"","overlay-type":"","overlay-color":"","overlay-opacity":"","overlay-gradient":""},"tablet":{"background-color":"","background-image":"","background-repeat":"repeat","background-position":"center center","background-size":"auto","background-attachment":"scroll","background-type":"","background-media":"","overlay-type":"","overlay-color":"","overlay-opacity":"","overlay-gradient":""},"mobile":{"background-color":"","background-image":"","background-repeat":"repeat","background-position":"center center","background-size":"auto","background-attachment":"scroll","background-type":"","background-media":"","overlay-type":"","overlay-color":"","overlay-opacity":"","overlay-gradient":""}},"ast-content-background-meta":{"desktop":{"background-color":"var(--ast-global-color-4)","background-image":"","background-repeat":"repeat","background-position":"center center","background-size":"auto","background-attachment":"scroll","background-type":"","background-media":"","overlay-type":"","overlay-color":"","overlay-opacity":"","overlay-gradient":""},"tablet":{"background-color":"var(--ast-global-color-4)","background-image":"","background-repeat":"repeat","background-position":"center center","background-size":"auto","background-attachment":"scroll","background-type":"","background-media":"","overlay-type":"","overlay-color":"","overlay-opacity":"","overlay-gradient":""},"mobile":{"background-color":"var(--ast-global-color-4)","background-image":"","background-repeat":"repeat","background-position":"center center","background-size":"auto","background-attachment":"scroll","background-type":"","background-media":"","overlay-type":"","overlay-color":"","overlay-opacity":"","overlay-gradient":""}}},"product_brand":[],"product_cat":[72,91,41],"product_tag":[],"class_list":{"0":"post-2878","1":"product","2":"type-product","3":"status-publish","4":"has-post-thumbnail","6":"product_cat-cosmetic-packaging","7":"product_cat-custom-perfume-bottles","8":"product_cat-perfume-bottles","9":"desktop-align-left","10":"tablet-align-left","11":"mobile-align-left","13":"first","14":"instock","15":"shipping-taxable","16":"product-type-simple"},"acf":[],"jetpack_sharing_enabled":true,"_links":{"self":[{"href":"https:\/\/theperfumebottles.com\/fr\/wp-json\/wp\/v2\/product\/2878","targetHints":{"allow":["GET"]}}],"collection":[{"href":"https:\/\/theperfumebottles.com\/fr\/wp-json\/wp\/v2\/product"}],"about":[{"href":"https:\/\/theperfumebottles.com\/fr\/wp-json\/wp\/v2\/types\/product"}],"replies":[{"embeddable":true,"href":"https:\/\/theperfumebottles.com\/fr\/wp-json\/wp\/v2\/comments?post=2878"}],"wp:featuredmedia":[{"embeddable":true,"href":"https:\/\/theperfumebottles.com\/fr\/wp-json\/wp\/v2\/media\/2880"}],"wp:attachment":[{"href":"https:\/\/theperfumebottles.com\/fr\/wp-json\/wp\/v2\/media?parent=2878"}],"wp:term":[{"taxonomy":"product_brand","embeddable":true,"href":"https:\/\/theperfumebottles.com\/fr\/wp-json\/wp\/v2\/product_brand?post=2878"},{"taxonomy":"product_cat","embeddable":true,"href":"https:\/\/theperfumebottles.com\/fr\/wp-json\/wp\/v2\/product_cat?post=2878"},{"taxonomy":"product_tag","embeddable":true,"href":"https:\/\/theperfumebottles.com\/fr\/wp-json\/wp\/v2\/product_tag?post=2878"}],"curies":[{"name":"wp","href":"https:\/\/api.w.org\/{rel}","templated":true}]}}