{"id":2886,"date":"2025-03-25T09:57:46","date_gmt":"2025-03-25T09:57:46","guid":{"rendered":"https:\/\/theperfumebottles.com\/?post_type=product&#038;p=2886"},"modified":"2025-04-18T03:37:48","modified_gmt":"2025-04-18T03:37:48","slug":"small-fragrance-bottles-cologne-spray-bottles","status":"publish","type":"product","link":"https:\/\/theperfumebottles.com\/fr\/produit\/small-fragrance-bottles-cologne-spray-bottles\/","title":{"rendered":"Flacons de parfum de petite taille (30 ml, 45 ml, 50 ml, 100 ml) avec bouchon en bois"},"content":{"rendered":"<p>Am\u00e9liorez votre parfum, votre apr\u00e8s-rasage ou votre gamme de produits de bien-\u00eatre avec la s\u00e9rie Natural Essence, une collection de produits minimalistes de la gamme Natural Essence.\u00a0<em>petits flacons vaporisateurs d'eau de Cologne<\/em>\u00a0et\u00a0<em>flacons de parfum vides en verre<\/em>\u00a0con\u00e7us pour les marques artisanales. Fabriqu\u00e9s en verre cristallin et dot\u00e9s d'un couvercle en bois ou en noir mat, ces r\u00e9cipients allient l'\u00e9l\u00e9gance moderne \u00e0 la polyvalence pratique.<\/p>\n<h2>Principales sp\u00e9cifications des petits flacons de parfum<\/h2>\n<table style=\"border-collapse: collapse; margin-left: auto; margin-right: auto; width: 100%;\" border=\"0\" width=\"100%\" cellspacing=\"0\" cellpadding=\"0\">\n<tbody>\n<tr style=\"height: 10pt;\">\n<td style=\"height: 10pt; width: 87.75pt;\" width=\"117\" height=\"18\">Mod\u00e8le<\/td>\n<td style=\"width: 54.00pt;\" width=\"72\">Capacit\u00e9<\/td>\n<td style=\"width: 184.50pt;\" width=\"246\">Sp\u00e9cification<\/td>\n<td style=\"width: 81.00pt;\" width=\"108\">Type de joint<\/td>\n<td class=\"et2\" style=\"width: 262.50pt;\" width=\"350\">Couleur<\/td>\n<\/tr>\n<tr style=\"height: 40.50pt;\">\n<td style=\"height: 40.50pt;\" height=\"54\">PB-FZ0801<\/td>\n<td>30 ml<\/td>\n<td>35\u00d735\u00d766 mm, calibre 15mm<\/td>\n<td>Top de st\u00e9rilisation<\/td>\n<td class=\"et2\" style=\"width: 262.50pt;\" width=\"350\">Verre clair, brun noyer, ch\u00eane clair, capuchon noir mat (personnalisable)<\/td>\n<\/tr>\n<tr style=\"height: 40.50pt;\">\n<td style=\"height: 40.50pt;\" height=\"54\">PB-FZ0802<\/td>\n<td>30 ml<\/td>\n<td>37\u00d737\u00d765 mm, calibre 15mm<\/td>\n<td>Top de st\u00e9rilisation<\/td>\n<td class=\"et2\" style=\"width: 262.50pt;\" width=\"350\">Verre clair, brun noyer, ch\u00eane clair, capuchon noir mat (personnalisable)<\/td>\n<\/tr>\n<tr style=\"height: 40.50pt;\">\n<td style=\"height: 40.50pt;\" height=\"54\">PB-FZ0803<\/td>\n<td>50 ml<\/td>\n<td>32\u00d732\u00d785 mm, calibre 15mm<\/td>\n<td>Top de st\u00e9rilisation<\/td>\n<td class=\"et2\" style=\"width: 262.50pt;\" width=\"350\">Verre clair, brun noyer, ch\u00eane clair, capuchon noir mat (personnalisable)<\/td>\n<\/tr>\n<tr style=\"height: 40.50pt;\">\n<td style=\"height: 40.50pt;\" height=\"54\">PB-FZ0804<\/td>\n<td>45 ml<\/td>\n<td>37\u00d737\u00d786 mm, calibre 15mm<\/td>\n<td>Top de st\u00e9rilisation<\/td>\n<td class=\"et2\" style=\"width: 262.50pt;\" width=\"350\">Verre clair, brun noyer, ch\u00eane clair, capuchon noir mat (personnalisable)<\/td>\n<\/tr>\n<tr style=\"height: 40.50pt;\">\n<td style=\"height: 40.50pt;\" height=\"54\">PB-FZ0805<\/td>\n<td>100 ml<\/td>\n<td>47\u00d747\u00d7103 mm, calibre 15mm<\/td>\n<td>Top de st\u00e9rilisation<\/td>\n<td class=\"et2\" style=\"width: 262.50pt;\" width=\"350\">Verre clair, brun noyer, ch\u00eane clair, capuchon noir mat (personnalisable)<\/td>\n<\/tr>\n<\/tbody>\n<\/table>\n<h2>Unmistakably Yours :<\/h2>\n<ul>\n<li>Des bouchons qui sortent des sentiers battus : Finitions m\u00e9talliques imprim\u00e9es en 3D ou li\u00e8ge recycl\u00e9<\/li>\n<li>Bonus : kits d'\u00e9chantillons gratuits - parce que vous m\u00e9ritez de sentir la qualit\u00e9 avant de vous engager.<\/li>\n<\/ul>\n<h2>Pour :<\/h2>\n<ul>\n<li>Les alchimistes du parfum fatigu\u00e9s des flacons g\u00e9n\u00e9riques<\/li>\n<li>Les marques de produits de toilettage qui brouillent les fronti\u00e8res entre les sexes r\u00e9\u00e9crivent les r\u00e8gles<\/li>\n<li>Les \u00e9co-guerriers transforment les recharges en rituels<\/li>\n<li>Les h\u00f4tels qui veulent que les clients volent les \u00e9quipements (s\u00e9rieusement, cela arrive)<\/li>\n<\/ul>","protected":false},"excerpt":{"rendered":"<p>Am\u00e9liorez votre parfum, votre apr\u00e8s-rasage ou votre gamme de produits de bien-\u00eatre avec la s\u00e9rie Natural Essence, une collection de produits minimalistes de la gamme Natural Essence.\u00a0<em>petits flacons vaporisateurs d'eau de Cologne<\/em>\u00a0et\u00a0<em>flacons de parfum vides en verre<\/em>\u00a0con\u00e7u pour les marques artisanales.<\/p>","protected":false},"featured_media":2887,"comment_status":"open","ping_status":"closed","template":"","meta":{"_acf_changed":false,"site-sidebar-layout":"default","site-content-layout":"","ast-site-content-layout":"default","site-content-style":"default","site-sidebar-style":"default","ast-global-header-display":"","ast-banner-title-visibility":"","ast-main-header-display":"","ast-hfb-above-header-display":"","ast-hfb-below-header-display":"","ast-hfb-mobile-header-display":"","site-post-title":"","ast-breadcrumbs-content":"","ast-featured-img":"","footer-sml-layout":"","ast-disable-related-posts":"","theme-transparent-header-meta":"default","adv-header-id-meta":"","stick-header-meta":"","header-above-stick-meta":"","header-main-stick-meta":"","header-below-stick-meta":"","astra-migrate-meta-layouts":"set","ast-page-background-enabled":"default","ast-page-background-meta":{"desktop":{"background-color":"var(--ast-global-color-5)","background-image":"","background-repeat":"repeat","background-position":"center center","background-size":"auto","background-attachment":"scroll","background-type":"","background-media":"","overlay-type":"","overlay-color":"","overlay-opacity":"","overlay-gradient":""},"tablet":{"background-color":"","background-image":"","background-repeat":"repeat","background-position":"center center","background-size":"auto","background-attachment":"scroll","background-type":"","background-media":"","overlay-type":"","overlay-color":"","overlay-opacity":"","overlay-gradient":""},"mobile":{"background-color":"","background-image":"","background-repeat":"repeat","background-position":"center center","background-size":"auto","background-attachment":"scroll","background-type":"","background-media":"","overlay-type":"","overlay-color":"","overlay-opacity":"","overlay-gradient":""}},"ast-content-background-meta":{"desktop":{"background-color":"var(--ast-global-color-4)","background-image":"","background-repeat":"repeat","background-position":"center center","background-size":"auto","background-attachment":"scroll","background-type":"","background-media":"","overlay-type":"","overlay-color":"","overlay-opacity":"","overlay-gradient":""},"tablet":{"background-color":"var(--ast-global-color-4)","background-image":"","background-repeat":"repeat","background-position":"center center","background-size":"auto","background-attachment":"scroll","background-type":"","background-media":"","overlay-type":"","overlay-color":"","overlay-opacity":"","overlay-gradient":""},"mobile":{"background-color":"var(--ast-global-color-4)","background-image":"","background-repeat":"repeat","background-position":"center center","background-size":"auto","background-attachment":"scroll","background-type":"","background-media":"","overlay-type":"","overlay-color":"","overlay-opacity":"","overlay-gradient":""}}},"product_brand":[],"product_cat":[72,91,41],"product_tag":[],"class_list":{"0":"post-2886","1":"product","2":"type-product","3":"status-publish","4":"has-post-thumbnail","6":"product_cat-cosmetic-packaging","7":"product_cat-custom-perfume-bottles","8":"product_cat-perfume-bottles","9":"desktop-align-left","10":"tablet-align-left","11":"mobile-align-left","13":"first","14":"instock","15":"shipping-taxable","16":"product-type-simple"},"acf":[],"jetpack_sharing_enabled":true,"_links":{"self":[{"href":"https:\/\/theperfumebottles.com\/fr\/wp-json\/wp\/v2\/product\/2886","targetHints":{"allow":["GET"]}}],"collection":[{"href":"https:\/\/theperfumebottles.com\/fr\/wp-json\/wp\/v2\/product"}],"about":[{"href":"https:\/\/theperfumebottles.com\/fr\/wp-json\/wp\/v2\/types\/product"}],"replies":[{"embeddable":true,"href":"https:\/\/theperfumebottles.com\/fr\/wp-json\/wp\/v2\/comments?post=2886"}],"wp:featuredmedia":[{"embeddable":true,"href":"https:\/\/theperfumebottles.com\/fr\/wp-json\/wp\/v2\/media\/2887"}],"wp:attachment":[{"href":"https:\/\/theperfumebottles.com\/fr\/wp-json\/wp\/v2\/media?parent=2886"}],"wp:term":[{"taxonomy":"product_brand","embeddable":true,"href":"https:\/\/theperfumebottles.com\/fr\/wp-json\/wp\/v2\/product_brand?post=2886"},{"taxonomy":"product_cat","embeddable":true,"href":"https:\/\/theperfumebottles.com\/fr\/wp-json\/wp\/v2\/product_cat?post=2886"},{"taxonomy":"product_tag","embeddable":true,"href":"https:\/\/theperfumebottles.com\/fr\/wp-json\/wp\/v2\/product_tag?post=2886"}],"curies":[{"name":"wp","href":"https:\/\/api.w.org\/{rel}","templated":true}]}}