{"id":2963,"date":"2025-04-03T06:36:47","date_gmt":"2025-04-03T06:36:47","guid":{"rendered":"https:\/\/theperfumebottles.com\/?post_type=product&#038;p=2963"},"modified":"2025-05-30T10:52:58","modified_gmt":"2025-05-30T02:52:58","slug":"empty-refillable-perfume-bottles-leakproof-glass-perfume-refillable-bottles","status":"publish","type":"product","link":"https:\/\/theperfumebottles.com\/fr\/produit\/empty-refillable-perfume-bottles-leakproof-glass-perfume-refillable-bottles\/","title":{"rendered":"2ml 3ml 5ml 10ml Empty Refillable Glass Perfume Bottles"},"content":{"rendered":"<p>Nous cr\u00e9ons des flacons rechargeables \u00e9l\u00e9gants, pratiques et \u00e9cologiques pour les marques engag\u00e9es dans le d\u00e9veloppement durable. Format voyage, format d\u00e9couverte ou version co-brand\u00e9e, ce flacon de parfum en verre sublimera votre fragrance tout en pr\u00e9servant la plan\u00e8te.<\/p>\n<h2>Sp\u00e9cifications techniques<\/h2>\n<div class=\"hyc-common-markdown__table-wrapper\">\n<table>\n<thead>\n<tr>\n<th>Capacit\u00e9<\/th>\n<th>Hauteur de la bouteille<\/th>\n<th>diam\u00e8tre int\u00e9rieur<\/th>\n<th>Quantit\u00e9 d&#039;emballage<\/th>\n<th>Dimensions du carton (cm)<\/th>\n<\/tr>\n<\/thead>\n<tbody>\n<tr>\n<td>2 ml<\/td>\n<td>30 mm<\/td>\n<td>6,5 mm<\/td>\n<td>4,830<\/td>\n<td>45,5 x 29 x 29<\/td>\n<\/tr>\n<tr>\n<td>3 ml<\/td>\n<td>40 mm<\/td>\n<td>6,5 mm<\/td>\n<td>3,450<\/td>\n<td>45,5 x 29 x 29<\/td>\n<\/tr>\n<tr>\n<td>5 ml<\/td>\n<td>55 mm<\/td>\n<td>6,5 mm<\/td>\n<td>2,760<\/td>\n<td>45,5 x 29 x 29<\/td>\n<\/tr>\n<tr>\n<td>10 ml<\/td>\n<td>100 mm<\/td>\n<td>6,5 mm<\/td>\n<td>2,277<\/td>\n<td>49x30x33,5<\/td>\n<\/tr>\n<\/tbody>\n<\/table>\n<\/div>\n<h2>Pourquoi choisir nos flacons de parfum en verre rechargeables ?<\/h2>\n<ul>\n<li><strong>Une bouteille pour de multiples usages\u00a0:<\/strong> peut contenir du parfum\/de l&#039;eau de Cologne\/des huiles essentielles.<\/li>\n<li><strong>\u00c9cologique et \u00e9conomique :<\/strong> Livre de comptes \u00e9cologique : sa r\u00e9utilisation r\u00e9duit de 300 % les d\u00e9chets d&#039;emballage.<\/li>\n<li><strong>Avantage commercial :<\/strong> Prix \u200b\u200bde gros + livraison s\u00e9curis\u00e9e dans le monde entier, chaque commande est trait\u00e9e comme une \u0153uvre d&#039;art.<\/li>\n<\/ul>\n<h2>Avantages de la personnalisation et des commandes en gros<\/h2>\n<ul>\n<li><strong>Options de personnalisation\u00a0:<\/strong> la texture d\u00e9licate de la s\u00e9rigraphie, le savoir-faire exquis de la gravure laser ou la cr\u00e9ativit\u00e9 d\u00e9bordante des \u00e9tiquettes autocollantes.<\/li>\n<li><strong>Commandez en gros pour plus de valeur\u00a0:<\/strong> Coop\u00e9ration \u00e0 grande \u00e9chelle, meilleurs prix \u2013 transformez chaque investissement en un bond en avant pour la valeur de votre marque.<\/li>\n<li><strong>Exp\u00e9dition internationale :<\/strong> Emballage s\u00e9curis\u00e9 et \u00e9tanche pour un transport en toute s\u00e9curit\u00e9.<\/li>\n<\/ul>\n<p>Vous recherchez un fabricant fiable\u00a0? Contactez-nous pour commander des flacons de parfum vides et rechargeables, personnalis\u00e9s selon l\u2019image de votre marque\u00a0!<\/p>","protected":false},"excerpt":{"rendered":"<p>D\u00e9couvrez nos flacons de parfum rechargeables vides haut de gamme, parfaits pour les voyages et les commandes en gros. Flacons en verre personnalis\u00e9s, rechargeables et \u00e9tanches.<\/p>","protected":false},"featured_media":2966,"comment_status":"open","ping_status":"closed","template":"","meta":{"_acf_changed":false,"site-sidebar-layout":"default","site-content-layout":"","ast-site-content-layout":"default","site-content-style":"default","site-sidebar-style":"default","ast-global-header-display":"","ast-banner-title-visibility":"","ast-main-header-display":"","ast-hfb-above-header-display":"","ast-hfb-below-header-display":"","ast-hfb-mobile-header-display":"","site-post-title":"","ast-breadcrumbs-content":"","ast-featured-img":"","footer-sml-layout":"","ast-disable-related-posts":"","theme-transparent-header-meta":"default","adv-header-id-meta":"","stick-header-meta":"","header-above-stick-meta":"","header-main-stick-meta":"","header-below-stick-meta":"","astra-migrate-meta-layouts":"set","ast-page-background-enabled":"default","ast-page-background-meta":{"desktop":{"background-color":"var(--ast-global-color-5)","background-image":"","background-repeat":"repeat","background-position":"center center","background-size":"auto","background-attachment":"scroll","background-type":"","background-media":"","overlay-type":"","overlay-color":"","overlay-opacity":"","overlay-gradient":""},"tablet":{"background-color":"","background-image":"","background-repeat":"repeat","background-position":"center center","background-size":"auto","background-attachment":"scroll","background-type":"","background-media":"","overlay-type":"","overlay-color":"","overlay-opacity":"","overlay-gradient":""},"mobile":{"background-color":"","background-image":"","background-repeat":"repeat","background-position":"center center","background-size":"auto","background-attachment":"scroll","background-type":"","background-media":"","overlay-type":"","overlay-color":"","overlay-opacity":"","overlay-gradient":""}},"ast-content-background-meta":{"desktop":{"background-color":"var(--ast-global-color-4)","background-image":"","background-repeat":"repeat","background-position":"center center","background-size":"auto","background-attachment":"scroll","background-type":"","background-media":"","overlay-type":"","overlay-color":"","overlay-opacity":"","overlay-gradient":""},"tablet":{"background-color":"var(--ast-global-color-4)","background-image":"","background-repeat":"repeat","background-position":"center center","background-size":"auto","background-attachment":"scroll","background-type":"","background-media":"","overlay-type":"","overlay-color":"","overlay-opacity":"","overlay-gradient":""},"mobile":{"background-color":"var(--ast-global-color-4)","background-image":"","background-repeat":"repeat","background-position":"center center","background-size":"auto","background-attachment":"scroll","background-type":"","background-media":"","overlay-type":"","overlay-color":"","overlay-opacity":"","overlay-gradient":""}}},"product_brand":[],"product_cat":[72,91,74,41,90],"product_tag":[],"class_list":{"0":"post-2963","1":"product","2":"type-product","3":"status-publish","4":"has-post-thumbnail","6":"product_cat-cosmetic-packaging","7":"product_cat-custom-perfume-bottles","8":"product_cat-mini-perfume-bottles","9":"product_cat-perfume-bottles","10":"product_cat-refillable-perfume-bottles","11":"desktop-align-left","12":"tablet-align-left","13":"mobile-align-left","15":"first","16":"instock","17":"shipping-taxable","18":"product-type-simple"},"acf":[],"jetpack_sharing_enabled":true,"_links":{"self":[{"href":"https:\/\/theperfumebottles.com\/fr\/wp-json\/wp\/v2\/product\/2963","targetHints":{"allow":["GET"]}}],"collection":[{"href":"https:\/\/theperfumebottles.com\/fr\/wp-json\/wp\/v2\/product"}],"about":[{"href":"https:\/\/theperfumebottles.com\/fr\/wp-json\/wp\/v2\/types\/product"}],"replies":[{"embeddable":true,"href":"https:\/\/theperfumebottles.com\/fr\/wp-json\/wp\/v2\/comments?post=2963"}],"wp:featuredmedia":[{"embeddable":true,"href":"https:\/\/theperfumebottles.com\/fr\/wp-json\/wp\/v2\/media\/2966"}],"wp:attachment":[{"href":"https:\/\/theperfumebottles.com\/fr\/wp-json\/wp\/v2\/media?parent=2963"}],"wp:term":[{"taxonomy":"product_brand","embeddable":true,"href":"https:\/\/theperfumebottles.com\/fr\/wp-json\/wp\/v2\/product_brand?post=2963"},{"taxonomy":"product_cat","embeddable":true,"href":"https:\/\/theperfumebottles.com\/fr\/wp-json\/wp\/v2\/product_cat?post=2963"},{"taxonomy":"product_tag","embeddable":true,"href":"https:\/\/theperfumebottles.com\/fr\/wp-json\/wp\/v2\/product_tag?post=2963"}],"curies":[{"name":"wp","href":"https:\/\/api.w.org\/{rel}","templated":true}]}}