{"id":2976,"date":"2025-04-07T08:03:03","date_gmt":"2025-04-07T08:03:03","guid":{"rendered":"https:\/\/theperfumebottles.com\/?post_type=product&#038;p=2976"},"modified":"2025-04-07T08:03:05","modified_gmt":"2025-04-07T08:03:05","slug":"30ml-50ml-100ml-green-perfume-bottles-for-men-ladies","status":"publish","type":"product","link":"https:\/\/theperfumebottles.com\/fr\/produit\/30ml-50ml-100ml-green-perfume-bottles-for-men-ladies\/","title":{"rendered":"Flacons de parfum verts de 30 ml, 50 ml et 100 ml pour hommes et femmes"},"content":{"rendered":"<p>Rehaussez votre gamme de parfums avec nos flacons verts de cologne pour hommes et nos flacons verts de parfum pour femmes, con\u00e7us pour le luxe et la polyvalence. Con\u00e7us avec un verre en cristal et une base de montagne verte caract\u00e9ristique, ces flacons allient l'art et la fonctionnalit\u00e9 - parfaits pour l'emballage de parfums personnalis\u00e9s.<\/p>\n<table style=\"border-collapse: collapse; margin-left: auto; margin-right: auto; width: 162.03pt;\" border=\"0\" width=\"216\" cellspacing=\"0\" cellpadding=\"0\">\n<tbody>\n<tr style=\"height: 13.50pt;\">\n<td style=\"height: 13.50pt; width: 54.00pt;\" width=\"72\" height=\"18\">\n<p><figure id=\"attachment_2977\" aria-describedby=\"caption-attachment-2977\" style=\"width: 300px\" class=\"wp-caption aligncenter\"><img fetchpriority=\"high\" decoding=\"async\" class=\"size-medium wp-image-2977\" src=\"https:\/\/theperfumebottles.com\/wp-content\/uploads\/2025\/04\/mens-cologne-green-bottle-HS0301-300x300.webp\" alt=\"Eau de Cologne pour homme en flacon vert\" width=\"300\" height=\"300\" srcset=\"https:\/\/theperfumebottles.com\/wp-content\/uploads\/2025\/04\/mens-cologne-green-bottle-HS0301-300x300.webp 300w, https:\/\/theperfumebottles.com\/wp-content\/uploads\/2025\/04\/mens-cologne-green-bottle-HS0301-150x150.webp 150w, https:\/\/theperfumebottles.com\/wp-content\/uploads\/2025\/04\/mens-cologne-green-bottle-HS0301-768x768.webp 768w, https:\/\/theperfumebottles.com\/wp-content\/uploads\/2025\/04\/mens-cologne-green-bottle-HS0301-12x12.webp 12w, https:\/\/theperfumebottles.com\/wp-content\/uploads\/2025\/04\/mens-cologne-green-bottle-HS0301-600x600.webp 600w, https:\/\/theperfumebottles.com\/wp-content\/uploads\/2025\/04\/mens-cologne-green-bottle-HS0301-100x100.webp 100w, https:\/\/theperfumebottles.com\/wp-content\/uploads\/2025\/04\/mens-cologne-green-bottle-HS0301.webp 1024w\" sizes=\"(max-width: 300px) 100vw, 300px\" \/><figcaption id=\"caption-attachment-2977\" class=\"wp-caption-text\">30ml HS0301<\/figcaption><\/figure><\/td>\n<td style=\"width: 54.00pt;\" width=\"72\">\n<p><figure id=\"attachment_2980\" aria-describedby=\"caption-attachment-2980\" style=\"width: 300px\" class=\"wp-caption alignnone\"><img decoding=\"async\" class=\"size-medium wp-image-2980\" src=\"https:\/\/theperfumebottles.com\/wp-content\/uploads\/2025\/04\/green-perfume-bottle-for-ladies-HS0302-300x300.webp\" alt=\"flacon de parfum vert pour dames\" width=\"300\" height=\"300\" srcset=\"https:\/\/theperfumebottles.com\/wp-content\/uploads\/2025\/04\/green-perfume-bottle-for-ladies-HS0302-300x300.webp 300w, https:\/\/theperfumebottles.com\/wp-content\/uploads\/2025\/04\/green-perfume-bottle-for-ladies-HS0302-150x150.webp 150w, https:\/\/theperfumebottles.com\/wp-content\/uploads\/2025\/04\/green-perfume-bottle-for-ladies-HS0302-768x768.webp 768w, https:\/\/theperfumebottles.com\/wp-content\/uploads\/2025\/04\/green-perfume-bottle-for-ladies-HS0302-12x12.webp 12w, https:\/\/theperfumebottles.com\/wp-content\/uploads\/2025\/04\/green-perfume-bottle-for-ladies-HS0302-600x600.webp 600w, https:\/\/theperfumebottles.com\/wp-content\/uploads\/2025\/04\/green-perfume-bottle-for-ladies-HS0302-100x100.webp 100w, https:\/\/theperfumebottles.com\/wp-content\/uploads\/2025\/04\/green-perfume-bottle-for-ladies-HS0302.webp 1024w\" sizes=\"(max-width: 300px) 100vw, 300px\" \/><figcaption id=\"caption-attachment-2980\" class=\"wp-caption-text\">50ml HS0302<\/figcaption><\/figure><\/td>\n<td style=\"width: 54.00pt;\" width=\"72\">\n<p><figure id=\"attachment_2978\" aria-describedby=\"caption-attachment-2978\" style=\"width: 300px\" class=\"wp-caption aligncenter\"><img decoding=\"async\" class=\"size-medium wp-image-2978\" src=\"https:\/\/theperfumebottles.com\/wp-content\/uploads\/2025\/04\/green-bottle-cologne-mens-HS0303-300x300.webp\" alt=\"green bottle cologne men&#039;s\" width=\"300\" height=\"300\" srcset=\"https:\/\/theperfumebottles.com\/wp-content\/uploads\/2025\/04\/green-bottle-cologne-mens-HS0303-300x300.webp 300w, https:\/\/theperfumebottles.com\/wp-content\/uploads\/2025\/04\/green-bottle-cologne-mens-HS0303-150x150.webp 150w, https:\/\/theperfumebottles.com\/wp-content\/uploads\/2025\/04\/green-bottle-cologne-mens-HS0303-768x768.webp 768w, https:\/\/theperfumebottles.com\/wp-content\/uploads\/2025\/04\/green-bottle-cologne-mens-HS0303-12x12.webp 12w, https:\/\/theperfumebottles.com\/wp-content\/uploads\/2025\/04\/green-bottle-cologne-mens-HS0303-600x600.webp 600w, https:\/\/theperfumebottles.com\/wp-content\/uploads\/2025\/04\/green-bottle-cologne-mens-HS0303-100x100.webp 100w, https:\/\/theperfumebottles.com\/wp-content\/uploads\/2025\/04\/green-bottle-cologne-mens-HS0303.webp 1024w\" sizes=\"(max-width: 300px) 100vw, 300px\" \/><figcaption id=\"caption-attachment-2978\" class=\"wp-caption-text\">100ml HS0303<\/figcaption><\/figure><\/td>\n<\/tr>\n<\/tbody>\n<\/table>\n<h2>Sp\u00e9cifications techniques<\/h2>\n<div class=\"hyc-common-markdown__table-wrapper\">\n<table>\n<thead>\n<tr>\n<th>Mod\u00e8le<\/th>\n<th>Capacit\u00e9<\/th>\n<th>Taille (mm)<\/th>\n<th>Mat\u00e9riel<\/th>\n<th>Cas d&#039;utilisation<\/th>\n<\/tr>\n<\/thead>\n<tbody>\n<tr>\n<td>PB-HS0301<\/td>\n<td>30 ml<\/td>\n<td>46\u00d773<\/td>\n<td>Verre cristallin<\/td>\n<td>Eau de Cologne pour hommes, vaporisateur pour le corps<\/td>\n<\/tr>\n<tr>\n<td>PB-HS0302<\/td>\n<td>50 ml<\/td>\n<td>51\u00d780<\/td>\n<td>Verre cristallin<\/td>\n<td>Parfum f\u00e9minin, parfum unisexe<\/td>\n<\/tr>\n<tr>\n<td>PB-HS0303<\/td>\n<td>100 ml<\/td>\n<td>59\u00d794<\/td>\n<td>Verre cristallin<\/td>\n<td>Coffrets cadeaux de luxe, atomiseur rechargeable<\/td>\n<\/tr>\n<\/tbody>\n<\/table>\n<\/div>\n<h2>Pourquoi choisir ces bouteilles en verre vert ?<\/h2>\n<ol>\n<li>\u200b<strong>Le luxe rencontre la fonctionnalit\u00e9<\/strong>\n<ul>\n<li>Les flacons de parfum en verre garantissent l'int\u00e9grit\u00e9 du parfum gr\u00e2ce \u00e0 un verre en cristal non r\u00e9actif.<\/li>\n<li>L'atomiseur de pr\u00e9cision assure une brumisation constante pour des exp\u00e9riences de qualit\u00e9 sup\u00e9rieure.<\/li>\n<\/ul>\n<\/li>\n<li>\u200b<strong>Signature Green Aesthetic<\/strong>\n<ul>\n<li>Les acheteurs de l'eau de Cologne Green bottle aiment la base terreuse et sophistiqu\u00e9e.<\/li>\n<li>Le flacon de parfum vert pour les options f\u00e9minines associe des tons \u00e9meraude \u00e0 une transparence minimaliste.<\/li>\n<\/ul>\n<\/li>\n<li>\u200b<strong>Personnalisation \u00e0 l'infini<\/strong>\n<ul>\n<li>Cr\u00e9ez des designs uniques : modifiez les couleurs des bouchons, gravez des logos ou choisissez des flacons de parfum vides pour les marques DIY.<\/li>\n<li>Les commandes en gros comprennent une assistance personnalis\u00e9e pour l'emballage des parfums.<\/li>\n<\/ul>\n<\/li>\n<\/ol>\n<h2>Se d\u00e9marquer avec un marquage personnalis\u00e9<\/h2>\n<p>En tant que fabricant leader de flacons de parfum en verre, nous permettons aux marques de.. :<\/p>\n<ul>\n<li>Choisissez parmi les flacons en verre de 30 ml, 50 ml ou 100 ml.<\/li>\n<li>Ajoutez des finitions mates\/brillantes aux bouchons ou personnalisez la teinte de la base transparente.<\/li>\n<li>Cr\u00e9ez un compte pour b\u00e9n\u00e9ficier de prix de gros exclusifs et de consultations en mati\u00e8re de design.<\/li>\n<\/ul>\n<p><strong>Am\u00e9liorez votre gamme de parfums d\u00e8s aujourd'hui<\/strong>-Transformer les bouteilles vertes d'eau de Cologne de parfums pour hommes et femmes en \u0153uvres d'art dignes d'\u00eatre collectionn\u00e9es. [Contactez-nous pour demander des \u00e9chantillons ou cr\u00e9er votre prototype de marque !<\/p>","protected":false},"excerpt":{"rendered":"<p>Flacons de parfum verts de premi\u00e8re qualit\u00e9 pour les eaux de Cologne pour hommes et les parfums pour femmes. Tailles personnalis\u00e9es, verre de cristal et conceptions \u00e9cologiques. Id\u00e9al pour les marques \u00e0 la recherche d'un emballage de parfum de luxe.<\/p>","protected":false},"featured_media":2977,"comment_status":"open","ping_status":"closed","template":"","meta":{"_acf_changed":false,"site-sidebar-layout":"default","site-content-layout":"","ast-site-content-layout":"default","site-content-style":"default","site-sidebar-style":"default","ast-global-header-display":"","ast-banner-title-visibility":"","ast-main-header-display":"","ast-hfb-above-header-display":"","ast-hfb-below-header-display":"","ast-hfb-mobile-header-display":"","site-post-title":"","ast-breadcrumbs-content":"","ast-featured-img":"","footer-sml-layout":"","ast-disable-related-posts":"","theme-transparent-header-meta":"default","adv-header-id-meta":"","stick-header-meta":"","header-above-stick-meta":"","header-main-stick-meta":"","header-below-stick-meta":"","astra-migrate-meta-layouts":"set","ast-page-background-enabled":"default","ast-page-background-meta":{"desktop":{"background-color":"var(--ast-global-color-5)","background-image":"","background-repeat":"repeat","background-position":"center center","background-size":"auto","background-attachment":"scroll","background-type":"","background-media":"","overlay-type":"","overlay-color":"","overlay-opacity":"","overlay-gradient":""},"tablet":{"background-color":"","background-image":"","background-repeat":"repeat","background-position":"center center","background-size":"auto","background-attachment":"scroll","background-type":"","background-media":"","overlay-type":"","overlay-color":"","overlay-opacity":"","overlay-gradient":""},"mobile":{"background-color":"","background-image":"","background-repeat":"repeat","background-position":"center center","background-size":"auto","background-attachment":"scroll","background-type":"","background-media":"","overlay-type":"","overlay-color":"","overlay-opacity":"","overlay-gradient":""}},"ast-content-background-meta":{"desktop":{"background-color":"var(--ast-global-color-4)","background-image":"","background-repeat":"repeat","background-position":"center center","background-size":"auto","background-attachment":"scroll","background-type":"","background-media":"","overlay-type":"","overlay-color":"","overlay-opacity":"","overlay-gradient":""},"tablet":{"background-color":"var(--ast-global-color-4)","background-image":"","background-repeat":"repeat","background-position":"center center","background-size":"auto","background-attachment":"scroll","background-type":"","background-media":"","overlay-type":"","overlay-color":"","overlay-opacity":"","overlay-gradient":""},"mobile":{"background-color":"var(--ast-global-color-4)","background-image":"","background-repeat":"repeat","background-position":"center center","background-size":"auto","background-attachment":"scroll","background-type":"","background-media":"","overlay-type":"","overlay-color":"","overlay-opacity":"","overlay-gradient":""}}},"product_brand":[],"product_cat":[72,41],"product_tag":[],"class_list":{"0":"post-2976","1":"product","2":"type-product","3":"status-publish","4":"has-post-thumbnail","6":"product_cat-cosmetic-packaging","7":"product_cat-perfume-bottles","8":"desktop-align-left","9":"tablet-align-left","10":"mobile-align-left","12":"first","13":"instock","14":"shipping-taxable","15":"product-type-simple"},"acf":[],"jetpack_sharing_enabled":true,"_links":{"self":[{"href":"https:\/\/theperfumebottles.com\/fr\/wp-json\/wp\/v2\/product\/2976","targetHints":{"allow":["GET"]}}],"collection":[{"href":"https:\/\/theperfumebottles.com\/fr\/wp-json\/wp\/v2\/product"}],"about":[{"href":"https:\/\/theperfumebottles.com\/fr\/wp-json\/wp\/v2\/types\/product"}],"replies":[{"embeddable":true,"href":"https:\/\/theperfumebottles.com\/fr\/wp-json\/wp\/v2\/comments?post=2976"}],"wp:featuredmedia":[{"embeddable":true,"href":"https:\/\/theperfumebottles.com\/fr\/wp-json\/wp\/v2\/media\/2977"}],"wp:attachment":[{"href":"https:\/\/theperfumebottles.com\/fr\/wp-json\/wp\/v2\/media?parent=2976"}],"wp:term":[{"taxonomy":"product_brand","embeddable":true,"href":"https:\/\/theperfumebottles.com\/fr\/wp-json\/wp\/v2\/product_brand?post=2976"},{"taxonomy":"product_cat","embeddable":true,"href":"https:\/\/theperfumebottles.com\/fr\/wp-json\/wp\/v2\/product_cat?post=2976"},{"taxonomy":"product_tag","embeddable":true,"href":"https:\/\/theperfumebottles.com\/fr\/wp-json\/wp\/v2\/product_tag?post=2976"}],"curies":[{"name":"wp","href":"https:\/\/api.w.org\/{rel}","templated":true}]}}