{"id":2983,"date":"2025-04-07T09:06:52","date_gmt":"2025-04-07T09:06:52","guid":{"rendered":"https:\/\/theperfumebottles.com\/?post_type=product&#038;p=2983"},"modified":"2025-05-29T10:05:41","modified_gmt":"2025-05-29T02:05:41","slug":"30ml-50ml-100ml-modern-perfume-bottles-with-silver-mountain-base","status":"publish","type":"product","link":"https:\/\/theperfumebottles.com\/fr\/produit\/30ml-50ml-100ml-modern-perfume-bottles-with-silver-mountain-base\/","title":{"rendered":"Flacons de parfum modernes de 30 ml, 50 ml et 100 ml avec socle Silver Mountain"},"content":{"rendered":"<p>Cette moderne bouteille de parfum combine le charme des montagnes naturelles avec un design moderne, et chaque d\u00e9tail r\u00e9v\u00e8le l'\u00e9l\u00e9gance et le style. Les fondateurs de la marque et les partenaires commerciaux qui s'int\u00e9ressent \u00e0 l'emballage seront bluff\u00e9s par son sens artistique unique \u2013 ce n'est pas seulement un contenant, mais aussi une extension de l'histoire de la marque, rendant votre parfum difficile \u00e0 ignorer tant visuellement que tactilement. Con\u00e7ue pour m\u00e9langer l'esth\u00e9tique moderne avec une \u00e9l\u00e9gance fonctionnelle, ces bouteilles de parfum en verre sont id\u00e9ales pour les parfums de luxe, les parfums \u00e0 th\u00e8me et les parfums sur mesure.<\/p>\n<table style=\"border-collapse: collapse;margin-left: auto;margin-right: auto;width: 162.03pt\" border=\"0\" width=\"216\" cellspacing=\"0\" cellpadding=\"0\">\n<tbody>\n<tr style=\"height: 13.50pt\">\n<td style=\"height: 13.50pt;width: 54.00pt\" width=\"72\" height=\"18\">\n<p><figure id=\"attachment_2988\" aria-describedby=\"caption-attachment-2988\" style=\"width: 300px\" class=\"wp-caption aligncenter\"><img fetchpriority=\"high\" decoding=\"async\" class=\"size-medium wp-image-2988\" src=\"https:\/\/theperfumebottles.com\/wp-content\/uploads\/2025\/04\/modern-perfume-bottles-hs0401-300x300.webp\" alt=\"flacons de parfum modernes\" width=\"300\" height=\"300\" srcset=\"https:\/\/theperfumebottles.com\/wp-content\/uploads\/2025\/04\/modern-perfume-bottles-hs0401-300x300.webp 300w, https:\/\/theperfumebottles.com\/wp-content\/uploads\/2025\/04\/modern-perfume-bottles-hs0401-150x150.webp 150w, https:\/\/theperfumebottles.com\/wp-content\/uploads\/2025\/04\/modern-perfume-bottles-hs0401-768x768.webp 768w, https:\/\/theperfumebottles.com\/wp-content\/uploads\/2025\/04\/modern-perfume-bottles-hs0401-12x12.webp 12w, https:\/\/theperfumebottles.com\/wp-content\/uploads\/2025\/04\/modern-perfume-bottles-hs0401-600x600.webp 600w, https:\/\/theperfumebottles.com\/wp-content\/uploads\/2025\/04\/modern-perfume-bottles-hs0401-100x100.webp 100w, https:\/\/theperfumebottles.com\/wp-content\/uploads\/2025\/04\/modern-perfume-bottles-hs0401.webp 1024w\" sizes=\"(max-width: 300px) 100vw, 300px\" \/><figcaption id=\"caption-attachment-2988\" class=\"wp-caption-text\">30ml HS0401<\/figcaption><\/figure><\/td>\n<td style=\"width: 54.00pt\" width=\"72\">\n<p><figure id=\"attachment_2984\" aria-describedby=\"caption-attachment-2984\" style=\"width: 300px\" class=\"wp-caption aligncenter\"><img decoding=\"async\" class=\"size-medium wp-image-2984\" src=\"https:\/\/theperfumebottles.com\/wp-content\/uploads\/2025\/04\/custom-fragrance-bottles-HS0402-300x300.webp\" alt=\"custom fragrance bottles\" width=\"300\" height=\"300\" srcset=\"https:\/\/theperfumebottles.com\/wp-content\/uploads\/2025\/04\/custom-fragrance-bottles-HS0402-300x300.webp 300w, https:\/\/theperfumebottles.com\/wp-content\/uploads\/2025\/04\/custom-fragrance-bottles-HS0402-150x150.webp 150w, https:\/\/theperfumebottles.com\/wp-content\/uploads\/2025\/04\/custom-fragrance-bottles-HS0402-768x768.webp 768w, https:\/\/theperfumebottles.com\/wp-content\/uploads\/2025\/04\/custom-fragrance-bottles-HS0402-12x12.webp 12w, https:\/\/theperfumebottles.com\/wp-content\/uploads\/2025\/04\/custom-fragrance-bottles-HS0402-600x600.webp 600w, https:\/\/theperfumebottles.com\/wp-content\/uploads\/2025\/04\/custom-fragrance-bottles-HS0402-100x100.webp 100w, https:\/\/theperfumebottles.com\/wp-content\/uploads\/2025\/04\/custom-fragrance-bottles-HS0402.webp 1024w\" sizes=\"(max-width: 300px) 100vw, 300px\" \/><figcaption id=\"caption-attachment-2984\" class=\"wp-caption-text\">50ml HS0402<\/figcaption><\/figure><\/td>\n<td style=\"width: 54.00pt\" width=\"72\">\n<p><figure id=\"attachment_2985\" aria-describedby=\"caption-attachment-2985\" style=\"width: 300px\" class=\"wp-caption aligncenter\"><img decoding=\"async\" class=\"size-medium wp-image-2985\" src=\"https:\/\/theperfumebottles.com\/wp-content\/uploads\/2025\/04\/custom-fragrance-bottles-hs0403-300x300.webp\" alt=\"custom fragrance bottles\" width=\"300\" height=\"300\" srcset=\"https:\/\/theperfumebottles.com\/wp-content\/uploads\/2025\/04\/custom-fragrance-bottles-hs0403-300x300.webp 300w, https:\/\/theperfumebottles.com\/wp-content\/uploads\/2025\/04\/custom-fragrance-bottles-hs0403-150x150.webp 150w, https:\/\/theperfumebottles.com\/wp-content\/uploads\/2025\/04\/custom-fragrance-bottles-hs0403-768x768.webp 768w, https:\/\/theperfumebottles.com\/wp-content\/uploads\/2025\/04\/custom-fragrance-bottles-hs0403-12x12.webp 12w, https:\/\/theperfumebottles.com\/wp-content\/uploads\/2025\/04\/custom-fragrance-bottles-hs0403-600x600.webp 600w, https:\/\/theperfumebottles.com\/wp-content\/uploads\/2025\/04\/custom-fragrance-bottles-hs0403-100x100.webp 100w, https:\/\/theperfumebottles.com\/wp-content\/uploads\/2025\/04\/custom-fragrance-bottles-hs0403.webp 1024w\" sizes=\"(max-width: 300px) 100vw, 300px\" \/><figcaption id=\"caption-attachment-2985\" class=\"wp-caption-text\">100ml HS0403<\/figcaption><\/figure><\/td>\n<\/tr>\n<\/tbody>\n<\/table>\n<h2>Tableau des sp\u00e9cifications techniques<\/h2>\n<div class=\"hyc-common-markdown__table-wrapper\">\n<table>\n<thead>\n<tr>\n<th>Mod\u00e8le<\/th>\n<th>Capacit\u00e9<\/th>\n<th>Taille (H\u00d7D mm)<\/th>\n<th>Mat\u00e9riel<\/th>\n<th>Couleur<\/th>\n<th>Cas d&#039;utilisation<\/th>\n<\/tr>\n<\/thead>\n<tbody>\n<tr>\n<td>PB-HS0401<\/td>\n<td>30 ml<\/td>\n<td>73\u00d746<\/td>\n<td>Verre cristallin<\/td>\n<td>Transparent + base argent\u00e9e<\/td>\n<td>Parfum, Cologne, Spray<\/td>\n<\/tr>\n<tr>\n<td>PB-HS0402<\/td>\n<td>50 ml<\/td>\n<td>80\u00d751<\/td>\n<td>Verre cristallin<\/td>\n<td>Transparent + base argent\u00e9e<\/td>\n<td>Parfum, Spray pour le corps<\/td>\n<\/tr>\n<tr>\n<td>PB-HS0403<\/td>\n<td>100 ml<\/td>\n<td>94\u00d759<\/td>\n<td>Verre cristallin<\/td>\n<td>Transparent + base argent\u00e9e<\/td>\n<td>Emballage de parfum de luxe<\/td>\n<\/tr>\n<\/tbody>\n<\/table>\n<\/div>\n<h2>Pourquoi choisir ces flacons de parfum modernes ?<\/h2>\n<ul>\n<li><strong>Verre Cristal de haute qualit\u00e9:<\/strong> Verre \u00e9pais et de haute transparence garantit la durabilit\u00e9 et am\u00e9liore la visibilit\u00e9 du parfum.<\/li>\n<li>\u200b<strong>Tailles polyvalentes :<\/strong> Des bouteilles atomisatrices compactes de 30ml aux bouteilles vides de parfum de 100ml, nous r\u00e9pondons \u00e0 divers besoins des clients.<\/li>\n<li><strong>Personnalisation centr\u00e9e sur la marque:<\/strong> Travaillez avec notre fabricant pour choisir les finitions, graver les logos ou adapter les styles de chapeaux pour une bouteille de parfum personnalis\u00e9e unique.<\/li>\n<\/ul>\n<h2>Am\u00e9liorez votre marque de parfum d\u00e8s aujourd'hui<\/h2>\n<p>Que vous lancez une nouvelle ligne de parfum ou que vous rafra\u00eechissiez votre emballage de parfum, cette s\u00e9rie offre le m\u00e9lange parfait entre design moderne et personnalisation. Cr\u00e9ez une exp\u00e9rience de d\u00e9ballage inoubliable avec des bouteilles en verre qui refl\u00e8tent la luxe et l'innovation de votre marque. Laissez notre \u00e9quipe professionnelle devenir votre partenaire pour l'histoire de votre marque. Que ce soit en touchant l'\u00e9chantillon pour ressentir la beaut\u00e9 du travail d'artisanat ou en co-cr\u00e9ant un design unique, vous pouvez d\u00e9couvrir votre r\u00e9ponse exclusive en un seul pas. Contactez-nous, nous sommes l\u00e0.<\/p>","protected":false},"excerpt":{"rendered":"<p>Rehaussez votre marque avec des flacons de parfum modernes et des flacons de parfum personnalis\u00e9s. Bouchons argent\u00e9s \u00e9l\u00e9gants, bases montagneuses sculpt\u00e9es et verre de premi\u00e8re qualit\u00e9.<\/p>","protected":false},"featured_media":2988,"comment_status":"open","ping_status":"closed","template":"","meta":{"_acf_changed":false,"site-sidebar-layout":"default","site-content-layout":"","ast-site-content-layout":"default","site-content-style":"default","site-sidebar-style":"default","ast-global-header-display":"","ast-banner-title-visibility":"","ast-main-header-display":"","ast-hfb-above-header-display":"","ast-hfb-below-header-display":"","ast-hfb-mobile-header-display":"","site-post-title":"","ast-breadcrumbs-content":"","ast-featured-img":"","footer-sml-layout":"","ast-disable-related-posts":"","theme-transparent-header-meta":"default","adv-header-id-meta":"","stick-header-meta":"","header-above-stick-meta":"","header-main-stick-meta":"","header-below-stick-meta":"","astra-migrate-meta-layouts":"set","ast-page-background-enabled":"default","ast-page-background-meta":{"desktop":{"background-color":"var(--ast-global-color-5)","background-image":"","background-repeat":"repeat","background-position":"center center","background-size":"auto","background-attachment":"scroll","background-type":"","background-media":"","overlay-type":"","overlay-color":"","overlay-opacity":"","overlay-gradient":""},"tablet":{"background-color":"","background-image":"","background-repeat":"repeat","background-position":"center center","background-size":"auto","background-attachment":"scroll","background-type":"","background-media":"","overlay-type":"","overlay-color":"","overlay-opacity":"","overlay-gradient":""},"mobile":{"background-color":"","background-image":"","background-repeat":"repeat","background-position":"center center","background-size":"auto","background-attachment":"scroll","background-type":"","background-media":"","overlay-type":"","overlay-color":"","overlay-opacity":"","overlay-gradient":""}},"ast-content-background-meta":{"desktop":{"background-color":"var(--ast-global-color-4)","background-image":"","background-repeat":"repeat","background-position":"center center","background-size":"auto","background-attachment":"scroll","background-type":"","background-media":"","overlay-type":"","overlay-color":"","overlay-opacity":"","overlay-gradient":""},"tablet":{"background-color":"var(--ast-global-color-4)","background-image":"","background-repeat":"repeat","background-position":"center center","background-size":"auto","background-attachment":"scroll","background-type":"","background-media":"","overlay-type":"","overlay-color":"","overlay-opacity":"","overlay-gradient":""},"mobile":{"background-color":"var(--ast-global-color-4)","background-image":"","background-repeat":"repeat","background-position":"center center","background-size":"auto","background-attachment":"scroll","background-type":"","background-media":"","overlay-type":"","overlay-color":"","overlay-opacity":"","overlay-gradient":""}}},"product_brand":[],"product_cat":[72,41],"product_tag":[],"class_list":{"0":"post-2983","1":"product","2":"type-product","3":"status-publish","4":"has-post-thumbnail","6":"product_cat-cosmetic-packaging","7":"product_cat-perfume-bottles","8":"desktop-align-left","9":"tablet-align-left","10":"mobile-align-left","12":"first","13":"instock","14":"shipping-taxable","15":"product-type-simple"},"acf":[],"jetpack_sharing_enabled":true,"_links":{"self":[{"href":"https:\/\/theperfumebottles.com\/fr\/wp-json\/wp\/v2\/product\/2983","targetHints":{"allow":["GET"]}}],"collection":[{"href":"https:\/\/theperfumebottles.com\/fr\/wp-json\/wp\/v2\/product"}],"about":[{"href":"https:\/\/theperfumebottles.com\/fr\/wp-json\/wp\/v2\/types\/product"}],"replies":[{"embeddable":true,"href":"https:\/\/theperfumebottles.com\/fr\/wp-json\/wp\/v2\/comments?post=2983"}],"wp:featuredmedia":[{"embeddable":true,"href":"https:\/\/theperfumebottles.com\/fr\/wp-json\/wp\/v2\/media\/2988"}],"wp:attachment":[{"href":"https:\/\/theperfumebottles.com\/fr\/wp-json\/wp\/v2\/media?parent=2983"}],"wp:term":[{"taxonomy":"product_brand","embeddable":true,"href":"https:\/\/theperfumebottles.com\/fr\/wp-json\/wp\/v2\/product_brand?post=2983"},{"taxonomy":"product_cat","embeddable":true,"href":"https:\/\/theperfumebottles.com\/fr\/wp-json\/wp\/v2\/product_cat?post=2983"},{"taxonomy":"product_tag","embeddable":true,"href":"https:\/\/theperfumebottles.com\/fr\/wp-json\/wp\/v2\/product_tag?post=2983"}],"curies":[{"name":"wp","href":"https:\/\/api.w.org\/{rel}","templated":true}]}}