{"id":2990,"date":"2025-04-08T04:01:41","date_gmt":"2025-04-08T04:01:41","guid":{"rendered":"https:\/\/theperfumebottles.com\/?post_type=product&#038;p=2990"},"modified":"2026-04-01T11:39:35","modified_gmt":"2026-04-01T03:39:35","slug":"small-refillable-perfume-bottles-gold-accent-glass-perfume-bottle","status":"publish","type":"product","link":"https:\/\/theperfumebottles.com\/fr\/produit\/small-refillable-perfume-bottles-gold-accent-glass-perfume-bottle\/","title":{"rendered":"Petits flacons de parfum rechargeables avec des accents dor\u00e9s"},"content":{"rendered":"<h2>Flacons de parfum rechargeables : Le luxe rencontre la durabilit\u00e9<\/h2>\n<p>Am\u00e9liorez votre image de marque gr\u00e2ce \u00e0 nos petits flacons de parfum rechargeables - la fusion ultime de l'opulence et du design respectueux de l'environnement. En tant que fabricant de confiance de flacons de parfum en verre de premi\u00e8re qualit\u00e9, nous proposons des collections de flacons de parfum en or qui red\u00e9finissent l'emballage de luxe pour les marques exigeantes.<\/p>\n<h2>Pourquoi choisir nos flacons de parfum rechargeables ?<\/h2>\n<p>1.<strong>Redevance sur mesure<\/strong><br \/>\nCouronnez votre parfum avec notre design de flacon de parfum \u00e0 couronne vintage, dot\u00e9 d'une galvanisation \u00e0 l'or 24K et de bouchons en cristal. Parfait pour l'impression de logos personnalis\u00e9s et l'ajustement des couleurs.<\/p>\n<p>2.<strong>Pr\u00eat \u00e0 voyager<\/strong><br \/>\nPassez les contr\u00f4les de s\u00e9curit\u00e9 dans les avions sans effort gr\u00e2ce \u00e0 la technologie de l'atomiseur \u00e9tanche. R\u00e9siste \u00e0 des temp\u00e9ratures de -20\u00b0C \u00e0 40\u00b0C - id\u00e9al pour les lignes d'eau de Cologne en format voyage.<\/p>\n<p>3.<strong>Polyvalence multifonctionnelle<\/strong><br \/>\nAu-del\u00e0 du parfum, utilisez-le comme spray solaire, tonique ou eau de maquillage. Quatre formes uniques de flacons en verre (capacit\u00e9 de 50 ml) conviennent \u00e0 toutes les gammes de produits.<\/p>\n<h2>Sp\u00e9cifications cl\u00e9s<\/h2>\n<table style=\"border-collapse: collapse; width: 80%; margin-left: auto; margin-right: auto;\" border=\"0\" width=\"80%\" cellspacing=\"0\" cellpadding=\"0\">\n<tbody>\n<tr style=\"height: 13.50pt;\">\n<td class=\"et3\" style=\"height: 13.50pt; width: 95.25pt;\" width=\"127\" height=\"18\">Style<\/td>\n<td class=\"et3\" style=\"width: 65.25pt;\" width=\"87\">Capacit\u00e9<\/td>\n<td class=\"et3\" style=\"width: 89.25pt;\" width=\"119\">Hauteur totale<\/td>\n<td class=\"et3\" style=\"width: 84.00pt;\" width=\"112\">Taille du corps<\/td>\n<td class=\"et3\" style=\"width: 54.00pt;\" width=\"72\">Largeur<\/td>\n<td class=\"et3\" style=\"width: 171.75pt;\" width=\"229\">Dossier sp\u00e9cial<\/td>\n<\/tr>\n<tr style=\"height: 13.50pt;\">\n<td class=\"et4\" style=\"height: 13.50pt; width: 95.25pt;\" width=\"127\" height=\"18\">Carr\u00e9<\/td>\n<td class=\"et4\" style=\"width: 65.25pt;\" width=\"87\">30 ml<\/td>\n<td class=\"et4\" style=\"width: 89.25pt;\" width=\"119\">87 mm<\/td>\n<td class=\"et4\" style=\"width: 84.00pt;\" width=\"112\">58 mm<\/td>\n<td class=\"et4\" style=\"width: 54.00pt;\" width=\"72\">38 mm<\/td>\n<td class=\"et4\" style=\"width: 171.75pt;\" width=\"229\">Profil g\u00e9om\u00e9trique moderne<\/td>\n<\/tr>\n<tr style=\"height: 13.50pt;\">\n<td class=\"et4\" style=\"height: 13.50pt; width: 95.25pt;\" width=\"127\" height=\"18\">Ovale<\/td>\n<td class=\"et4\" style=\"width: 65.25pt;\" width=\"87\">50 ml<\/td>\n<td class=\"et4\" style=\"width: 89.25pt;\" width=\"119\">130 mm<\/td>\n<td class=\"et4\" style=\"width: 84.00pt;\" width=\"112\">98 mm<\/td>\n<td class=\"et4\" style=\"width: 54.00pt;\" width=\"72\">67 mm<\/td>\n<td class=\"et4\" style=\"width: 171.75pt;\" width=\"229\">Poign\u00e9e ergonomique<\/td>\n<\/tr>\n<tr style=\"height: 13.50pt;\">\n<td class=\"et4\" style=\"height: 13.50pt; width: 95.25pt;\" width=\"127\" height=\"18\">Rond classique<\/td>\n<td class=\"et2\">50 ml<\/td>\n<td class=\"et4\" style=\"width: 89.25pt;\" width=\"119\">106 mm<\/td>\n<td class=\"et4\" style=\"width: 84.00pt;\" width=\"112\">75 mm<\/td>\n<td class=\"et4\" style=\"width: 54.00pt;\" width=\"72\">48 mm<\/td>\n<td class=\"et4\" style=\"width: 171.75pt;\" width=\"229\">Une esth\u00e9tique luxueuse et intemporelle<\/td>\n<\/tr>\n<tr style=\"height: 13.50pt;\">\n<td class=\"et4\" style=\"height: 13.50pt; width: 95.25pt;\" width=\"127\" height=\"18\">Couronne Vintage<\/td>\n<td class=\"et4\" style=\"width: 65.25pt;\" width=\"87\">60 ml<\/td>\n<td class=\"et4\" style=\"width: 89.25pt;\" width=\"119\">96 mm<\/td>\n<td class=\"et4\" style=\"width: 84.00pt;\" width=\"112\">64 mm<\/td>\n<td class=\"et4\" style=\"width: 54.00pt;\" width=\"72\">60 mm<\/td>\n<td class=\"et4\" style=\"width: 171.75pt;\" width=\"229\">Capuchon en cristal royal<\/td>\n<\/tr>\n<\/tbody>\n<\/table>\n<h2>Id\u00e9al pour :<\/h2>\n<ul>\n<li>Nouvelle conception des emballages de parfums de luxe<\/li>\n<li>Collections d'eau de Cologne \u00e0 flacon d'or<\/li>\n<li>Coffrets cadeaux en \u00e9dition limit\u00e9e<\/li>\n<li>Lignes de soins de la peau sous marque de distributeur<\/li>\n<\/ul>\n<p>Cr\u00e9ez votre propre exp\u00e9rience olfactive d\u00e8s aujourd'hui - contactez-nous pour nous faire part de vos besoins en mati\u00e8re de flacons de parfum rechargeables personnalis\u00e9s.<\/p>","protected":false},"excerpt":{"rendered":"<p>Petits flacons de parfum rechargeables de qualit\u00e9 sup\u00e9rieure avec accents dor\u00e9s et bouchons en cristal. Emballage de luxe personnalisable pour les marques de parfum. Respectueux de l'environnement et s\u00fbrs pour les voyages.<\/p>","protected":false},"featured_media":2992,"comment_status":"open","ping_status":"closed","template":"","meta":{"_acf_changed":false,"site-sidebar-layout":"default","site-content-layout":"","ast-site-content-layout":"default","site-content-style":"default","site-sidebar-style":"default","ast-global-header-display":"","ast-banner-title-visibility":"","ast-main-header-display":"","ast-hfb-above-header-display":"","ast-hfb-below-header-display":"","ast-hfb-mobile-header-display":"","site-post-title":"","ast-breadcrumbs-content":"","ast-featured-img":"","footer-sml-layout":"","ast-disable-related-posts":"","theme-transparent-header-meta":"default","adv-header-id-meta":"","stick-header-meta":"","header-above-stick-meta":"","header-main-stick-meta":"","header-below-stick-meta":"","astra-migrate-meta-layouts":"set","ast-page-background-enabled":"default","ast-page-background-meta":{"desktop":{"background-color":"var(--ast-global-color-5)","background-image":"","background-repeat":"repeat","background-position":"center center","background-size":"auto","background-attachment":"scroll","background-type":"","background-media":"","overlay-type":"","overlay-color":"","overlay-opacity":"","overlay-gradient":""},"tablet":{"background-color":"","background-image":"","background-repeat":"repeat","background-position":"center center","background-size":"auto","background-attachment":"scroll","background-type":"","background-media":"","overlay-type":"","overlay-color":"","overlay-opacity":"","overlay-gradient":""},"mobile":{"background-color":"","background-image":"","background-repeat":"repeat","background-position":"center center","background-size":"auto","background-attachment":"scroll","background-type":"","background-media":"","overlay-type":"","overlay-color":"","overlay-opacity":"","overlay-gradient":""}},"ast-content-background-meta":{"desktop":{"background-color":"var(--ast-global-color-4)","background-image":"","background-repeat":"repeat","background-position":"center center","background-size":"auto","background-attachment":"scroll","background-type":"","background-media":"","overlay-type":"","overlay-color":"","overlay-opacity":"","overlay-gradient":""},"tablet":{"background-color":"var(--ast-global-color-4)","background-image":"","background-repeat":"repeat","background-position":"center center","background-size":"auto","background-attachment":"scroll","background-type":"","background-media":"","overlay-type":"","overlay-color":"","overlay-opacity":"","overlay-gradient":""},"mobile":{"background-color":"var(--ast-global-color-4)","background-image":"","background-repeat":"repeat","background-position":"center center","background-size":"auto","background-attachment":"scroll","background-type":"","background-media":"","overlay-type":"","overlay-color":"","overlay-opacity":"","overlay-gradient":""}}},"product_brand":[],"product_cat":[90,72,41],"product_tag":[],"class_list":{"0":"post-2990","1":"product","2":"type-product","3":"status-publish","4":"has-post-thumbnail","6":"product_cat-refillable-perfume-bottles","7":"product_cat-cosmetic-packaging","8":"product_cat-perfume-bottles","9":"desktop-align-left","10":"tablet-align-left","11":"mobile-align-left","13":"first","14":"instock","15":"shipping-taxable","16":"product-type-simple"},"acf":[],"jetpack_sharing_enabled":true,"_links":{"self":[{"href":"https:\/\/theperfumebottles.com\/fr\/wp-json\/wp\/v2\/product\/2990","targetHints":{"allow":["GET"]}}],"collection":[{"href":"https:\/\/theperfumebottles.com\/fr\/wp-json\/wp\/v2\/product"}],"about":[{"href":"https:\/\/theperfumebottles.com\/fr\/wp-json\/wp\/v2\/types\/product"}],"replies":[{"embeddable":true,"href":"https:\/\/theperfumebottles.com\/fr\/wp-json\/wp\/v2\/comments?post=2990"}],"wp:featuredmedia":[{"embeddable":true,"href":"https:\/\/theperfumebottles.com\/fr\/wp-json\/wp\/v2\/media\/2992"}],"wp:attachment":[{"href":"https:\/\/theperfumebottles.com\/fr\/wp-json\/wp\/v2\/media?parent=2990"}],"wp:term":[{"taxonomy":"product_brand","embeddable":true,"href":"https:\/\/theperfumebottles.com\/fr\/wp-json\/wp\/v2\/product_brand?post=2990"},{"taxonomy":"product_cat","embeddable":true,"href":"https:\/\/theperfumebottles.com\/fr\/wp-json\/wp\/v2\/product_cat?post=2990"},{"taxonomy":"product_tag","embeddable":true,"href":"https:\/\/theperfumebottles.com\/fr\/wp-json\/wp\/v2\/product_tag?post=2990"}],"curies":[{"name":"wp","href":"https:\/\/api.w.org\/{rel}","templated":true}]}}