{"id":3081,"date":"2025-04-16T09:14:49","date_gmt":"2025-04-16T09:14:49","guid":{"rendered":"https:\/\/theperfumebottles.com\/?post_type=product&#038;p=3081"},"modified":"2026-04-07T15:47:10","modified_gmt":"2026-04-07T07:47:10","slug":"1-oz-30-ml-perfume-bottle-with-customizable-design","status":"publish","type":"product","link":"https:\/\/theperfumebottles.com\/fr\/produit\/1-oz-30-ml-perfume-bottle-with-customizable-design\/","title":{"rendered":"Flacon de parfum de 30 ml (1 oz) avec design personnalisable"},"content":{"rendered":"<p>Aujourd&#039;hui, nous vous recommandons l&#039;excellent flacon de parfum en verre YX06 de 30 ml. Ce flacon de 30 ml se distingue par son design \u00e9pur\u00e9, sa forme rectangulaire en verre ultra-transparent et son vaporisateur chrom\u00e9 argent\u00e9 qui lui conf\u00e8re une \u00e9l\u00e9gance discr\u00e8te.<\/p>\n<h2>Sp\u00e9cifications cl\u00e9s<\/h2>\n<div>\n<table class=\"aligncenter\" style=\"border-collapse: collapse; width: 524.27pt;\" border=\"0\" width=\"699\" cellspacing=\"0\" cellpadding=\"0\">\n<tbody>\n<tr style=\"height: 13.50pt;\">\n<td style=\"height: 13.50pt; width: 96.75pt;\" width=\"129\" height=\"18\">Fonctionnalit\u00e9<\/td>\n<td style=\"width: 427.50pt;\" width=\"570\">D\u00e9tails<\/td>\n<\/tr>\n<tr style=\"height: 13.50pt;\">\n<td style=\"height: 13.50pt;\" height=\"18\">Mod\u00e8le<\/td>\n<td>PB-YX06<\/td>\n<\/tr>\n<tr style=\"height: 13.50pt;\">\n<td style=\"height: 13.50pt;\" height=\"18\">Capacit\u00e9<\/td>\n<td>30 ml (1 oz)<\/td>\n<\/tr>\n<tr style=\"height: 13.50pt;\">\n<td style=\"height: 13.50pt;\" height=\"18\">Dimensions<\/td>\n<td>37 \u00d7 25 \u00d7 95 mm<\/td>\n<\/tr>\n<tr style=\"height: 13.50pt;\">\n<td style=\"height: 13.50pt;\" height=\"18\">Options de surface<\/td>\n<td>Verre d\u00e9poli, s\u00e9rigraphie, marquage \u00e0 chaud, motifs de couleurs personnalis\u00e9s<\/td>\n<\/tr>\n<tr style=\"height: 13.50pt;\">\n<td style=\"height: 13.50pt;\" height=\"18\">Certifications<\/td>\n<td>ISO, CE, REACH, BSCI, FDS<\/td>\n<\/tr>\n<tr style=\"height: 13.50pt;\">\n<td style=\"height: 13.50pt;\" height=\"18\">Conditionnement<\/td>\n<td>Cartons personnalisables ou palettes en bois pour les commandes en gros<\/td>\n<\/tr>\n<tr style=\"height: 13.50pt;\">\n<td style=\"height: 13.50pt;\" height=\"18\">D\u00e9lai de mise en \u0153uvre<\/td>\n<td>7 \u00e0 15 jours (en stock) ; 30 \u00e0 45 jours (sur mesure)<\/td>\n<\/tr>\n<\/tbody>\n<\/table>\n<\/div>\n<h2>\u00c0 propos des commandes group\u00e9es<\/h2>\n<p>Que vous ayez besoin d&#039;acheter 500 ou 50\u00a0000 pi\u00e8ces, nous pouvons vous proposer des options d&#039;emballage flexibles et vari\u00e9es et vous garantir une livraison rapide. Les produits en stock peuvent \u00eatre exp\u00e9di\u00e9s sous 1 \u00e0 2 semaines, et les produits personnalis\u00e9s sont g\u00e9n\u00e9ralement livr\u00e9s sous 30 \u00e0 45 jours afin de garantir le respect des d\u00e9lais de livraison.<\/p>\n<h2>Suggestions de personnalisation pour les flacons de parfum de 30 ml<\/h2>\n<ul>\n<li>Variations de proportions carr\u00e9es\u00a0: Cr\u00e9ez de nouveaux mod\u00e8les de produits en d\u00e9veloppant des formes de bouteilles comprenant des contenants carr\u00e9s hauts et \u00e9troits et des contenants carr\u00e9s courts et larges qui conservent leur valeur esth\u00e9tique sur l\u2019ensemble de la gamme de produits.<\/li>\n<li>Bouchon magn\u00e9tique : Le bouchon est dot\u00e9 d&#039;un syst\u00e8me de fermeture magn\u00e9tique s\u00e9curis\u00e9 qui offre une surface continue aux utilisateurs, am\u00e9liorant ainsi leur interaction avec le produit.<\/li>\n<li>Personnalisation avanc\u00e9e du pulv\u00e9risateur\u00a0: La buse de pulv\u00e9risation permet aux utilisateurs de modifier sa couleur et sa forme et d\u2019ajuster le jet jusqu\u2019\u00e0 obtenir les r\u00e9sultats souhait\u00e9s.<\/li>\n<\/ul>","protected":false},"excerpt":{"rendered":"<p>D\u00e9couvrez nos \u00e9l\u00e9gants flacons de parfum de 30 ml (1 oz) aux designs personnalisables, disponibles en gros et avec une livraison rapide. Id\u00e9aux pour les marques et les fournisseurs de parfums.<\/p>","protected":false},"featured_media":3082,"comment_status":"open","ping_status":"closed","template":"","meta":{"_acf_changed":false,"site-sidebar-layout":"default","site-content-layout":"","ast-site-content-layout":"default","site-content-style":"default","site-sidebar-style":"default","ast-global-header-display":"","ast-banner-title-visibility":"","ast-main-header-display":"","ast-hfb-above-header-display":"","ast-hfb-below-header-display":"","ast-hfb-mobile-header-display":"","site-post-title":"","ast-breadcrumbs-content":"","ast-featured-img":"","footer-sml-layout":"","ast-disable-related-posts":"","theme-transparent-header-meta":"default","adv-header-id-meta":"","stick-header-meta":"","header-above-stick-meta":"","header-main-stick-meta":"","header-below-stick-meta":"","astra-migrate-meta-layouts":"set","ast-page-background-enabled":"default","ast-page-background-meta":{"desktop":{"background-color":"var(--ast-global-color-5)","background-image":"","background-repeat":"repeat","background-position":"center center","background-size":"auto","background-attachment":"scroll","background-type":"","background-media":"","overlay-type":"","overlay-color":"","overlay-opacity":"","overlay-gradient":""},"tablet":{"background-color":"","background-image":"","background-repeat":"repeat","background-position":"center center","background-size":"auto","background-attachment":"scroll","background-type":"","background-media":"","overlay-type":"","overlay-color":"","overlay-opacity":"","overlay-gradient":""},"mobile":{"background-color":"","background-image":"","background-repeat":"repeat","background-position":"center center","background-size":"auto","background-attachment":"scroll","background-type":"","background-media":"","overlay-type":"","overlay-color":"","overlay-opacity":"","overlay-gradient":""}},"ast-content-background-meta":{"desktop":{"background-color":"var(--ast-global-color-4)","background-image":"","background-repeat":"repeat","background-position":"center center","background-size":"auto","background-attachment":"scroll","background-type":"","background-media":"","overlay-type":"","overlay-color":"","overlay-opacity":"","overlay-gradient":""},"tablet":{"background-color":"var(--ast-global-color-4)","background-image":"","background-repeat":"repeat","background-position":"center center","background-size":"auto","background-attachment":"scroll","background-type":"","background-media":"","overlay-type":"","overlay-color":"","overlay-opacity":"","overlay-gradient":""},"mobile":{"background-color":"var(--ast-global-color-4)","background-image":"","background-repeat":"repeat","background-position":"center center","background-size":"auto","background-attachment":"scroll","background-type":"","background-media":"","overlay-type":"","overlay-color":"","overlay-opacity":"","overlay-gradient":""}}},"product_brand":[],"product_cat":[91,72,41],"product_tag":[],"class_list":{"0":"post-3081","1":"product","2":"type-product","3":"status-publish","4":"has-post-thumbnail","6":"product_cat-custom-perfume-bottles","7":"product_cat-cosmetic-packaging","8":"product_cat-perfume-bottles","9":"desktop-align-left","10":"tablet-align-left","11":"mobile-align-left","13":"first","14":"instock","15":"shipping-taxable","16":"product-type-simple"},"acf":[],"jetpack_sharing_enabled":true,"_links":{"self":[{"href":"https:\/\/theperfumebottles.com\/fr\/wp-json\/wp\/v2\/product\/3081","targetHints":{"allow":["GET"]}}],"collection":[{"href":"https:\/\/theperfumebottles.com\/fr\/wp-json\/wp\/v2\/product"}],"about":[{"href":"https:\/\/theperfumebottles.com\/fr\/wp-json\/wp\/v2\/types\/product"}],"replies":[{"embeddable":true,"href":"https:\/\/theperfumebottles.com\/fr\/wp-json\/wp\/v2\/comments?post=3081"}],"wp:featuredmedia":[{"embeddable":true,"href":"https:\/\/theperfumebottles.com\/fr\/wp-json\/wp\/v2\/media\/3082"}],"wp:attachment":[{"href":"https:\/\/theperfumebottles.com\/fr\/wp-json\/wp\/v2\/media?parent=3081"}],"wp:term":[{"taxonomy":"product_brand","embeddable":true,"href":"https:\/\/theperfumebottles.com\/fr\/wp-json\/wp\/v2\/product_brand?post=3081"},{"taxonomy":"product_cat","embeddable":true,"href":"https:\/\/theperfumebottles.com\/fr\/wp-json\/wp\/v2\/product_cat?post=3081"},{"taxonomy":"product_tag","embeddable":true,"href":"https:\/\/theperfumebottles.com\/fr\/wp-json\/wp\/v2\/product_tag?post=3081"}],"curies":[{"name":"wp","href":"https:\/\/api.w.org\/{rel}","templated":true}]}}