{"id":3112,"date":"2025-04-21T07:10:15","date_gmt":"2025-04-21T07:10:15","guid":{"rendered":"https:\/\/theperfumebottles.com\/?post_type=product&#038;p=3112"},"modified":"2025-05-26T15:53:47","modified_gmt":"2025-05-26T07:53:47","slug":"customizable-50ml-100ml-big-flat-perfume-bottles","status":"publish","type":"product","link":"https:\/\/theperfumebottles.com\/fr\/produit\/customizable-50ml-100ml-big-flat-perfume-bottles\/","title":{"rendered":"Flacons de parfum personnalisables de 50 ml et 100 ml, grands et plats"},"content":{"rendered":"<p>Notre flacon de parfum PB-YX11 se distingue par son \u00e9l\u00e9gance et sa simplicit\u00e9. De forme rectangulaire r\u00e9guli\u00e8re, il arbore des angles arrondis, des contours nets et des lignes harmonieuses. Son verre transparent pr\u00e9sente une surface lisse et une texture limpide. Le bouchon, plaqu\u00e9 or et argent par UV, est orn\u00e9 d&#039;un motif rond sur le dessus, conf\u00e9rant \u00e0 l&#039;ensemble un style moderne, \u00e0 la fois sobre et raffin\u00e9.<\/p>\n<table style=\"border-collapse: collapse;margin-left: auto;margin-right: auto;width: 108.03pt\" border=\"0\" width=\"144\" cellspacing=\"0\" cellpadding=\"0\">\n<tbody>\n<tr style=\"height: 13.50pt\">\n<td style=\"height: 13.50pt;width: 54.00pt\" width=\"72\" height=\"18\">\n<p><figure id=\"attachment_3117\" aria-describedby=\"caption-attachment-3117\" style=\"width: 300px\" class=\"wp-caption aligncenter\"><img fetchpriority=\"high\" decoding=\"async\" class=\"wp-image-3117 size-medium\" src=\"https:\/\/theperfumebottles.com\/wp-content\/uploads\/2025\/04\/flat-perfume-bottle-YX1101-300x300.webp\" alt=\"flacon de parfum plat\" width=\"300\" height=\"300\" srcset=\"https:\/\/theperfumebottles.com\/wp-content\/uploads\/2025\/04\/flat-perfume-bottle-YX1101-300x300.webp 300w, https:\/\/theperfumebottles.com\/wp-content\/uploads\/2025\/04\/flat-perfume-bottle-YX1101-150x150.webp 150w, https:\/\/theperfumebottles.com\/wp-content\/uploads\/2025\/04\/flat-perfume-bottle-YX1101-768x768.webp 768w, https:\/\/theperfumebottles.com\/wp-content\/uploads\/2025\/04\/flat-perfume-bottle-YX1101-12x12.webp 12w, https:\/\/theperfumebottles.com\/wp-content\/uploads\/2025\/04\/flat-perfume-bottle-YX1101-600x600.webp 600w, https:\/\/theperfumebottles.com\/wp-content\/uploads\/2025\/04\/flat-perfume-bottle-YX1101-100x100.webp 100w, https:\/\/theperfumebottles.com\/wp-content\/uploads\/2025\/04\/flat-perfume-bottle-YX1101.webp 1000w\" sizes=\"(max-width: 300px) 100vw, 300px\" \/><figcaption id=\"caption-attachment-3117\" class=\"wp-caption-text\">Flacon de parfum plat de 50 ml<\/figcaption><\/figure><\/td>\n<td style=\"width: 54.00pt\" width=\"72\">\n<p><figure id=\"attachment_3113\" aria-describedby=\"caption-attachment-3113\" style=\"width: 300px\" class=\"wp-caption aligncenter\"><img decoding=\"async\" class=\"size-medium wp-image-3113\" src=\"https:\/\/theperfumebottles.com\/wp-content\/uploads\/2025\/04\/flat-perfume-bottle-YX1102-300x300.webp\" alt=\"flacon de parfum plat\" width=\"300\" height=\"300\" srcset=\"https:\/\/theperfumebottles.com\/wp-content\/uploads\/2025\/04\/flat-perfume-bottle-YX1102-300x300.webp 300w, https:\/\/theperfumebottles.com\/wp-content\/uploads\/2025\/04\/flat-perfume-bottle-YX1102-150x150.webp 150w, https:\/\/theperfumebottles.com\/wp-content\/uploads\/2025\/04\/flat-perfume-bottle-YX1102-768x768.webp 768w, https:\/\/theperfumebottles.com\/wp-content\/uploads\/2025\/04\/flat-perfume-bottle-YX1102-12x12.webp 12w, https:\/\/theperfumebottles.com\/wp-content\/uploads\/2025\/04\/flat-perfume-bottle-YX1102-600x600.webp 600w, https:\/\/theperfumebottles.com\/wp-content\/uploads\/2025\/04\/flat-perfume-bottle-YX1102-100x100.webp 100w, https:\/\/theperfumebottles.com\/wp-content\/uploads\/2025\/04\/flat-perfume-bottle-YX1102.webp 1000w\" sizes=\"(max-width: 300px) 100vw, 300px\" \/><figcaption id=\"caption-attachment-3113\" class=\"wp-caption-text\">Flacon de parfum plat de 100 ml<\/figcaption><\/figure><\/td>\n<\/tr>\n<\/tbody>\n<\/table>\n<h2>Sp\u00e9cification<\/h2>\n<table width=\"80%\">\n<tbody>\n<tr>\n<td width=\"131\">Sp\u00e9cification<\/td>\n<td width=\"249\">PB-YX1101<\/td>\n<td width=\"293\">PB-YX1102<\/td>\n<\/tr>\n<tr>\n<td>Capacit\u00e9<\/td>\n<td>50 ml<\/td>\n<td>100 ml<\/td>\n<\/tr>\n<tr>\n<td>Dimensions<\/td>\n<td>62 mm \u00d7 22 mm \u00d7 88 mm, 15 mm<\/td>\n<td>74 mm \u00d7 26 mm \u00d7 110 mm, calibre 15 mm<\/td>\n<\/tr>\n<tr>\n<td>Calibre<\/td>\n<td>15 mm<\/td>\n<td>15 mm<\/td>\n<\/tr>\n<tr>\n<td>Couleur du verre<\/td>\n<td>Transparent, personnalisable<\/td>\n<td>Transparent, personnalisable<\/td>\n<\/tr>\n<tr>\n<td>Couleurs des casquettes<\/td>\n<td>Or, argent, personnalisable<\/td>\n<td>Or, argent, personnalisable<\/td>\n<\/tr>\n<\/tbody>\n<\/table>\n<h2>\u00c9tude de cas<\/h2>\n<p>Une marque de parfum renomm\u00e9e a choisi notre mod\u00e8le PB-YX1102 pour l&#039;emballage de son nouveau parfum. Elle a personnalis\u00e9 la couleur du bouchon et du verre avec une \u00e9l\u00e9gante finition d\u00e9polie, ce qui a permis \u00e0 son parfum de se d\u00e9marquer en rayon et d&#039;augmenter ses ventes.<\/p>\n<h2>Conseils d&#039;emballage<\/h2>\n<p>Pour un r\u00e9sultat optimal, privil\u00e9giez nos bo\u00eetes en verre teint\u00e9 et en papier de haute qualit\u00e9, imprim\u00e9es avec le logo de votre entreprise. Cela prot\u00e9gera le parfum et sublimera l&#039;exp\u00e9rience de d\u00e9ballage pour vos clients.<\/p>","protected":false},"excerpt":{"rendered":"<p>D\u00e9couvrez nos flacons de parfum plats et grand format. Parfaits pour sublimer le parfum unique de votre marque, ils sont pr\u00e9sent\u00e9s dans un verre \u00e9l\u00e9gant et offrent de nombreuses options de personnalisation.<\/p>","protected":false},"featured_media":3113,"comment_status":"open","ping_status":"closed","template":"","meta":{"_acf_changed":false,"site-sidebar-layout":"default","site-content-layout":"","ast-site-content-layout":"default","site-content-style":"default","site-sidebar-style":"default","ast-global-header-display":"","ast-banner-title-visibility":"","ast-main-header-display":"","ast-hfb-above-header-display":"","ast-hfb-below-header-display":"","ast-hfb-mobile-header-display":"","site-post-title":"","ast-breadcrumbs-content":"","ast-featured-img":"","footer-sml-layout":"","ast-disable-related-posts":"","theme-transparent-header-meta":"default","adv-header-id-meta":"","stick-header-meta":"","header-above-stick-meta":"","header-main-stick-meta":"","header-below-stick-meta":"","astra-migrate-meta-layouts":"set","ast-page-background-enabled":"default","ast-page-background-meta":{"desktop":{"background-color":"var(--ast-global-color-5)","background-image":"","background-repeat":"repeat","background-position":"center center","background-size":"auto","background-attachment":"scroll","background-type":"","background-media":"","overlay-type":"","overlay-color":"","overlay-opacity":"","overlay-gradient":""},"tablet":{"background-color":"","background-image":"","background-repeat":"repeat","background-position":"center center","background-size":"auto","background-attachment":"scroll","background-type":"","background-media":"","overlay-type":"","overlay-color":"","overlay-opacity":"","overlay-gradient":""},"mobile":{"background-color":"","background-image":"","background-repeat":"repeat","background-position":"center center","background-size":"auto","background-attachment":"scroll","background-type":"","background-media":"","overlay-type":"","overlay-color":"","overlay-opacity":"","overlay-gradient":""}},"ast-content-background-meta":{"desktop":{"background-color":"var(--ast-global-color-4)","background-image":"","background-repeat":"repeat","background-position":"center center","background-size":"auto","background-attachment":"scroll","background-type":"","background-media":"","overlay-type":"","overlay-color":"","overlay-opacity":"","overlay-gradient":""},"tablet":{"background-color":"var(--ast-global-color-4)","background-image":"","background-repeat":"repeat","background-position":"center center","background-size":"auto","background-attachment":"scroll","background-type":"","background-media":"","overlay-type":"","overlay-color":"","overlay-opacity":"","overlay-gradient":""},"mobile":{"background-color":"var(--ast-global-color-4)","background-image":"","background-repeat":"repeat","background-position":"center center","background-size":"auto","background-attachment":"scroll","background-type":"","background-media":"","overlay-type":"","overlay-color":"","overlay-opacity":"","overlay-gradient":""}}},"product_brand":[],"product_cat":[91,41],"product_tag":[],"class_list":{"0":"post-3112","1":"product","2":"type-product","3":"status-publish","4":"has-post-thumbnail","6":"product_cat-custom-perfume-bottles","7":"product_cat-perfume-bottles","8":"desktop-align-left","9":"tablet-align-left","10":"mobile-align-left","12":"first","13":"instock","14":"shipping-taxable","15":"product-type-simple"},"acf":[],"jetpack_sharing_enabled":true,"_links":{"self":[{"href":"https:\/\/theperfumebottles.com\/fr\/wp-json\/wp\/v2\/product\/3112","targetHints":{"allow":["GET"]}}],"collection":[{"href":"https:\/\/theperfumebottles.com\/fr\/wp-json\/wp\/v2\/product"}],"about":[{"href":"https:\/\/theperfumebottles.com\/fr\/wp-json\/wp\/v2\/types\/product"}],"replies":[{"embeddable":true,"href":"https:\/\/theperfumebottles.com\/fr\/wp-json\/wp\/v2\/comments?post=3112"}],"wp:featuredmedia":[{"embeddable":true,"href":"https:\/\/theperfumebottles.com\/fr\/wp-json\/wp\/v2\/media\/3113"}],"wp:attachment":[{"href":"https:\/\/theperfumebottles.com\/fr\/wp-json\/wp\/v2\/media?parent=3112"}],"wp:term":[{"taxonomy":"product_brand","embeddable":true,"href":"https:\/\/theperfumebottles.com\/fr\/wp-json\/wp\/v2\/product_brand?post=3112"},{"taxonomy":"product_cat","embeddable":true,"href":"https:\/\/theperfumebottles.com\/fr\/wp-json\/wp\/v2\/product_cat?post=3112"},{"taxonomy":"product_tag","embeddable":true,"href":"https:\/\/theperfumebottles.com\/fr\/wp-json\/wp\/v2\/product_tag?post=3112"}],"curies":[{"name":"wp","href":"https:\/\/api.w.org\/{rel}","templated":true}]}}