{"id":3118,"date":"2025-04-21T08:56:26","date_gmt":"2025-04-21T08:56:26","guid":{"rendered":"https:\/\/theperfumebottles.com\/?post_type=product&#038;p=3118"},"modified":"2025-05-23T18:09:44","modified_gmt":"2025-05-23T10:09:44","slug":"30ml-50ml-small-perfume-spray-bottles-small-cologne-bottles","status":"publish","type":"product","link":"https:\/\/theperfumebottles.com\/fr\/produit\/30ml-50ml-small-perfume-spray-bottles-small-cologne-bottles\/","title":{"rendered":"Petits flacons vaporisateurs de parfum et petits flacons d&#039;eau de Cologne de 30 ml et 50 ml"},"content":{"rendered":"<p>Dans l\u2019industrie du parfum, le design d\u2019un flacon peut-il directement d\u00e9terminer si les clients l\u2019ach\u00e8teront\u00a0? Sur un march\u00e9 f\u00e9rocement concurrentiel, la s\u00e9rie PB-YX12 de petits flacons vaporisateurs de parfum est l\u2019arme secr\u00e8te qui vous aidera \u00e0 vous d\u00e9marquer. Elle est disponible en deux contenances de 30 ml et 50 ml \u2013 assez petite pour tenir facilement dans une poche, mais assez grande pour contenir le rituel d\u2019une f\u00eate du parfum.<\/p>\n<table style=\"border-collapse: collapse;margin-left: auto;margin-right: auto;width: 108.03pt\" border=\"0\" width=\"144\" cellspacing=\"0\" cellpadding=\"0\">\n<tbody>\n<tr style=\"height: 13.50pt\">\n<td style=\"height: 13.50pt;width: 54.00pt\" width=\"72\" height=\"18\">\n<p><figure id=\"attachment_3121\" aria-describedby=\"caption-attachment-3121\" style=\"width: 300px\" class=\"wp-caption aligncenter\"><img fetchpriority=\"high\" decoding=\"async\" class=\"size-medium wp-image-3121\" src=\"https:\/\/theperfumebottles.com\/wp-content\/uploads\/2025\/04\/small-perfume-spray-bottles-yx1201-300x300.webp\" alt=\"petits flacons pulv\u00e9risateurs de parfum\" width=\"300\" height=\"300\" srcset=\"https:\/\/theperfumebottles.com\/wp-content\/uploads\/2025\/04\/small-perfume-spray-bottles-yx1201-300x300.webp 300w, https:\/\/theperfumebottles.com\/wp-content\/uploads\/2025\/04\/small-perfume-spray-bottles-yx1201-150x150.webp 150w, https:\/\/theperfumebottles.com\/wp-content\/uploads\/2025\/04\/small-perfume-spray-bottles-yx1201-768x768.webp 768w, https:\/\/theperfumebottles.com\/wp-content\/uploads\/2025\/04\/small-perfume-spray-bottles-yx1201-12x12.webp 12w, https:\/\/theperfumebottles.com\/wp-content\/uploads\/2025\/04\/small-perfume-spray-bottles-yx1201-600x600.webp 600w, https:\/\/theperfumebottles.com\/wp-content\/uploads\/2025\/04\/small-perfume-spray-bottles-yx1201-100x100.webp 100w, https:\/\/theperfumebottles.com\/wp-content\/uploads\/2025\/04\/small-perfume-spray-bottles-yx1201.webp 1000w\" sizes=\"(max-width: 300px) 100vw, 300px\" \/><figcaption id=\"caption-attachment-3121\" class=\"wp-caption-text\">Petit flacon d'eau de Cologne de 30 ml<\/figcaption><\/figure><\/td>\n<td style=\"width: 54.00pt\" width=\"72\">\n<p><figure id=\"attachment_3123\" aria-describedby=\"caption-attachment-3123\" style=\"width: 300px\" class=\"wp-caption aligncenter\"><img decoding=\"async\" class=\"size-medium wp-image-3123\" src=\"https:\/\/theperfumebottles.com\/wp-content\/uploads\/2025\/04\/small-cologne-bottle-yx1202-300x300.webp\" alt=\"petit flacon de cologne\" width=\"300\" height=\"300\" srcset=\"https:\/\/theperfumebottles.com\/wp-content\/uploads\/2025\/04\/small-cologne-bottle-yx1202-300x300.webp 300w, https:\/\/theperfumebottles.com\/wp-content\/uploads\/2025\/04\/small-cologne-bottle-yx1202-150x150.webp 150w, https:\/\/theperfumebottles.com\/wp-content\/uploads\/2025\/04\/small-cologne-bottle-yx1202-768x768.webp 768w, https:\/\/theperfumebottles.com\/wp-content\/uploads\/2025\/04\/small-cologne-bottle-yx1202-12x12.webp 12w, https:\/\/theperfumebottles.com\/wp-content\/uploads\/2025\/04\/small-cologne-bottle-yx1202-600x600.webp 600w, https:\/\/theperfumebottles.com\/wp-content\/uploads\/2025\/04\/small-cologne-bottle-yx1202-100x100.webp 100w, https:\/\/theperfumebottles.com\/wp-content\/uploads\/2025\/04\/small-cologne-bottle-yx1202.webp 1000w\" sizes=\"(max-width: 300px) 100vw, 300px\" \/><figcaption id=\"caption-attachment-3123\" class=\"wp-caption-text\">Petit flacon d'eau de Cologne de 50 ml<\/figcaption><\/figure><\/td>\n<\/tr>\n<\/tbody>\n<\/table>\n<h2>Sp\u00e9cification<\/h2>\n<table style=\"border-collapse: collapse;margin-left: auto;margin-right: auto;width: 80%\" border=\"0\" width=\"80%\" cellspacing=\"0\" cellpadding=\"0\">\n<tbody>\n<tr style=\"height: 13.50pt\">\n<td class=\"et2\" style=\"height: 13.50pt;width: 142.50pt\" width=\"190\" height=\"18\"><strong>Sp\u00e9cification<\/strong><\/td>\n<td class=\"et2\" style=\"width: 153.75pt\" width=\"205\"><strong>PB-YX1201<\/strong><\/td>\n<td class=\"et2\" style=\"width: 155.25pt\" width=\"207\"><strong>PB-YX1202<\/strong><\/td>\n<\/tr>\n<tr style=\"height: 13.50pt\">\n<td class=\"et2\" style=\"height: 13.50pt\" height=\"18\"><strong>Capacit\u00e9<\/strong><\/td>\n<td>30 ml<\/td>\n<td>50 ml<\/td>\n<\/tr>\n<tr style=\"height: 13.50pt\">\n<td class=\"et2\" style=\"height: 13.50pt\" height=\"18\"><strong>Dimensions<\/strong><\/td>\n<td>55 mm * 25 mm * 85 mm<\/td>\n<td>66 mm * 30 mm * 100 mm<\/td>\n<\/tr>\n<tr style=\"height: 13.50pt\">\n<td class=\"et2\" style=\"height: 13.50pt\" height=\"18\"><strong>Calibre<\/strong><\/td>\n<td class=\"et3\" colspan=\"2\">15 mm<\/td>\n<\/tr>\n<tr style=\"height: 13.50pt\">\n<td class=\"et2\" style=\"height: 13.50pt\" height=\"18\"><strong>Couleur du verre<\/strong><\/td>\n<td class=\"et3\" colspan=\"2\">Transparent, personnalisable<\/td>\n<\/tr>\n<tr style=\"height: 13.50pt\">\n<td class=\"et2\" style=\"height: 13.50pt\" height=\"18\"><strong>Couleurs de casquettes disponibles<\/strong><\/td>\n<td class=\"et3\" colspan=\"2\">Or, argent, noir, blanc, bois, personnalisable<\/td>\n<\/tr>\n<\/tbody>\n<\/table>\n<h2>Cas r\u00e9el\u00a0: Les petits flacons tirent parti d\u2019un grand march\u00e9<\/h2>\n<p>Une marque de parfums de boutique adoptant une approche minimaliste a lanc\u00e9 une s\u00e9rie de voyage avec le mod\u00e8le PB-YX1201. Ils ont choisi un capuchon de flacon noir mat + une impression s\u00e9rigraphique minimaliste, et le r\u00e9sultat a \u00e9t\u00e9\u00a0: les ventes ont doubl\u00e9, et les jeunes clients \u00e9taient fous de \u00e7a\u00a0!<br \/>\nLes r\u00e9seaux sociaux ont \u00e9t\u00e9 inond\u00e9s de messages\u00a0: \u00ab\u00a0Cette bouteille est tellement textur\u00e9e\u00a0!\u00a0\u00bb \u00ab\u00a0M\u00eame la bouteille vide veut \u00eatre expos\u00e9e\u00a0!\u00a0\u00bb<\/p>\n<h2>Suggestions d'emballage :<\/h2>\n<p><strong>Nous pouvons personnaliser la couleur du bouchon de la bouteille\u00a0:<\/strong>\u00a0or, argent, noir, blanc, et m\u00eame couleur grain de bois, vous pouvez l'assortir \u00e0 votre guise. Vous pr\u00e9f\u00e9rez la discr\u00e9tion\u00a0? Choisissez le noir mat\u00a0; vous voulez attirer l\u2019attention\u00a0? Essayez l\u2019or brillant. Imprimez votre logo ou motif par s\u00e9rigraphie pour en faire le seul point de m\u00e9moire dans l\u2019esprit du client.<br \/>\n<strong>Am\u00e9lioration luxe\u00a0: <\/strong>Chaque flacon de parfum est plac\u00e9 dans un coffret en papier doubl\u00e9 de velours. Une l\u00e9g\u00e8re touche suffit pour cr\u00e9er imm\u00e9diatement une forte impression de c\u00e9r\u00e9monie.<br \/>\n<strong>Points bonus d\u00e9tails\u00a0: <\/strong>Une carte parfum\u00e9e manuscrite est incluse pour indiquer aux clients \u00ab\u00a0pour quelle occasion ce flacon de parfum est adapt\u00e9\u00a0\u00bb, rehaussant instantan\u00e9ment la temp\u00e9rature de la marque.<br \/>\nPoints bonus environnementaux\u00a0: Choisissez un coffret en mat\u00e9riaux recyclables, \u00e0 la fois haut de gamme et conforme aux valeurs des consommateurs modernes.<\/p>","protected":false},"excerpt":{"rendered":"<p>D\u00e9couvrez nos \u00e9l\u00e9gantes options de petits flacons vaporisateurs de parfum et de petits flacons de cologne. Ces flacons en verre cristal sont disponibles avec diverses options de personnalisation pour s'adapter \u00e0 votre marque.<\/p>","protected":false},"featured_media":3123,"comment_status":"open","ping_status":"closed","template":"","meta":{"_acf_changed":false,"site-sidebar-layout":"default","site-content-layout":"","ast-site-content-layout":"default","site-content-style":"default","site-sidebar-style":"default","ast-global-header-display":"","ast-banner-title-visibility":"","ast-main-header-display":"","ast-hfb-above-header-display":"","ast-hfb-below-header-display":"","ast-hfb-mobile-header-display":"","site-post-title":"","ast-breadcrumbs-content":"","ast-featured-img":"","footer-sml-layout":"","ast-disable-related-posts":"","theme-transparent-header-meta":"default","adv-header-id-meta":"","stick-header-meta":"","header-above-stick-meta":"","header-main-stick-meta":"","header-below-stick-meta":"","astra-migrate-meta-layouts":"set","ast-page-background-enabled":"default","ast-page-background-meta":{"desktop":{"background-color":"var(--ast-global-color-5)","background-image":"","background-repeat":"repeat","background-position":"center center","background-size":"auto","background-attachment":"scroll","background-type":"","background-media":"","overlay-type":"","overlay-color":"","overlay-opacity":"","overlay-gradient":""},"tablet":{"background-color":"","background-image":"","background-repeat":"repeat","background-position":"center center","background-size":"auto","background-attachment":"scroll","background-type":"","background-media":"","overlay-type":"","overlay-color":"","overlay-opacity":"","overlay-gradient":""},"mobile":{"background-color":"","background-image":"","background-repeat":"repeat","background-position":"center center","background-size":"auto","background-attachment":"scroll","background-type":"","background-media":"","overlay-type":"","overlay-color":"","overlay-opacity":"","overlay-gradient":""}},"ast-content-background-meta":{"desktop":{"background-color":"var(--ast-global-color-4)","background-image":"","background-repeat":"repeat","background-position":"center center","background-size":"auto","background-attachment":"scroll","background-type":"","background-media":"","overlay-type":"","overlay-color":"","overlay-opacity":"","overlay-gradient":""},"tablet":{"background-color":"var(--ast-global-color-4)","background-image":"","background-repeat":"repeat","background-position":"center center","background-size":"auto","background-attachment":"scroll","background-type":"","background-media":"","overlay-type":"","overlay-color":"","overlay-opacity":"","overlay-gradient":""},"mobile":{"background-color":"var(--ast-global-color-4)","background-image":"","background-repeat":"repeat","background-position":"center center","background-size":"auto","background-attachment":"scroll","background-type":"","background-media":"","overlay-type":"","overlay-color":"","overlay-opacity":"","overlay-gradient":""}}},"product_brand":[],"product_cat":[72,91,41],"product_tag":[],"class_list":{"0":"post-3118","1":"product","2":"type-product","3":"status-publish","4":"has-post-thumbnail","6":"product_cat-cosmetic-packaging","7":"product_cat-custom-perfume-bottles","8":"product_cat-perfume-bottles","9":"desktop-align-left","10":"tablet-align-left","11":"mobile-align-left","13":"first","14":"instock","15":"shipping-taxable","16":"product-type-simple"},"acf":[],"jetpack_sharing_enabled":true,"_links":{"self":[{"href":"https:\/\/theperfumebottles.com\/fr\/wp-json\/wp\/v2\/product\/3118","targetHints":{"allow":["GET"]}}],"collection":[{"href":"https:\/\/theperfumebottles.com\/fr\/wp-json\/wp\/v2\/product"}],"about":[{"href":"https:\/\/theperfumebottles.com\/fr\/wp-json\/wp\/v2\/types\/product"}],"replies":[{"embeddable":true,"href":"https:\/\/theperfumebottles.com\/fr\/wp-json\/wp\/v2\/comments?post=3118"}],"wp:featuredmedia":[{"embeddable":true,"href":"https:\/\/theperfumebottles.com\/fr\/wp-json\/wp\/v2\/media\/3123"}],"wp:attachment":[{"href":"https:\/\/theperfumebottles.com\/fr\/wp-json\/wp\/v2\/media?parent=3118"}],"wp:term":[{"taxonomy":"product_brand","embeddable":true,"href":"https:\/\/theperfumebottles.com\/fr\/wp-json\/wp\/v2\/product_brand?post=3118"},{"taxonomy":"product_cat","embeddable":true,"href":"https:\/\/theperfumebottles.com\/fr\/wp-json\/wp\/v2\/product_cat?post=3118"},{"taxonomy":"product_tag","embeddable":true,"href":"https:\/\/theperfumebottles.com\/fr\/wp-json\/wp\/v2\/product_tag?post=3118"}],"curies":[{"name":"wp","href":"https:\/\/api.w.org\/{rel}","templated":true}]}}