{"id":3124,"date":"2025-04-22T04:03:56","date_gmt":"2025-04-22T04:03:56","guid":{"rendered":"https:\/\/theperfumebottles.com\/?post_type=product&#038;p=3124"},"modified":"2025-05-29T10:34:52","modified_gmt":"2025-05-29T02:34:52","slug":"customize-your-own-big-cologne-bottles-empty-perfume-bottles-100ml","status":"publish","type":"product","link":"https:\/\/theperfumebottles.com\/fr\/produit\/customize-your-own-big-cologne-bottles-empty-perfume-bottles-100ml\/","title":{"rendered":"Personnalisez vos propres grands flacons de parfum \u2013 Flacons de parfum vides de 100 ml"},"content":{"rendered":"<p>Que vous soyez propri\u00e9taire d'une marque ou grossiste, notre grand flacon PB-YX13 de 100 ml peut \u00eatre le point fort de votre entreprise. Design \u00e9l\u00e9gant + capacit\u00e9 pratique, une bouteille r\u00e9pond \u00e0 la fois aux besoins haut de gamme et aux besoins quotidiens.<\/p>\n<h2>Sp\u00e9cification<\/h2>\n<p><img fetchpriority=\"high\" decoding=\"async\" class=\"wp-image-3125 aligncenter\" src=\"https:\/\/theperfumebottles.com\/wp-content\/uploads\/2025\/04\/big-cologne-bottles-sizes-yx13.webp\" alt=\"grands flacons de cologne\" width=\"500\" height=\"500\" srcset=\"https:\/\/theperfumebottles.com\/wp-content\/uploads\/2025\/04\/big-cologne-bottles-sizes-yx13.webp 1000w, https:\/\/theperfumebottles.com\/wp-content\/uploads\/2025\/04\/big-cologne-bottles-sizes-yx13-300x300.webp 300w, https:\/\/theperfumebottles.com\/wp-content\/uploads\/2025\/04\/big-cologne-bottles-sizes-yx13-150x150.webp 150w, https:\/\/theperfumebottles.com\/wp-content\/uploads\/2025\/04\/big-cologne-bottles-sizes-yx13-768x768.webp 768w, https:\/\/theperfumebottles.com\/wp-content\/uploads\/2025\/04\/big-cologne-bottles-sizes-yx13-12x12.webp 12w, https:\/\/theperfumebottles.com\/wp-content\/uploads\/2025\/04\/big-cologne-bottles-sizes-yx13-600x600.webp 600w, https:\/\/theperfumebottles.com\/wp-content\/uploads\/2025\/04\/big-cologne-bottles-sizes-yx13-100x100.webp 100w\" sizes=\"(max-width: 500px) 100vw, 500px\" \/><\/p>\n<table style=\"border-collapse: collapse;border: 0;margin-left: auto;margin-right: auto;width: 366.77pt\" border=\"0\" width=\"489\" cellspacing=\"0\" cellpadding=\"0\">\n<tbody>\n<tr style=\"height: 15.00pt\">\n<td class=\"et1\" style=\"height: 15.00pt;width: 141.15pt\" width=\"188\" height=\"20\"><strong>Capacit\u00e9<\/strong><\/td>\n<td class=\"et1\" style=\"width: 225.85pt\" width=\"301\">100 ml (3,4 oz)<\/td>\n<\/tr>\n<tr style=\"height: 15.00pt\">\n<td class=\"et1\" style=\"height: 15.00pt\" height=\"20\"><strong>Mat\u00e9riel<\/strong><\/td>\n<td class=\"et1\">Verre cristallin<\/td>\n<\/tr>\n<tr style=\"height: 15.00pt\">\n<td class=\"et1\" style=\"height: 15.00pt\" height=\"20\"><strong>Type de pulv\u00e9risation<\/strong><\/td>\n<td class=\"et1\">Atomiseur<\/td>\n<\/tr>\n<tr style=\"height: 15.00pt\">\n<td class=\"et1\" style=\"height: 15.00pt\" height=\"20\"><strong>Couleurs disponibles<\/strong><\/td>\n<td class=\"et1\">Or, argent, noir, blanc, bois<\/td>\n<\/tr>\n<\/tbody>\n<\/table>\n<h2>Sc\u00e9narios applicables strat\u00e9gie compl\u00e8te<\/h2>\n<ul>\n<li><strong>Utilisation quotidienne :<\/strong> La contenance de 100 ml permet de l'emporter partout et de r\u00e9pondre au besoin de renouvellement du parfum tout au long de la journ\u00e9e.<\/li>\n<li><strong>Cadeaux de vacances :<\/strong> bouteille exquise + emballage personnalis\u00e9, est un choix de qualit\u00e9 pour les sc\u00e8nes de cadeaux.<\/li>\n<li><strong>Adaptation \u00e0 plusieurs parfums :<\/strong> L'eau de toilette, l'eau florale, l'eau de Cologne sont toutes compatibles.<\/li>\n<\/ul>\n<figure id=\"attachment_3128\" aria-describedby=\"caption-attachment-3128\" style=\"width: 500px\" class=\"wp-caption aligncenter\"><img decoding=\"async\" class=\"wp-image-3128\" src=\"https:\/\/theperfumebottles.com\/wp-content\/uploads\/2025\/04\/empty-perfume-bottles-100ml-yx13.webp\" alt=\"flacons de parfum vides de 100 ml\" width=\"500\" height=\"500\" srcset=\"https:\/\/theperfumebottles.com\/wp-content\/uploads\/2025\/04\/empty-perfume-bottles-100ml-yx13.webp 1000w, https:\/\/theperfumebottles.com\/wp-content\/uploads\/2025\/04\/empty-perfume-bottles-100ml-yx13-300x300.webp 300w, https:\/\/theperfumebottles.com\/wp-content\/uploads\/2025\/04\/empty-perfume-bottles-100ml-yx13-150x150.webp 150w, https:\/\/theperfumebottles.com\/wp-content\/uploads\/2025\/04\/empty-perfume-bottles-100ml-yx13-768x768.webp 768w, https:\/\/theperfumebottles.com\/wp-content\/uploads\/2025\/04\/empty-perfume-bottles-100ml-yx13-12x12.webp 12w, https:\/\/theperfumebottles.com\/wp-content\/uploads\/2025\/04\/empty-perfume-bottles-100ml-yx13-600x600.webp 600w, https:\/\/theperfumebottles.com\/wp-content\/uploads\/2025\/04\/empty-perfume-bottles-100ml-yx13-100x100.webp 100w\" sizes=\"(max-width: 500px) 100vw, 500px\" \/><figcaption id=\"caption-attachment-3128\" class=\"wp-caption-text\">flacons de parfum vides de 100 ml<\/figcaption><\/figure>\n<h2>Suggestions d&#039;emballage<\/h2>\n<p>Une marque haut de gamme a utilis\u00e9 notre mod\u00e8le YX1301 (mod\u00e8le \u00e0 gravure personnalis\u00e9e) pour lancer un parfum en \u00e9dition limit\u00e9e - ce qui a permis non seulement d'augmenter les ventes, mais aussi de susciter des discussions anim\u00e9es sur les m\u00e9dias sociaux.<\/p>\n<h2>conseils de personnalisation :<\/h2>\n<ul>\n<li><strong>Gravure sur bouteille<\/strong>LOGO de la marque, slogan exclusif, motif artistique.<\/li>\n<li><strong>D\u00e9coration du goulot de la bouteille<\/strong>anneau en m\u00e9tal, ruban, mat\u00e9riau naturel embellissement.<\/li>\n<li><strong>Am\u00e9lioration de l'emballage<\/strong>La gamme de produits est tr\u00e8s vari\u00e9e : de la simple bo\u00eete en papier \u00e0 la luxueuse bo\u00eete en bois, elle r\u00e9pond \u00e0 diff\u00e9rents budgets et \u00e0 diff\u00e9rents besoins.<\/li>\n<\/ul>\n<p>Personnalisez d\u00e8s maintenant et faites de chaque bouteille un vecteur de l'histoire de votre marque !<\/p>","protected":false},"excerpt":{"rendered":"<p>D\u00e9couvrez nos grands flacons d'eau de Cologne personnalisables, y compris les flacons de parfum vides de 100 ml. Parfaites pour vos besoins professionnels avec des designs uniques et une qualit\u00e9 sup\u00e9rieure.<\/p>","protected":false},"featured_media":3127,"comment_status":"open","ping_status":"closed","template":"","meta":{"_acf_changed":false,"site-sidebar-layout":"default","site-content-layout":"","ast-site-content-layout":"default","site-content-style":"default","site-sidebar-style":"default","ast-global-header-display":"","ast-banner-title-visibility":"","ast-main-header-display":"","ast-hfb-above-header-display":"","ast-hfb-below-header-display":"","ast-hfb-mobile-header-display":"","site-post-title":"","ast-breadcrumbs-content":"","ast-featured-img":"","footer-sml-layout":"","ast-disable-related-posts":"","theme-transparent-header-meta":"default","adv-header-id-meta":"","stick-header-meta":"","header-above-stick-meta":"","header-main-stick-meta":"","header-below-stick-meta":"","astra-migrate-meta-layouts":"set","ast-page-background-enabled":"default","ast-page-background-meta":{"desktop":{"background-color":"var(--ast-global-color-5)","background-image":"","background-repeat":"repeat","background-position":"center center","background-size":"auto","background-attachment":"scroll","background-type":"","background-media":"","overlay-type":"","overlay-color":"","overlay-opacity":"","overlay-gradient":""},"tablet":{"background-color":"","background-image":"","background-repeat":"repeat","background-position":"center center","background-size":"auto","background-attachment":"scroll","background-type":"","background-media":"","overlay-type":"","overlay-color":"","overlay-opacity":"","overlay-gradient":""},"mobile":{"background-color":"","background-image":"","background-repeat":"repeat","background-position":"center center","background-size":"auto","background-attachment":"scroll","background-type":"","background-media":"","overlay-type":"","overlay-color":"","overlay-opacity":"","overlay-gradient":""}},"ast-content-background-meta":{"desktop":{"background-color":"var(--ast-global-color-4)","background-image":"","background-repeat":"repeat","background-position":"center center","background-size":"auto","background-attachment":"scroll","background-type":"","background-media":"","overlay-type":"","overlay-color":"","overlay-opacity":"","overlay-gradient":""},"tablet":{"background-color":"var(--ast-global-color-4)","background-image":"","background-repeat":"repeat","background-position":"center center","background-size":"auto","background-attachment":"scroll","background-type":"","background-media":"","overlay-type":"","overlay-color":"","overlay-opacity":"","overlay-gradient":""},"mobile":{"background-color":"var(--ast-global-color-4)","background-image":"","background-repeat":"repeat","background-position":"center center","background-size":"auto","background-attachment":"scroll","background-type":"","background-media":"","overlay-type":"","overlay-color":"","overlay-opacity":"","overlay-gradient":""}}},"product_brand":[],"product_cat":[72,91,41],"product_tag":[],"class_list":{"0":"post-3124","1":"product","2":"type-product","3":"status-publish","4":"has-post-thumbnail","6":"product_cat-cosmetic-packaging","7":"product_cat-custom-perfume-bottles","8":"product_cat-perfume-bottles","9":"desktop-align-left","10":"tablet-align-left","11":"mobile-align-left","13":"first","14":"instock","15":"shipping-taxable","16":"product-type-simple"},"acf":[],"jetpack_sharing_enabled":true,"_links":{"self":[{"href":"https:\/\/theperfumebottles.com\/fr\/wp-json\/wp\/v2\/product\/3124","targetHints":{"allow":["GET"]}}],"collection":[{"href":"https:\/\/theperfumebottles.com\/fr\/wp-json\/wp\/v2\/product"}],"about":[{"href":"https:\/\/theperfumebottles.com\/fr\/wp-json\/wp\/v2\/types\/product"}],"replies":[{"embeddable":true,"href":"https:\/\/theperfumebottles.com\/fr\/wp-json\/wp\/v2\/comments?post=3124"}],"wp:featuredmedia":[{"embeddable":true,"href":"https:\/\/theperfumebottles.com\/fr\/wp-json\/wp\/v2\/media\/3127"}],"wp:attachment":[{"href":"https:\/\/theperfumebottles.com\/fr\/wp-json\/wp\/v2\/media?parent=3124"}],"wp:term":[{"taxonomy":"product_brand","embeddable":true,"href":"https:\/\/theperfumebottles.com\/fr\/wp-json\/wp\/v2\/product_brand?post=3124"},{"taxonomy":"product_cat","embeddable":true,"href":"https:\/\/theperfumebottles.com\/fr\/wp-json\/wp\/v2\/product_cat?post=3124"},{"taxonomy":"product_tag","embeddable":true,"href":"https:\/\/theperfumebottles.com\/fr\/wp-json\/wp\/v2\/product_tag?post=3124"}],"curies":[{"name":"wp","href":"https:\/\/api.w.org\/{rel}","templated":true}]}}