{"id":3131,"date":"2025-04-22T07:53:22","date_gmt":"2025-04-22T07:53:22","guid":{"rendered":"https:\/\/theperfumebottles.com\/?post_type=product&#038;p=3131"},"modified":"2025-05-22T13:14:17","modified_gmt":"2025-05-22T05:14:17","slug":"vintage-perfume-bottle-with-pump-design-crystal-perfume-bottles-for-wholesale","status":"publish","type":"product","link":"https:\/\/theperfumebottles.com\/fr\/produit\/vintage-perfume-bottle-with-pump-design-crystal-perfume-bottles-for-wholesale\/","title":{"rendered":"Flacon de parfum vintage avec pompe | Flacons de parfum en cristal pour la vente en gros"},"content":{"rendered":"<p>Les flacons de parfum en cristal de la s\u00e9rie PB-YX14 ont une base et des \u00e9paules octogonales. Le flacon a un contour octogonal, des lignes douces et \u00e9l\u00e9gantes et une sensation tridimensionnelle. Que vous cr\u00e9iez une nouvelle ligne de produits ou que vous am\u00e9lioriez une ligne existante, notre flacon de parfum en cristal PB-YX14 fera certainement rayonner vos consommateurs.<\/p>\n<figure id=\"attachment_3138\" aria-describedby=\"caption-attachment-3138\" style=\"width: 500px\" class=\"wp-caption aligncenter\"><img fetchpriority=\"high\" decoding=\"async\" class=\"wp-image-3138\" src=\"https:\/\/theperfumebottles.com\/wp-content\/uploads\/2025\/04\/vintage-perfume-bottle-with-pump-yx14.webp\" alt=\"Flacon de parfum vintage avec pompe\" width=\"500\" height=\"500\" srcset=\"https:\/\/theperfumebottles.com\/wp-content\/uploads\/2025\/04\/vintage-perfume-bottle-with-pump-yx14.webp 1000w, https:\/\/theperfumebottles.com\/wp-content\/uploads\/2025\/04\/vintage-perfume-bottle-with-pump-yx14-300x300.webp 300w, https:\/\/theperfumebottles.com\/wp-content\/uploads\/2025\/04\/vintage-perfume-bottle-with-pump-yx14-150x150.webp 150w, https:\/\/theperfumebottles.com\/wp-content\/uploads\/2025\/04\/vintage-perfume-bottle-with-pump-yx14-768x768.webp 768w, https:\/\/theperfumebottles.com\/wp-content\/uploads\/2025\/04\/vintage-perfume-bottle-with-pump-yx14-12x12.webp 12w, https:\/\/theperfumebottles.com\/wp-content\/uploads\/2025\/04\/vintage-perfume-bottle-with-pump-yx14-600x600.webp 600w, https:\/\/theperfumebottles.com\/wp-content\/uploads\/2025\/04\/vintage-perfume-bottle-with-pump-yx14-100x100.webp 100w\" sizes=\"(max-width: 500px) 100vw, 500px\" \/><figcaption id=\"caption-attachment-3138\" class=\"wp-caption-text\">flacon de parfum vintage avec pompe<\/figcaption><\/figure>\n<h2>Sp\u00e9cifications cl\u00e9s<\/h2>\n<figure id=\"attachment_3133\" aria-describedby=\"caption-attachment-3133\" style=\"width: 500px\" class=\"wp-caption aligncenter\"><img decoding=\"async\" class=\"wp-image-3133\" src=\"https:\/\/theperfumebottles.com\/wp-content\/uploads\/2025\/04\/crystal-perfume-bottles-sizes-yx14.webp\" alt=\"flacons de parfum en cristal\" width=\"500\" height=\"500\" srcset=\"https:\/\/theperfumebottles.com\/wp-content\/uploads\/2025\/04\/crystal-perfume-bottles-sizes-yx14.webp 1000w, https:\/\/theperfumebottles.com\/wp-content\/uploads\/2025\/04\/crystal-perfume-bottles-sizes-yx14-300x300.webp 300w, https:\/\/theperfumebottles.com\/wp-content\/uploads\/2025\/04\/crystal-perfume-bottles-sizes-yx14-150x150.webp 150w, https:\/\/theperfumebottles.com\/wp-content\/uploads\/2025\/04\/crystal-perfume-bottles-sizes-yx14-768x768.webp 768w, https:\/\/theperfumebottles.com\/wp-content\/uploads\/2025\/04\/crystal-perfume-bottles-sizes-yx14-12x12.webp 12w, https:\/\/theperfumebottles.com\/wp-content\/uploads\/2025\/04\/crystal-perfume-bottles-sizes-yx14-600x600.webp 600w, https:\/\/theperfumebottles.com\/wp-content\/uploads\/2025\/04\/crystal-perfume-bottles-sizes-yx14-100x100.webp 100w\" sizes=\"(max-width: 500px) 100vw, 500px\" \/><figcaption id=\"caption-attachment-3133\" class=\"wp-caption-text\">PB-YX14 flacons de parfum en cristal<\/figcaption><\/figure>\n<table>\n<thead>\n<tr>\n<th>Mod\u00e8le<\/th>\n<th>Capacit\u00e9<\/th>\n<th>Dimension<\/th>\n<th>Calibre<\/th>\n<th>Couleur du verre<\/th>\n<th>Couleurs des pompes<\/th>\n<\/tr>\n<\/thead>\n<tbody>\n<tr>\n<td>PB-YX1401<\/td>\n<td>50 ml<\/td>\n<td>49*49*80 mm<\/td>\n<td>15 mm<\/td>\n<td>Transparent<\/td>\n<td>Or, argent<\/td>\n<\/tr>\n<tr>\n<td>PB-YX1402<\/td>\n<td>100 ml<\/td>\n<td>58*58*101 mm<\/td>\n<td>15 mm<\/td>\n<td>Transparent<\/td>\n<td>Or, argent<\/td>\n<\/tr>\n<\/tbody>\n<\/table>\n<h2>Conseils d&#039;emballage<\/h2>\n<p>L'un de nos clients a remplac\u00e9 son parfum le plus vendu par notre flacon de parfum vintage PB-YX1401 avec pompe, a personnalis\u00e9 le verre color\u00e9 et les glands, et a constat\u00e9 une augmentation des ventes de 30%. L'\u00e9l\u00e9gance du design renforce non seulement l'attrait du produit, mais am\u00e9liore \u00e9galement la satisfaction des clients.<\/p>\n<figure id=\"attachment_3134\" aria-describedby=\"caption-attachment-3134\" style=\"width: 500px\" class=\"wp-caption aligncenter\"><img decoding=\"async\" class=\"wp-image-3134\" src=\"https:\/\/theperfumebottles.com\/wp-content\/uploads\/2025\/04\/crystal-perfume-bottles-yx14-pb.webp\" alt=\"flacons de parfum en cristal\" width=\"500\" height=\"500\" srcset=\"https:\/\/theperfumebottles.com\/wp-content\/uploads\/2025\/04\/crystal-perfume-bottles-yx14-pb.webp 1000w, https:\/\/theperfumebottles.com\/wp-content\/uploads\/2025\/04\/crystal-perfume-bottles-yx14-pb-300x300.webp 300w, https:\/\/theperfumebottles.com\/wp-content\/uploads\/2025\/04\/crystal-perfume-bottles-yx14-pb-150x150.webp 150w, https:\/\/theperfumebottles.com\/wp-content\/uploads\/2025\/04\/crystal-perfume-bottles-yx14-pb-768x768.webp 768w, https:\/\/theperfumebottles.com\/wp-content\/uploads\/2025\/04\/crystal-perfume-bottles-yx14-pb-12x12.webp 12w, https:\/\/theperfumebottles.com\/wp-content\/uploads\/2025\/04\/crystal-perfume-bottles-yx14-pb-600x600.webp 600w, https:\/\/theperfumebottles.com\/wp-content\/uploads\/2025\/04\/crystal-perfume-bottles-yx14-pb-100x100.webp 100w\" sizes=\"(max-width: 500px) 100vw, 500px\" \/><figcaption id=\"caption-attachment-3134\" class=\"wp-caption-text\">flacons de parfum en cristal<\/figcaption><\/figure>\n<p>Choisissez nos services d'emballage sur mesure, notamment des palettes en bois, des cartons ou une combinaison des deux. Vos produits arriveront ainsi en toute s\u00e9curit\u00e9 et seront pr\u00e9sent\u00e9s dans un emballage impressionnant.<\/p>","protected":false},"excerpt":{"rendered":"<p>D\u00e9couvrez notre flacon de parfum vintage avec son design de pompe, son \u00e9l\u00e9gance et sa durabilit\u00e9. Nos flacons de parfum en cristal peuvent \u00eatre personnalis\u00e9s pour r\u00e9pondre aux besoins de votre entreprise de parfumerie.<\/p>","protected":false},"featured_media":3135,"comment_status":"open","ping_status":"closed","template":"","meta":{"_acf_changed":false,"site-sidebar-layout":"default","site-content-layout":"","ast-site-content-layout":"default","site-content-style":"default","site-sidebar-style":"default","ast-global-header-display":"","ast-banner-title-visibility":"","ast-main-header-display":"","ast-hfb-above-header-display":"","ast-hfb-below-header-display":"","ast-hfb-mobile-header-display":"","site-post-title":"","ast-breadcrumbs-content":"","ast-featured-img":"","footer-sml-layout":"","ast-disable-related-posts":"","theme-transparent-header-meta":"default","adv-header-id-meta":"","stick-header-meta":"","header-above-stick-meta":"","header-main-stick-meta":"","header-below-stick-meta":"","astra-migrate-meta-layouts":"set","ast-page-background-enabled":"default","ast-page-background-meta":{"desktop":{"background-color":"var(--ast-global-color-5)","background-image":"","background-repeat":"repeat","background-position":"center center","background-size":"auto","background-attachment":"scroll","background-type":"","background-media":"","overlay-type":"","overlay-color":"","overlay-opacity":"","overlay-gradient":""},"tablet":{"background-color":"","background-image":"","background-repeat":"repeat","background-position":"center center","background-size":"auto","background-attachment":"scroll","background-type":"","background-media":"","overlay-type":"","overlay-color":"","overlay-opacity":"","overlay-gradient":""},"mobile":{"background-color":"","background-image":"","background-repeat":"repeat","background-position":"center center","background-size":"auto","background-attachment":"scroll","background-type":"","background-media":"","overlay-type":"","overlay-color":"","overlay-opacity":"","overlay-gradient":""}},"ast-content-background-meta":{"desktop":{"background-color":"var(--ast-global-color-4)","background-image":"","background-repeat":"repeat","background-position":"center center","background-size":"auto","background-attachment":"scroll","background-type":"","background-media":"","overlay-type":"","overlay-color":"","overlay-opacity":"","overlay-gradient":""},"tablet":{"background-color":"var(--ast-global-color-4)","background-image":"","background-repeat":"repeat","background-position":"center center","background-size":"auto","background-attachment":"scroll","background-type":"","background-media":"","overlay-type":"","overlay-color":"","overlay-opacity":"","overlay-gradient":""},"mobile":{"background-color":"var(--ast-global-color-4)","background-image":"","background-repeat":"repeat","background-position":"center center","background-size":"auto","background-attachment":"scroll","background-type":"","background-media":"","overlay-type":"","overlay-color":"","overlay-opacity":"","overlay-gradient":""}}},"product_brand":[],"product_cat":[72,91,73,41],"product_tag":[],"class_list":{"0":"post-3131","1":"product","2":"type-product","3":"status-publish","4":"has-post-thumbnail","6":"product_cat-cosmetic-packaging","7":"product_cat-custom-perfume-bottles","8":"product_cat-vintage-perfume-bottles","9":"product_cat-perfume-bottles","10":"desktop-align-left","11":"tablet-align-left","12":"mobile-align-left","14":"first","15":"instock","16":"shipping-taxable","17":"product-type-simple"},"acf":[],"jetpack_sharing_enabled":true,"_links":{"self":[{"href":"https:\/\/theperfumebottles.com\/fr\/wp-json\/wp\/v2\/product\/3131","targetHints":{"allow":["GET"]}}],"collection":[{"href":"https:\/\/theperfumebottles.com\/fr\/wp-json\/wp\/v2\/product"}],"about":[{"href":"https:\/\/theperfumebottles.com\/fr\/wp-json\/wp\/v2\/types\/product"}],"replies":[{"embeddable":true,"href":"https:\/\/theperfumebottles.com\/fr\/wp-json\/wp\/v2\/comments?post=3131"}],"wp:featuredmedia":[{"embeddable":true,"href":"https:\/\/theperfumebottles.com\/fr\/wp-json\/wp\/v2\/media\/3135"}],"wp:attachment":[{"href":"https:\/\/theperfumebottles.com\/fr\/wp-json\/wp\/v2\/media?parent=3131"}],"wp:term":[{"taxonomy":"product_brand","embeddable":true,"href":"https:\/\/theperfumebottles.com\/fr\/wp-json\/wp\/v2\/product_brand?post=3131"},{"taxonomy":"product_cat","embeddable":true,"href":"https:\/\/theperfumebottles.com\/fr\/wp-json\/wp\/v2\/product_cat?post=3131"},{"taxonomy":"product_tag","embeddable":true,"href":"https:\/\/theperfumebottles.com\/fr\/wp-json\/wp\/v2\/product_tag?post=3131"}],"curies":[{"name":"wp","href":"https:\/\/api.w.org\/{rel}","templated":true}]}}