{"id":3145,"date":"2025-04-24T05:57:06","date_gmt":"2025-04-24T05:57:06","guid":{"rendered":"https:\/\/theperfumebottles.com\/?post_type=product&#038;p=3145"},"modified":"2026-04-06T15:10:24","modified_gmt":"2026-04-06T07:10:24","slug":"crimped-fancy-perfume-bottles-wholesale","status":"publish","type":"product","link":"https:\/\/theperfumebottles.com\/fr\/produit\/crimped-fancy-perfume-bottles-wholesale\/","title":{"rendered":"Flacons de parfum fantaisie sertis de 50 ml et 100 ml pour la vente en gros"},"content":{"rendered":"<p>Ces flacons de parfum haut de gamme, disponibles en gros, pr\u00e9sentent un design robuste \u00e0 pilier carr\u00e9, r\u00e9alis\u00e9 en verre transparent. Leurs c\u00f4t\u00e9s sont orn\u00e9s de rainures verticales et d&#039;un panneau profond en forme de U, tandis que leurs bouchons sont en m\u00e9tal rond, dor\u00e9 ou argent\u00e9 brillant.<\/p>\n<figure id=\"attachment_3146\" aria-describedby=\"caption-attachment-3146\" style=\"width: 500px\" class=\"wp-caption aligncenter\"><img fetchpriority=\"high\" decoding=\"async\" class=\"wp-image-3146\" src=\"https:\/\/theperfumebottles.com\/wp-content\/uploads\/2025\/04\/crimp-perfume-bottles-yx16-pb.webp\" alt=\"sertir les flacons de parfum\" width=\"500\" height=\"500\" srcset=\"https:\/\/theperfumebottles.com\/wp-content\/uploads\/2025\/04\/crimp-perfume-bottles-yx16-pb.webp 1000w, https:\/\/theperfumebottles.com\/wp-content\/uploads\/2025\/04\/crimp-perfume-bottles-yx16-pb-300x300.webp 300w, https:\/\/theperfumebottles.com\/wp-content\/uploads\/2025\/04\/crimp-perfume-bottles-yx16-pb-150x150.webp 150w, https:\/\/theperfumebottles.com\/wp-content\/uploads\/2025\/04\/crimp-perfume-bottles-yx16-pb-768x768.webp 768w, https:\/\/theperfumebottles.com\/wp-content\/uploads\/2025\/04\/crimp-perfume-bottles-yx16-pb-12x12.webp 12w, https:\/\/theperfumebottles.com\/wp-content\/uploads\/2025\/04\/crimp-perfume-bottles-yx16-pb-600x600.webp 600w, https:\/\/theperfumebottles.com\/wp-content\/uploads\/2025\/04\/crimp-perfume-bottles-yx16-pb-100x100.webp 100w\" sizes=\"(max-width: 500px) 100vw, 500px\" \/><figcaption id=\"caption-attachment-3146\" class=\"wp-caption-text\">flacons de parfum de luxe en gros<\/figcaption><\/figure>\n<h2>Sp\u00e9cifications cl\u00e9s<\/h2>\n<figure id=\"attachment_3148\" aria-describedby=\"caption-attachment-3148\" style=\"width: 500px\" class=\"wp-caption aligncenter\"><img decoding=\"async\" class=\"wp-image-3148\" src=\"https:\/\/theperfumebottles.com\/wp-content\/uploads\/2025\/04\/fancy-perfume-bottles-wholesale-yx16-shape.webp\" alt=\"flacons de parfum de luxe en gros\" width=\"500\" height=\"500\" srcset=\"https:\/\/theperfumebottles.com\/wp-content\/uploads\/2025\/04\/fancy-perfume-bottles-wholesale-yx16-shape.webp 1000w, https:\/\/theperfumebottles.com\/wp-content\/uploads\/2025\/04\/fancy-perfume-bottles-wholesale-yx16-shape-300x300.webp 300w, https:\/\/theperfumebottles.com\/wp-content\/uploads\/2025\/04\/fancy-perfume-bottles-wholesale-yx16-shape-150x150.webp 150w, https:\/\/theperfumebottles.com\/wp-content\/uploads\/2025\/04\/fancy-perfume-bottles-wholesale-yx16-shape-768x768.webp 768w, https:\/\/theperfumebottles.com\/wp-content\/uploads\/2025\/04\/fancy-perfume-bottles-wholesale-yx16-shape-12x12.webp 12w, https:\/\/theperfumebottles.com\/wp-content\/uploads\/2025\/04\/fancy-perfume-bottles-wholesale-yx16-shape-600x600.webp 600w, https:\/\/theperfumebottles.com\/wp-content\/uploads\/2025\/04\/fancy-perfume-bottles-wholesale-yx16-shape-100x100.webp 100w\" sizes=\"(max-width: 500px) 100vw, 500px\" \/><figcaption id=\"caption-attachment-3148\" class=\"wp-caption-text\">Flacon de parfum \u00e0 col serti<\/figcaption><\/figure>\n<table>\n<thead>\n<tr>\n<th>Sp\u00e9cification<\/th>\n<th>PB-YX1601<\/th>\n<th>PB-YX1602<\/th>\n<\/tr>\n<\/thead>\n<tbody>\n<tr>\n<td>Capacit\u00e9<\/td>\n<td>50 ml<\/td>\n<td>100 ml<\/td>\n<\/tr>\n<tr>\n<td>Dimension<\/td>\n<td>38*38*80 mm<\/td>\n<td>38*38*116 mm<\/td>\n<\/tr>\n<tr>\n<td>Calibre<\/td>\n<td>15 mm<\/td>\n<td>15 mm<\/td>\n<\/tr>\n<tr>\n<td>Couleur du verre<\/td>\n<td>Transparent<\/td>\n<td>Transparent<\/td>\n<\/tr>\n<tr>\n<td>Pompe<\/td>\n<td>Or, argent, noir<\/td>\n<td>Or, argent, noir<\/td>\n<\/tr>\n<tr>\n<td>Type de joint<\/td>\n<td>Col serti<\/td>\n<td>Col serti<\/td>\n<\/tr>\n<\/tbody>\n<\/table>\n<h2>Succ\u00e8s\u00a0: Commande personnalis\u00e9e aupr\u00e8s d\u2019une marque de mode de luxe europ\u00e9enne<\/h2>\n<p>Une maison de couture italienne a choisi nos flacons de parfum carr\u00e9s sertis pour sa cr\u00e9ation olfactive exclusive, dot\u00e9e d&#039;un bouchon plaqu\u00e9 or 18 carats et d&#039;un corps en verre gris fum\u00e9. Le design de ce flacon sur mesure a rencontr\u00e9 un vif succ\u00e8s\u00a0: son allure haut de gamme lui a permis d&#039;\u00eatre vendu 40\u00a0% plus cher que les gammes pr\u00e9c\u00e9dentes, tandis que sa forme distinctive est devenue un \u00e9l\u00e9ment cl\u00e9 du design, g\u00e9n\u00e9rant 300\u00a0% d&#039;int\u00e9r\u00eat suppl\u00e9mentaire sur les r\u00e9seaux sociaux avant m\u00eame sa mise en vente. Fort de ce succ\u00e8s, la marque a pass\u00e9 une commande suppl\u00e9mentaire de 250\u00a0000 flacons pour sa nouvelle ligne de parfums unisexes et ses collaborations artistiques en \u00e9dition limit\u00e9e.<\/p>\n<h2>Suggestions de personnalisation pour flacons de parfum \u00e0 sertir<\/h2>\n<ul>\n<li>Mat\u00e9riau et finition du capuchon\u00a0: Nous proposons diff\u00e9rentes options de capuchons m\u00e9talliques disponibles en quatre styles de finition diff\u00e9rents, notamment mat, brillant, martel\u00e9 et incrust\u00e9 de cristaux.<\/li>\n<li>Variations de textures et de motifs\u00a0: Les utilisateurs peuvent cr\u00e9er diff\u00e9rents designs de panneaux lat\u00e9raux gr\u00e2ce \u00e0 trois options de conception, notamment des designs biseaut\u00e9s et des motifs g\u00e9om\u00e9triques, ainsi qu\u2019une combinaison d\u2019\u00e9l\u00e9ments avant lisses et d\u2019\u00e9l\u00e9ments lat\u00e9raux textur\u00e9s.<\/li>\n<li>Motifs en U : Les utilisateurs peuvent cr\u00e9er des motifs en U personnalis\u00e9s gr\u00e2ce \u00e0 trois options de conception disponibles, notamment des motifs en forme de V, des formes ondul\u00e9es et des motifs g\u00e9om\u00e9triques sp\u00e9cifiques utilis\u00e9s par leur marque.<\/li>\n<\/ul>","protected":false},"excerpt":{"rendered":"<p>Flacons de parfum de luxe haut de gamme en verre textur\u00e9, disponibles en gros. Le sertissage assure une fermeture herm\u00e9tique. Prix direct usine.<\/p>","protected":false},"featured_media":3147,"comment_status":"open","ping_status":"closed","template":"","meta":{"_acf_changed":false,"site-sidebar-layout":"default","site-content-layout":"","ast-site-content-layout":"default","site-content-style":"default","site-sidebar-style":"default","ast-global-header-display":"","ast-banner-title-visibility":"","ast-main-header-display":"","ast-hfb-above-header-display":"","ast-hfb-below-header-display":"","ast-hfb-mobile-header-display":"","site-post-title":"","ast-breadcrumbs-content":"","ast-featured-img":"","footer-sml-layout":"","ast-disable-related-posts":"","theme-transparent-header-meta":"default","adv-header-id-meta":"","stick-header-meta":"","header-above-stick-meta":"","header-main-stick-meta":"","header-below-stick-meta":"","astra-migrate-meta-layouts":"set","ast-page-background-enabled":"default","ast-page-background-meta":{"desktop":{"background-color":"var(--ast-global-color-5)","background-image":"","background-repeat":"repeat","background-position":"center center","background-size":"auto","background-attachment":"scroll","background-type":"","background-media":"","overlay-type":"","overlay-color":"","overlay-opacity":"","overlay-gradient":""},"tablet":{"background-color":"","background-image":"","background-repeat":"repeat","background-position":"center center","background-size":"auto","background-attachment":"scroll","background-type":"","background-media":"","overlay-type":"","overlay-color":"","overlay-opacity":"","overlay-gradient":""},"mobile":{"background-color":"","background-image":"","background-repeat":"repeat","background-position":"center center","background-size":"auto","background-attachment":"scroll","background-type":"","background-media":"","overlay-type":"","overlay-color":"","overlay-opacity":"","overlay-gradient":""}},"ast-content-background-meta":{"desktop":{"background-color":"var(--ast-global-color-4)","background-image":"","background-repeat":"repeat","background-position":"center center","background-size":"auto","background-attachment":"scroll","background-type":"","background-media":"","overlay-type":"","overlay-color":"","overlay-opacity":"","overlay-gradient":""},"tablet":{"background-color":"var(--ast-global-color-4)","background-image":"","background-repeat":"repeat","background-position":"center center","background-size":"auto","background-attachment":"scroll","background-type":"","background-media":"","overlay-type":"","overlay-color":"","overlay-opacity":"","overlay-gradient":""},"mobile":{"background-color":"var(--ast-global-color-4)","background-image":"","background-repeat":"repeat","background-position":"center center","background-size":"auto","background-attachment":"scroll","background-type":"","background-media":"","overlay-type":"","overlay-color":"","overlay-opacity":"","overlay-gradient":""}}},"product_brand":[],"product_cat":[91,72,41],"product_tag":[],"class_list":{"0":"post-3145","1":"product","2":"type-product","3":"status-publish","4":"has-post-thumbnail","6":"product_cat-custom-perfume-bottles","7":"product_cat-cosmetic-packaging","8":"product_cat-perfume-bottles","9":"desktop-align-left","10":"tablet-align-left","11":"mobile-align-left","13":"first","14":"instock","15":"shipping-taxable","16":"product-type-simple"},"acf":[],"jetpack_sharing_enabled":true,"_links":{"self":[{"href":"https:\/\/theperfumebottles.com\/fr\/wp-json\/wp\/v2\/product\/3145","targetHints":{"allow":["GET"]}}],"collection":[{"href":"https:\/\/theperfumebottles.com\/fr\/wp-json\/wp\/v2\/product"}],"about":[{"href":"https:\/\/theperfumebottles.com\/fr\/wp-json\/wp\/v2\/types\/product"}],"replies":[{"embeddable":true,"href":"https:\/\/theperfumebottles.com\/fr\/wp-json\/wp\/v2\/comments?post=3145"}],"wp:featuredmedia":[{"embeddable":true,"href":"https:\/\/theperfumebottles.com\/fr\/wp-json\/wp\/v2\/media\/3147"}],"wp:attachment":[{"href":"https:\/\/theperfumebottles.com\/fr\/wp-json\/wp\/v2\/media?parent=3145"}],"wp:term":[{"taxonomy":"product_brand","embeddable":true,"href":"https:\/\/theperfumebottles.com\/fr\/wp-json\/wp\/v2\/product_brand?post=3145"},{"taxonomy":"product_cat","embeddable":true,"href":"https:\/\/theperfumebottles.com\/fr\/wp-json\/wp\/v2\/product_cat?post=3145"},{"taxonomy":"product_tag","embeddable":true,"href":"https:\/\/theperfumebottles.com\/fr\/wp-json\/wp\/v2\/product_tag?post=3145"}],"curies":[{"name":"wp","href":"https:\/\/api.w.org\/{rel}","templated":true}]}}