{"id":3235,"date":"2025-04-28T08:04:02","date_gmt":"2025-04-28T08:04:02","guid":{"rendered":"https:\/\/theperfumebottles.com\/?post_type=product&#038;p=3235"},"modified":"2026-04-07T14:19:18","modified_gmt":"2026-04-07T06:19:18","slug":"25ml-stylish-small-empty-perfume-bottles-for-wholesale","status":"publish","type":"product","link":"https:\/\/theperfumebottles.com\/fr\/produit\/25ml-stylish-small-empty-perfume-bottles-for-wholesale\/","title":{"rendered":"Flacons de parfum vides et \u00e9l\u00e9gants de 25 ml pour la vente en gros"},"content":{"rendered":"<p>Le petit flacon de parfum rectangulaire vide, aux bords arrondis, arbore un design sym\u00e9trique et moderne. Gr\u00e2ce \u00e0 son corps en verre transparent et \u00e0 sa base \u00e9paisse qui assure une excellente stabilit\u00e9, le flacon laisse appara\u00eetre la couleur du parfum. Son bouchon cylindrique \u00e9pur\u00e9 et son vaporisateur \u00e0 brume d\u00e9licate en font un produit id\u00e9al au quotidien et parfait pour les voyages.<\/p>\n<h2>Sp\u00e9cifications cl\u00e9s<\/h2>\n<p>&nbsp;<\/p>\n<table style=\"border-collapse: collapse; margin-left: auto; margin-right: auto; width: 80%;\" border=\"0\" width=\"80%\" cellspacing=\"0\" cellpadding=\"0\">\n<tbody>\n<tr style=\"height: 13.50pt;\">\n<td style=\"height: 13.5pt; width: 132pt; text-align: center;\" width=\"176\" height=\"18\"><strong>Mod\u00e8le<\/strong><\/td>\n<td style=\"width: 195pt; text-align: center;\" width=\"260\">PB-YX2001<\/td>\n<\/tr>\n<tr style=\"height: 13.50pt;\">\n<td style=\"height: 13.5pt; text-align: center;\" height=\"18\"><strong>Dimension<\/strong><\/td>\n<td style=\"text-align: center;\">25 ml<\/td>\n<\/tr>\n<tr style=\"height: 13.50pt;\">\n<td style=\"height: 13.5pt; text-align: center;\" height=\"18\"><strong>Taille<\/strong><\/td>\n<td style=\"text-align: center;\">32\u00d720\u00d775 mm<\/td>\n<\/tr>\n<tr style=\"height: 13.50pt;\">\n<td style=\"height: 13.5pt; text-align: center;\" height=\"18\"><strong>Calibre<\/strong><\/td>\n<td style=\"text-align: center;\">15 mm<\/td>\n<\/tr>\n<tr style=\"height: 13.50pt;\">\n<td style=\"height: 13.5pt; text-align: center;\" height=\"18\"><strong>Couleurs de pompes disponibles<\/strong><\/td>\n<td style=\"text-align: center;\">Argent, or, noir<\/td>\n<\/tr>\n<tr style=\"height: 13.50pt;\">\n<td style=\"height: 13.5pt; text-align: center;\" height=\"18\"><strong>Type d&#039;\u00e9tanch\u00e9it\u00e9<\/strong><\/td>\n<td style=\"text-align: center;\">Col serti<\/td>\n<\/tr>\n<\/tbody>\n<\/table>\n<h2>Cas de r\u00e9ussite<\/h2>\n<p>Une marque de parfums ind\u00e9pendante nous a contact\u00e9s et a choisi notre flacon rectangulaire de 25 ml. La personnalisation a consist\u00e9 \u00e0 appliquer un rev\u00eatement d\u00e9grad\u00e9 subtil \u00e0 l&#039;int\u00e9rieur, cr\u00e9ant un effet unique qui met en valeur la couleur naturelle du parfum. Les bouchons ont \u00e9t\u00e9 personnalis\u00e9s en deux finitions distinctes \u2013 or bross\u00e9 et noir brillant \u2013 afin de diff\u00e9rencier les fragrances. Le logo de la marque a \u00e9t\u00e9 appos\u00e9 par s\u00e9rigraphie de pr\u00e9cision, garantissant une adh\u00e9rence optimale.<\/p>\n<p>Le client a command\u00e9 des produits suppl\u00e9mentaires apr\u00e8s avoir constat\u00e9 une augmentation de 35 % des ventes de coffrets cadeaux en format d&#039;essai au cours des deux mois suivant leur lancement officiel.<\/p>\n<h2>Suggestions de personnalisation<\/h2>\n<p>L&#039;un de nos clients est une entreprise de parfums de niche qui a personnalis\u00e9 ces flacons pour commander des \u00e9chantillons. Ils ont personnalis\u00e9 la surface du marquage \u00e0 chaud et la d\u00e9coration du col. Cet emballage \u00e9l\u00e9gant a valoris\u00e9 leur image de marque, ce qui a permis d&#039;accro\u00eetre les demandes de renseignements pour la vente en gros.<\/p>\n<p>Du choix d&#039;une pompe de pulv\u00e9risation, d&#039;un bouchon, ou encore d&#039;un carton ou d&#039;une bo\u00eete, notre \u00e9quipe peut concevoir une solution d&#039;emballage adapt\u00e9e aux besoins de votre entreprise.<\/p>","protected":false},"excerpt":{"rendered":"<p>Flacons de parfum vides de petite taille de haute qualit\u00e9 pour grossistes, vente directe d&#039;usine, design personnalisable et livraison rapide. Mini flacons de parfum vides en vrac.<\/p>","protected":false},"featured_media":3238,"comment_status":"open","ping_status":"closed","template":"","meta":{"_acf_changed":false,"site-sidebar-layout":"default","site-content-layout":"","ast-site-content-layout":"default","site-content-style":"default","site-sidebar-style":"default","ast-global-header-display":"","ast-banner-title-visibility":"","ast-main-header-display":"","ast-hfb-above-header-display":"","ast-hfb-below-header-display":"","ast-hfb-mobile-header-display":"","site-post-title":"","ast-breadcrumbs-content":"","ast-featured-img":"","footer-sml-layout":"","ast-disable-related-posts":"","theme-transparent-header-meta":"default","adv-header-id-meta":"","stick-header-meta":"","header-above-stick-meta":"","header-main-stick-meta":"","header-below-stick-meta":"","astra-migrate-meta-layouts":"set","ast-page-background-enabled":"default","ast-page-background-meta":{"desktop":{"background-color":"var(--ast-global-color-5)","background-image":"","background-repeat":"repeat","background-position":"center center","background-size":"auto","background-attachment":"scroll","background-type":"","background-media":"","overlay-type":"","overlay-color":"","overlay-opacity":"","overlay-gradient":""},"tablet":{"background-color":"","background-image":"","background-repeat":"repeat","background-position":"center center","background-size":"auto","background-attachment":"scroll","background-type":"","background-media":"","overlay-type":"","overlay-color":"","overlay-opacity":"","overlay-gradient":""},"mobile":{"background-color":"","background-image":"","background-repeat":"repeat","background-position":"center center","background-size":"auto","background-attachment":"scroll","background-type":"","background-media":"","overlay-type":"","overlay-color":"","overlay-opacity":"","overlay-gradient":""}},"ast-content-background-meta":{"desktop":{"background-color":"var(--ast-global-color-4)","background-image":"","background-repeat":"repeat","background-position":"center center","background-size":"auto","background-attachment":"scroll","background-type":"","background-media":"","overlay-type":"","overlay-color":"","overlay-opacity":"","overlay-gradient":""},"tablet":{"background-color":"var(--ast-global-color-4)","background-image":"","background-repeat":"repeat","background-position":"center center","background-size":"auto","background-attachment":"scroll","background-type":"","background-media":"","overlay-type":"","overlay-color":"","overlay-opacity":"","overlay-gradient":""},"mobile":{"background-color":"var(--ast-global-color-4)","background-image":"","background-repeat":"repeat","background-position":"center center","background-size":"auto","background-attachment":"scroll","background-type":"","background-media":"","overlay-type":"","overlay-color":"","overlay-opacity":"","overlay-gradient":""}}},"product_brand":[],"product_cat":[74,72,41],"product_tag":[],"class_list":{"0":"post-3235","1":"product","2":"type-product","3":"status-publish","4":"has-post-thumbnail","6":"product_cat-mini-perfume-bottles","7":"product_cat-cosmetic-packaging","8":"product_cat-perfume-bottles","9":"desktop-align-left","10":"tablet-align-left","11":"mobile-align-left","13":"first","14":"instock","15":"shipping-taxable","16":"product-type-simple"},"acf":[],"jetpack_sharing_enabled":true,"_links":{"self":[{"href":"https:\/\/theperfumebottles.com\/fr\/wp-json\/wp\/v2\/product\/3235","targetHints":{"allow":["GET"]}}],"collection":[{"href":"https:\/\/theperfumebottles.com\/fr\/wp-json\/wp\/v2\/product"}],"about":[{"href":"https:\/\/theperfumebottles.com\/fr\/wp-json\/wp\/v2\/types\/product"}],"replies":[{"embeddable":true,"href":"https:\/\/theperfumebottles.com\/fr\/wp-json\/wp\/v2\/comments?post=3235"}],"wp:featuredmedia":[{"embeddable":true,"href":"https:\/\/theperfumebottles.com\/fr\/wp-json\/wp\/v2\/media\/3238"}],"wp:attachment":[{"href":"https:\/\/theperfumebottles.com\/fr\/wp-json\/wp\/v2\/media?parent=3235"}],"wp:term":[{"taxonomy":"product_brand","embeddable":true,"href":"https:\/\/theperfumebottles.com\/fr\/wp-json\/wp\/v2\/product_brand?post=3235"},{"taxonomy":"product_cat","embeddable":true,"href":"https:\/\/theperfumebottles.com\/fr\/wp-json\/wp\/v2\/product_cat?post=3235"},{"taxonomy":"product_tag","embeddable":true,"href":"https:\/\/theperfumebottles.com\/fr\/wp-json\/wp\/v2\/product_tag?post=3235"}],"curies":[{"name":"wp","href":"https:\/\/api.w.org\/{rel}","templated":true}]}}