{"id":3243,"date":"2025-04-29T09:30:18","date_gmt":"2025-04-29T09:30:18","guid":{"rendered":"https:\/\/theperfumebottles.com\/?post_type=product&#038;p=3243"},"modified":"2025-05-23T13:47:44","modified_gmt":"2025-05-23T05:47:44","slug":"custimizable-round-perfume-bottles-for-luxury-brands","status":"publish","type":"product","link":"https:\/\/theperfumebottles.com\/fr\/produit\/custimizable-round-perfume-bottles-for-luxury-brands\/","title":{"rendered":"Flacons de parfum ronds personnalisables pour marques de luxe"},"content":{"rendered":"<p>\u00c9chantillons gratuits et livraison rapide. Notre s\u00e9rie de flacons de parfum ronds PB-YX21 est con\u00e7ue pour rehausser votre emballage de parfum. Fabriqu\u00e9s en verre de premi\u00e8re qualit\u00e9, ces flacons sont \u00e0 la fois \u00e9l\u00e9gants et fonctionnels. Que vous soyez pr\u00eat \u00e0 cr\u00e9er un produit m\u00e9morable ou \u00e0 \u00e9largir votre gamme de produits existants, nos flacons de parfum ronds sont disponibles sur mesure et en gros. Nous apportons un soutien fiable \u00e0 votre marque gr\u00e2ce \u00e0 une fabrication de haute qualit\u00e9, une livraison rapide et une personnalisation flexible.<\/p>\n<table style=\"border-collapse: collapse; margin-left: auto; margin-right: auto; width: 162.03pt;\" border=\"0\" width=\"216\" cellspacing=\"0\" cellpadding=\"0\">\n<tbody>\n<tr style=\"height: 13.50pt;\">\n<td style=\"height: 13.50pt; width: 54.00pt;\" width=\"72\" height=\"18\">\n<p><figure id=\"attachment_3244\" aria-describedby=\"caption-attachment-3244\" style=\"width: 300px\" class=\"wp-caption aligncenter\"><img fetchpriority=\"high\" decoding=\"async\" class=\"wp-image-3244 size-medium\" src=\"https:\/\/theperfumebottles.com\/wp-content\/uploads\/2025\/04\/perfume-round-bottle-yx2101-300x300.webp\" alt=\"flacon rond de parfum\" width=\"300\" height=\"300\" srcset=\"https:\/\/theperfumebottles.com\/wp-content\/uploads\/2025\/04\/perfume-round-bottle-yx2101-300x300.webp 300w, https:\/\/theperfumebottles.com\/wp-content\/uploads\/2025\/04\/perfume-round-bottle-yx2101-150x150.webp 150w, https:\/\/theperfumebottles.com\/wp-content\/uploads\/2025\/04\/perfume-round-bottle-yx2101-768x768.webp 768w, https:\/\/theperfumebottles.com\/wp-content\/uploads\/2025\/04\/perfume-round-bottle-yx2101-12x12.webp 12w, https:\/\/theperfumebottles.com\/wp-content\/uploads\/2025\/04\/perfume-round-bottle-yx2101-600x600.webp 600w, https:\/\/theperfumebottles.com\/wp-content\/uploads\/2025\/04\/perfume-round-bottle-yx2101-100x100.webp 100w, https:\/\/theperfumebottles.com\/wp-content\/uploads\/2025\/04\/perfume-round-bottle-yx2101.webp 1000w\" sizes=\"(max-width: 300px) 100vw, 300px\" \/><figcaption id=\"caption-attachment-3244\" class=\"wp-caption-text\">30ml PB-YX2101<\/figcaption><\/figure><\/td>\n<td style=\"width: 54.00pt;\" width=\"72\">\n<p><figure id=\"attachment_3245\" aria-describedby=\"caption-attachment-3245\" style=\"width: 300px\" class=\"wp-caption aligncenter\"><img decoding=\"async\" class=\"wp-image-3245 size-medium\" src=\"https:\/\/theperfumebottles.com\/wp-content\/uploads\/2025\/04\/perfume-round-bottle-yx2102-300x300.webp\" alt=\"flacon rond de parfum\" width=\"300\" height=\"300\" srcset=\"https:\/\/theperfumebottles.com\/wp-content\/uploads\/2025\/04\/perfume-round-bottle-yx2102-300x300.webp 300w, https:\/\/theperfumebottles.com\/wp-content\/uploads\/2025\/04\/perfume-round-bottle-yx2102-150x150.webp 150w, https:\/\/theperfumebottles.com\/wp-content\/uploads\/2025\/04\/perfume-round-bottle-yx2102-768x768.webp 768w, https:\/\/theperfumebottles.com\/wp-content\/uploads\/2025\/04\/perfume-round-bottle-yx2102-12x12.webp 12w, https:\/\/theperfumebottles.com\/wp-content\/uploads\/2025\/04\/perfume-round-bottle-yx2102-600x600.webp 600w, https:\/\/theperfumebottles.com\/wp-content\/uploads\/2025\/04\/perfume-round-bottle-yx2102-100x100.webp 100w, https:\/\/theperfumebottles.com\/wp-content\/uploads\/2025\/04\/perfume-round-bottle-yx2102.webp 1000w\" sizes=\"(max-width: 300px) 100vw, 300px\" \/><figcaption id=\"caption-attachment-3245\" class=\"wp-caption-text\">50ml PB-YX2102<\/figcaption><\/figure><\/td>\n<td style=\"width: 54.00pt;\" width=\"72\">\n<p><figure id=\"attachment_3246\" aria-describedby=\"caption-attachment-3246\" style=\"width: 300px\" class=\"wp-caption aligncenter\"><img decoding=\"async\" class=\"wp-image-3246 size-medium\" src=\"https:\/\/theperfumebottles.com\/wp-content\/uploads\/2025\/04\/perfume-round-bottle-yx2103-300x300.webp\" alt=\"flacon rond de parfum\" width=\"300\" height=\"300\" srcset=\"https:\/\/theperfumebottles.com\/wp-content\/uploads\/2025\/04\/perfume-round-bottle-yx2103-300x300.webp 300w, https:\/\/theperfumebottles.com\/wp-content\/uploads\/2025\/04\/perfume-round-bottle-yx2103-150x150.webp 150w, https:\/\/theperfumebottles.com\/wp-content\/uploads\/2025\/04\/perfume-round-bottle-yx2103-768x768.webp 768w, https:\/\/theperfumebottles.com\/wp-content\/uploads\/2025\/04\/perfume-round-bottle-yx2103-12x12.webp 12w, https:\/\/theperfumebottles.com\/wp-content\/uploads\/2025\/04\/perfume-round-bottle-yx2103-600x600.webp 600w, https:\/\/theperfumebottles.com\/wp-content\/uploads\/2025\/04\/perfume-round-bottle-yx2103-100x100.webp 100w, https:\/\/theperfumebottles.com\/wp-content\/uploads\/2025\/04\/perfume-round-bottle-yx2103.webp 1000w\" sizes=\"(max-width: 300px) 100vw, 300px\" \/><figcaption id=\"caption-attachment-3246\" class=\"wp-caption-text\">80ml PB-YX2103<\/figcaption><\/figure><\/td>\n<\/tr>\n<\/tbody>\n<\/table>\n<h2>Sp\u00e9cifications cl\u00e9s<\/h2>\n<table style=\"border-collapse: collapse; margin-left: auto; margin-right: auto; width: 80%;\" border=\"0\" width=\"80%\" cellspacing=\"0\" cellpadding=\"0\">\n<tbody>\n<tr style=\"height: 13.50pt;\">\n<td style=\"height: 13.50pt; width: 114.75pt;\" width=\"153\" height=\"18\"><strong>Mod\u00e8le<\/strong><\/td>\n<td style=\"width: 72.00pt;\" width=\"96\">PB-YX2101<\/td>\n<td style=\"width: 64.50pt;\" width=\"86\">PB-YX2102<\/td>\n<td style=\"width: 84.75pt;\" width=\"113\">PB-YX2103<\/td>\n<\/tr>\n<tr style=\"height: 13.50pt;\">\n<td style=\"height: 13.50pt;\" height=\"18\"><strong>Capacit\u00e9<\/strong><\/td>\n<td>30 ml<\/td>\n<td>50 ml<\/td>\n<td>80 ml<\/td>\n<\/tr>\n<tr style=\"height: 13.50pt;\">\n<td style=\"height: 13.50pt;\" height=\"18\"><strong>Dimensions<\/strong><\/td>\n<td>50 x 64 mm<\/td>\n<td>57 x 63 mm<\/td>\n<td>70 x 75 mm<\/td>\n<\/tr>\n<tr style=\"height: 13.50pt;\">\n<td style=\"height: 13.50pt;\" height=\"18\"><strong>Diam\u00e8tre du bouchon<\/strong><\/td>\n<td class=\"et2\" colspan=\"3\">15 mm<\/td>\n<\/tr>\n<tr style=\"height: 13.50pt;\">\n<td style=\"height: 13.50pt;\" height=\"18\"><strong>Options de couleur du bouchon<\/strong><\/td>\n<td class=\"et2\" colspan=\"3\">Argent, or, noir<\/td>\n<\/tr>\n<tr style=\"height: 13.50pt;\">\n<td style=\"height: 13.50pt;\" height=\"18\"><strong>Type d&#039;\u00e9tanch\u00e9it\u00e9<\/strong><\/td>\n<td class=\"et2\" colspan=\"3\">Col serti<\/td>\n<\/tr>\n<\/tbody>\n<\/table>\n<h2>Suggestions d'emballage :<\/h2>\n<p>Une grande marque de parfums de niche a utilis\u00e9 la PB-YX2102 pour lancer sa nouvelle ligne de parfums unisexes. Elle a choisi de personnaliser les bouchons noirs mats et de graver au laser les logos de la marque sur chaque bouteille en verre vide afin de promouvoir la notori\u00e9t\u00e9 de la marque et la fid\u00e9lit\u00e9 des clients.<\/p>\n<h3>Conseils:<\/h3>\n<ol>\n<li>Ajoutez le nom de votre marque ou votre logo gr\u00e2ce \u00e0 des traitements de surface grav\u00e9s ou imprim\u00e9s.<\/li>\n<li>Choisissez des mat\u00e9riaux et des couleurs de casquettes uniques pour mettre en valeur votre image de marque.<\/li>\n<li>Utilisez des solutions d'emballage haut de gamme telles que des bo\u00eetes imprim\u00e9es personnalis\u00e9es ou des caisses en bois.<\/li>\n<\/ol>","protected":false},"excerpt":{"rendered":"<p>Nos flacons de parfum ronds personnalisables pr\u00e9sentent un aspect luxueux qui r\u00e9pond aux divers besoins des marques personnalis\u00e9es et des emballages en vrac.<\/p>","protected":false},"featured_media":3245,"comment_status":"open","ping_status":"closed","template":"","meta":{"_acf_changed":false,"site-sidebar-layout":"default","site-content-layout":"","ast-site-content-layout":"default","site-content-style":"default","site-sidebar-style":"default","ast-global-header-display":"","ast-banner-title-visibility":"","ast-main-header-display":"","ast-hfb-above-header-display":"","ast-hfb-below-header-display":"","ast-hfb-mobile-header-display":"","site-post-title":"","ast-breadcrumbs-content":"","ast-featured-img":"","footer-sml-layout":"","ast-disable-related-posts":"","theme-transparent-header-meta":"default","adv-header-id-meta":"","stick-header-meta":"","header-above-stick-meta":"","header-main-stick-meta":"","header-below-stick-meta":"","astra-migrate-meta-layouts":"set","ast-page-background-enabled":"default","ast-page-background-meta":{"desktop":{"background-color":"var(--ast-global-color-5)","background-image":"","background-repeat":"repeat","background-position":"center center","background-size":"auto","background-attachment":"scroll","background-type":"","background-media":"","overlay-type":"","overlay-color":"","overlay-opacity":"","overlay-gradient":""},"tablet":{"background-color":"","background-image":"","background-repeat":"repeat","background-position":"center center","background-size":"auto","background-attachment":"scroll","background-type":"","background-media":"","overlay-type":"","overlay-color":"","overlay-opacity":"","overlay-gradient":""},"mobile":{"background-color":"","background-image":"","background-repeat":"repeat","background-position":"center center","background-size":"auto","background-attachment":"scroll","background-type":"","background-media":"","overlay-type":"","overlay-color":"","overlay-opacity":"","overlay-gradient":""}},"ast-content-background-meta":{"desktop":{"background-color":"var(--ast-global-color-4)","background-image":"","background-repeat":"repeat","background-position":"center center","background-size":"auto","background-attachment":"scroll","background-type":"","background-media":"","overlay-type":"","overlay-color":"","overlay-opacity":"","overlay-gradient":""},"tablet":{"background-color":"var(--ast-global-color-4)","background-image":"","background-repeat":"repeat","background-position":"center center","background-size":"auto","background-attachment":"scroll","background-type":"","background-media":"","overlay-type":"","overlay-color":"","overlay-opacity":"","overlay-gradient":""},"mobile":{"background-color":"var(--ast-global-color-4)","background-image":"","background-repeat":"repeat","background-position":"center center","background-size":"auto","background-attachment":"scroll","background-type":"","background-media":"","overlay-type":"","overlay-color":"","overlay-opacity":"","overlay-gradient":""}}},"product_brand":[],"product_cat":[72,91,41],"product_tag":[],"class_list":{"0":"post-3243","1":"product","2":"type-product","3":"status-publish","4":"has-post-thumbnail","6":"product_cat-cosmetic-packaging","7":"product_cat-custom-perfume-bottles","8":"product_cat-perfume-bottles","9":"desktop-align-left","10":"tablet-align-left","11":"mobile-align-left","13":"first","14":"instock","15":"shipping-taxable","16":"product-type-simple"},"acf":[],"jetpack_sharing_enabled":true,"_links":{"self":[{"href":"https:\/\/theperfumebottles.com\/fr\/wp-json\/wp\/v2\/product\/3243","targetHints":{"allow":["GET"]}}],"collection":[{"href":"https:\/\/theperfumebottles.com\/fr\/wp-json\/wp\/v2\/product"}],"about":[{"href":"https:\/\/theperfumebottles.com\/fr\/wp-json\/wp\/v2\/types\/product"}],"replies":[{"embeddable":true,"href":"https:\/\/theperfumebottles.com\/fr\/wp-json\/wp\/v2\/comments?post=3243"}],"wp:featuredmedia":[{"embeddable":true,"href":"https:\/\/theperfumebottles.com\/fr\/wp-json\/wp\/v2\/media\/3245"}],"wp:attachment":[{"href":"https:\/\/theperfumebottles.com\/fr\/wp-json\/wp\/v2\/media?parent=3243"}],"wp:term":[{"taxonomy":"product_brand","embeddable":true,"href":"https:\/\/theperfumebottles.com\/fr\/wp-json\/wp\/v2\/product_brand?post=3243"},{"taxonomy":"product_cat","embeddable":true,"href":"https:\/\/theperfumebottles.com\/fr\/wp-json\/wp\/v2\/product_cat?post=3243"},{"taxonomy":"product_tag","embeddable":true,"href":"https:\/\/theperfumebottles.com\/fr\/wp-json\/wp\/v2\/product_tag?post=3243"}],"curies":[{"name":"wp","href":"https:\/\/api.w.org\/{rel}","templated":true}]}}